{"id":2632,"date":"2024-10-31T11:50:24","date_gmt":"2024-10-31T11:50:24","guid":{"rendered":"https:\/\/martiresparroquiasanpiox.org\/books\/"},"modified":"2025-07-04T15:06:59","modified_gmt":"2025-07-04T15:06:59","slug":"books","status":"publish","type":"page","link":"https:\/\/martiresparroquiasanpiox.org\/en\/martyrs\/books\/","title":{"rendered":"Books"},"content":{"rendered":"\n<blockquote class=\"wp-block-quote is-layout-flow wp-block-quote-is-layout-flow\">\n<h6 class=\"wp-block-heading has-text-align-center has-headings-color has-text-color has-link-color wp-elements-dccd98db501d4de498b587b051d77214\">A high-quality comic is currently in production. Its publication will be announced soon.<\/h6>\n\n\n\n<div style=\"height:30px\" aria-hidden=\"true\" class=\"wp-block-spacer\"><\/div>\n\n\n\n<hr class=\"wp-block-separator aligncenter has-alpha-channel-opacity is-style-wide\" \/>\n\n\n\n<div style=\"height:10px\" aria-hidden=\"true\" class=\"wp-block-spacer\"><\/div>\n\n\n\n<h5 class=\"wp-block-heading has-text-align-center\">New Release: Unknown Letters from a Martyr Family by Salvador David<\/h5>\n\n\n\n<div style=\"height:40px\" aria-hidden=\"true\" class=\"wp-block-spacer\"><\/div>\n\n\n<div class=\"wp-block-image\">\n<figure class=\"aligncenter size-large\"><a href=\"https:\/\/www.libreriacodice.com\/producto\/cartas-desconocidas-de-una-familia-martir\/\" target=\"_blank\" rel=\" noreferrer noopener\"><img loading=\"lazy\" decoding=\"async\" width=\"1024\" height=\"494\" src=\"https:\/\/martiresparroquiasanpiox.org\/wp-content\/uploads\/2025\/06\/maria-teresa-y-sus-hijas-martires-libro-cartas-desconocidas-de-una-familia-martir-autor-salvador-david-cabecera-1024x494.png\" alt=\"Mar&#xED;a Teresa and her martyr daughters - Parish of San Pio X Algemes&#xED; Valencia Spain - Book Unknown Letters from a Martyr Family by Salvador David - Cover\" class=\"wp-image-3468\" srcset=\"https:\/\/martiresparroquiasanpiox.org\/wp-content\/uploads\/2025\/06\/maria-teresa-y-sus-hijas-martires-libro-cartas-desconocidas-de-una-familia-martir-autor-salvador-david-cabecera-1024x494.png 1024w, https:\/\/martiresparroquiasanpiox.org\/wp-content\/uploads\/2025\/06\/maria-teresa-y-sus-hijas-martires-libro-cartas-desconocidas-de-una-familia-martir-autor-salvador-david-cabecera-300x145.png 300w, https:\/\/martiresparroquiasanpiox.org\/wp-content\/uploads\/2025\/06\/maria-teresa-y-sus-hijas-martires-libro-cartas-desconocidas-de-una-familia-martir-autor-salvador-david-cabecera-768x371.png 768w, https:\/\/martiresparroquiasanpiox.org\/wp-content\/uploads\/2025\/06\/maria-teresa-y-sus-hijas-martires-libro-cartas-desconocidas-de-una-familia-martir-autor-salvador-david-cabecera-1536x742.png 1536w, https:\/\/martiresparroquiasanpiox.org\/wp-content\/uploads\/2025\/06\/maria-teresa-y-sus-hijas-martires-libro-cartas-desconocidas-de-una-familia-martir-autor-salvador-david-cabecera-583x281.png 583w, https:\/\/martiresparroquiasanpiox.org\/wp-content\/uploads\/2025\/06\/maria-teresa-y-sus-hijas-martires-libro-cartas-desconocidas-de-una-familia-martir-autor-salvador-david-cabecera-620x300.png 620w, https:\/\/martiresparroquiasanpiox.org\/wp-content\/uploads\/2025\/06\/maria-teresa-y-sus-hijas-martires-libro-cartas-desconocidas-de-una-familia-martir-autor-salvador-david-cabecera.png 1920w\" sizes=\"auto, (max-width: 1024px) 100vw, 1024px\" \/><\/a><\/figure>\n<\/div>\n\n\n<div style=\"height:40px\" aria-hidden=\"true\" class=\"wp-block-spacer\"><\/div>\n\n\n\n<h6 class=\"wp-block-heading has-text-align-center\"><a href=\"https:\/\/martiresparroquiasanpiox.org\/en\/presentation-of-unknown-letters-from-a-martyr-family\/\" data-type=\"post\" data-id=\"3491\">Watch presentation<\/a><\/h6>\n\n\n\n<div style=\"height:40px\" aria-hidden=\"true\" class=\"wp-block-spacer\"><\/div>\n\n\n\n<hr class=\"wp-block-separator aligncenter has-alpha-channel-opacity is-style-wide\" \/>\n<\/blockquote>\n\n<div style=\"height:10px\" aria-hidden=\"true\" class=\"wp-block-spacer\"><\/div>\n\n<h5 class=\"wp-block-heading has-text-align-center\">Free digital books available on this website.<\/h5>\n\n<div style=\"height:40px\" aria-hidden=\"true\" class=\"wp-block-spacer\"><\/div>\n\n<p>Don Jos\u00e9 Mar\u00eda Alonso Bonet was entrusted with the Parish of St. Pius X in Algemes\u00ed; he was its first pastor, a position he held for ten years, from 1953 to 1963. The five martyrs are currently buried in the temple of this parish. This priest wrote a document during his ministry in this parish, recounting the events related to this family. Here we present the photos of this document.<\/p>\n\n<div style=\"height:40px\" aria-hidden=\"true\" class=\"wp-block-spacer\"><\/div>\n<div class=\"wp-block-image\">\n<figure class=\"aligncenter size-full\"><a href=\"https:\/\/martiresparroquiasanpiox.org\/wp-content\/uploads\/2024\/09\/01-Maria-Teresa-y-sus-hijas-Martires-Algemesi-Jose-Maria-Alonso-Bonet.pdf\" target=\"_blank\" rel=\"noreferrer noopener\"><img loading=\"lazy\" decoding=\"async\" width=\"128\" height=\"128\" src=\"https:\/\/martiresparroquiasanpiox.org\/wp-content\/uploads\/2024\/09\/icopdf.png\" alt=\"Mar&#xED;a Teresa and Her Daughter Martyrs - St. Pius X Parish of Algemes&#xED; Valencia - Adobe Reader PDF Icon\" class=\"wp-image-687\" \/><\/a><\/figure>\n<\/div>\n<p class=\"has-text-align-center\">File size: 78,8 MB<\/p>\n\n<div style=\"height:40px\" aria-hidden=\"true\" class=\"wp-block-spacer\"><\/div>\n\n<p>Mr. Ram\u00f3n Fita Revert, delegate for the causes of saints in the Diocese of Valencia, prepared a biographical sketch of Blessed Mar\u00eda Teresa Ferragud Roig in 1999 as preparation for her beatification in Rome. It was never printed at that time; only God knows why. He kindly offers us the text on this webpage.<\/p>\n\n<div style=\"height:40px\" aria-hidden=\"true\" class=\"wp-block-spacer\"><\/div>\n<div class=\"wp-block-image\">\n<figure class=\"aligncenter size-full\"><a href=\"https:\/\/martiresparroquiasanpiox.org\/wp-content\/uploads\/2024\/09\/02-Ferragud-Roig-Folleto-R-Fita-traducido.pdf\" target=\"_blank\" rel=\"noreferrer noopener\"><img loading=\"lazy\" decoding=\"async\" width=\"128\" height=\"128\" src=\"https:\/\/martiresparroquiasanpiox.org\/wp-content\/uploads\/2024\/09\/icopdf.png\" alt=\"Mar&#xED;a Teresa and Her Daughter Martyrs - St. Pius X Parish of Algemes&#xED; Valencia - Adobe Reader PDF Icon\" class=\"wp-image-687\" \/><\/a><\/figure>\n<\/div>\n<p class=\"has-text-align-center\">File size: 256 KB<\/p>\n\n<div style=\"height:40px\" aria-hidden=\"true\" class=\"wp-block-spacer\"><\/div>\n\n<p>We also offer the text from the Extraordinary Bulletin of the Archdiocese of Valencia, published on the occasion of the Beatification in Rome of 232 Martyrs on March 11, 2001.<\/p>\n\n<div style=\"height:40px\" aria-hidden=\"true\" class=\"wp-block-spacer\"><\/div>\n<div class=\"wp-block-image\">\n<figure class=\"aligncenter size-full\"><a href=\"https:\/\/martiresparroquiasanpiox.org\/wp-content\/uploads\/2024\/09\/03-Boletin-Martires-beatificados-3.pdf\" target=\"_blank\" rel=\"noreferrer noopener\"><img loading=\"lazy\" decoding=\"async\" width=\"128\" height=\"128\" src=\"https:\/\/martiresparroquiasanpiox.org\/wp-content\/uploads\/2024\/09\/icopdf.png\" alt=\"Mar&#xED;a Teresa and Her Daughter Martyrs - St. Pius X Parish of Algemes&#xED; Valencia - Adobe Reader PDF Icon\" class=\"wp-image-687\" \/><\/a><\/figure>\n<\/div>\n<p class=\"has-text-align-center\">File size: 1,14 MB<\/p>\n\n<div style=\"height:40px\" aria-hidden=\"true\" class=\"wp-block-spacer\"><\/div>\n<div class=\"wp-block-image\">\n<figure class=\"aligncenter size-large\"><img loading=\"lazy\" decoding=\"async\" width=\"608\" height=\"1024\" src=\"https:\/\/martiresparroquiasanpiox.org\/wp-content\/uploads\/2024\/09\/maria-teresa-y-sus-hijas-martires-estampa-608x1024.png\" alt=\"Mar&#xED;a Teresa and Her Daughter Martyrs - St. Pius X Parish of Algemes&#xED; Valencia - Holy Card\" class=\"wp-image-699\" srcset=\"https:\/\/martiresparroquiasanpiox.org\/wp-content\/uploads\/2024\/09\/maria-teresa-y-sus-hijas-martires-estampa-608x1024.png 608w, https:\/\/martiresparroquiasanpiox.org\/wp-content\/uploads\/2024\/09\/maria-teresa-y-sus-hijas-martires-estampa-178x300.png 178w, https:\/\/martiresparroquiasanpiox.org\/wp-content\/uploads\/2024\/09\/maria-teresa-y-sus-hijas-martires-estampa.png 641w\" sizes=\"auto, (max-width: 608px) 100vw, 608px\" \/><\/figure>\n<\/div>\n<div style=\"height:40px\" aria-hidden=\"true\" class=\"wp-block-spacer\"><\/div>\n\n<p>A small book was published about these martyrs after their beatification: <em>In the End, Love Triumphed: The Masi\u00e1 Ferragud Family<\/em>, by Mudarra Blanco, C., Alicante (2002). Due to the difficulty of finding it today, the author has kindly allowed us to make it available on this webpage for free access and download.<\/p>\n\n<div style=\"height:40px\" aria-hidden=\"true\" class=\"wp-block-spacer\"><\/div>\n<div class=\"wp-block-image\">\n<figure class=\"aligncenter size-full\"><a href=\"https:\/\/martiresparroquiasanpiox.org\/wp-content\/uploads\/2024\/09\/04-Al-final-triunfo-el-amor.pdf\" target=\"_blank\" rel=\"noreferrer noopener\"><img loading=\"lazy\" decoding=\"async\" width=\"128\" height=\"128\" src=\"https:\/\/martiresparroquiasanpiox.org\/wp-content\/uploads\/2024\/09\/icopdf.png\" alt=\"Mar&#xED;a Teresa and Her Daughter Martyrs - St. Pius X Parish of Algemes&#xED; Valencia - Adobe Reader PDF Icon\" class=\"wp-image-687\" \/><\/a><\/figure>\n<\/div>\n<p class=\"has-text-align-center\">File size: 136 MB<\/p>\n\n<div style=\"height:40px\" aria-hidden=\"true\" class=\"wp-block-spacer\"><\/div>\n\n<p>Regarding the daughter martyrs, we have the book on Josefa: <em>Blessed Josefa of the Purification Masi\u00e1 Ferragud, Discalced Augustine, Martyr. Algemes\u00ed, 1887 &#8211; Creu Coberta d&#8217;Alzira, 1936<\/em>, by Ferri Chulio, A., Sueca (2005). We offer free access to this book on this webpage, thanks to the generosity of its author.<\/p>\n\n<div style=\"height:40px\" aria-hidden=\"true\" class=\"wp-block-spacer\"><\/div>\n<div class=\"wp-block-image\">\n<figure class=\"aligncenter size-full\"><a href=\"https:\/\/martiresparroquiasanpiox.org\/wp-content\/uploads\/2024\/09\/05-Josefa-Masia-libro.pdf\" target=\"_blank\" rel=\"noreferrer noopener\"><img loading=\"lazy\" decoding=\"async\" width=\"128\" height=\"128\" src=\"https:\/\/martiresparroquiasanpiox.org\/wp-content\/uploads\/2024\/09\/icopdf.png\" alt=\"Mar&#xED;a Teresa and Her Daughter Martyrs - St. Pius X Parish of Algemes&#xED; Valencia - Adobe Reader PDF Icon\" class=\"wp-image-687\" \/><\/a><\/figure>\n<\/div>\n<p class=\"has-text-align-center\">File size: 69,1 MB<\/p>\n\n<div style=\"height:40px\" aria-hidden=\"true\" class=\"wp-block-spacer\"><\/div>\n\n<hr class=\"wp-block-separator aligncenter has-alpha-channel-opacity is-style-wide\" \/>\n\n<div style=\"height:40px\" aria-hidden=\"true\" class=\"wp-block-spacer\"><\/div>\n","protected":false},"excerpt":{"rendered":"<p>Free digital books available on this website. Don Jos\u00e9 Mar\u00eda Alonso Bonet was entrusted with the Parish of St. Pius X in Algemes\u00ed; he was &hellip;<\/p>\n","protected":false},"author":1,"featured_media":667,"parent":2634,"menu_order":0,"comment_status":"closed","ping_status":"closed","template":"","meta":{"footnotes":""},"class_list":["post-2632","page","type-page","status-publish","has-post-thumbnail","hentry"],"_links":{"self":[{"href":"https:\/\/martiresparroquiasanpiox.org\/en\/wp-json\/wp\/v2\/pages\/2632","targetHints":{"allow":["GET"]}}],"collection":[{"href":"https:\/\/martiresparroquiasanpiox.org\/en\/wp-json\/wp\/v2\/pages"}],"about":[{"href":"https:\/\/martiresparroquiasanpiox.org\/en\/wp-json\/wp\/v2\/types\/page"}],"author":[{"embeddable":true,"href":"https:\/\/martiresparroquiasanpiox.org\/en\/wp-json\/wp\/v2\/users\/1"}],"replies":[{"embeddable":true,"href":"https:\/\/martiresparroquiasanpiox.org\/en\/wp-json\/wp\/v2\/comments?post=2632"}],"version-history":[{"count":2,"href":"https:\/\/martiresparroquiasanpiox.org\/en\/wp-json\/wp\/v2\/pages\/2632\/revisions"}],"predecessor-version":[{"id":3565,"href":"https:\/\/martiresparroquiasanpiox.org\/en\/wp-json\/wp\/v2\/pages\/2632\/revisions\/3565"}],"up":[{"embeddable":true,"href":"https:\/\/martiresparroquiasanpiox.org\/en\/wp-json\/wp\/v2\/pages\/2634"}],"wp:featuredmedia":[{"embeddable":true,"href":"https:\/\/martiresparroquiasanpiox.org\/en\/wp-json\/wp\/v2\/media\/667"}],"wp:attachment":[{"href":"https:\/\/martiresparroquiasanpiox.org\/en\/wp-json\/wp\/v2\/media?parent=2632"}],"curies":[{"name":"wp","href":"https:\/\/api.w.org\/{rel}","templated":true}]}}