{"id":2991,"date":"2024-11-05T09:46:34","date_gmt":"2024-11-05T09:46:34","guid":{"rendered":"https:\/\/martiresparroquiasanpiox.org\/martyrs\/blessed-sister-maria-veronica-masia\/"},"modified":"2024-11-05T09:46:34","modified_gmt":"2024-11-05T09:46:34","slug":"blessed-sister-maria-veronica-masia","status":"publish","type":"page","link":"https:\/\/martiresparroquiasanpiox.org\/en\/martyrs\/blessed-sister-maria-veronica-masia\/","title":{"rendered":"Blessed Sister Mar\u00eda Ver\u00f3nica Masi\u00e1"},"content":{"rendered":"<div class=\"wp-block-image\">\n<figure class=\"aligncenter size-full\"><img loading=\"lazy\" decoding=\"async\" width=\"450\" height=\"603\" src=\"https:\/\/martiresparroquiasanpiox.org\/wp-content\/uploads\/2024\/09\/maria-teresa-y-sus-hijas-martires-beata-maria-veronica-masia-1.png\" alt=\"\" class=\"wp-image-610\" srcset=\"https:\/\/martiresparroquiasanpiox.org\/wp-content\/uploads\/2024\/09\/maria-teresa-y-sus-hijas-martires-beata-maria-veronica-masia-1.png 450w, https:\/\/martiresparroquiasanpiox.org\/wp-content\/uploads\/2024\/09\/maria-teresa-y-sus-hijas-martires-beata-maria-veronica-masia-1-224x300.png 224w\" sizes=\"auto, (max-width: 450px) 100vw, 450px\" \/><\/figure>\n<\/div>\n<div style=\"height:40px\" aria-hidden=\"true\" class=\"wp-block-spacer\"><\/div>\n\n<p>Mar\u00eda Joaquina Masi\u00e1 Ferragud was born on June 15, 1884. She joined the Capuchin monastery in Agullent (Valencia) in 1903 and took her vows as <strong>Sister MAR\u00cdA VER\u00d3NICA<\/strong>. She was martyred at the age of 52.<\/p>\n\n<div style=\"height:40px\" aria-hidden=\"true\" class=\"wp-block-spacer\"><\/div>\n\n<h5 class=\"wp-block-heading has-text-align-center\"><strong>LETTERS<\/strong><\/h5>\n\n<div style=\"height:40px\" aria-hidden=\"true\" class=\"wp-block-spacer\"><\/div>\n<div class=\"wp-block-image\">\n<figure class=\"aligncenter size-large\"><a href=\"https:\/\/martiresparroquiasanpiox.org\/cartas\/cartas-maria-veronica-masia\/\"><img loading=\"lazy\" decoding=\"async\" width=\"1024\" height=\"576\" src=\"https:\/\/martiresparroquiasanpiox.org\/wp-content\/uploads\/2024\/09\/maria-teresa-y-sus-hijas-martires-cartas-cabecera-1024x576.png\" alt=\"Mar&#xED;a Teresa and her Martyr Daughters - San Pio X of Algemes&#xED; Parish, Valencia - Letters header\" class=\"wp-image-241\" srcset=\"https:\/\/martiresparroquiasanpiox.org\/wp-content\/uploads\/2024\/09\/maria-teresa-y-sus-hijas-martires-cartas-cabecera-1024x576.png 1024w, https:\/\/martiresparroquiasanpiox.org\/wp-content\/uploads\/2024\/09\/maria-teresa-y-sus-hijas-martires-cartas-cabecera-300x169.png 300w, https:\/\/martiresparroquiasanpiox.org\/wp-content\/uploads\/2024\/09\/maria-teresa-y-sus-hijas-martires-cartas-cabecera-768x432.png 768w, https:\/\/martiresparroquiasanpiox.org\/wp-content\/uploads\/2024\/09\/maria-teresa-y-sus-hijas-martires-cartas-cabecera-1536x864.png 1536w, https:\/\/martiresparroquiasanpiox.org\/wp-content\/uploads\/2024\/09\/maria-teresa-y-sus-hijas-martires-cartas-cabecera-533x300.png 533w, https:\/\/martiresparroquiasanpiox.org\/wp-content\/uploads\/2024\/09\/maria-teresa-y-sus-hijas-martires-cartas-cabecera.png 1920w\" sizes=\"auto, (max-width: 1024px) 100vw, 1024px\" \/><\/a><\/figure>\n<\/div>\n<div style=\"height:40px\" aria-hidden=\"true\" class=\"wp-block-spacer\"><\/div>\n\n<div class=\"wp-block-buttons is-content-justification-center is-layout-flex wp-container-core-buttons-is-layout-16018d1d wp-block-buttons-is-layout-flex\">\n<div class=\"wp-block-button is-style-outline is-style-outline--1\"><a class=\"wp-block-button__link has-text-align-center wp-element-button\" href=\"https:\/\/martiresparroquiasanpiox.org\/cartas\/cartas-maria-veronica-masia\/\">Read more&#8230;<\/a><\/div>\n<\/div>\n\n<div style=\"height:40px\" aria-hidden=\"true\" class=\"wp-block-spacer\"><\/div>\n","protected":false},"excerpt":{"rendered":"<p>Mar\u00eda Joaquina Masi\u00e1 Ferragud was born on June 15, 1884. She joined the Capuchin monastery in Agullent (Valencia) in 1903 and took her vows as &hellip;<\/p>\n","protected":false},"author":1,"featured_media":574,"parent":2634,"menu_order":0,"comment_status":"closed","ping_status":"closed","template":"","meta":{"footnotes":""},"class_list":["post-2991","page","type-page","status-publish","has-post-thumbnail","hentry"],"_links":{"self":[{"href":"https:\/\/martiresparroquiasanpiox.org\/en\/wp-json\/wp\/v2\/pages\/2991","targetHints":{"allow":["GET"]}}],"collection":[{"href":"https:\/\/martiresparroquiasanpiox.org\/en\/wp-json\/wp\/v2\/pages"}],"about":[{"href":"https:\/\/martiresparroquiasanpiox.org\/en\/wp-json\/wp\/v2\/types\/page"}],"author":[{"embeddable":true,"href":"https:\/\/martiresparroquiasanpiox.org\/en\/wp-json\/wp\/v2\/users\/1"}],"replies":[{"embeddable":true,"href":"https:\/\/martiresparroquiasanpiox.org\/en\/wp-json\/wp\/v2\/comments?post=2991"}],"version-history":[{"count":1,"href":"https:\/\/martiresparroquiasanpiox.org\/en\/wp-json\/wp\/v2\/pages\/2991\/revisions"}],"predecessor-version":[{"id":2992,"href":"https:\/\/martiresparroquiasanpiox.org\/en\/wp-json\/wp\/v2\/pages\/2991\/revisions\/2992"}],"up":[{"embeddable":true,"href":"https:\/\/martiresparroquiasanpiox.org\/en\/wp-json\/wp\/v2\/pages\/2634"}],"wp:featuredmedia":[{"embeddable":true,"href":"https:\/\/martiresparroquiasanpiox.org\/en\/wp-json\/wp\/v2\/media\/574"}],"wp:attachment":[{"href":"https:\/\/martiresparroquiasanpiox.org\/en\/wp-json\/wp\/v2\/media?parent=2991"}],"curies":[{"name":"wp","href":"https:\/\/api.w.org\/{rel}","templated":true}]}}