{"id":3023,"date":"2024-11-05T15:21:21","date_gmt":"2024-11-05T15:21:21","guid":{"rendered":"https:\/\/martiresparroquiasanpiox.org\/letters\/"},"modified":"2024-12-09T13:48:10","modified_gmt":"2024-12-09T13:48:10","slug":"letters","status":"publish","type":"page","link":"https:\/\/martiresparroquiasanpiox.org\/en\/letters\/","title":{"rendered":"Letters"},"content":{"rendered":"\n<h4 class=\"wp-block-heading has-text-align-center has-large-font-size\"><a href=\"https:\/\/martiresparroquiasanpiox.org\/en\/letters\/\" data-type=\"page\" data-id=\"97\">Documents on the Martyrs<\/a><\/h4>\n\n<div style=\"height:40px\" aria-hidden=\"true\" class=\"wp-block-spacer\"><\/div>\n\n<div class=\"wp-block-columns are-vertically-aligned-top is-layout-flex wp-container-core-columns-is-layout-9d6595d7 wp-block-columns-is-layout-flex\">\n<div class=\"wp-block-column is-vertically-aligned-top is-layout-flow wp-block-column-is-layout-flow\">\n<h6 class=\"wp-block-heading has-text-align-center\"><strong>Sister Felicidad Masi\u00e1<\/strong><\/h6>\n\n\n\n<div style=\"height:30px\" aria-hidden=\"true\" class=\"wp-block-spacer\"><\/div>\n\n\n<div class=\"wp-block-image\">\n<figure class=\"aligncenter size-full\"><a href=\"https:\/\/martiresparroquiasanpiox.org\/en\/letters\/letters-felicidad-masia\/\"><img loading=\"lazy\" decoding=\"async\" width=\"480\" height=\"362\" src=\"https:\/\/martiresparroquiasanpiox.org\/wp-content\/uploads\/2024\/09\/maria-teresa-y-sus-hijas-martires-cartas-a-felicidad-masia-1.png\" alt=\"Mar&#xED;a Teresa and Her Martyr Daughters &#x2013; San Pio X Parish in Algemes&#xED;, Valencia &#x2013; Letters to Felicidad Masi&#xE1;\" class=\"wp-image-268\" srcset=\"https:\/\/martiresparroquiasanpiox.org\/wp-content\/uploads\/2024\/09\/maria-teresa-y-sus-hijas-martires-cartas-a-felicidad-masia-1.png 480w, https:\/\/martiresparroquiasanpiox.org\/wp-content\/uploads\/2024\/09\/maria-teresa-y-sus-hijas-martires-cartas-a-felicidad-masia-1-300x226.png 300w, https:\/\/martiresparroquiasanpiox.org\/wp-content\/uploads\/2024\/09\/maria-teresa-y-sus-hijas-martires-cartas-a-felicidad-masia-1-398x300.png 398w\" sizes=\"auto, (max-width: 480px) 100vw, 480px\" \/><\/a><\/figure>\n<\/div><\/div>\n\n\n\n<div class=\"wp-block-column is-vertically-aligned-top is-layout-flow wp-block-column-is-layout-flow\">\n<h6 class=\"wp-block-heading has-text-align-center\"><strong>Sister Mar\u00eda Jes\u00fas Masi\u00e1<\/strong><\/h6>\n\n\n\n<div style=\"height:30px\" aria-hidden=\"true\" class=\"wp-block-spacer\"><\/div>\n\n\n\n<figure class=\"wp-block-image size-full\"><a href=\"https:\/\/martiresparroquiasanpiox.org\/en\/letters\/letters-maria-jesus-masia\/\"><img loading=\"lazy\" decoding=\"async\" width=\"534\" height=\"362\" src=\"https:\/\/martiresparroquiasanpiox.org\/wp-content\/uploads\/2024\/10\/maria-teresa-y-sus-hijas-martires-cartas-de-maria-jesus-a-su-madre-y-hermana-1932-19-junio-2pq.png\" alt=\"Mar&#xED;a Teresa and Her Martyr Daughters &#x2013; San Pio X Parish in Algemes&#xED;, Valencia &#x2013; From Sister Mar&#xED;a Jes&#xFA;s Masi&#xE1; to her brother (June 19, 1931)\" class=\"wp-image-1141\" srcset=\"https:\/\/martiresparroquiasanpiox.org\/wp-content\/uploads\/2024\/10\/maria-teresa-y-sus-hijas-martires-cartas-de-maria-jesus-a-su-madre-y-hermana-1932-19-junio-2pq.png 534w, https:\/\/martiresparroquiasanpiox.org\/wp-content\/uploads\/2024\/10\/maria-teresa-y-sus-hijas-martires-cartas-de-maria-jesus-a-su-madre-y-hermana-1932-19-junio-2pq-300x203.png 300w, https:\/\/martiresparroquiasanpiox.org\/wp-content\/uploads\/2024\/10\/maria-teresa-y-sus-hijas-martires-cartas-de-maria-jesus-a-su-madre-y-hermana-1932-19-junio-2pq-443x300.png 443w\" sizes=\"auto, (max-width: 534px) 100vw, 534px\" \/><\/a><\/figure>\n<\/div>\n<\/div>\n\n<div style=\"height:40px\" aria-hidden=\"true\" class=\"wp-block-spacer\"><\/div>\n\n<div class=\"wp-block-columns are-vertically-aligned-top is-layout-flex wp-container-core-columns-is-layout-9d6595d7 wp-block-columns-is-layout-flex\">\n<div class=\"wp-block-column is-vertically-aligned-top is-layout-flow wp-block-column-is-layout-flow\">\n<h6 class=\"wp-block-heading has-text-align-center\"><strong>Sister Mar\u00eda Ver\u00f3nica Masi\u00e1<\/strong><\/h6>\n\n\n\n<div style=\"height:30px\" aria-hidden=\"true\" class=\"wp-block-spacer\"><\/div>\n\n\n<div class=\"wp-block-image\">\n<figure class=\"aligncenter size-full\"><a href=\"https:\/\/martiresparroquiasanpiox.org\/en\/letters\/letters-maria-veronica-masia\/\"><img loading=\"lazy\" decoding=\"async\" width=\"363\" height=\"362\" src=\"https:\/\/martiresparroquiasanpiox.org\/wp-content\/uploads\/2024\/10\/maria-teresa-y-sus-hijas-martires-cartas-de-maria-veronica-a-su-madre-y-hermanos-1936-22-junio-0pq.png\" alt=\"Mar&#xED;a Teresa and Her Martyr Daughters &#x2013; San Pio X Parish in Algemes&#xED;, Valencia &#x2013; From Sister Mar&#xED;a Ver&#xF3;nica Masi&#xE1; to her mother and siblings (June 22, 1936)\" class=\"wp-image-1443\" srcset=\"https:\/\/martiresparroquiasanpiox.org\/wp-content\/uploads\/2024\/10\/maria-teresa-y-sus-hijas-martires-cartas-de-maria-veronica-a-su-madre-y-hermanos-1936-22-junio-0pq.png 363w, https:\/\/martiresparroquiasanpiox.org\/wp-content\/uploads\/2024\/10\/maria-teresa-y-sus-hijas-martires-cartas-de-maria-veronica-a-su-madre-y-hermanos-1936-22-junio-0pq-300x300.png 300w, https:\/\/martiresparroquiasanpiox.org\/wp-content\/uploads\/2024\/10\/maria-teresa-y-sus-hijas-martires-cartas-de-maria-veronica-a-su-madre-y-hermanos-1936-22-junio-0pq-150x150.png 150w, https:\/\/martiresparroquiasanpiox.org\/wp-content\/uploads\/2024\/10\/maria-teresa-y-sus-hijas-martires-cartas-de-maria-veronica-a-su-madre-y-hermanos-1936-22-junio-0pq-301x300.png 301w\" sizes=\"auto, (max-width: 363px) 100vw, 363px\" \/><\/a><\/figure>\n<\/div><\/div>\n\n\n\n<div class=\"wp-block-column is-vertically-aligned-top is-layout-flow wp-block-column-is-layout-flow\">\n<h6 class=\"wp-block-heading has-text-align-center\"><strong>Sister Josefa de la Purificaci\u00f3n Masi\u00e1<\/strong><\/h6>\n\n\n\n<div style=\"height:30px\" aria-hidden=\"true\" class=\"wp-block-spacer\"><\/div>\n\n\n<div class=\"wp-block-image\">\n<figure class=\"alignleft size-full\"><a href=\"https:\/\/martiresparroquiasanpiox.org\/en\/letters\/letters-josefa-masia\/\"><img loading=\"lazy\" decoding=\"async\" width=\"527\" height=\"362\" src=\"https:\/\/martiresparroquiasanpiox.org\/wp-content\/uploads\/2024\/10\/maria-teresa-y-sus-hijas-martires-cartas-de-josefa-de-la-purificacion-a-su-madre-y-hermanitas-1925-19-diciembre-1pq-1.png\" alt=\"Mar&#xED;a Teresa and Her Martyr Daughters &#x2013; San Pio X Parish in Algemes&#xED;, Valencia &#x2013; From Sister Josefa de la Purificaci&#xF3;n Masi&#xE1; to her younger sisters (December 19, 1925)\" class=\"wp-image-1462\" srcset=\"https:\/\/martiresparroquiasanpiox.org\/wp-content\/uploads\/2024\/10\/maria-teresa-y-sus-hijas-martires-cartas-de-josefa-de-la-purificacion-a-su-madre-y-hermanitas-1925-19-diciembre-1pq-1.png 527w, https:\/\/martiresparroquiasanpiox.org\/wp-content\/uploads\/2024\/10\/maria-teresa-y-sus-hijas-martires-cartas-de-josefa-de-la-purificacion-a-su-madre-y-hermanitas-1925-19-diciembre-1pq-1-300x206.png 300w, https:\/\/martiresparroquiasanpiox.org\/wp-content\/uploads\/2024\/10\/maria-teresa-y-sus-hijas-martires-cartas-de-josefa-de-la-purificacion-a-su-madre-y-hermanitas-1925-19-diciembre-1pq-1-437x300.png 437w\" sizes=\"auto, (max-width: 527px) 100vw, 527px\" \/><\/a><\/figure>\n<\/div><\/div>\n<\/div>\n\n<div style=\"height:40px\" aria-hidden=\"true\" class=\"wp-block-spacer\"><\/div>\n\n<div class=\"wp-block-columns are-vertically-aligned-top is-layout-flex wp-container-core-columns-is-layout-9d6595d7 wp-block-columns-is-layout-flex\">\n<div class=\"wp-block-column is-vertically-aligned-top is-layout-flow wp-block-column-is-layout-flow\">\n<h6 class=\"wp-block-heading has-text-align-center\"><strong>Fray Seraf\u00edn<\/strong><\/h6>\n\n\n\n<div style=\"height:30px\" aria-hidden=\"true\" class=\"wp-block-spacer\"><\/div>\n\n\n<div class=\"wp-block-image\">\n<figure class=\"aligncenter size-full\"><a href=\"https:\/\/martiresparroquiasanpiox.org\/en\/letters\/letters-fray-serafin\/\"><img loading=\"lazy\" decoding=\"async\" width=\"435\" height=\"360\" src=\"https:\/\/martiresparroquiasanpiox.org\/wp-content\/uploads\/2024\/10\/maria-teresa-y-sus-hijas-martires-cartas-fray-serafin-a-su-madre-1936.png\" alt=\"Mar&#xED;a Teresa and Her Martyr Daughters &#x2013; San Pio X Parish in Algemes&#xED;, Valencia &#x2013; Letter from Fray Seraf&#xED;n to his mother (March 2, 1936)\" class=\"wp-image-1993\" srcset=\"https:\/\/martiresparroquiasanpiox.org\/wp-content\/uploads\/2024\/10\/maria-teresa-y-sus-hijas-martires-cartas-fray-serafin-a-su-madre-1936.png 435w, https:\/\/martiresparroquiasanpiox.org\/wp-content\/uploads\/2024\/10\/maria-teresa-y-sus-hijas-martires-cartas-fray-serafin-a-su-madre-1936-300x248.png 300w, https:\/\/martiresparroquiasanpiox.org\/wp-content\/uploads\/2024\/10\/maria-teresa-y-sus-hijas-martires-cartas-fray-serafin-a-su-madre-1936-363x300.png 363w\" sizes=\"auto, (max-width: 435px) 100vw, 435px\" \/><\/a><\/figure>\n<\/div><\/div>\n\n\n\n<div class=\"wp-block-column is-vertically-aligned-top is-layout-flow wp-block-column-is-layout-flow\">\n<h6 class=\"wp-block-heading has-text-align-center\"><strong>Various Letters<\/strong><\/h6>\n\n\n\n<div style=\"height:30px\" aria-hidden=\"true\" class=\"wp-block-spacer\"><\/div>\n\n\n<div class=\"wp-block-image\">\n<figure class=\"aligncenter size-full\"><a href=\"https:\/\/martiresparroquiasanpiox.org\/en\/letters\/various-letters\/\"><img loading=\"lazy\" decoding=\"async\" width=\"510\" height=\"360\" src=\"https:\/\/martiresparroquiasanpiox.org\/wp-content\/uploads\/2024\/10\/maria-teresa-y-sus-hijas-martires-cartas-varias-1956-9-mayo-parroco-0pq.png\" alt=\"Mar&#xED;a Teresa and Her Martyr Daughters &#x2013; San Pio X Parish in Algemes&#xED;, Valencia &#x2013; Various Letters to the Parish Priest (May 9, 1956)\" class=\"wp-image-2295\" srcset=\"https:\/\/martiresparroquiasanpiox.org\/wp-content\/uploads\/2024\/10\/maria-teresa-y-sus-hijas-martires-cartas-varias-1956-9-mayo-parroco-0pq.png 510w, https:\/\/martiresparroquiasanpiox.org\/wp-content\/uploads\/2024\/10\/maria-teresa-y-sus-hijas-martires-cartas-varias-1956-9-mayo-parroco-0pq-300x212.png 300w, https:\/\/martiresparroquiasanpiox.org\/wp-content\/uploads\/2024\/10\/maria-teresa-y-sus-hijas-martires-cartas-varias-1956-9-mayo-parroco-0pq-425x300.png 425w\" sizes=\"auto, (max-width: 510px) 100vw, 510px\" \/><\/a><\/figure>\n<\/div><\/div>\n<\/div>\n\n<div style=\"height:40px\" aria-hidden=\"true\" class=\"wp-block-spacer\"><\/div>\n\n<h6 class=\"wp-block-heading has-text-align-center\"><strong>Mar\u00eda Teresa Ferragud<\/strong><\/h6>\n\n<div style=\"height:40px\" aria-hidden=\"true\" class=\"wp-block-spacer\"><\/div>\n<div class=\"wp-block-image\">\n<figure class=\"aligncenter size-full\"><a href=\"https:\/\/martiresparroquiasanpiox.org\/cartas\/cartas-maria-teresa-ferragud\/\"><img loading=\"lazy\" decoding=\"async\" width=\"480\" height=\"360\" src=\"https:\/\/martiresparroquiasanpiox.org\/wp-content\/uploads\/2024\/11\/maria-teresa-y-sus-hijas-martires-cartas-varias-1936-4-junio-de-la-madre-no-autografa-1pq.png\" alt=\"Mar&#xED;a Teresa and Her Martyr Daughters &#x2013; San Pio X Parish in Algemes&#xED;, Valencia &#x2013; Various Letters from the Mother, not handwritten (June 4, 1936)\" class=\"wp-image-2780\" srcset=\"https:\/\/martiresparroquiasanpiox.org\/wp-content\/uploads\/2024\/11\/maria-teresa-y-sus-hijas-martires-cartas-varias-1936-4-junio-de-la-madre-no-autografa-1pq.png 480w, https:\/\/martiresparroquiasanpiox.org\/wp-content\/uploads\/2024\/11\/maria-teresa-y-sus-hijas-martires-cartas-varias-1936-4-junio-de-la-madre-no-autografa-1pq-300x225.png 300w, https:\/\/martiresparroquiasanpiox.org\/wp-content\/uploads\/2024\/11\/maria-teresa-y-sus-hijas-martires-cartas-varias-1936-4-junio-de-la-madre-no-autografa-1pq-400x300.png 400w\" sizes=\"auto, (max-width: 480px) 100vw, 480px\" \/><\/a><\/figure>\n<\/div>\n<div style=\"height:40px\" aria-hidden=\"true\" class=\"wp-block-spacer\"><\/div>\n\n<h6 class=\"wp-block-heading has-text-align-center\"><strong>From prison<\/strong><\/h6>\n\n<div style=\"height:29px\" aria-hidden=\"true\" class=\"wp-block-spacer\"><\/div>\n<div class=\"wp-block-image\">\n<figure class=\"aligncenter size-full\"><a href=\"https:\/\/martiresparroquiasanpiox.org\/cartas\/desde-la-prision\/\"><img loading=\"lazy\" decoding=\"async\" width=\"480\" height=\"360\" src=\"https:\/\/martiresparroquiasanpiox.org\/wp-content\/uploads\/2024\/10\/maria-teresa-y-sus-hijas-martires-cartas-desde-la-prision-1pq.png\" alt=\"Mar&#xED;a Teresa and Her Martyr Daughters &#x2013; San Pio X Parish in Algemes&#xED;, Valencia &#x2013;  Letters from prison\" class=\"wp-image-2377\" srcset=\"https:\/\/martiresparroquiasanpiox.org\/wp-content\/uploads\/2024\/10\/maria-teresa-y-sus-hijas-martires-cartas-desde-la-prision-1pq.png 480w, https:\/\/martiresparroquiasanpiox.org\/wp-content\/uploads\/2024\/10\/maria-teresa-y-sus-hijas-martires-cartas-desde-la-prision-1pq-300x225.png 300w, https:\/\/martiresparroquiasanpiox.org\/wp-content\/uploads\/2024\/10\/maria-teresa-y-sus-hijas-martires-cartas-desde-la-prision-1pq-400x300.png 400w\" sizes=\"auto, (max-width: 480px) 100vw, 480px\" \/><\/a><\/figure>\n<\/div>\n<div style=\"height:40px\" aria-hidden=\"true\" class=\"wp-block-spacer\"><\/div>\n","protected":false},"excerpt":{"rendered":"<p>Documents on the Martyrs Sister Felicidad Masi\u00e1 Sister Mar\u00eda Jes\u00fas Masi\u00e1 Sister Mar\u00eda Ver\u00f3nica Masi\u00e1 Sister Josefa de la Purificaci\u00f3n Masi\u00e1 Fray Seraf\u00edn Various Letters &hellip;<\/p>\n","protected":false},"author":1,"featured_media":242,"parent":0,"menu_order":0,"comment_status":"closed","ping_status":"closed","template":"","meta":{"footnotes":""},"class_list":["post-3023","page","type-page","status-publish","has-post-thumbnail","hentry"],"_links":{"self":[{"href":"https:\/\/martiresparroquiasanpiox.org\/en\/wp-json\/wp\/v2\/pages\/3023","targetHints":{"allow":["GET"]}}],"collection":[{"href":"https:\/\/martiresparroquiasanpiox.org\/en\/wp-json\/wp\/v2\/pages"}],"about":[{"href":"https:\/\/martiresparroquiasanpiox.org\/en\/wp-json\/wp\/v2\/types\/page"}],"author":[{"embeddable":true,"href":"https:\/\/martiresparroquiasanpiox.org\/en\/wp-json\/wp\/v2\/users\/1"}],"replies":[{"embeddable":true,"href":"https:\/\/martiresparroquiasanpiox.org\/en\/wp-json\/wp\/v2\/comments?post=3023"}],"version-history":[{"count":3,"href":"https:\/\/martiresparroquiasanpiox.org\/en\/wp-json\/wp\/v2\/pages\/3023\/revisions"}],"predecessor-version":[{"id":3295,"href":"https:\/\/martiresparroquiasanpiox.org\/en\/wp-json\/wp\/v2\/pages\/3023\/revisions\/3295"}],"wp:featuredmedia":[{"embeddable":true,"href":"https:\/\/martiresparroquiasanpiox.org\/en\/wp-json\/wp\/v2\/media\/242"}],"wp:attachment":[{"href":"https:\/\/martiresparroquiasanpiox.org\/en\/wp-json\/wp\/v2\/media?parent=3023"}],"curies":[{"name":"wp","href":"https:\/\/api.w.org\/{rel}","templated":true}]}}