{"id":3027,"date":"2024-11-05T15:29:43","date_gmt":"2024-11-05T15:29:43","guid":{"rendered":"https:\/\/martiresparroquiasanpiox.org\/letters\/letters-felicidad-masia\/"},"modified":"2024-11-05T15:29:44","modified_gmt":"2024-11-05T15:29:44","slug":"letters-felicidad-masia","status":"publish","type":"page","link":"https:\/\/martiresparroquiasanpiox.org\/en\/letters\/letters-felicidad-masia\/","title":{"rendered":"Letters &#8211; Felicidad Masi\u00e1"},"content":{"rendered":"\n<div style=\"height:30px\" aria-hidden=\"true\" class=\"wp-block-spacer\"><\/div>\n<div class=\"wp-block-image\">\n<figure class=\"aligncenter size-full\"><a href=\"https:\/\/martiresparroquiasanpiox.org\/en\/martyrs\/blessed-sirter-felicidad-masia\/\"><img loading=\"lazy\" decoding=\"async\" width=\"526\" height=\"608\" src=\"https:\/\/martiresparroquiasanpiox.org\/wp-content\/uploads\/2024\/09\/maria-teresa-y-sus-hijas-martires-beata-feilcidad-masia.png\" alt=\"Mar&#xED;a Teresa and Her Martyr Daughters - Blessed Sister Felicidad Masi&#xE0; - San Pio X Parish Algemes&#xED; Valencia Spain\" class=\"wp-image-580\" srcset=\"https:\/\/martiresparroquiasanpiox.org\/wp-content\/uploads\/2024\/09\/maria-teresa-y-sus-hijas-martires-beata-feilcidad-masia.png 526w, https:\/\/martiresparroquiasanpiox.org\/wp-content\/uploads\/2024\/09\/maria-teresa-y-sus-hijas-martires-beata-feilcidad-masia-260x300.png 260w\" sizes=\"auto, (max-width: 526px) 100vw, 526px\" \/><\/a><\/figure>\n<\/div>\n<div style=\"height:50px\" aria-hidden=\"true\" class=\"wp-block-spacer\"><\/div>\n\n<h3 class=\"wp-block-heading has-text-align-center\"><strong>Letters to Sister Felicidad Masi<\/strong>\u00e1<\/h3>\n\n<div style=\"height:30px\" aria-hidden=\"true\" class=\"wp-block-spacer\"><\/div>\n\n<div class=\"wp-block-columns is-layout-flex wp-container-core-columns-is-layout-9d6595d7 wp-block-columns-is-layout-flex\">\n<div class=\"wp-block-column is-vertically-aligned-center is-layout-flow wp-block-column-is-layout-flow\">\n<h5 class=\"wp-block-heading has-text-align-center\">From Sister Mar\u00eda Jes\u00fas<\/h5>\n\n\n\n<div style=\"height:30px\" aria-hidden=\"true\" class=\"wp-block-spacer\"><\/div>\n\n\n<div class=\"wp-block-image\">\n<figure class=\"aligncenter size-thumbnail\"><a href=\"https:\/\/martiresparroquiasanpiox.org\/en\/letters\/letters-felicidad-masia\/from-maria-jesus-to-felicidad\/\"><img loading=\"lazy\" decoding=\"async\" width=\"150\" height=\"150\" src=\"https:\/\/martiresparroquiasanpiox.org\/wp-content\/uploads\/2024\/09\/maria-teresa-y-sus-hijas-martires-cartas-a-felicidad-masia-de-maria-jesus-01-150x150.png\" alt=\"Mar&#xED;a Teresa and Her Martyr Daughters - San Pio X Parish Algemes&#xED;, Valencia - from Mar&#xED;a Jesus to Felicidad\" class=\"wp-image-305\" \/><\/a><\/figure>\n<\/div><\/div>\n\n\n\n<div class=\"wp-block-column is-vertically-aligned-center is-layout-flow wp-block-column-is-layout-flow\">\n<h5 class=\"wp-block-heading has-text-align-center\">From Sister Nieves<\/h5>\n\n\n\n<div style=\"height:30px\" aria-hidden=\"true\" class=\"wp-block-spacer\"><\/div>\n\n\n<div class=\"wp-block-image\">\n<figure class=\"aligncenter size-thumbnail\"><a href=\"https:\/\/martiresparroquiasanpiox.org\/en\/letters\/letters-felicidad-masia\/from-nieves-to-felicidad\/\"><img loading=\"lazy\" decoding=\"async\" width=\"150\" height=\"150\" src=\"https:\/\/martiresparroquiasanpiox.org\/wp-content\/uploads\/2024\/09\/maria-teresa-y-sus-hijas-martires-cartas-a-felicidad-masia-de-nieves-01-150x150.png\" alt=\"\" class=\"wp-image-333\" \/><\/a><\/figure>\n<\/div><\/div>\n\n\n\n<div class=\"wp-block-column is-vertically-aligned-center is-layout-flow wp-block-column-is-layout-flow\">\n<h5 class=\"wp-block-heading has-text-align-center\">From Fray Seraf\u00edn<\/h5>\n\n\n\n<div style=\"height:30px\" aria-hidden=\"true\" class=\"wp-block-spacer\"><\/div>\n\n\n<div class=\"wp-block-image\">\n<figure class=\"aligncenter size-thumbnail\"><a href=\"https:\/\/martiresparroquiasanpiox.org\/en\/letters\/letters-felicidad-masia\/from-fray-serafin-to-felicidad\/\"><img loading=\"lazy\" decoding=\"async\" width=\"150\" height=\"150\" src=\"https:\/\/martiresparroquiasanpiox.org\/wp-content\/uploads\/2024\/09\/maria-teresa-y-sus-hijas-martires-cartas-a-felicidad-fray-serafin-01-150x150.png\" alt=\"Mar&#xED;a Teresa and Her Martyr Daughters - San Pio X Parish Algemes&#xED;, Valencia - from Fray Serafin to Felicidad (January 1935)\" class=\"wp-image-377\" \/><\/a><\/figure>\n<\/div><\/div>\n<\/div>\n\n<div style=\"height:40px\" aria-hidden=\"true\" class=\"wp-block-spacer\"><\/div>\n<div class=\"wp-block-image\">\n<figure class=\"aligncenter size-full\"><img loading=\"lazy\" decoding=\"async\" width=\"1920\" height=\"57\" src=\"https:\/\/martiresparroquiasanpiox.org\/wp-content\/uploads\/2024\/09\/maria-teresa-y-sus-hijas-martires-cartas-separador.png\" alt=\"Mar&#xED;a Teresa and Her Martyr Daughters - San Pio X Parish Algemes&#xED;, Valencia - Letters' divider\" class=\"wp-image-297\" srcset=\"https:\/\/martiresparroquiasanpiox.org\/wp-content\/uploads\/2024\/09\/maria-teresa-y-sus-hijas-martires-cartas-separador.png 1920w, https:\/\/martiresparroquiasanpiox.org\/wp-content\/uploads\/2024\/09\/maria-teresa-y-sus-hijas-martires-cartas-separador-300x9.png 300w, https:\/\/martiresparroquiasanpiox.org\/wp-content\/uploads\/2024\/09\/maria-teresa-y-sus-hijas-martires-cartas-separador-1024x30.png 1024w, https:\/\/martiresparroquiasanpiox.org\/wp-content\/uploads\/2024\/09\/maria-teresa-y-sus-hijas-martires-cartas-separador-768x23.png 768w, https:\/\/martiresparroquiasanpiox.org\/wp-content\/uploads\/2024\/09\/maria-teresa-y-sus-hijas-martires-cartas-separador-1536x46.png 1536w, https:\/\/martiresparroquiasanpiox.org\/wp-content\/uploads\/2024\/09\/maria-teresa-y-sus-hijas-martires-cartas-separador-583x17.png 583w\" sizes=\"auto, (max-width: 1920px) 100vw, 1920px\" \/><\/figure>\n<\/div>\n<div style=\"height:40px\" aria-hidden=\"true\" class=\"wp-block-spacer\"><\/div>\n\n<h3 class=\"wp-block-heading has-text-align-center\"><strong>Letters from Felicidad Masi\u00e1<\/strong><\/h3>\n\n<div style=\"height:40px\" aria-hidden=\"true\" class=\"wp-block-spacer\"><\/div>\n\n<div class=\"wp-block-columns are-vertically-aligned-center is-layout-flex wp-container-core-columns-is-layout-9d6595d7 wp-block-columns-is-layout-flex\">\n<div class=\"wp-block-column is-vertically-aligned-center is-layout-flow wp-block-column-is-layout-flow\">\n<h5 class=\"wp-block-heading has-text-align-center\">To her siblings<\/h5>\n\n\n\n<div style=\"height:30px\" aria-hidden=\"true\" class=\"wp-block-spacer\"><\/div>\n\n\n<div class=\"wp-block-image\">\n<figure class=\"aligncenter size-thumbnail\"><a href=\"https:\/\/martiresparroquiasanpiox.org\/en\/letters\/letters-felicidad-masia\/from-felicidad-to-her-siblings\/\"><img loading=\"lazy\" decoding=\"async\" width=\"150\" height=\"150\" src=\"https:\/\/martiresparroquiasanpiox.org\/wp-content\/uploads\/2024\/10\/maria-teresa-y-sus-hijas-martires-cartas-de-felicidad-a-su-hermana-1-150x150.png\" alt=\"\" class=\"wp-image-931\" \/><\/a><\/figure>\n<\/div><\/div>\n\n\n\n<div class=\"wp-block-column is-vertically-aligned-center is-layout-flow wp-block-column-is-layout-flow\">\n<h5 class=\"wp-block-heading has-text-align-center\">To her mother<\/h5>\n\n\n\n<div style=\"height:30px\" aria-hidden=\"true\" class=\"wp-block-spacer\"><\/div>\n\n\n<div class=\"wp-block-image\">\n<figure class=\"aligncenter size-thumbnail\"><a href=\"https:\/\/martiresparroquiasanpiox.org\/en\/letters\/letters-felicidad-masia\/from-felicidad-to-her-mother\/\"><img loading=\"lazy\" decoding=\"async\" width=\"150\" height=\"150\" src=\"https:\/\/martiresparroquiasanpiox.org\/wp-content\/uploads\/2024\/10\/maria-teresa-y-sus-hijas-martires-cartas-de-felicidad-a-su-madre-1-150x150.png\" alt=\"\" class=\"wp-image-953\" \/><\/a><\/figure>\n<\/div><\/div>\n\n\n\n<div class=\"wp-block-column is-vertically-aligned-center is-layout-flow wp-block-column-is-layout-flow\">\n<h5 class=\"wp-block-heading has-text-align-center\">To her mother and siblings<\/h5>\n\n\n\n<div style=\"height:30px\" aria-hidden=\"true\" class=\"wp-block-spacer\"><\/div>\n\n\n<div class=\"wp-block-image\">\n<figure class=\"aligncenter size-thumbnail\"><a href=\"https:\/\/martiresparroquiasanpiox.org\/en\/letters\/letters-felicidad-masia\/from-felicidad-to-her-mother-and-siblings\/\"><img loading=\"lazy\" decoding=\"async\" width=\"150\" height=\"150\" src=\"https:\/\/martiresparroquiasanpiox.org\/wp-content\/uploads\/2024\/10\/maria-teresa-y-sus-hijas-martires-cartas-de-felicidad-a-su-madre-y-hermanos-1-150x150.png\" alt=\"\" class=\"wp-image-958\" \/><\/a><\/figure>\n<\/div><\/div>\n<\/div>\n\n<div style=\"height:40px\" aria-hidden=\"true\" class=\"wp-block-spacer\"><\/div>\n","protected":false},"excerpt":{"rendered":"<p>Letters to Sister Felicidad Masi\u00e1 From Sister Mar\u00eda Jes\u00fas From Sister Nieves From Fray Seraf\u00edn Letters from Felicidad Masi\u00e1 To her siblings To her mother &hellip;<\/p>\n","protected":false},"author":1,"featured_media":242,"parent":3023,"menu_order":0,"comment_status":"closed","ping_status":"closed","template":"","meta":{"footnotes":""},"class_list":["post-3027","page","type-page","status-publish","has-post-thumbnail","hentry"],"_links":{"self":[{"href":"https:\/\/martiresparroquiasanpiox.org\/en\/wp-json\/wp\/v2\/pages\/3027","targetHints":{"allow":["GET"]}}],"collection":[{"href":"https:\/\/martiresparroquiasanpiox.org\/en\/wp-json\/wp\/v2\/pages"}],"about":[{"href":"https:\/\/martiresparroquiasanpiox.org\/en\/wp-json\/wp\/v2\/types\/page"}],"author":[{"embeddable":true,"href":"https:\/\/martiresparroquiasanpiox.org\/en\/wp-json\/wp\/v2\/users\/1"}],"replies":[{"embeddable":true,"href":"https:\/\/martiresparroquiasanpiox.org\/en\/wp-json\/wp\/v2\/comments?post=3027"}],"version-history":[{"count":1,"href":"https:\/\/martiresparroquiasanpiox.org\/en\/wp-json\/wp\/v2\/pages\/3027\/revisions"}],"predecessor-version":[{"id":3028,"href":"https:\/\/martiresparroquiasanpiox.org\/en\/wp-json\/wp\/v2\/pages\/3027\/revisions\/3028"}],"up":[{"embeddable":true,"href":"https:\/\/martiresparroquiasanpiox.org\/en\/wp-json\/wp\/v2\/pages\/3023"}],"wp:featuredmedia":[{"embeddable":true,"href":"https:\/\/martiresparroquiasanpiox.org\/en\/wp-json\/wp\/v2\/media\/242"}],"wp:attachment":[{"href":"https:\/\/martiresparroquiasanpiox.org\/en\/wp-json\/wp\/v2\/media?parent=3027"}],"curies":[{"name":"wp","href":"https:\/\/api.w.org\/{rel}","templated":true}]}}