{"id":3056,"date":"2024-11-07T10:37:45","date_gmt":"2024-11-07T10:37:45","guid":{"rendered":"https:\/\/martiresparroquiasanpiox.org\/letters\/letters-felicidad-masia\/from-felicidad-to-her-mother-and-siblings\/"},"modified":"2024-11-07T10:37:46","modified_gmt":"2024-11-07T10:37:46","slug":"from-felicidad-to-her-mother-and-siblings","status":"publish","type":"page","link":"https:\/\/martiresparroquiasanpiox.org\/en\/letters\/letters-felicidad-masia\/from-felicidad-to-her-mother-and-siblings\/","title":{"rendered":"From Felicidad to her mother and siblings"},"content":{"rendered":"\n<h4 class=\"wp-block-heading has-text-align-center\"><strong>Sister Felicidad Masi\u00e1 to her mother and siblings. 19th of June 1927<\/strong><\/h4>\n\n<div style=\"height:40px\" aria-hidden=\"true\" class=\"wp-block-spacer\"><\/div>\n\n<figure class=\"wp-block-gallery aligncenter has-nested-images columns-default is-cropped wp-block-gallery-1 is-layout-flex wp-block-gallery-is-layout-flex\">\n<figure data-wp-context=\"{&quot;imageId&quot;:&quot;69d5dbee0d631&quot;}\" data-wp-interactive=\"core\/image\" data-wp-key=\"69d5dbee0d631\" class=\"wp-block-image size-large wp-lightbox-container\"><img loading=\"lazy\" decoding=\"async\" width=\"687\" height=\"1024\" data-wp-class--hide=\"state.isContentHidden\" data-wp-class--show=\"state.isContentVisible\" data-wp-init=\"callbacks.setButtonStyles\" data-wp-on--click=\"actions.showLightbox\" data-wp-on--load=\"callbacks.setButtonStyles\" data-wp-on-window--resize=\"callbacks.setButtonStyles\" data-id=\"958\" src=\"https:\/\/martiresparroquiasanpiox.org\/wp-content\/uploads\/2024\/10\/maria-teresa-y-sus-hijas-martires-cartas-de-felicidad-a-su-madre-y-hermanos-1-687x1024.png\" alt=\"Mar&#xED;a Teresa and Her Martyr Daughters - San Pio X Parish Algemes&#xED;, Valencia - From Sister Felicidad Masi&#xE1; to her mother and siblings\" class=\"wp-image-958\" srcset=\"https:\/\/martiresparroquiasanpiox.org\/wp-content\/uploads\/2024\/10\/maria-teresa-y-sus-hijas-martires-cartas-de-felicidad-a-su-madre-y-hermanos-1-687x1024.png 687w, https:\/\/martiresparroquiasanpiox.org\/wp-content\/uploads\/2024\/10\/maria-teresa-y-sus-hijas-martires-cartas-de-felicidad-a-su-madre-y-hermanos-1-201x300.png 201w, https:\/\/martiresparroquiasanpiox.org\/wp-content\/uploads\/2024\/10\/maria-teresa-y-sus-hijas-martires-cartas-de-felicidad-a-su-madre-y-hermanos-1.png 725w\" sizes=\"auto, (max-width: 687px) 100vw, 687px\" \/><button\n\t\t\tclass=\"lightbox-trigger\"\n\t\t\ttype=\"button\"\n\t\t\taria-haspopup=\"dialog\"\n\t\t\taria-label=\"Enlarge\"\n\t\t\tdata-wp-init=\"callbacks.initTriggerButton\"\n\t\t\tdata-wp-on--click=\"actions.showLightbox\"\n\t\t\tdata-wp-style--right=\"state.imageButtonRight\"\n\t\t\tdata-wp-style--top=\"state.imageButtonTop\"\n\t\t>\n\t\t\t<svg xmlns=\"http:\/\/www.w3.org\/2000\/svg\" width=\"12\" height=\"12\" fill=\"none\" viewBox=\"0 0 12 12\">\n\t\t\t\t<path fill=\"#fff\" d=\"M2 0a2 2 0 0 0-2 2v2h1.5V2a.5.5 0 0 1 .5-.5h2V0H2Zm2 10.5H2a.5.5 0 0 1-.5-.5V8H0v2a2 2 0 0 0 2 2h2v-1.5ZM8 12v-1.5h2a.5.5 0 0 0 .5-.5V8H12v2a2 2 0 0 1-2 2H8Zm2-12a2 2 0 0 1 2 2v2h-1.5V2a.5.5 0 0 0-.5-.5H8V0h2Z\" \/>\n\t\t\t<\/svg>\n\t\t<\/button><\/figure>\n\n\n\n<figure data-wp-context=\"{&quot;imageId&quot;:&quot;69d5dbee0dc5b&quot;}\" data-wp-interactive=\"core\/image\" data-wp-key=\"69d5dbee0dc5b\" class=\"wp-block-image size-large wp-lightbox-container\"><img loading=\"lazy\" decoding=\"async\" width=\"707\" height=\"1024\" data-wp-class--hide=\"state.isContentHidden\" data-wp-class--show=\"state.isContentVisible\" data-wp-init=\"callbacks.setButtonStyles\" data-wp-on--click=\"actions.showLightbox\" data-wp-on--load=\"callbacks.setButtonStyles\" data-wp-on-window--resize=\"callbacks.setButtonStyles\" data-id=\"1000\" src=\"https:\/\/martiresparroquiasanpiox.org\/wp-content\/uploads\/2024\/10\/maria-teresa-y-sus-hijas-martires-cartas-de-felicidad-a-su-madre-y-hermanos-2-707x1024.png\" alt=\"Mar&#xED;a Teresa and Her Martyr Daughters - San Pio X Parish Algemes&#xED;, Valencia - From Sister Felicidad Masi&#xE1; to her mother and siblings\" class=\"wp-image-1000\" srcset=\"https:\/\/martiresparroquiasanpiox.org\/wp-content\/uploads\/2024\/10\/maria-teresa-y-sus-hijas-martires-cartas-de-felicidad-a-su-madre-y-hermanos-2-707x1024.png 707w, https:\/\/martiresparroquiasanpiox.org\/wp-content\/uploads\/2024\/10\/maria-teresa-y-sus-hijas-martires-cartas-de-felicidad-a-su-madre-y-hermanos-2-207x300.png 207w, https:\/\/martiresparroquiasanpiox.org\/wp-content\/uploads\/2024\/10\/maria-teresa-y-sus-hijas-martires-cartas-de-felicidad-a-su-madre-y-hermanos-2.png 746w\" sizes=\"auto, (max-width: 707px) 100vw, 707px\" \/><button\n\t\t\tclass=\"lightbox-trigger\"\n\t\t\ttype=\"button\"\n\t\t\taria-haspopup=\"dialog\"\n\t\t\taria-label=\"Enlarge\"\n\t\t\tdata-wp-init=\"callbacks.initTriggerButton\"\n\t\t\tdata-wp-on--click=\"actions.showLightbox\"\n\t\t\tdata-wp-style--right=\"state.imageButtonRight\"\n\t\t\tdata-wp-style--top=\"state.imageButtonTop\"\n\t\t>\n\t\t\t<svg xmlns=\"http:\/\/www.w3.org\/2000\/svg\" width=\"12\" height=\"12\" fill=\"none\" viewBox=\"0 0 12 12\">\n\t\t\t\t<path fill=\"#fff\" d=\"M2 0a2 2 0 0 0-2 2v2h1.5V2a.5.5 0 0 1 .5-.5h2V0H2Zm2 10.5H2a.5.5 0 0 1-.5-.5V8H0v2a2 2 0 0 0 2 2h2v-1.5ZM8 12v-1.5h2a.5.5 0 0 0 .5-.5V8H12v2a2 2 0 0 1-2 2H8Zm2-12a2 2 0 0 1 2 2v2h-1.5V2a.5.5 0 0 0-.5-.5H8V0h2Z\" \/>\n\t\t\t<\/svg>\n\t\t<\/button><\/figure>\n<\/figure>\n\n<div style=\"height:40px\" aria-hidden=\"true\" class=\"wp-block-spacer\"><\/div>\n\n<p>Long life Jesus Christ!<\/p>\n\n<p>Capuchins Agullent<\/p>\n\n<p>19th of June 1927<\/p>\n\n<p>Dearest mother and brothers Bautista and Purificaci\u00f3n, in Jesus, Mary, and Joseph:<\/p>\n\n<p>As Brother Pedro is going, we are sending you this festive arrangement that the Mother Abbess has prepared with what we have in the garden.<\/p>\n\n<p>She also arranged for the suffrages that we usually offer for the sisters of this community to be applied to our sister Teresita\u2014may she rest in peace. Additionally, she had an anniversary Mass celebrated for her, along with three other intentions this month, and five days of all community acts, including Thursdays, are dedicated to her as well.<\/p>\n\n<p>As the feast of St. John approaches, we are keeping him very much in our prayers. <\/p>\n\n<p>When you write back, please address the letter to us, even if it\u2019s meant for the Mother Abbess, as she prefers to open letters herself; otherwise, the secretary will open them.<\/p>\n\n<p>Take good care of yourselves, and especially look after the mothers.<\/p>\n\n<p>Greetings from the Mother Abbess and the community, especially from Sister Mar\u00eda Jes\u00fas, Sister Ver\u00f3nica, and Sister Felicidad.<\/p>\n\n<div style=\"height:40px\" aria-hidden=\"true\" class=\"wp-block-spacer\"><\/div>\n<div class=\"wp-block-image\">\n<figure class=\"aligncenter size-large\"><img loading=\"lazy\" decoding=\"async\" width=\"1024\" height=\"30\" src=\"https:\/\/martiresparroquiasanpiox.org\/wp-content\/uploads\/2024\/09\/maria-teresa-y-sus-hijas-martires-cartas-separador-1024x30.png\" alt=\"Mar&#xED;a Teresa and Her Martyr Daughters - San Pio X Parish Algemes&#xED;, Valencia - Letters' divider\" class=\"wp-image-297\" srcset=\"https:\/\/martiresparroquiasanpiox.org\/wp-content\/uploads\/2024\/09\/maria-teresa-y-sus-hijas-martires-cartas-separador-1024x30.png 1024w, https:\/\/martiresparroquiasanpiox.org\/wp-content\/uploads\/2024\/09\/maria-teresa-y-sus-hijas-martires-cartas-separador-300x9.png 300w, https:\/\/martiresparroquiasanpiox.org\/wp-content\/uploads\/2024\/09\/maria-teresa-y-sus-hijas-martires-cartas-separador-768x23.png 768w, https:\/\/martiresparroquiasanpiox.org\/wp-content\/uploads\/2024\/09\/maria-teresa-y-sus-hijas-martires-cartas-separador-1536x46.png 1536w, https:\/\/martiresparroquiasanpiox.org\/wp-content\/uploads\/2024\/09\/maria-teresa-y-sus-hijas-martires-cartas-separador-583x17.png 583w, https:\/\/martiresparroquiasanpiox.org\/wp-content\/uploads\/2024\/09\/maria-teresa-y-sus-hijas-martires-cartas-separador.png 1920w\" sizes=\"auto, (max-width: 1024px) 100vw, 1024px\" \/><\/figure>\n<\/div>\n<div style=\"height:40px\" aria-hidden=\"true\" class=\"wp-block-spacer\"><\/div>\n\n<h4 class=\"wp-block-heading has-text-align-center\"><strong>31st of July 1927<\/strong><\/h4>\n\n<div style=\"height:40px\" aria-hidden=\"true\" class=\"wp-block-spacer\"><\/div>\n\n<figure class=\"wp-block-gallery aligncenter has-nested-images columns-default is-cropped wp-block-gallery-2 is-layout-flex wp-block-gallery-is-layout-flex\">\n<figure data-wp-context=\"{&quot;imageId&quot;:&quot;69d5dbee0eb07&quot;}\" data-wp-interactive=\"core\/image\" data-wp-key=\"69d5dbee0eb07\" class=\"wp-block-image size-large wp-lightbox-container\"><img loading=\"lazy\" decoding=\"async\" width=\"684\" height=\"1024\" data-wp-class--hide=\"state.isContentHidden\" data-wp-class--show=\"state.isContentVisible\" data-wp-init=\"callbacks.setButtonStyles\" data-wp-on--click=\"actions.showLightbox\" data-wp-on--load=\"callbacks.setButtonStyles\" data-wp-on-window--resize=\"callbacks.setButtonStyles\" data-id=\"1046\" src=\"https:\/\/martiresparroquiasanpiox.org\/wp-content\/uploads\/2024\/10\/maria-teresa-y-sus-hijas-martires-cartas-de-felicidad-a-su-madre-y-hermanos-1927-31-julio-1-1-684x1024.png\" alt=\"Mar&#xED;a Teresa and Her Martyr Daughters - San Pio X Parish Algemes&#xED;, Valencia - From Sister Felicidad Masi&#xE1; to her mother and siblings, July 1927\" class=\"wp-image-1046\" srcset=\"https:\/\/martiresparroquiasanpiox.org\/wp-content\/uploads\/2024\/10\/maria-teresa-y-sus-hijas-martires-cartas-de-felicidad-a-su-madre-y-hermanos-1927-31-julio-1-1-684x1024.png 684w, https:\/\/martiresparroquiasanpiox.org\/wp-content\/uploads\/2024\/10\/maria-teresa-y-sus-hijas-martires-cartas-de-felicidad-a-su-madre-y-hermanos-1927-31-julio-1-1-200x300.png 200w, https:\/\/martiresparroquiasanpiox.org\/wp-content\/uploads\/2024\/10\/maria-teresa-y-sus-hijas-martires-cartas-de-felicidad-a-su-madre-y-hermanos-1927-31-julio-1-1.png 721w\" sizes=\"auto, (max-width: 684px) 100vw, 684px\" \/><button\n\t\t\tclass=\"lightbox-trigger\"\n\t\t\ttype=\"button\"\n\t\t\taria-haspopup=\"dialog\"\n\t\t\taria-label=\"Enlarge\"\n\t\t\tdata-wp-init=\"callbacks.initTriggerButton\"\n\t\t\tdata-wp-on--click=\"actions.showLightbox\"\n\t\t\tdata-wp-style--right=\"state.imageButtonRight\"\n\t\t\tdata-wp-style--top=\"state.imageButtonTop\"\n\t\t>\n\t\t\t<svg xmlns=\"http:\/\/www.w3.org\/2000\/svg\" width=\"12\" height=\"12\" fill=\"none\" viewBox=\"0 0 12 12\">\n\t\t\t\t<path fill=\"#fff\" d=\"M2 0a2 2 0 0 0-2 2v2h1.5V2a.5.5 0 0 1 .5-.5h2V0H2Zm2 10.5H2a.5.5 0 0 1-.5-.5V8H0v2a2 2 0 0 0 2 2h2v-1.5ZM8 12v-1.5h2a.5.5 0 0 0 .5-.5V8H12v2a2 2 0 0 1-2 2H8Zm2-12a2 2 0 0 1 2 2v2h-1.5V2a.5.5 0 0 0-.5-.5H8V0h2Z\" \/>\n\t\t\t<\/svg>\n\t\t<\/button><\/figure>\n\n\n\n<figure data-wp-context=\"{&quot;imageId&quot;:&quot;69d5dbee0f0f5&quot;}\" data-wp-interactive=\"core\/image\" data-wp-key=\"69d5dbee0f0f5\" class=\"wp-block-image size-large wp-lightbox-container\"><img loading=\"lazy\" decoding=\"async\" width=\"688\" height=\"1024\" data-wp-class--hide=\"state.isContentHidden\" data-wp-class--show=\"state.isContentVisible\" data-wp-init=\"callbacks.setButtonStyles\" data-wp-on--click=\"actions.showLightbox\" data-wp-on--load=\"callbacks.setButtonStyles\" data-wp-on-window--resize=\"callbacks.setButtonStyles\" data-id=\"1051\" src=\"https:\/\/martiresparroquiasanpiox.org\/wp-content\/uploads\/2024\/10\/maria-teresa-y-sus-hijas-martires-cartas-de-felicidad-a-su-madre-y-hermanos-1927-31-julio-2-1-688x1024.png\" alt=\"Mar&#xED;a Teresa and Her Martyr Daughters - San Pio X Parish Algemes&#xED;, Valencia - From Sister Felicidad Masi&#xE1; to her mother and siblings, July 1927\" class=\"wp-image-1051\" srcset=\"https:\/\/martiresparroquiasanpiox.org\/wp-content\/uploads\/2024\/10\/maria-teresa-y-sus-hijas-martires-cartas-de-felicidad-a-su-madre-y-hermanos-1927-31-julio-2-1-688x1024.png 688w, https:\/\/martiresparroquiasanpiox.org\/wp-content\/uploads\/2024\/10\/maria-teresa-y-sus-hijas-martires-cartas-de-felicidad-a-su-madre-y-hermanos-1927-31-julio-2-1-202x300.png 202w, https:\/\/martiresparroquiasanpiox.org\/wp-content\/uploads\/2024\/10\/maria-teresa-y-sus-hijas-martires-cartas-de-felicidad-a-su-madre-y-hermanos-1927-31-julio-2-1.png 726w\" sizes=\"auto, (max-width: 688px) 100vw, 688px\" \/><button\n\t\t\tclass=\"lightbox-trigger\"\n\t\t\ttype=\"button\"\n\t\t\taria-haspopup=\"dialog\"\n\t\t\taria-label=\"Enlarge\"\n\t\t\tdata-wp-init=\"callbacks.initTriggerButton\"\n\t\t\tdata-wp-on--click=\"actions.showLightbox\"\n\t\t\tdata-wp-style--right=\"state.imageButtonRight\"\n\t\t\tdata-wp-style--top=\"state.imageButtonTop\"\n\t\t>\n\t\t\t<svg xmlns=\"http:\/\/www.w3.org\/2000\/svg\" width=\"12\" height=\"12\" fill=\"none\" viewBox=\"0 0 12 12\">\n\t\t\t\t<path fill=\"#fff\" d=\"M2 0a2 2 0 0 0-2 2v2h1.5V2a.5.5 0 0 1 .5-.5h2V0H2Zm2 10.5H2a.5.5 0 0 1-.5-.5V8H0v2a2 2 0 0 0 2 2h2v-1.5ZM8 12v-1.5h2a.5.5 0 0 0 .5-.5V8H12v2a2 2 0 0 1-2 2H8Zm2-12a2 2 0 0 1 2 2v2h-1.5V2a.5.5 0 0 0-.5-.5H8V0h2Z\" \/>\n\t\t\t<\/svg>\n\t\t<\/button><\/figure>\n<\/figure>\n\n<div style=\"height:40px\" aria-hidden=\"true\" class=\"wp-block-spacer\"><\/div>\n\n<p>Long life Jesus Christ!<\/p>\n\n<p>Capuchins Agullent<\/p>\n\n<p>31st of July 1927<\/p>\n\n<p>Dearest mother and brothers Bautista and Purificaci\u00f3n, in Jesus, Mary, and Joseph:<\/p>\n\n<p>I hope that as you receive this letter you are all in good health. We are doing well here, thank God.<\/p>\n\n<p>Mother Abbess says that with Brother Pedro, you can send us 100 kilos of rice, which will be enough for us until the next harvest, and may God repay you.<\/p>\n\n<p>Seraf\u00edn wrote to us a few days ago and mentioned that he will be heading there soon to come back with you, and we are looking forward to seeing you soon.<\/p>\n\n<p>Mother Abbess is sending you a small basket of produce from our garden. Greetings from Mother Abbess and the community, especially from Sister Mar\u00eda Jes\u00fas and Sister Mar\u00eda Ver\u00f3nica. Please extend these greetings to mother and Bautista\u2019s siblings, and take good care until we have the pleasure of seeing you here.<\/p>\n\n<p>Your daughter, who loves you dearly in Jesus and Mary,<\/p>\n\n<p>Sister Felicidad Masi\u00e1<\/p>\n\n<div style=\"height:40px\" aria-hidden=\"true\" class=\"wp-block-spacer\"><\/div>\n<div class=\"wp-block-image\">\n<figure class=\"aligncenter size-large is-resized\"><img loading=\"lazy\" decoding=\"async\" width=\"1024\" height=\"30\" src=\"https:\/\/martiresparroquiasanpiox.org\/wp-content\/uploads\/2024\/09\/maria-teresa-y-sus-hijas-martires-cartas-separador-1024x30.png\" alt=\"Mar&#xED;a Teresa and Her Martyr Daughters - San Pio X Parish Algemes&#xED;, Valencia - Letters' divider\" class=\"wp-image-297\" style=\"width:1024px;height:auto\" srcset=\"https:\/\/martiresparroquiasanpiox.org\/wp-content\/uploads\/2024\/09\/maria-teresa-y-sus-hijas-martires-cartas-separador-1024x30.png 1024w, https:\/\/martiresparroquiasanpiox.org\/wp-content\/uploads\/2024\/09\/maria-teresa-y-sus-hijas-martires-cartas-separador-300x9.png 300w, https:\/\/martiresparroquiasanpiox.org\/wp-content\/uploads\/2024\/09\/maria-teresa-y-sus-hijas-martires-cartas-separador-768x23.png 768w, https:\/\/martiresparroquiasanpiox.org\/wp-content\/uploads\/2024\/09\/maria-teresa-y-sus-hijas-martires-cartas-separador-1536x46.png 1536w, https:\/\/martiresparroquiasanpiox.org\/wp-content\/uploads\/2024\/09\/maria-teresa-y-sus-hijas-martires-cartas-separador-583x17.png 583w, https:\/\/martiresparroquiasanpiox.org\/wp-content\/uploads\/2024\/09\/maria-teresa-y-sus-hijas-martires-cartas-separador.png 1920w\" sizes=\"auto, (max-width: 1024px) 100vw, 1024px\" \/><\/figure>\n<\/div>\n<div style=\"height:40px\" aria-hidden=\"true\" class=\"wp-block-spacer\"><\/div>\n\n<h4 class=\"wp-block-heading has-text-align-center\"><strong>5th of August 1927<\/strong><\/h4>\n\n<div style=\"height:40px\" aria-hidden=\"true\" class=\"wp-block-spacer\"><\/div>\n<div class=\"wp-block-image\">\n<figure data-wp-context=\"{&quot;imageId&quot;:&quot;69d5dbee0fbbd&quot;}\" data-wp-interactive=\"core\/image\" data-wp-key=\"69d5dbee0fbbd\" class=\"aligncenter size-large wp-lightbox-container\"><img loading=\"lazy\" decoding=\"async\" width=\"703\" height=\"1024\" data-wp-class--hide=\"state.isContentHidden\" data-wp-class--show=\"state.isContentVisible\" data-wp-init=\"callbacks.setButtonStyles\" data-wp-on--click=\"actions.showLightbox\" data-wp-on--load=\"callbacks.setButtonStyles\" data-wp-on-window--resize=\"callbacks.setButtonStyles\" src=\"https:\/\/martiresparroquiasanpiox.org\/wp-content\/uploads\/2024\/10\/maria-teresa-y-sus-hijas-martires-cartas-de-felicidad-a-su-madre-y-hermanos-1927-5-agosto-703x1024.png\" alt=\"\" class=\"wp-image-1058\" srcset=\"https:\/\/martiresparroquiasanpiox.org\/wp-content\/uploads\/2024\/10\/maria-teresa-y-sus-hijas-martires-cartas-de-felicidad-a-su-madre-y-hermanos-1927-5-agosto-703x1024.png 703w, https:\/\/martiresparroquiasanpiox.org\/wp-content\/uploads\/2024\/10\/maria-teresa-y-sus-hijas-martires-cartas-de-felicidad-a-su-madre-y-hermanos-1927-5-agosto-206x300.png 206w, https:\/\/martiresparroquiasanpiox.org\/wp-content\/uploads\/2024\/10\/maria-teresa-y-sus-hijas-martires-cartas-de-felicidad-a-su-madre-y-hermanos-1927-5-agosto.png 741w\" sizes=\"auto, (max-width: 703px) 100vw, 703px\" \/><button\n\t\t\tclass=\"lightbox-trigger\"\n\t\t\ttype=\"button\"\n\t\t\taria-haspopup=\"dialog\"\n\t\t\taria-label=\"Enlarge\"\n\t\t\tdata-wp-init=\"callbacks.initTriggerButton\"\n\t\t\tdata-wp-on--click=\"actions.showLightbox\"\n\t\t\tdata-wp-style--right=\"state.imageButtonRight\"\n\t\t\tdata-wp-style--top=\"state.imageButtonTop\"\n\t\t>\n\t\t\t<svg xmlns=\"http:\/\/www.w3.org\/2000\/svg\" width=\"12\" height=\"12\" fill=\"none\" viewBox=\"0 0 12 12\">\n\t\t\t\t<path fill=\"#fff\" d=\"M2 0a2 2 0 0 0-2 2v2h1.5V2a.5.5 0 0 1 .5-.5h2V0H2Zm2 10.5H2a.5.5 0 0 1-.5-.5V8H0v2a2 2 0 0 0 2 2h2v-1.5ZM8 12v-1.5h2a.5.5 0 0 0 .5-.5V8H12v2a2 2 0 0 1-2 2H8Zm2-12a2 2 0 0 1 2 2v2h-1.5V2a.5.5 0 0 0-.5-.5H8V0h2Z\" \/>\n\t\t\t<\/svg>\n\t\t<\/button><\/figure>\n<\/div>\n<div style=\"height:40px\" aria-hidden=\"true\" class=\"wp-block-spacer\"><\/div>\n\n<p>+<\/p>\n\n<p>Long life Jesus Christ!<\/p>\n\n<p>Capuchins Agullent<\/p>\n\n<p>5th of August 1927<\/p>\n\n<p>Dearest mother and brothers, in the hearts of Jesus and Mary:<\/p>\n\n<p>We were very happy to hear that you are all in good health. We are also well, thank God. <\/p>\n\n<p>The mother Abbess sends her heartfelt thanks for the rice, and we are all very pleased and grateful. She also mentioned that you are welcome to come for the feast of our mother St. Clare, which is next Friday. You will hear a new Mass that we have sung only once before. <\/p>\n\n<p>We assume Seraf\u00edn must be there by now. Many regards until we have the pleasure of seeing him, as well as all of you. <\/p>\n\n<p>Best wishes from the mother Abbess, the community, and especially from her three daughters.<\/p>\n\n<div style=\"height:40px\" aria-hidden=\"true\" class=\"wp-block-spacer\"><\/div>\n","protected":false},"excerpt":{"rendered":"<p>Sister Felicidad Masi\u00e1 to her mother and siblings. 19th of June 1927 Long life Jesus Christ! Capuchins Agullent 19th of June 1927 Dearest mother and &hellip;<\/p>\n","protected":false},"author":1,"featured_media":242,"parent":3027,"menu_order":0,"comment_status":"closed","ping_status":"closed","template":"","meta":{"footnotes":""},"class_list":["post-3056","page","type-page","status-publish","has-post-thumbnail","hentry"],"_links":{"self":[{"href":"https:\/\/martiresparroquiasanpiox.org\/en\/wp-json\/wp\/v2\/pages\/3056","targetHints":{"allow":["GET"]}}],"collection":[{"href":"https:\/\/martiresparroquiasanpiox.org\/en\/wp-json\/wp\/v2\/pages"}],"about":[{"href":"https:\/\/martiresparroquiasanpiox.org\/en\/wp-json\/wp\/v2\/types\/page"}],"author":[{"embeddable":true,"href":"https:\/\/martiresparroquiasanpiox.org\/en\/wp-json\/wp\/v2\/users\/1"}],"replies":[{"embeddable":true,"href":"https:\/\/martiresparroquiasanpiox.org\/en\/wp-json\/wp\/v2\/comments?post=3056"}],"version-history":[{"count":1,"href":"https:\/\/martiresparroquiasanpiox.org\/en\/wp-json\/wp\/v2\/pages\/3056\/revisions"}],"predecessor-version":[{"id":3057,"href":"https:\/\/martiresparroquiasanpiox.org\/en\/wp-json\/wp\/v2\/pages\/3056\/revisions\/3057"}],"up":[{"embeddable":true,"href":"https:\/\/martiresparroquiasanpiox.org\/en\/wp-json\/wp\/v2\/pages\/3027"}],"wp:featuredmedia":[{"embeddable":true,"href":"https:\/\/martiresparroquiasanpiox.org\/en\/wp-json\/wp\/v2\/media\/242"}],"wp:attachment":[{"href":"https:\/\/martiresparroquiasanpiox.org\/en\/wp-json\/wp\/v2\/media?parent=3056"}],"curies":[{"name":"wp","href":"https:\/\/api.w.org\/{rel}","templated":true}]}}