{"id":2484,"date":"2024-10-29T09:05:05","date_gmt":"2024-10-29T09:05:05","guid":{"rendered":"https:\/\/martiresparroquiasanpiox.org\/liens\/"},"modified":"2024-11-07T14:53:39","modified_gmt":"2024-11-07T14:53:39","slug":"liens","status":"publish","type":"page","link":"https:\/\/martiresparroquiasanpiox.org\/fr\/martyres\/liens\/","title":{"rendered":"Liens"},"content":{"rendered":"\n<h3 class=\"wp-block-heading has-text-align-center\">Qui parle sur le r\u00e9seau de ces martyres<\/h3>\n\n<div style=\"height:40px\" aria-hidden=\"true\" class=\"wp-block-spacer\"><\/div>\n\n<div class=\"wp-block-columns are-vertically-aligned-center is-layout-flex wp-container-core-columns-is-layout-9d6595d7 wp-block-columns-is-layout-flex\">\n<div class=\"wp-block-column is-vertically-aligned-center is-layout-flow wp-block-column-is-layout-flow\">\n<h5 class=\"wp-block-heading has-text-align-center\">HISPANIDAD.COM<\/h5>\n\n\n\n<div class=\"wp-block-buttons is-content-justification-center is-layout-flex wp-container-core-buttons-is-layout-16018d1d wp-block-buttons-is-layout-flex\">\n<div class=\"wp-block-button is-style-outline is-style-outline--1\"><a class=\"wp-block-button__link has-text-align-center wp-element-button\" href=\"https:\/\/www.hispanidad.com\/opinion\/la-resistencia\/martires-algemesi-1936-madre-sus-cuatro-hijas-asesinadas-por-milicianos-ii-republica-por-no-renegar-cristo_12054429_102.html\" target=\"_blank\" rel=\"noreferrer noopener\">En savoir plus&#8230;<\/a><\/div>\n<\/div>\n<\/div>\n\n\n\n<div class=\"wp-block-column is-vertically-aligned-center is-layout-flow wp-block-column-is-layout-flow\">\n<h5 class=\"wp-block-heading has-text-align-center\">LA CIG\u00dcE\u00d1A DE LA TORRE<\/h5>\n\n\n\n<div class=\"wp-block-buttons is-content-justification-center is-layout-flex wp-container-core-buttons-is-layout-16018d1d wp-block-buttons-is-layout-flex\">\n<div class=\"wp-block-button is-style-outline is-style-outline--2\"><a class=\"wp-block-button__link has-text-align-center wp-element-button\" href=\"https:\/\/infovaticana.com\/blogs\/cigona\/una-madre-y-sus-cuatro-hijas-martires\/\" target=\"_blank\" rel=\"noreferrer noopener\">En savoir plus&#8230;<\/a><\/div>\n<\/div>\n<\/div>\n<\/div>\n\n<div style=\"height:40px\" aria-hidden=\"true\" class=\"wp-block-spacer\"><\/div>\n\n<h5 class=\"wp-block-heading has-text-align-center\">EWTN &#8211; documental<\/h5>\n\n<div style=\"height:40px\" aria-hidden=\"true\" class=\"wp-block-spacer\"><\/div>\n\n<figure class=\"wp-block-embed aligncenter is-type-video is-provider-youtube wp-block-embed-youtube wp-embed-aspect-16-9 wp-has-aspect-ratio\"><div class=\"wp-block-embed__wrapper\">\r\n<iframe loading=\"lazy\" title=\"Beatas M\u00e1rtires De Algemesi\" width=\"1032\" height=\"581\" src=\"https:\/\/www.youtube.com\/embed\/vKFJSa9SKEM?feature=oembed\" frameborder=\"0\" allow=\"accelerometer; autoplay; clipboard-write; encrypted-media; gyroscope; picture-in-picture; web-share\" referrerpolicy=\"strict-origin-when-cross-origin\" allowfullscreen><\/iframe>\r\n<\/div><\/figure>\r\n\n<div style=\"height:40px\" aria-hidden=\"true\" class=\"wp-block-spacer\"><\/div>\n\n<h5 class=\"wp-block-heading has-text-align-center\">AUTEURS CATHOLIQUES (PDF disponible)<\/h5>\n\n<div class=\"wp-block-buttons is-content-justification-center is-layout-flex wp-container-core-buttons-is-layout-16018d1d wp-block-buttons-is-layout-flex\">\n<div class=\"wp-block-button is-style-outline is-style-outline--3\"><a class=\"wp-block-button__link has-text-align-center wp-element-button\" href=\"http:\/\/www.autorescatolicos.org\/misc06\/jesusmartiballester121.pdf\" target=\"_blank\" rel=\"noreferrer noopener\">En savoir plus&#8230;<\/a><\/div>\n<\/div>\n\n<div style=\"height:40px\" aria-hidden=\"true\" class=\"wp-block-spacer\"><\/div>\n\n<h5 class=\"wp-block-heading has-text-align-center\">HISPANIAMARTYR.ORG<\/h5>\n\n<div class=\"wp-block-buttons is-content-justification-center is-layout-flex wp-container-core-buttons-is-layout-16018d1d wp-block-buttons-is-layout-flex\">\n<div class=\"wp-block-button is-style-outline is-style-outline--4\"><a class=\"wp-block-button__link has-text-align-center wp-element-button\" href=\"https:\/\/www.hispaniamartyr.org\/archivo\/archivo-ano-2012\/887-una-familia-martir-ejemplo-propuesto-por-benedicto-xvi-al-proximo-congreso-mundial-de-familias-en-madrid.html\" target=\"_blank\" rel=\"noreferrer noopener\">En savoir plus&#8230;<\/a><\/div>\n<\/div>\n\n<div style=\"height:60px\" aria-hidden=\"true\" class=\"wp-block-spacer\"><\/div>\n\n<h5 class=\"wp-block-heading has-text-align-center\">PRODUCTRICE SAN JOS\u00c9<\/h5>\n\n<h4 class=\"wp-block-heading has-text-align-center\">T\u00e9moins de l\u2019amour &#8211; documentaire<\/h4>\n\n<figure class=\"wp-block-embed aligncenter is-type-video is-provider-youtube wp-block-embed-youtube wp-embed-aspect-16-9 wp-has-aspect-ratio\"><div class=\"wp-block-embed__wrapper\">\r\n<iframe loading=\"lazy\" title=\"Testigos de Amor  - Beata Ursula Morata y Martires de Algemesi\" width=\"1032\" height=\"581\" src=\"https:\/\/www.youtube.com\/embed\/E8A6RsMT-XA?start=157&#038;feature=oembed\" frameborder=\"0\" allow=\"accelerometer; autoplay; clipboard-write; encrypted-media; gyroscope; picture-in-picture; web-share\" referrerpolicy=\"strict-origin-when-cross-origin\" allowfullscreen><\/iframe>\r\n<\/div><\/figure>\r\n\n<div style=\"height:40px\" aria-hidden=\"true\" class=\"wp-block-spacer\"><\/div>\n\n<h5 class=\"wp-block-heading has-text-align-center\">GLORIA TV<\/h5>\n\n<div class=\"wp-block-buttons is-content-justification-center is-layout-flex wp-container-core-buttons-is-layout-16018d1d wp-block-buttons-is-layout-flex\">\n<div class=\"wp-block-button is-style-outline is-style-outline--5\"><a class=\"wp-block-button__link has-text-align-center wp-element-button\" href=\"https:\/\/gloria.tv\/article\/vc4qKmyUFLfE4jYeFr3GRedjN\" target=\"_blank\" rel=\"noreferrer noopener\">En savoir plus&#8230;<\/a><\/div>\n<\/div>\n\n<div style=\"height:40px\" aria-hidden=\"true\" class=\"wp-block-spacer\"><\/div>\n\n<h5 class=\"wp-block-heading has-text-align-center\">ALGEMES\u00cd DANS LA M\u00c9MOIRE<\/h5>\n\n<div class=\"wp-block-buttons is-content-justification-center is-layout-flex wp-container-core-buttons-is-layout-16018d1d wp-block-buttons-is-layout-flex\">\n<div class=\"wp-block-button is-style-outline is-style-outline--6\"><a class=\"wp-block-button__link has-text-align-center wp-element-button\" href=\"http:\/\/algemesienlamemoria.blogspot.com\/2012\/09\/la-capilla-de-los-beatos-martires-de.html\" target=\"_blank\" rel=\"noreferrer noopener\">En savoir plus&#8230;<\/a><\/div>\n<\/div>\n\n<div style=\"height:40px\" aria-hidden=\"true\" class=\"wp-block-spacer\"><\/div>\n\n<h5 class=\"wp-block-heading has-text-align-center\">RELIGION EN LIBERTAD<\/h5>\n\n<div class=\"wp-block-buttons is-content-justification-center is-layout-flex wp-container-core-buttons-is-layout-16018d1d wp-block-buttons-is-layout-flex\">\n<div class=\"wp-block-button is-style-outline is-style-outline--7\"><a class=\"wp-block-button__link has-text-align-center wp-element-button\" href=\"https:\/\/www.religionenlibertad.com\/blog\/18447\/22h-del-octubre-cruz-cubierta-alzira.html\" target=\"_blank\" rel=\"noreferrer noopener\">En savoir plus&#8230;<\/a><\/div>\n<\/div>\n\n<div style=\"height:40px\" aria-hidden=\"true\" class=\"wp-block-spacer\"><\/div>\n\n<h5 class=\"wp-block-heading has-text-align-center\">CATHOLIC.NET<\/h5>\n\n<div class=\"wp-block-buttons is-content-justification-center is-layout-flex wp-container-core-buttons-is-layout-16018d1d wp-block-buttons-is-layout-flex\">\n<div class=\"wp-block-button is-style-outline is-style-outline--8\"><a class=\"wp-block-button__link has-text-align-center wp-element-button\" href=\"https:\/\/www.es.catholic.net\/op\/articulos\/35574\/mara-teresa-ferragud-roiq-y-sus-4-hijas-beatas.html\" target=\"_blank\" rel=\"noreferrer noopener\">En savoir plus&#8230;<\/a><\/div>\n<\/div>\n\n<div style=\"height:40px\" aria-hidden=\"true\" class=\"wp-block-spacer\"><\/div>\n\n<h5 class=\"wp-block-heading has-text-align-center\">REAL ACADEMIA DE LA HISTORIA<\/h5>\n\n<div class=\"wp-block-buttons is-content-justification-center is-layout-flex wp-container-core-buttons-is-layout-16018d1d wp-block-buttons-is-layout-flex\">\n<div class=\"wp-block-button is-style-outline is-style-outline--9\"><a class=\"wp-block-button__link has-text-align-center wp-element-button\" href=\"https:\/\/dbe.rah.es\/biografias\/118552\/beata-maria-teresa-ferragut-roig\" target=\"_blank\" rel=\"noreferrer noopener\">En savoir plus&#8230;<\/a><\/div>\n<\/div>\n\n<div style=\"height:40px\" aria-hidden=\"true\" class=\"wp-block-spacer\"><\/div>\n\n<h5 class=\"wp-block-heading has-text-align-center\">CENTROEU.COM<\/h5>\n\n<div class=\"wp-block-buttons is-content-justification-center is-layout-flex wp-container-core-buttons-is-layout-16018d1d wp-block-buttons-is-layout-flex\">\n<div class=\"wp-block-button is-style-outline is-style-outline--10\"><a class=\"wp-block-button__link has-text-align-center wp-element-button\" href=\"https:\/\/martires.centroeu.com\/cuatro-religiosas-martires-madre-83-anos-valencia\/\" target=\"_blank\" rel=\"noreferrer noopener\">En savoir plus&#8230;<\/a><\/div>\n<\/div>\n\n<div style=\"height:40px\" aria-hidden=\"true\" class=\"wp-block-spacer\"><\/div>\n\n<h5 class=\"wp-block-heading has-text-align-center\">MERCABA.ORG<\/h5>\n\n<div class=\"wp-block-buttons is-content-justification-center is-layout-flex wp-container-core-buttons-is-layout-16018d1d wp-block-buttons-is-layout-flex\">\n<div class=\"wp-block-button is-style-outline is-style-outline--11\"><a class=\"wp-block-button__link has-text-align-center wp-element-button\" href=\"https:\/\/mercaba.org\/Espiritualidad\/Rufino\/SANTOS\/10-25_Beatas_MJesus_comp.htm\" target=\"_blank\" rel=\"noreferrer noopener\">En savoir plus&#8230;<\/a><\/div>\n<\/div>\n\n<div style=\"height:40px\" aria-hidden=\"true\" class=\"wp-block-spacer\"><\/div>\n\n<h5 class=\"wp-block-heading has-text-align-center\">MARTIRESENESPANA.ORG<\/h5>\n\n<div class=\"wp-block-buttons is-content-justification-center is-layout-flex wp-container-core-buttons-is-layout-16018d1d wp-block-buttons-is-layout-flex\">\n<div class=\"wp-block-button is-style-outline is-style-outline--12\"><a class=\"wp-block-button__link has-text-align-center wp-element-button\" href=\"https:\/\/martiresenespana.org\/2022\/09\/21\/las-macabeas-de-algemesi\/\" target=\"_blank\" rel=\"noreferrer noopener\">En savoir plus&#8230;<\/a><\/div>\n<\/div>\n\n<div style=\"height:40px\" aria-hidden=\"true\" class=\"wp-block-spacer\"><\/div>\n\n<h5 class=\"wp-block-heading has-text-align-center\">LEVANGILEAUQUOTIDIEN.ORG<\/h5>\n\n<div class=\"wp-block-buttons is-content-justification-center is-layout-flex wp-container-core-buttons-is-layout-16018d1d wp-block-buttons-is-layout-flex\">\n<div class=\"wp-block-button is-style-outline is-style-outline--13\"><a class=\"wp-block-button__link has-text-align-center wp-element-button\" href=\"https:\/\/levangileauquotidien.org\/SP\/display-saint\/eddebc48-90d7-4196-9f32-60a66000984e\" target=\"_blank\" rel=\"noreferrer noopener\">En savoir plus&#8230;<\/a><\/div>\n<\/div>\n\n<div style=\"height:40px\" aria-hidden=\"true\" class=\"wp-block-spacer\"><\/div>\n\n<h5 class=\"wp-block-heading has-text-align-center\">H\u00c9RALDES DE L&rsquo;\u00c9VANGILE<\/h5>\n\n<div class=\"wp-block-buttons is-content-justification-center is-layout-flex wp-container-core-buttons-is-layout-16018d1d wp-block-buttons-is-layout-flex\">\n<div class=\"wp-block-button is-style-outline is-style-outline--14\"><a class=\"wp-block-button__link has-text-align-center wp-element-button\" href=\"https:\/\/heraldosvalencia.wordpress.com\/2009\/01\/08\/1024\/\" target=\"_blank\" rel=\"noreferrer noopener\">En savoir plus&#8230;<\/a><\/div>\n<\/div>\n\n<div style=\"height:40px\" aria-hidden=\"true\" class=\"wp-block-spacer\"><\/div>\n\n<h5 class=\"wp-block-heading has-text-align-center\">FRANCISCANOS.ORG<\/h5>\n\n<div class=\"wp-block-buttons is-content-justification-center is-layout-flex wp-container-core-buttons-is-layout-16018d1d wp-block-buttons-is-layout-flex\">\n<div class=\"wp-block-button is-style-outline is-style-outline--15\"><a class=\"wp-block-button__link has-text-align-center wp-element-button\" href=\"http:\/\/www.franciscanos.org\/agnofranciscano\/m10\/dia1025.html\" target=\"_blank\" rel=\"noreferrer noopener\">En savoir plus&#8230;<\/a><\/div>\n<\/div>\n\n<div style=\"height:40px\" aria-hidden=\"true\" class=\"wp-block-spacer\"><\/div>\n\n<h5 class=\"wp-block-heading has-text-align-center\">Augustines d\u00e9chauss\u00e9es<\/h5>\n\n<div class=\"wp-block-buttons is-content-justification-center is-layout-flex wp-container-core-buttons-is-layout-16018d1d wp-block-buttons-is-layout-flex\">\n<div class=\"wp-block-button is-style-outline is-style-outline--16\"><a class=\"wp-block-button__link has-text-align-center wp-element-button\" href=\"https:\/\/agustinasdescalzas.es\/comunidad\/beata-josefa\/\" target=\"_blank\" rel=\"noreferrer noopener\">En savoir plus&#8230;<\/a><\/div>\n<\/div>\n\n<div style=\"height:50px\" aria-hidden=\"true\" class=\"wp-block-spacer\"><\/div>\n","protected":false},"excerpt":{"rendered":"<p>Qui parle sur le r\u00e9seau de ces martyres HISPANIDAD.COM LA CIG\u00dcE\u00d1A DE LA TORRE EWTN &#8211; documental AUTEURS CATHOLIQUES (PDF disponible) HISPANIAMARTYR.ORG PRODUCTRICE SAN JOS\u00c9 &hellip;<\/p>\n","protected":false},"author":1,"featured_media":794,"parent":3060,"menu_order":0,"comment_status":"closed","ping_status":"closed","template":"","meta":{"footnotes":""},"class_list":["post-2484","page","type-page","status-publish","has-post-thumbnail","hentry"],"_links":{"self":[{"href":"https:\/\/martiresparroquiasanpiox.org\/fr\/wp-json\/wp\/v2\/pages\/2484","targetHints":{"allow":["GET"]}}],"collection":[{"href":"https:\/\/martiresparroquiasanpiox.org\/fr\/wp-json\/wp\/v2\/pages"}],"about":[{"href":"https:\/\/martiresparroquiasanpiox.org\/fr\/wp-json\/wp\/v2\/types\/page"}],"author":[{"embeddable":true,"href":"https:\/\/martiresparroquiasanpiox.org\/fr\/wp-json\/wp\/v2\/users\/1"}],"replies":[{"embeddable":true,"href":"https:\/\/martiresparroquiasanpiox.org\/fr\/wp-json\/wp\/v2\/comments?post=2484"}],"version-history":[{"count":1,"href":"https:\/\/martiresparroquiasanpiox.org\/fr\/wp-json\/wp\/v2\/pages\/2484\/revisions"}],"predecessor-version":[{"id":2485,"href":"https:\/\/martiresparroquiasanpiox.org\/fr\/wp-json\/wp\/v2\/pages\/2484\/revisions\/2485"}],"up":[{"embeddable":true,"href":"https:\/\/martiresparroquiasanpiox.org\/fr\/wp-json\/wp\/v2\/pages\/3060"}],"wp:featuredmedia":[{"embeddable":true,"href":"https:\/\/martiresparroquiasanpiox.org\/fr\/wp-json\/wp\/v2\/media\/794"}],"wp:attachment":[{"href":"https:\/\/martiresparroquiasanpiox.org\/fr\/wp-json\/wp\/v2\/media?parent=2484"}],"curies":[{"name":"wp","href":"https:\/\/api.w.org\/{rel}","templated":true}]}}