{"id":2486,"date":"2024-10-29T09:05:34","date_gmt":"2024-10-29T09:05:34","guid":{"rendered":"https:\/\/martiresparroquiasanpiox.org\/temoins-courageux\/"},"modified":"2024-11-07T14:53:39","modified_gmt":"2024-11-07T14:53:39","slug":"temoins-courageux","status":"publish","type":"page","link":"https:\/\/martiresparroquiasanpiox.org\/fr\/martyres\/temoins-courageux\/","title":{"rendered":"Livre audio T\u00e9moins courageux"},"content":{"rendered":"\n<h5 class=\"wp-block-heading has-text-align-center\">T\u00e9moins courageux de la foi. 233 martyrs pour le Christ.<\/h5>\n<div class=\"wp-block-image\">\n<figure class=\"aligncenter size-large\"><img loading=\"lazy\" decoding=\"async\" width=\"768\" height=\"1024\" src=\"https:\/\/martiresparroquiasanpiox.org\/wp-content\/uploads\/2024\/10\/maria-teresa-y-sus-hijas-martires-232-martires-por-cristo-casete-768x1024.png\" alt=\"Marie-Th&#xE9;r&#xE8;se et ses Filles Martyres - Paroisse Saint Pie X d'Algemes&#xED;, Valence - T&#xE9;moins courageux de la foi. 233 martyrs pour le Christ\" class=\"wp-image-2439\" srcset=\"https:\/\/martiresparroquiasanpiox.org\/wp-content\/uploads\/2024\/10\/maria-teresa-y-sus-hijas-martires-232-martires-por-cristo-casete-768x1024.png 768w, https:\/\/martiresparroquiasanpiox.org\/wp-content\/uploads\/2024\/10\/maria-teresa-y-sus-hijas-martires-232-martires-por-cristo-casete-225x300.png 225w, https:\/\/martiresparroquiasanpiox.org\/wp-content\/uploads\/2024\/10\/maria-teresa-y-sus-hijas-martires-232-martires-por-cristo-casete.png 810w\" sizes=\"auto, (max-width: 768px) 100vw, 768px\" \/><\/figure>\n<\/div>\n<div style=\"height:40px\" aria-hidden=\"true\" class=\"wp-block-spacer\"><\/div>\n\n<p>Marie-Th\u00e9r\u00e8se et ses filles ont \u00e9t\u00e9 b\u00e9atifi\u00e9es avec un groupe de 233 martyrs.<\/p>\n\n<p>\u00c0 cette occasion, la s\u0153ur M\u00aa Mercedes G-Solana, esclave du Christ Roi (qui est pass\u00e9e aupr\u00e8s du P\u00e8re en 2024), a compos\u00e9 cet audio que nous avons la permission d\u2019offrir sur le site\u00a0web :<\/p>\n\n<div style=\"height:40px\" aria-hidden=\"true\" class=\"wp-block-spacer\"><\/div>\n\n<figure class=\"wp-block-audio aligncenter\"><audio controls=\"\" src=\"https:\/\/martiresparroquiasanpiox.org\/wp-content\/uploads\/2024\/10\/maria-teresa-y-sus-hijas-martires-232-martires-por-cristo.mp3\"><\/audio><\/figure>\n<div class=\"wp-block-image\">\n<figure class=\"aligncenter size-large\"><img loading=\"lazy\" decoding=\"async\" width=\"768\" height=\"1024\" src=\"https:\/\/martiresparroquiasanpiox.org\/wp-content\/uploads\/2024\/10\/maria-teresa-y-sus-hijas-martires-232-martires-por-cristo-casete-portada-768x1024.png\" alt=\"Marie-Th&#xE9;r&#xE8;se et ses Filles Martyres - Paroisse Saint Pie X d'Algemes&#xED;, Valence - T&#xE9;moins courageux de la foi. 233 martyrs pour le Christ\" class=\"wp-image-2444\" srcset=\"https:\/\/martiresparroquiasanpiox.org\/wp-content\/uploads\/2024\/10\/maria-teresa-y-sus-hijas-martires-232-martires-por-cristo-casete-portada-768x1024.png 768w, https:\/\/martiresparroquiasanpiox.org\/wp-content\/uploads\/2024\/10\/maria-teresa-y-sus-hijas-martires-232-martires-por-cristo-casete-portada-225x300.png 225w, https:\/\/martiresparroquiasanpiox.org\/wp-content\/uploads\/2024\/10\/maria-teresa-y-sus-hijas-martires-232-martires-por-cristo-casete-portada.png 810w\" sizes=\"auto, (max-width: 768px) 100vw, 768px\" \/><\/figure>\n<\/div>","protected":false},"excerpt":{"rendered":"<p>T\u00e9moins courageux de la foi. 233 martyrs pour le Christ. Marie-Th\u00e9r\u00e8se et ses filles ont \u00e9t\u00e9 b\u00e9atifi\u00e9es avec un groupe de 233 martyrs. \u00c0 cette &hellip;<\/p>\n","protected":false},"author":1,"featured_media":794,"parent":3060,"menu_order":0,"comment_status":"closed","ping_status":"closed","template":"","meta":{"footnotes":""},"class_list":["post-2486","page","type-page","status-publish","has-post-thumbnail","hentry"],"_links":{"self":[{"href":"https:\/\/martiresparroquiasanpiox.org\/fr\/wp-json\/wp\/v2\/pages\/2486","targetHints":{"allow":["GET"]}}],"collection":[{"href":"https:\/\/martiresparroquiasanpiox.org\/fr\/wp-json\/wp\/v2\/pages"}],"about":[{"href":"https:\/\/martiresparroquiasanpiox.org\/fr\/wp-json\/wp\/v2\/types\/page"}],"author":[{"embeddable":true,"href":"https:\/\/martiresparroquiasanpiox.org\/fr\/wp-json\/wp\/v2\/users\/1"}],"replies":[{"embeddable":true,"href":"https:\/\/martiresparroquiasanpiox.org\/fr\/wp-json\/wp\/v2\/comments?post=2486"}],"version-history":[{"count":4,"href":"https:\/\/martiresparroquiasanpiox.org\/fr\/wp-json\/wp\/v2\/pages\/2486\/revisions"}],"predecessor-version":[{"id":3062,"href":"https:\/\/martiresparroquiasanpiox.org\/fr\/wp-json\/wp\/v2\/pages\/2486\/revisions\/3062"}],"up":[{"embeddable":true,"href":"https:\/\/martiresparroquiasanpiox.org\/fr\/wp-json\/wp\/v2\/pages\/3060"}],"wp:featuredmedia":[{"embeddable":true,"href":"https:\/\/martiresparroquiasanpiox.org\/fr\/wp-json\/wp\/v2\/media\/794"}],"wp:attachment":[{"href":"https:\/\/martiresparroquiasanpiox.org\/fr\/wp-json\/wp\/v2\/media?parent=2486"}],"curies":[{"name":"wp","href":"https:\/\/api.w.org\/{rel}","templated":true}]}}