{"id":3060,"date":"2024-11-07T14:53:38","date_gmt":"2024-11-07T14:53:38","guid":{"rendered":"https:\/\/martiresparroquiasanpiox.org\/martyres\/"},"modified":"2024-11-07T16:18:11","modified_gmt":"2024-11-07T16:18:11","slug":"martyres","status":"publish","type":"page","link":"https:\/\/martiresparroquiasanpiox.org\/fr\/","title":{"rendered":"Martyres"},"content":{"rendered":"\n<div style=\"height:30px\" aria-hidden=\"true\" class=\"wp-block-spacer\"><\/div>\n\n<h4 class=\"wp-block-heading has-text-align-center\">\u00abMes filles, n&rsquo;ayez pas peur, ceci n&rsquo;est qu&rsquo;un moment, et le ciel est pour toujours.\u00bb<\/h4>\n\n<div style=\"height:30px\" aria-hidden=\"true\" class=\"wp-block-spacer\"><\/div>\n\n<p class=\"has-normal-font-size\">Maria Teresa Ferragud Roig est n\u00e9e le 14 janvier 1853, dans la ville d&rsquo;Algemes\u00ed (Valence). Elle avait presque 20 ans lorsqu\u2019elle \u00e9pousa Vicente Silverio, le 23 novembre 1872. De ce mariage sont n\u00e9s neuf enfants : l&rsquo;a\u00een\u00e9e, Mar\u00eda Teresa, religieuse clo\u00eetr\u00e9e, est d\u00e9c\u00e9d\u00e9e avant la guerre ; les deux suivantes sont mortes en bas \u00e2ge ; les quatre suivantes sont devenues religieuses clo\u00eetr\u00e9es, trois \u00e0 Agullent (Maria Jes\u00fas, Ver\u00f3nica et Felicidad), et une \u00e0 Benig\u00e1nim (Josefa) ; une autre, Purificaci\u00f3n, s\u2019est mari\u00e9e ; et le seul fils, Seraf\u00edn, est devenu fr\u00e8re Capucin.<\/p>\n\n<p class=\"has-normal-font-size\">Elle est devenue veuve en 1916. En 1936, apr\u00e8s avoir \u00e9t\u00e9 contraintes de quitter leurs couvents, les quatre filles de cette famille trouv\u00e8rent refuge dans le foyer maternel, d&rsquo;o\u00f9 elles furent arr\u00eat\u00e9es, accompagn\u00e9es par leur m\u00e8re qui voulut les suivre volontairement jusqu&rsquo;\u00e0 leur dernier instant de martyre, les encourageant et les exhortant \u00e0 rester fid\u00e8les \u00e0 leur \u00c9poux. Elle mourut la derni\u00e8re, assistant avec un admirable courage au martyre de ses filles.<\/p>\n\n<div style=\"height:40px\" aria-hidden=\"true\" class=\"wp-block-spacer\"><\/div>\n\n<blockquote class=\"wp-block-quote has-text-align-center is-layout-flow wp-block-quote-is-layout-flow\">\n<blockquote class=\"wp-block-quote is-layout-flow wp-block-quote-is-layout-flow\">\n<p><strong><mark style=\"background-color:rgba(0, 0, 0, 0)\" class=\"has-inline-color has-accent-2-color\">\u00abElle \u00e9tait plus qu&rsquo;une m\u00e8re des Maccab\u00e9es.\u00bb<\/mark><\/strong><\/p>\n<\/blockquote>\n<cite><strong><em>Pape Pie XII<\/em><\/strong><\/cite><\/blockquote>\n\n<blockquote class=\"wp-block-quote is-layout-flow wp-block-quote-is-layout-flow\">\n<p><\/p>\n<\/blockquote>\n\n<div style=\"height:40px\" aria-hidden=\"true\" class=\"wp-block-spacer\"><\/div>\n<div class=\"wp-block-image\">\n<figure data-wp-context=\"{&quot;imageId&quot;:&quot;69dac066c4a9b&quot;}\" data-wp-interactive=\"core\/image\" data-wp-key=\"69dac066c4a9b\" class=\"aligncenter size-large is-resized wp-lightbox-container\"><img loading=\"lazy\" decoding=\"async\" width=\"734\" height=\"1024\" data-wp-class--hide=\"state.isContentHidden\" data-wp-class--show=\"state.isContentVisible\" data-wp-init=\"callbacks.setButtonStyles\" data-wp-on--click=\"actions.showLightbox\" data-wp-on--load=\"callbacks.setButtonStyles\" data-wp-on-window--resize=\"callbacks.setButtonStyles\" src=\"https:\/\/martiresparroquiasanpiox.org\/wp-content\/uploads\/2024\/10\/martires-parroquia-san-pio-x-algemesi-valencia-espana-icono-734x1024.png\" alt=\"Martyres - Paroisse Saint Pie X, Algemes&#xED;, Valence, Espagne - Ic&#xF4;ne\" class=\"wp-image-918\" style=\"width:650px;height:auto\" srcset=\"https:\/\/martiresparroquiasanpiox.org\/wp-content\/uploads\/2024\/10\/martires-parroquia-san-pio-x-algemesi-valencia-espana-icono-734x1024.png 734w, https:\/\/martiresparroquiasanpiox.org\/wp-content\/uploads\/2024\/10\/martires-parroquia-san-pio-x-algemesi-valencia-espana-icono-215x300.png 215w, https:\/\/martiresparroquiasanpiox.org\/wp-content\/uploads\/2024\/10\/martires-parroquia-san-pio-x-algemesi-valencia-espana-icono-768x1071.png 768w, https:\/\/martiresparroquiasanpiox.org\/wp-content\/uploads\/2024\/10\/martires-parroquia-san-pio-x-algemesi-valencia-espana-icono-1102x1536.png 1102w, https:\/\/martiresparroquiasanpiox.org\/wp-content\/uploads\/2024\/10\/martires-parroquia-san-pio-x-algemesi-valencia-espana-icono.png 1200w\" sizes=\"auto, (max-width: 734px) 100vw, 734px\" \/><button\n\t\t\tclass=\"lightbox-trigger\"\n\t\t\ttype=\"button\"\n\t\t\taria-haspopup=\"dialog\"\n\t\t\taria-label=\"Agrandir\"\n\t\t\tdata-wp-init=\"callbacks.initTriggerButton\"\n\t\t\tdata-wp-on--click=\"actions.showLightbox\"\n\t\t\tdata-wp-style--right=\"state.imageButtonRight\"\n\t\t\tdata-wp-style--top=\"state.imageButtonTop\"\n\t\t>\n\t\t\t<svg xmlns=\"http:\/\/www.w3.org\/2000\/svg\" width=\"12\" height=\"12\" fill=\"none\" viewBox=\"0 0 12 12\">\n\t\t\t\t<path fill=\"#fff\" d=\"M2 0a2 2 0 0 0-2 2v2h1.5V2a.5.5 0 0 1 .5-.5h2V0H2Zm2 10.5H2a.5.5 0 0 1-.5-.5V8H0v2a2 2 0 0 0 2 2h2v-1.5ZM8 12v-1.5h2a.5.5 0 0 0 .5-.5V8H12v2a2 2 0 0 1-2 2H8Zm2-12a2 2 0 0 1 2 2v2h-1.5V2a.5.5 0 0 0-.5-.5H8V0h2Z\" \/>\n\t\t\t<\/svg>\n\t\t<\/button><\/figure>\n<\/div>\n<div style=\"height:40px\" aria-hidden=\"true\" class=\"wp-block-spacer\"><\/div>\n\n<div class=\"wp-block-buttons is-content-justification-center is-layout-flex wp-container-core-buttons-is-layout-16018d1d wp-block-buttons-is-layout-flex\">\n<div class=\"wp-block-button is-style-outline is-style-outline--1\"><a class=\"wp-block-button__link has-text-align-center wp-element-button\" href=\"https:\/\/martiresparroquiasanpiox.org\/home\/icono-de-las-martires\/\">Ic\u00f4ne des martyres<\/a><\/div>\n<\/div>\n\n<div style=\"height:50px\" aria-hidden=\"true\" class=\"wp-block-spacer\"><\/div>\n\n<blockquote class=\"wp-block-quote has-text-align-center is-layout-flow wp-block-quote-is-layout-flow\">\n<blockquote class=\"wp-block-quote is-layout-flow wp-block-quote-is-layout-flow\">\n<p><em><strong><mark style=\"background-color:rgba(0, 0, 0, 0)\" class=\"has-inline-color has-accent-2-color\">\u00abComment ne pas \u00eatre profond\u00e9ment \u00e9mus en \u00e9coutant les r\u00e9cits de leur martyre ?\u00bb<\/mark><\/strong><\/em><\/p>\n<\/blockquote>\n<cite><strong><em>St. Jean Paul II<\/em><\/strong><\/cite><\/blockquote>\n\n<div style=\"height:50px\" aria-hidden=\"true\" class=\"wp-block-spacer\"><\/div>\n\n<p class=\"has-text-align-left\"><strong>Dans la paroisse Saint Pie X d&rsquo;Algemes\u00ed (Valence), sont enterr\u00e9es des bienheureuses martyres de la pers\u00e9cution religieuse de 1936 : une m\u00e8re &#8211; Maria Teresa Ferragud Roig &#8211; et ses quatre filles, religieuses clo\u00eetr\u00e9es. Quand on les conduisit \u00e0 la mort, la m\u00e8re demanda \u00e0 \u00eatre ex\u00e9cut\u00e9e la derni\u00e8re, afin de pouvoir consoler et encourager ses filles jusqu&rsquo;au bout.<\/strong><\/p>\n\n<div style=\"height:40px\" aria-hidden=\"true\" class=\"wp-block-spacer\"><\/div>\n\n<h5 class=\"wp-block-heading has-text-align-center\"><strong>PRI\u00c8RE<\/strong><\/h5>\n\n<div style=\"height:40px\" aria-hidden=\"true\" class=\"wp-block-spacer\"><\/div>\n\n<p class=\"has-text-align-center\">\u00d4 Dieu,<br\/>&#13;\ngloire et couronne des martyrs,<br\/>&#13;\ntoi qui as permis \u00e0 la Bienheureuse Mar\u00eda Teresa Ferragud Roig<br\/>&#13;\nde ressembler \u00e0 ton Fils dans une mort semblable \u00e0 la sienne,<br\/>&#13;\napr\u00e8s avoir encourag\u00e9 ses filles<br\/>&#13;\n\u00e0 rester fid\u00e8les \u00e0 leur \u00c9poux jusqu\u2019\u00e0 la fin, assistant \u00e0 leur martyre ;<br\/>&#13;\nnous te demandons de nous accorder, par son intercession,<br\/>&#13;\net par celle de ses quatre filles religieuses martyres<br\/>&#13;\nJosefa, Maria Jes\u00fas, Ver\u00f3nica et Felicidad &#8211;<br\/>&#13;\nles gr\u00e2ces que nous te supplions maintenant de nous accorder.<br\/><em><strong>&#13;\nPar J\u00e9sus-Christ, Notre Seigneur.<\/strong><\/em><br\/><em><strong>&#13;\nAmen.<\/strong><\/em><br\/><br\/><strong>&#13;\nNotre P\u00e8re, Je vous salue Marie et Gloire au P\u00e8re.<\/strong><br\/>&#13;\nMarie, Reine des martyrs, priez pour nous.<br\/>&#13;\n(avec les permissions requises)<\/p>\n\n<div style=\"height:40px\" aria-hidden=\"true\" class=\"wp-block-spacer\"><\/div>\n\n<blockquote class=\"wp-block-quote is-layout-flow wp-block-quote-is-layout-flow\">\n<blockquote class=\"wp-block-quote is-layout-flow wp-block-quote-is-layout-flow\">\n<blockquote class=\"wp-block-quote is-layout-flow wp-block-quote-is-layout-flow\">\n<h5 class=\"wp-block-heading has-text-align-center\">Venez \u00e0 la source<\/h5>\n<\/blockquote>\n<\/blockquote>\n<\/blockquote>\n\n<div style=\"height:40px\" aria-hidden=\"true\" class=\"wp-block-spacer\"><\/div>\n\n<p>Chers fr\u00e8res, p\u00e8lerins, amis et curieux qui, par ces moyens, d\u00e9sirez approfondir la connaissance de femmes et d&rsquo;\u00e9v\u00e9nements dignes de saintet\u00e9, soyez les bienvenus. Je m\u2019appelle \u00d3scar Benavent, cur\u00e9 de la paroisse Saint Pie X d\u2019Algemes\u00ed, et je souhaite vous ouvrir les portes de ce lieu qui rafra\u00eechit, encourage, console et affermit dans la foi.<\/p>\n\n<p>Tertullien a dit que le sang des martyrs est la semence des chr\u00e9tiens, et dans une paroisse d\u2019Algemes\u00ed, un village du dioc\u00e8se de Valence, reposent les corps f\u00e9conds de femmes h\u00e9ro\u00efques et pleines de foi qui, dans la faiblesse humaine, ont donn\u00e9 leur vie par amour pour le Christ. Une m\u00e8re \u00e2g\u00e9e, accompagn\u00e9e de ses quatre filles contemplatives, fut pouss\u00e9e \u00e0 renier la foi catholique, mais face \u00e0 leur refus tranquille mais ferme, elles furent fusill\u00e9es, ayant pr\u00e9f\u00e9r\u00e9 mourir que de vivre comme si Dieu n&rsquo;existait pas. L\u2019amour que Dieu nous porte est si grand que, bien que nous soyons fragiles, p\u00e9cheurs et vuln\u00e9rables, Il nous transforme en t\u00e9moins et h\u00e9ros.<\/p>\n\n<p>Je vous invite \u00e0 venir \u00e0 la source o\u00f9 tout cela s\u2019est pass\u00e9. Je vous encourage \u00e0 venir, tels que vous \u00eates, \u00e0 vivre la foi et \u00e0 vous mettre face \u00e0 Mar\u00eda Teresa et ses filles. Ainsi, leur saintet\u00e9 \u00e9veillera la v\u00f4tre, leur f\u00e9condit\u00e9 fera na\u00eetre en vous le d\u00e9sir de Dieu, et la contemplation de ce que le Christ a accompli en elles vous remplira d\u2019esp\u00e9rance, car Lui seul a le pouvoir de faire cela aussi en vous.<\/p>\n\n<p>Si vous \u00eates appel\u00e9s \u00e0 la vie de foi et que vous doutez, buvez \u00e0 la m\u00eame source que ces femmes. Elles ont vers\u00e9 leur sang et donn\u00e9 leur vie comme le Christ, pour que se confirme dans votre c\u0153ur que vous \u00eates aim\u00e9s, sauv\u00e9s, appel\u00e9s et envoy\u00e9s.<\/p>\n\n<p>Et lorsque ce p\u00e8lerinage prendra fin, asseyez-vous, m\u00e9ditez et priez avec ce passage de saint Pierre.&#13;\n&#13;\n&#13;\n&#13;\n&#13;\n&#13;\n&#13;\n<\/p>\n\n<p><em>\u00abC\u2019est pourquoi, fr\u00e8res, efforcez-vous de confirmer toujours davantage votre appel et votre \u00e9lection. En agissant ainsi, vous ne faillirez jamais ; et l\u2019entr\u00e9e dans le Royaume \u00e9ternel de notre Seigneur et Sauveur J\u00e9sus-Christ vous sera largement ouverte.\u00bb 2 P 1, 10-11.<\/em><\/p>\n\n<p>La paroisse Saint Pie X d\u2019Algemes\u00ed ainsi que moi-m\u00eame vous attendons avec joie.<\/p>\n\n<h6 class=\"wp-block-heading has-text-align-right\"><strong>\u00d3scar Benavent Calatayud, cur\u00e9 de la paroisse<\/strong><\/h6>\n\n<div style=\"height:50px\" aria-hidden=\"true\" class=\"wp-block-spacer\"><\/div>\n\n<blockquote class=\"wp-block-quote has-text-align-center is-layout-flow wp-block-quote-is-layout-flow\">\n<blockquote class=\"wp-block-quote is-layout-flow wp-block-quote-is-layout-flow\">\n<p><strong><mark style=\"background-color:rgba(0, 0, 0, 0)\" class=\"has-inline-color has-sitetext-color\">Le Pape Beno\u00eet XVI a propos\u00e9 cette m\u00e8re et ses filles comme mod\u00e8le de famille chr\u00e9tienne lors de la VIe Rencontre Mondiale des Familles au Mexique, en 2008.<\/mark><\/strong><\/p>\n<\/blockquote>\n<\/blockquote>\n\n<div style=\"height:50px\" aria-hidden=\"true\" class=\"wp-block-spacer\"><\/div>\n\n<h5 class=\"wp-block-heading has-text-align-center\"><strong>MARTYRES<\/strong><\/h5>\n\n<div style=\"height:40px\" aria-hidden=\"true\" class=\"wp-block-spacer\"><\/div>\n\n<figure class=\"wp-block-gallery has-nested-images columns-5 is-cropped wp-block-gallery-2 is-layout-flex wp-block-gallery-is-layout-flex\">\n<figure class=\"wp-block-image size-large\"><a href=\"https:\/\/martiresparroquiasanpiox.org\/home\/beata-maria-teresa-ferragud\/\"><img loading=\"lazy\" decoding=\"async\" width=\"456\" height=\"616\" data-id=\"595\" src=\"https:\/\/martiresparroquiasanpiox.org\/wp-content\/uploads\/2024\/09\/maria-teresa-y-sus-hijas-martires-beata-teresa-ferragud.png\" alt=\"Marie-Th&#xE9;r&#xE8;se et ses filles martyres - Bienheureuse Teresa Ferragud&#13;&#10;Paroisse Saint Pie X, Algemes&#xED;, Valence, Espagne\" class=\"wp-image-595\" srcset=\"https:\/\/martiresparroquiasanpiox.org\/wp-content\/uploads\/2024\/09\/maria-teresa-y-sus-hijas-martires-beata-teresa-ferragud.png 456w, https:\/\/martiresparroquiasanpiox.org\/wp-content\/uploads\/2024\/09\/maria-teresa-y-sus-hijas-martires-beata-teresa-ferragud-222x300.png 222w\" sizes=\"auto, (max-width: 456px) 100vw, 456px\" \/><\/a><\/figure>\n\n\n\n<figure class=\"wp-block-image size-large\"><a href=\"https:\/\/martiresparroquiasanpiox.org\/home\/beata-sor-maria-veronica-masia\/\"><img loading=\"lazy\" decoding=\"async\" width=\"450\" height=\"603\" data-id=\"610\" src=\"https:\/\/martiresparroquiasanpiox.org\/wp-content\/uploads\/2024\/09\/maria-teresa-y-sus-hijas-martires-beata-maria-veronica-masia-1.png\" alt=\"Marie-Th&#xE9;r&#xE8;se et ses filles martyres - Bienheureuse Mar&#xED;a Ver&#xF3;nica Masi&#xE0;&#13;&#10;Paroisse Saint Pie X, Algemes&#xED;, Valence, Espagne\" class=\"wp-image-610\" srcset=\"https:\/\/martiresparroquiasanpiox.org\/wp-content\/uploads\/2024\/09\/maria-teresa-y-sus-hijas-martires-beata-maria-veronica-masia-1.png 450w, https:\/\/martiresparroquiasanpiox.org\/wp-content\/uploads\/2024\/09\/maria-teresa-y-sus-hijas-martires-beata-maria-veronica-masia-1-224x300.png 224w\" sizes=\"auto, (max-width: 450px) 100vw, 450px\" \/><\/a><\/figure>\n\n\n\n<figure class=\"wp-block-image size-large\"><a href=\"https:\/\/martiresparroquiasanpiox.org\/home\/beata-sor-maria-jesus-masia\/\"><img loading=\"lazy\" decoding=\"async\" width=\"462\" height=\"611\" data-id=\"622\" src=\"https:\/\/martiresparroquiasanpiox.org\/wp-content\/uploads\/2024\/09\/maria-teresa-y-sus-hijas-martires-beata-maria-jesus-masia.png\" alt=\"\" class=\"wp-image-622\" srcset=\"https:\/\/martiresparroquiasanpiox.org\/wp-content\/uploads\/2024\/09\/maria-teresa-y-sus-hijas-martires-beata-maria-jesus-masia.png 462w, https:\/\/martiresparroquiasanpiox.org\/wp-content\/uploads\/2024\/09\/maria-teresa-y-sus-hijas-martires-beata-maria-jesus-masia-227x300.png 227w\" sizes=\"auto, (max-width: 462px) 100vw, 462px\" \/><\/a><\/figure>\n\n\n\n<figure class=\"wp-block-image size-large\"><a href=\"https:\/\/martiresparroquiasanpiox.org\/home\/beata-sor-josefa-de-la-purificacion-masia\/\"><img loading=\"lazy\" decoding=\"async\" width=\"483\" height=\"785\" data-id=\"617\" src=\"https:\/\/martiresparroquiasanpiox.org\/wp-content\/uploads\/2024\/09\/maria-teresa-y-sus-hijas-martires-beata-josefa-purificacion-masia.png\" alt=\"Marie-Th&#xE9;r&#xE8;se et ses filles martyres - Bienheureuse Josefa de la Purificaci&#xF3;n Masi&#xE0;&#13;&#10;Paroisse Saint Pie X, Algemes&#xED;, Valence, Espagne\" class=\"wp-image-617\" srcset=\"https:\/\/martiresparroquiasanpiox.org\/wp-content\/uploads\/2024\/09\/maria-teresa-y-sus-hijas-martires-beata-josefa-purificacion-masia.png 483w, https:\/\/martiresparroquiasanpiox.org\/wp-content\/uploads\/2024\/09\/maria-teresa-y-sus-hijas-martires-beata-josefa-purificacion-masia-185x300.png 185w\" sizes=\"auto, (max-width: 483px) 100vw, 483px\" \/><\/a><\/figure>\n\n\n\n<figure class=\"wp-block-image size-large\"><a href=\"https:\/\/martiresparroquiasanpiox.org\/home\/sor-felicidad-masia-ferragud\/\"><img loading=\"lazy\" decoding=\"async\" width=\"526\" height=\"608\" data-id=\"580\" src=\"https:\/\/martiresparroquiasanpiox.org\/wp-content\/uploads\/2024\/09\/maria-teresa-y-sus-hijas-martires-beata-feilcidad-masia.png\" alt=\"Marie-Th&#xE9;r&#xE8;se et ses filles martyres - Bienheureuse S&#x153;ur Felicidad Masi&#xE0;&#13;&#10;Paroisse Saint Pie X, Algemes&#xED;, Valence, Espagne\" class=\"wp-image-580\" srcset=\"https:\/\/martiresparroquiasanpiox.org\/wp-content\/uploads\/2024\/09\/maria-teresa-y-sus-hijas-martires-beata-feilcidad-masia.png 526w, https:\/\/martiresparroquiasanpiox.org\/wp-content\/uploads\/2024\/09\/maria-teresa-y-sus-hijas-martires-beata-feilcidad-masia-260x300.png 260w\" sizes=\"auto, (max-width: 526px) 100vw, 526px\" \/><\/a><\/figure>\n<\/figure>\n\n<div style=\"height:40px\" aria-hidden=\"true\" class=\"wp-block-spacer\"><\/div>\n\n<h5 class=\"wp-block-heading has-text-align-center\"><strong>Cantique en l\u2019honneur des Bienheureuses Martyres d\u2019Algemes\u00ed<\/strong><\/h5>\n\n<div style=\"height:40px\" aria-hidden=\"true\" class=\"wp-block-spacer\"><\/div>\n\n<div class=\"wp-block-buttons is-content-justification-center is-layout-flex wp-container-core-buttons-is-layout-16018d1d wp-block-buttons-is-layout-flex\">\n<div class=\"wp-block-button is-style-outline is-style-outline--3\"><a class=\"wp-block-button__link has-text-align-center wp-element-button\" href=\"https:\/\/martiresparroquiasanpiox.org\/home\/cantico-en-honor-de-las-beatas\/\">Lire la suite&#8230;<\/a><\/div>\n<\/div>\n\n<div style=\"height:50px\" aria-hidden=\"true\" class=\"wp-block-spacer\"><\/div>\n\n<figure class=\"wp-block-audio\"><audio controls=\"\" src=\"https:\/\/martiresparroquiasanpiox.org\/wp-content\/uploads\/2024\/09\/Cantico-en-honor-de-las-Beatas-Martires-de-Algemesi.mp3\"><\/audio><\/figure>\n\n<div style=\"height:40px\" aria-hidden=\"true\" class=\"wp-block-spacer\"><\/div>\n\n<p><\/p>\n","protected":false},"excerpt":{"rendered":"<p>\u00abMes filles, n&rsquo;ayez pas peur, ceci n&rsquo;est qu&rsquo;un moment, et le ciel est pour toujours.\u00bb Maria Teresa Ferragud Roig est n\u00e9e le 14 janvier 1853, &hellip;<\/p>\n","protected":false},"author":1,"featured_media":0,"parent":0,"menu_order":0,"comment_status":"closed","ping_status":"closed","template":"","meta":{"footnotes":""},"class_list":["post-3060","page","type-page","status-publish","hentry"],"_links":{"self":[{"href":"https:\/\/martiresparroquiasanpiox.org\/fr\/wp-json\/wp\/v2\/pages\/3060","targetHints":{"allow":["GET"]}}],"collection":[{"href":"https:\/\/martiresparroquiasanpiox.org\/fr\/wp-json\/wp\/v2\/pages"}],"about":[{"href":"https:\/\/martiresparroquiasanpiox.org\/fr\/wp-json\/wp\/v2\/types\/page"}],"author":[{"embeddable":true,"href":"https:\/\/martiresparroquiasanpiox.org\/fr\/wp-json\/wp\/v2\/users\/1"}],"replies":[{"embeddable":true,"href":"https:\/\/martiresparroquiasanpiox.org\/fr\/wp-json\/wp\/v2\/comments?post=3060"}],"version-history":[{"count":5,"href":"https:\/\/martiresparroquiasanpiox.org\/fr\/wp-json\/wp\/v2\/pages\/3060\/revisions"}],"predecessor-version":[{"id":3070,"href":"https:\/\/martiresparroquiasanpiox.org\/fr\/wp-json\/wp\/v2\/pages\/3060\/revisions\/3070"}],"wp:attachment":[{"href":"https:\/\/martiresparroquiasanpiox.org\/fr\/wp-json\/wp\/v2\/media?parent=3060"}],"curies":[{"name":"wp","href":"https:\/\/api.w.org\/{rel}","templated":true}]}}