{"id":3097,"date":"2024-11-08T08:03:30","date_gmt":"2024-11-08T08:03:30","guid":{"rendered":"https:\/\/martiresparroquiasanpiox.org\/saint-pie-x-paroisse\/"},"modified":"2024-11-10T23:58:44","modified_gmt":"2024-11-10T23:58:44","slug":"saint-pie-x-paroisse","status":"publish","type":"page","link":"https:\/\/martiresparroquiasanpiox.org\/fr\/saint-pie-x-paroisse\/","title":{"rendered":"Saint Pie X Paroisse"},"content":{"rendered":"\n<blockquote class=\"wp-block-quote is-layout-flow wp-block-quote-is-layout-flow\">\n<p>La paroisse Saint Pie X est construite sur un terrain ayant appartenu \u00e0 la famille martyre Ferragud, et le temple actuel a \u00e9t\u00e9 \u00e9difi\u00e9 gr\u00e2ce \u00e0 leur h\u00e9ritage.<\/p>\n<\/blockquote>\n\n<div style=\"height:40px\" aria-hidden=\"true\" class=\"wp-block-spacer\"><\/div>\n\n<h5 class=\"wp-block-heading has-text-align-center\"><strong>HORAIRES DES MESSES :<\/strong><\/h5>\n\n<div style=\"height:40px\" aria-hidden=\"true\" class=\"wp-block-spacer\"><\/div>\n\n<p><em>Confession et pri\u00e8re du rosaire 30 minutes avant les messes.<\/em><\/p>\n\n<p><em><strong>En hiver :<\/strong><\/em><\/p>\n\n<p>Du lundi au vendredi \u00e0 19h30<\/p>\n\n<p>Samedi \u00e0 19h30 et 20h30 (avec les communaut\u00e9s du Chemin N\u00e9ocat\u00e9chum\u00e9nal).<\/p>\n\n<p>Dimanche \u00e0 11h00<\/p>\n\n<p><em><strong>En \u00e9t\u00e9 :<\/strong><\/em><\/p>\n\n<p>Du mardi au vendredi \u00e0 19h30.<\/p>\n\n<p>Samedi \u00e0 19h30 et 21h00 (avec les communaut\u00e9s du Chemin N\u00e9ocat\u00e9chum\u00e9nal).<\/p>\n\n<p>Dimanche \u00e0 11h00<\/p>\n\n<p>Pas de messe le lundi<\/p>\n\n<div style=\"height:40px\" aria-hidden=\"true\" class=\"wp-block-spacer\"><\/div>\n\n<h5 class=\"wp-block-heading has-text-align-center\"><strong>HORAIRES DES PRI\u00c8RES :<\/strong><\/h5>\n\n<div style=\"height:40px\" aria-hidden=\"true\" class=\"wp-block-spacer\"><\/div>\n\n<p><strong>SAINT ROSAIRE<\/strong> : 30 minutes avant la messe.<\/p>\n\n<p><strong>HEURE SAINTE<\/strong> : Chaque 1er et 3e lundi du mois (d&rsquo;octobre \u00e0 juin) \u00e0 22h00.<\/p>\n\n<p><strong>LAUDES<\/strong> : Du lundi au vendredi (en Avent et en Car\u00eame) \u00e0 6h30.<\/p>\n\n<div style=\"height:40px\" aria-hidden=\"true\" class=\"wp-block-spacer\"><\/div>\n\n<h5 class=\"wp-block-heading has-text-align-center\"><strong>HORAIRES DES GROUPES :<\/strong><\/h5>\n\n<div style=\"height:40px\" aria-hidden=\"true\" class=\"wp-block-spacer\"><\/div>\n\n<p><strong>LES M\u00d4NIQUES<\/strong> : Chaque dernier vendredi du mois (de septembre \u00e0 mai) \u00e0 17h30.<\/p>\n\n<p><strong>VIE ASCENDANTE<\/strong> : Deuxi\u00e8me jeudi de chaque mois (d&rsquo;octobre \u00e0 mai) \u00e0 16h30.<\/p>\n\n<p><strong>PASTORALE PR\u00c9BAPTISMALE<\/strong> : Premier vendredi du mois (d&rsquo;octobre \u00e0 juin) \u00e0 19h30.<\/p>\n\n<p><strong>JEUNES DU ROSAIRE<\/strong> : Du lundi au samedi de 18h30 \u00e0 20h30.<\/p>\n\n<p><strong>CHEMIN N\u00c9OCAT\u00c9CHUM\u00c9NAL<\/strong> : C\u00e9l\u00e9bration de la Parole, eucharistie et vie communautaire. Les horaires varient selon la communaut\u00e9.<\/p>\n\n<div style=\"height:40px\" aria-hidden=\"true\" class=\"wp-block-spacer\"><\/div>\n\n<h5 class=\"wp-block-heading has-text-align-center\"><strong>HORAIRES DES CAT\u00c9CH\u00c8SES :<strong><\/strong><\/strong><\/h5>\n\n<div style=\"height:40px\" aria-hidden=\"true\" class=\"wp-block-spacer\"><\/div>\n\n<p><em><strong>D\u2019octobre \u00e0 mai :<\/strong><\/em><\/p>\n\n<p><strong>VENEZ ET VOUS VERREZ<\/strong>\u00a0(enfants de 3 \u00e0 5 ans) : samedi \u00e0 10h<\/p>\n\n<p><strong>PREMI\u00c8RE ANN\u00c9E<\/strong> : lundi de 17h30 \u00e0 18h30<\/p>\n\n<p><strong>SECOND ANN\u00c9E<\/strong>: mardi de 17h30 \u00e0 18h30<\/p>\n\n<p><strong>TROISI\u00c8ME ANN\u00c9E<\/strong> : mercredi de 17h30 \u00e0 18h30<\/p>\n\n<p><strong>POST-COMMUNION et CONFIRMATION<\/strong> : jeudi de 17h30 \u00e0 18h30.<\/p>\n\n<p><strong>PASTORALE DES PARRAINS (post-confirmation)<\/strong> : vendredi de 19h30 \u00e0 21h00.<\/p>\n\n<p><strong>CAT\u00c9CH\u00c8SE POUR JEUNES ET ADULTES<\/strong> : lundi et jeudi \u00e0 21h, pendant les mois d&rsquo;octobre, novembre et d\u00e9cembre.<\/p>\n\n<div style=\"height:40px\" aria-hidden=\"true\" class=\"wp-block-spacer\"><\/div>\n<div class=\"wp-block-image\">\n<figure class=\"aligncenter size-medium\"><img loading=\"lazy\" decoding=\"async\" width=\"215\" height=\"300\" src=\"https:\/\/martiresparroquiasanpiox.org\/wp-content\/uploads\/2024\/10\/martires-parroquia-san-pio-x-algemesi-valencia-espana-icono-215x300.png\" alt=\"Martyres - Paroisse Saint Pie X, Algemes&#xED;, Valence, Espagne - Ic&#xF4;ne\" class=\"wp-image-918\" srcset=\"https:\/\/martiresparroquiasanpiox.org\/wp-content\/uploads\/2024\/10\/martires-parroquia-san-pio-x-algemesi-valencia-espana-icono-215x300.png 215w, https:\/\/martiresparroquiasanpiox.org\/wp-content\/uploads\/2024\/10\/martires-parroquia-san-pio-x-algemesi-valencia-espana-icono-734x1024.png 734w, https:\/\/martiresparroquiasanpiox.org\/wp-content\/uploads\/2024\/10\/martires-parroquia-san-pio-x-algemesi-valencia-espana-icono-768x1071.png 768w, https:\/\/martiresparroquiasanpiox.org\/wp-content\/uploads\/2024\/10\/martires-parroquia-san-pio-x-algemesi-valencia-espana-icono-1102x1536.png 1102w, https:\/\/martiresparroquiasanpiox.org\/wp-content\/uploads\/2024\/10\/martires-parroquia-san-pio-x-algemesi-valencia-espana-icono.png 1200w\" sizes=\"auto, (max-width: 215px) 100vw, 215px\" \/><\/figure>\n<\/div>\n<div style=\"height:40px\" aria-hidden=\"true\" class=\"wp-block-spacer\"><\/div>\n\n<h5 class=\"wp-block-heading has-text-align-center\"><strong>PASTORALE DE LA PAROISSE<\/strong><\/h5>\n\n<div style=\"height:40px\" aria-hidden=\"true\" class=\"wp-block-spacer\"><\/div>\n\n<figure class=\"wp-block-table aligncenter\"><table class=\"has-fixed-layout\"><tbody><tr><td class=\"has-text-align-center\" data-align=\"center\"><strong>R\u00e9alit\u00e9 pastorale<\/strong><\/td><td class=\"has-text-align-center\" data-align=\"center\"><strong>Br\u00e8ve information<\/strong><\/td><td class=\"has-text-align-center\" data-align=\"center\"><strong>Inscription<\/strong><\/td><\/tr><tr><td class=\"has-text-align-center\" data-align=\"center\"><strong>Pr\u00e9paration au bapt\u00eame<\/strong><\/td><td class=\"has-text-align-center\" data-align=\"center\">R\u00e9union avant le bapt\u00eame des enfants pour cat\u00e9chiser et former les parents et parrains de bapt\u00eame.<\/td><td class=\"has-text-align-center\" data-align=\"center\"><a href=\"https:\/\/forms.gle\/RrKw9oS4YdPVzaEP9\">Formulaire d&rsquo;inscription<\/a><\/td><\/tr><tr><td class=\"has-text-align-center\" data-align=\"center\"><strong>Venez et vous verrez<\/strong><\/td><td class=\"has-text-align-center\" data-align=\"center\">Rencontres avec les enfants de 3, 4 et 5 ans : premiers pas dans la foi selon la m\u00e9thode Montessori.<\/td><td class=\"has-text-align-center\" data-align=\"center\">\u00a0<\/td><\/tr><tr><td class=\"has-text-align-center\" data-align=\"center\"><strong>Premi\u00e8re Communion<\/strong><\/td><td class=\"has-text-align-center\" data-align=\"center\">Cat\u00e9ch\u00e8se pr\u00e9paratoire pour les enfants de 6 \u00e0 9 ans.<\/td><td class=\"has-text-align-center\" data-align=\"center\"><a href=\"https:\/\/forms.gle\/zpS9ZR9QAidN2dp66\">Formulaire d&rsquo;inscription<\/a><\/td><\/tr><tr><td class=\"has-text-align-center\" data-align=\"center\"><strong>Post-Communion et Confirmation<\/strong><\/td><td class=\"has-text-align-center\" data-align=\"center\">Cat\u00e9ch\u00e8se pour les enfants de 9 \u00e0 12 ans ayant re\u00e7u la Premi\u00e8re Communion, les pr\u00e9parant au sacrement de confirmation.<\/td><td class=\"has-text-align-center\" data-align=\"center\"><a href=\"https:\/\/forms.gle\/g9jMBCjRebTVDe8J7\">Formulaire d&rsquo;inscription<\/a><\/td><\/tr><tr><td class=\"has-text-align-center\" data-align=\"center\"><strong>Post-Confirmation et Parrains<\/strong><\/td><td class=\"has-text-align-center\" data-align=\"center\">Itin\u00e9raire d\u2019accompagnement pour les adolescents de 12 \u00e0 18 ans<\/td><td class=\"has-text-align-center\" data-align=\"center\">\u00a0<\/td><\/tr><tr><td class=\"has-text-align-center\" data-align=\"center\"><strong>Cat\u00e9ch\u00e8se pour Jeunes et Adultes<\/strong><\/td><td class=\"has-text-align-center\" data-align=\"center\">Cat\u00e9ch\u00e8se de premier annonce et k\u00e9rygmatique pour jeunes et adultes, int\u00e9grant les communaut\u00e9s n\u00e9ocat\u00e9chum\u00e9nales.<\/td><td class=\"has-text-align-center\" data-align=\"center\">\u00a0<\/td><\/tr><tr><td class=\"has-text-align-center\" data-align=\"center\"><strong>Communaut\u00e9s N\u00e9ocat\u00e9chum\u00e9nales<\/strong><\/td><td class=\"has-text-align-center\" data-align=\"center\">Cat\u00e9chum\u00e9nat post-baptismal : itin\u00e9raire de red\u00e9couverte du bapt\u00eame.<\/td><td class=\"has-text-align-center\" data-align=\"center\">\u00a0<\/td><\/tr><tr><td class=\"has-text-align-center\" data-align=\"center\"><strong>Jeunes du Rosaire<\/strong><\/td><td class=\"has-text-align-center\" data-align=\"center\">Groupe de jeunes qui prient le rosaire chaque jour pour les missions Ad Gentes devant le Saint-Sacrement.<\/td><td class=\"has-text-align-center\" data-align=\"center\">\u00a0<\/td><\/tr><tr><td class=\"has-text-align-center\" data-align=\"center\"><strong>Les M\u00f4niques<\/strong><\/td><td class=\"has-text-align-center\" data-align=\"center\">Groupe de femmes priant le rosaire pour leurs enfants et petits-enfants devant l&rsquo;image de la Vierge Marie au pied de la Croix.<\/td><td class=\"has-text-align-center\" data-align=\"center\">\u00a0<\/td><\/tr><tr><td class=\"has-text-align-center\" data-align=\"center\"><strong>Vie Ascendante<\/strong><\/td><td class=\"has-text-align-center\" data-align=\"center\">Pastorale d\u2019accompagnement des personnes \u00e2g\u00e9es.<\/td><td class=\"has-text-align-center\" data-align=\"center\">\u00a0<\/td><\/tr><\/tbody><\/table><\/figure>\n\n<div style=\"height:40px\" aria-hidden=\"true\" class=\"wp-block-spacer\"><\/div>\n\n<h5 class=\"wp-block-heading has-text-align-center\">Emplacement<\/h5>\n\n<div style=\"height:40px\" aria-hidden=\"true\" class=\"wp-block-spacer\"><\/div>\n\n<div align=\"center\"><iframe src=\"https:\/\/www.google.com\/maps\/embed?pb=!1m18!1m12!1m3!1d6184.45051994253!2d-0.43283999999999995!3d39.19232999999999!2m3!1f0!2f0!3f0!3m2!1i1024!2i768!4f13.1!3m3!1m2!1s0xd61b035a1b0997f%3A0xb12451e06d2727fd!2sParroquia%20San%20P%C3%ADo%20X%20de%20Algemes%C3%AD!5e0!3m2!1ses!2ses!4v1727475416015!5m2!1ses!2ses\" width=\"600\" height=\"450\" style=\"border:0;\" allowfullscreen=\"\" loading=\"lazy\" referrerpolicy=\"no-referrer-when-downgrade\"><\/iframe><\/div>\r\n\n<div style=\"height:40px\" aria-hidden=\"true\" class=\"wp-block-spacer\"><\/div>\n","protected":false},"excerpt":{"rendered":"<p>La paroisse Saint Pie X est construite sur un terrain ayant appartenu \u00e0 la famille martyre Ferragud, et le temple actuel a \u00e9t\u00e9 \u00e9difi\u00e9 gr\u00e2ce &hellip;<\/p>\n","protected":false},"author":1,"featured_media":235,"parent":0,"menu_order":0,"comment_status":"closed","ping_status":"closed","template":"","meta":{"footnotes":""},"class_list":["post-3097","page","type-page","status-publish","has-post-thumbnail","hentry"],"_links":{"self":[{"href":"https:\/\/martiresparroquiasanpiox.org\/fr\/wp-json\/wp\/v2\/pages\/3097","targetHints":{"allow":["GET"]}}],"collection":[{"href":"https:\/\/martiresparroquiasanpiox.org\/fr\/wp-json\/wp\/v2\/pages"}],"about":[{"href":"https:\/\/martiresparroquiasanpiox.org\/fr\/wp-json\/wp\/v2\/types\/page"}],"author":[{"embeddable":true,"href":"https:\/\/martiresparroquiasanpiox.org\/fr\/wp-json\/wp\/v2\/users\/1"}],"replies":[{"embeddable":true,"href":"https:\/\/martiresparroquiasanpiox.org\/fr\/wp-json\/wp\/v2\/comments?post=3097"}],"version-history":[{"count":3,"href":"https:\/\/martiresparroquiasanpiox.org\/fr\/wp-json\/wp\/v2\/pages\/3097\/revisions"}],"predecessor-version":[{"id":3106,"href":"https:\/\/martiresparroquiasanpiox.org\/fr\/wp-json\/wp\/v2\/pages\/3097\/revisions\/3106"}],"wp:featuredmedia":[{"embeddable":true,"href":"https:\/\/martiresparroquiasanpiox.org\/fr\/wp-json\/wp\/v2\/media\/235"}],"wp:attachment":[{"href":"https:\/\/martiresparroquiasanpiox.org\/fr\/wp-json\/wp\/v2\/media?parent=3097"}],"curies":[{"name":"wp","href":"https:\/\/api.w.org\/{rel}","templated":true}]}}