{"id":3143,"date":"2024-11-15T10:16:44","date_gmt":"2024-11-15T10:16:44","guid":{"rendered":"https:\/\/martiresparroquiasanpiox.org\/saint-pie-x-paroisse\/mentions-legales\/"},"modified":"2024-11-15T10:16:44","modified_gmt":"2024-11-15T10:16:44","slug":"mentions-legales","status":"publish","type":"page","link":"https:\/\/martiresparroquiasanpiox.org\/fr\/saint-pie-x-paroisse\/mentions-legales\/","title":{"rendered":"Mentions l\u00e9gales"},"content":{"rendered":"\n<h5 class=\"wp-block-heading\">1. IDENTIT\u00c9 DU RESPONSABLE<\/h5>\n\n<p>Conform\u00e9ment \u00e0 la Loi 34\/2002 du 11 juillet, relative aux services de la soci\u00e9t\u00e9 de l\u2019information et au commerce \u00e9lectronique, les informations g\u00e9n\u00e9rales suivantes concernant ce site web sont communiqu\u00e9es :<\/p>\n\n<p>\u2013 <strong>Titulaire :<\/strong> Paroisse Saint Pie X<\/p>\n\n<p>\u2013 Adresse : Carrer de Sant Jaume Ap\u00f2stol, 7, 46680 Algemes\u00ed, Valence (Espagne)<\/p>\n\n<p>\u2013 <strong>Contact :<\/strong>&#013;\n<ul>&#013;\n \t<li><strong>Email :<\/strong> <a rel=\"noopener\">martiresparroquiasanpiox@gmail.com<\/a><\/li>&#013;\n \t<li><strong>T\u00e9l\u00e9phone :<\/strong> +34 96 242 13 71<\/li>&#013;\n<\/ul><\/p>\n\n<p>Ce site web appartient \u00e0 la Paroisse Saint Pie X. Afin de garantir que l\u2019utilisation du site web respecte les crit\u00e8res de transparence, clart\u00e9 et simplicit\u00e9, la Paroisse Saint Pie X informe les utilisateurs que toute suggestion ou question peut \u00eatre adress\u00e9e via les moyens de contact mentionn\u00e9s ci-dessus ou \u00e0 l\u2019aide du formulaire disponible sur ce site.<\/p>\n\n<h5 class=\"wp-block-heading\">2. CONDITIONS D\u2019UTILISATION<\/h5>\n\n<p>L\u2019utilisateur s\u2019engage \u00e0 utiliser les informations et fonctionnalit\u00e9s offertes par ce site web conform\u00e9ment \u00e0 la loi, aux bonnes m\u0153urs et aux usages accept\u00e9s, sans jamais porter atteinte \u00e0 la r\u00e9putation ou \u00e0 l\u2019image du titulaire, des autres utilisateurs ou de tiers.<\/p>\n\n<p>La Paroisse Saint Pie X met \u00e0 disposition le contenu et les services du site, sous r\u00e9serve des termes publi\u00e9s et de sa Politique de Confidentialit\u00e9. L\u2019acc\u00e8s ou l\u2019utilisation de ce site web conf\u00e8re le statut d\u2019\u00ab Utilisateur \u00bb et implique l\u2019acceptation sans r\u00e9serve des termes et de la Politique de Confidentialit\u00e9, que la Paroisse Saint Pie X peut modifier \u00e0 tout moment. Par cons\u00e9quent, il est de la responsabilit\u00e9 de l\u2019utilisateur de lire attentivement ces termes en vigueur, et en cas de d\u00e9saccord, de s\u2019abstenir d\u2019utiliser ce site.<\/p>\n\n<p>La Paroisse Saint Pie X est propri\u00e9taire et\/ou licenci\u00e9e de tout le contenu de cette page, y compris les images, les designs graphiques, les textes, les marques, les logos et tout type de donn\u00e9es, structure, design et code source. L\u2019acc\u00e8s au site n\u2019accorde aucun droit sur ces \u00e9l\u00e9ments, et leur consultation, utilisation ou t\u00e9l\u00e9chargement n\u2019entra\u00eene aucune cession de droits de propri\u00e9t\u00e9 intellectuelle ou industrielle.<\/p>\n\n<p>L\u2019utilisateur est tenu d\u2019utiliser le site conform\u00e9ment \u00e0 la loi et aux pr\u00e9sentes mentions l\u00e9gales, et sera responsable de tout dommage caus\u00e9 au titulaire ou \u00e0 des tiers en cas de non-respect. L\u2019utilisateur assume \u00e9galement que l\u2019acc\u00e8s et l\u2019utilisation des informations de ce site sont sous sa propre responsabilit\u00e9, et la Paroisse Saint Pie X ne sera pas tenue responsable des dommages ou erreurs \u00e9ventuels affectant les syst\u00e8mes informatiques de l\u2019utilisateur, ni des dommages pour des tiers r\u00e9sultant d\u2019un usage incorrect des informations du site.<\/p>\n\n<p>Enfin, des Conditions Particuli\u00e8res pourront \u00eatre appliqu\u00e9es pour certains contenus ou services sp\u00e9cifiques, impliquant leur acceptation par l\u2019utilisateur.<\/p>\n\n<h5 class=\"wp-block-heading\">POLITIQUE DE CONFIDENTIALIT\u00c9 ET COOKIES<\/h5>\n\n<p>Conform\u00e9ment au R\u00e8glement (UE) 2016\/679 du Parlement europ\u00e9en et du Conseil du 27 avril 2016 relatif \u00e0 la protection des personnes physiques \u00e0 l\u2019\u00e9gard du traitement des donn\u00e9es personnelles (R\u00e8glement g\u00e9n\u00e9ral sur la protection des donn\u00e9es, RGPD), nous vous informons que les donn\u00e9es personnelles, y compris les photographies, recueillies sur ce site web pourront \u00eatre trait\u00e9es par la Paroisse Saint Pie X pour r\u00e9pondre, g\u00e9rer et traiter correctement les consultations, commentaires, incidents ou suggestions envoy\u00e9s, ainsi que pour les finalit\u00e9s suivantes :  &#013;\n&#8211; publier des informations sur des \u00e9v\u00e9nements et c\u00e9l\u00e9brations,  &#013;\n&#8211; r\u00e9pondre aux demandes d\u2019informations,  &#013;\n&#8211; g\u00e9rer les abonnements au bulletin d\u2019informations ou \u00e0 d\u2019autres services,  &#013;\n&#8211; garantir une communication correcte,  &#013;\n&#8211; et vous tenir inform\u00e9, par des moyens \u00e9lectroniques ou mobiles, des activit\u00e9s et finalit\u00e9s propres \u00e0 la Paroisse Saint Pie X.<\/p>\n\n<p>Les titulaires des donn\u00e9es fournies sur ce site sont inform\u00e9s et consentent de mani\u00e8re expresse et sans \u00e9quivoque \u00e0 ce que la Paroisse Saint Pie X, en tant que responsable du traitement, puisse traiter, c\u00e9der et, le cas \u00e9ch\u00e9ant, transf\u00e9rer \u00e0 l\u2019international leurs donn\u00e9es personnelles, y compris les photographies des utilisateurs, dans le cadre de ses finalit\u00e9s l\u00e9gitimes, ainsi qu\u2019aux personnes et entit\u00e9s directement li\u00e9es ou n\u00e9cessaires \u00e0 la r\u00e9alisation des objectifs spirituels de cette entit\u00e9.  &#013;\n&#013;\nLa Paroisse Saint Pie X, dans le cadre de l\u2019int\u00e9r\u00eat l\u00e9gitime qui lui incombe, pourra effectuer des traitements de donn\u00e9es strictement n\u00e9cessaires \u00e0 l\u2019administration interne et \u00e0 l\u2019analyse statistique des visites de ce site web.<\/p>\n\n<p>Conform\u00e9ment \u00e0 notre engagement \u00e0 prot\u00e9ger la vie priv\u00e9e, la Paroisse Saint Pie X respecte la confidentialit\u00e9 appropri\u00e9e conform\u00e9ment aux dispositions l\u00e9gales en vigueur. Elle dispose des moyens techniques, organisationnels et humains n\u00e9cessaires pour garantir que seuls le personnel autoris\u00e9 ait acc\u00e8s \u00e0 vos donn\u00e9es, et ce, dans le plein respect de votre vie priv\u00e9e.<\/p>\n\n<p>Nous vous informons que vous pouvez \u00e0 tout moment exercer vos droits relatifs \u00e0 la protection de vos donn\u00e9es personnelles en envoyant une demande \u00e9crite, accompagn\u00e9e d\u2019une copie d\u2019un document officiel d\u2019identification, \u00e0 l\u2019adresse suivante :  &#013;\nParoisse Saint Pie X, Carrer de Sant Jaume Ap\u00f2stol, 7, 46680 Algemes\u00ed, Valence (Espagne).<\/p>\n\n<h5 class=\"wp-block-heading\"><strong>POLITIQUE DE COOKIES<\/strong><\/h5>\n\n<p>Sur ce site web (martiresparroquiasanpiox.org), aucune cookie propre n&rsquo;est trait\u00e9e. Seules des cookies de Google Analytics sont utilis\u00e9es.<\/p>\n\n<p>Des cookies d\u2019analyse tierces (Google Analytics) sont utilis\u00e9es. Elles permettent d\u2019analyser l\u2019exp\u00e9rience de navigation des utilisateurs et d\u2019am\u00e9liorer le site en l\u2019adaptant aux besoins des visiteurs.<\/p>\n\n<p>ga,_gat, _gat_gtag, _gid, _dc_gtm_UA. Duraci\u00f3n:_ga: 2 a\u00f1os;_gat, _dc_gtm_UA: duraci\u00f3n de la sesi\u00f3n;_gid: 1 d\u00eda.<\/p>\n\n<p>Vous pouvez consulter ici la politique de cookies de Google : [https:\/\/policies.google.com\/privacy?hl=fr](https:\/\/policies.google.com\/privacy?hl=fr)<\/p>\n\n<p>Derni\u00e8re modification : septembre 2024.<\/p>\n","protected":false},"excerpt":{"rendered":"<p>1. IDENTIT\u00c9 DU RESPONSABLE Conform\u00e9ment \u00e0 la Loi 34\/2002 du 11 juillet, relative aux services de la soci\u00e9t\u00e9 de l\u2019information et au commerce \u00e9lectronique, les &hellip;<\/p>\n","protected":false},"author":1,"featured_media":858,"parent":3097,"menu_order":0,"comment_status":"closed","ping_status":"closed","template":"","meta":{"footnotes":""},"class_list":["post-3143","page","type-page","status-publish","has-post-thumbnail","hentry"],"_links":{"self":[{"href":"https:\/\/martiresparroquiasanpiox.org\/fr\/wp-json\/wp\/v2\/pages\/3143","targetHints":{"allow":["GET"]}}],"collection":[{"href":"https:\/\/martiresparroquiasanpiox.org\/fr\/wp-json\/wp\/v2\/pages"}],"about":[{"href":"https:\/\/martiresparroquiasanpiox.org\/fr\/wp-json\/wp\/v2\/types\/page"}],"author":[{"embeddable":true,"href":"https:\/\/martiresparroquiasanpiox.org\/fr\/wp-json\/wp\/v2\/users\/1"}],"replies":[{"embeddable":true,"href":"https:\/\/martiresparroquiasanpiox.org\/fr\/wp-json\/wp\/v2\/comments?post=3143"}],"version-history":[{"count":1,"href":"https:\/\/martiresparroquiasanpiox.org\/fr\/wp-json\/wp\/v2\/pages\/3143\/revisions"}],"predecessor-version":[{"id":3144,"href":"https:\/\/martiresparroquiasanpiox.org\/fr\/wp-json\/wp\/v2\/pages\/3143\/revisions\/3144"}],"up":[{"embeddable":true,"href":"https:\/\/martiresparroquiasanpiox.org\/fr\/wp-json\/wp\/v2\/pages\/3097"}],"wp:featuredmedia":[{"embeddable":true,"href":"https:\/\/martiresparroquiasanpiox.org\/fr\/wp-json\/wp\/v2\/media\/858"}],"wp:attachment":[{"href":"https:\/\/martiresparroquiasanpiox.org\/fr\/wp-json\/wp\/v2\/media?parent=3143"}],"curies":[{"name":"wp","href":"https:\/\/api.w.org\/{rel}","templated":true}]}}