{"id":3149,"date":"2024-11-15T10:21:58","date_gmt":"2024-11-15T10:21:58","guid":{"rendered":"https:\/\/martiresparroquiasanpiox.org\/martyres\/bienheureuse-soeur-felicidad-masia\/"},"modified":"2024-11-15T10:21:58","modified_gmt":"2024-11-15T10:21:58","slug":"bienheureuse-soeur-felicidad-masia","status":"publish","type":"page","link":"https:\/\/martiresparroquiasanpiox.org\/fr\/martyres\/bienheureuse-soeur-felicidad-masia\/","title":{"rendered":"Bienheureuse S\u0153ur Felicidad Masi\u00e1"},"content":{"rendered":"<div class=\"wp-block-image\">\n<figure class=\"aligncenter size-full\"><img loading=\"lazy\" decoding=\"async\" width=\"526\" height=\"608\" src=\"https:\/\/martiresparroquiasanpiox.org\/wp-content\/uploads\/2024\/09\/maria-teresa-y-sus-hijas-martires-beata-feilcidad-masia.png\" alt=\"\" class=\"wp-image-580\" srcset=\"https:\/\/martiresparroquiasanpiox.org\/wp-content\/uploads\/2024\/09\/maria-teresa-y-sus-hijas-martires-beata-feilcidad-masia.png 526w, https:\/\/martiresparroquiasanpiox.org\/wp-content\/uploads\/2024\/09\/maria-teresa-y-sus-hijas-martires-beata-feilcidad-masia-260x300.png 260w\" sizes=\"auto, (max-width: 526px) 100vw, 526px\" \/><\/figure>\n<\/div>\n<div style=\"height:40px\" aria-hidden=\"true\" class=\"wp-block-spacer\"><\/div>\n\n<p>Mar\u00eda Felicidad Masi\u00e1 Ferragud est n\u00e9e le 28 ao\u00fbt 1890 et est entr\u00e9e au monast\u00e8re des capucines d&rsquo;Agullent (Valence) en 1909. Elle conserva son pr\u00e9nom et pronon\u00e7a ses v\u0153ux sous le nom de s\u0153ur <strong>FELICIDAD<\/strong>. Elle dut quitter temporairement le monast\u00e8re en raison de probl\u00e8mes de sant\u00e9. Elle mourut martyre \u00e0 l&rsquo;\u00e2ge de 46 ans.<\/p>\n\n<div style=\"height:40px\" aria-hidden=\"true\" class=\"wp-block-spacer\"><\/div>\n\n<h5 class=\"wp-block-heading has-text-align-center\">Lettres<\/h5>\n\n<div style=\"height:40px\" aria-hidden=\"true\" class=\"wp-block-spacer\"><\/div>\n<div class=\"wp-block-image\">\n<figure class=\"aligncenter size-large\"><a href=\"https:\/\/martiresparroquiasanpiox.org\/cartas\/cartas-felicidad-masia\/\"><img loading=\"lazy\" decoding=\"async\" width=\"1024\" height=\"576\" src=\"https:\/\/martiresparroquiasanpiox.org\/wp-content\/uploads\/2024\/09\/maria-teresa-y-sus-hijas-martires-cartas-cabecera-1024x576.png\" alt=\"Maria Teresa et ses filles martyres - Paroisse Saint Pie X d'Algemes&#xED;, Valence - en-t&#xEA;te des lettres\" class=\"wp-image-241\" srcset=\"https:\/\/martiresparroquiasanpiox.org\/wp-content\/uploads\/2024\/09\/maria-teresa-y-sus-hijas-martires-cartas-cabecera-1024x576.png 1024w, https:\/\/martiresparroquiasanpiox.org\/wp-content\/uploads\/2024\/09\/maria-teresa-y-sus-hijas-martires-cartas-cabecera-300x169.png 300w, https:\/\/martiresparroquiasanpiox.org\/wp-content\/uploads\/2024\/09\/maria-teresa-y-sus-hijas-martires-cartas-cabecera-768x432.png 768w, https:\/\/martiresparroquiasanpiox.org\/wp-content\/uploads\/2024\/09\/maria-teresa-y-sus-hijas-martires-cartas-cabecera-1536x864.png 1536w, https:\/\/martiresparroquiasanpiox.org\/wp-content\/uploads\/2024\/09\/maria-teresa-y-sus-hijas-martires-cartas-cabecera-533x300.png 533w, https:\/\/martiresparroquiasanpiox.org\/wp-content\/uploads\/2024\/09\/maria-teresa-y-sus-hijas-martires-cartas-cabecera.png 1920w\" sizes=\"auto, (max-width: 1024px) 100vw, 1024px\" \/><\/a><\/figure>\n<\/div>\n<div style=\"height:40px\" aria-hidden=\"true\" class=\"wp-block-spacer\"><\/div>\n\n<div class=\"wp-block-buttons is-content-justification-center is-layout-flex wp-container-core-buttons-is-layout-16018d1d wp-block-buttons-is-layout-flex\">\n<div class=\"wp-block-button is-style-outline is-style-outline--1\"><a class=\"wp-block-button__link has-text-align-center wp-element-button\" href=\"https:\/\/martiresparroquiasanpiox.org\/cartas\/cartas-felicidad-masia\/\">Lire la suite&#8230;<\/a><\/div>\n<\/div>\n\n<div style=\"height:40px\" aria-hidden=\"true\" class=\"wp-block-spacer\"><\/div>\n\n<h6 class=\"wp-block-heading has-text-align-center\">Secr\u00e9tariat de la Chambre et du Gouvernement de l&rsquo;Archev\u00each\u00e9 de Valence<\/h6>\n\n<div style=\"height:40px\" aria-hidden=\"true\" class=\"wp-block-spacer\"><\/div>\n<div class=\"wp-block-image\">\n<figure class=\"aligncenter size-large\"><img loading=\"lazy\" decoding=\"async\" width=\"791\" height=\"1024\" src=\"https:\/\/martiresparroquiasanpiox.org\/wp-content\/uploads\/2024\/09\/maria-teresa-y-sus-hijas-martires-sor-felicidad-masia-ferregud-martir-documento-secretaria-camara-gobierno-arzobispado-valencia-791x1024.png\" alt=\"\" class=\"wp-image-202\" srcset=\"https:\/\/martiresparroquiasanpiox.org\/wp-content\/uploads\/2024\/09\/maria-teresa-y-sus-hijas-martires-sor-felicidad-masia-ferregud-martir-documento-secretaria-camara-gobierno-arzobispado-valencia-791x1024.png 791w, https:\/\/martiresparroquiasanpiox.org\/wp-content\/uploads\/2024\/09\/maria-teresa-y-sus-hijas-martires-sor-felicidad-masia-ferregud-martir-documento-secretaria-camara-gobierno-arzobispado-valencia-232x300.png 232w, https:\/\/martiresparroquiasanpiox.org\/wp-content\/uploads\/2024\/09\/maria-teresa-y-sus-hijas-martires-sor-felicidad-masia-ferregud-martir-documento-secretaria-camara-gobierno-arzobispado-valencia-768x995.png 768w, https:\/\/martiresparroquiasanpiox.org\/wp-content\/uploads\/2024\/09\/maria-teresa-y-sus-hijas-martires-sor-felicidad-masia-ferregud-martir-documento-secretaria-camara-gobierno-arzobispado-valencia.png 834w\" sizes=\"auto, (max-width: 791px) 100vw, 791px\" \/><\/figure>\n<\/div>\n<div style=\"height:50px\" aria-hidden=\"true\" class=\"wp-block-spacer\"><\/div>\n\n<p>Afin de poursuivre l&rsquo;instruction d&rsquo;un dossier concernant la demande de r\u00e9admission de S\u0153ur Felicidad Masi\u00e1 Ferragud, religieuse de v\u0153ux solennels de ce monast\u00e8re, qui a d\u00fb sortir temporairement pour cause de maladie et qui se trouve actuellement dans cette localit\u00e9, il est n\u00e9cessaire que la personne int\u00e9ress\u00e9e fournisse une attestation, si possible sous serment, du m\u00e9decin qui l&rsquo;a suivie depuis sa sortie du monast\u00e8re.<\/p>\n\n<p>Merci donc de bien vouloir en informer l&rsquo;int\u00e9ress\u00e9e et de recevoir le serment du m\u00e9decin, \u00e0 condition que celui-ci r\u00e9side dans cette localit\u00e9 et ait soign\u00e9 cette religieuse pendant sa maladie. L&rsquo;attestation devra commencer par les mots : \u00ab\u00a0Je certifie et je jure, etc.\u00a0\u00bb<\/p>\n\n<p>Que Dieu garde V. de nombreuses ann\u00e9es.<\/p>\n\n<p>Valencia 4 Juin 1925<\/p>\n","protected":false},"excerpt":{"rendered":"<p>Mar\u00eda Felicidad Masi\u00e1 Ferragud est n\u00e9e le 28 ao\u00fbt 1890 et est entr\u00e9e au monast\u00e8re des capucines d&rsquo;Agullent (Valence) en 1909. Elle conserva son pr\u00e9nom &hellip;<\/p>\n","protected":false},"author":1,"featured_media":575,"parent":3060,"menu_order":0,"comment_status":"closed","ping_status":"closed","template":"","meta":{"footnotes":""},"class_list":["post-3149","page","type-page","status-publish","has-post-thumbnail","hentry"],"_links":{"self":[{"href":"https:\/\/martiresparroquiasanpiox.org\/fr\/wp-json\/wp\/v2\/pages\/3149","targetHints":{"allow":["GET"]}}],"collection":[{"href":"https:\/\/martiresparroquiasanpiox.org\/fr\/wp-json\/wp\/v2\/pages"}],"about":[{"href":"https:\/\/martiresparroquiasanpiox.org\/fr\/wp-json\/wp\/v2\/types\/page"}],"author":[{"embeddable":true,"href":"https:\/\/martiresparroquiasanpiox.org\/fr\/wp-json\/wp\/v2\/users\/1"}],"replies":[{"embeddable":true,"href":"https:\/\/martiresparroquiasanpiox.org\/fr\/wp-json\/wp\/v2\/comments?post=3149"}],"version-history":[{"count":1,"href":"https:\/\/martiresparroquiasanpiox.org\/fr\/wp-json\/wp\/v2\/pages\/3149\/revisions"}],"predecessor-version":[{"id":3150,"href":"https:\/\/martiresparroquiasanpiox.org\/fr\/wp-json\/wp\/v2\/pages\/3149\/revisions\/3150"}],"up":[{"embeddable":true,"href":"https:\/\/martiresparroquiasanpiox.org\/fr\/wp-json\/wp\/v2\/pages\/3060"}],"wp:featuredmedia":[{"embeddable":true,"href":"https:\/\/martiresparroquiasanpiox.org\/fr\/wp-json\/wp\/v2\/media\/575"}],"wp:attachment":[{"href":"https:\/\/martiresparroquiasanpiox.org\/fr\/wp-json\/wp\/v2\/media?parent=3149"}],"curies":[{"name":"wp","href":"https:\/\/api.w.org\/{rel}","templated":true}]}}