{"id":3155,"date":"2024-11-15T10:26:24","date_gmt":"2024-11-15T10:26:24","guid":{"rendered":"https:\/\/martiresparroquiasanpiox.org\/martyres\/bienheureuse-soeur-maria-jesus-masia\/"},"modified":"2024-11-15T10:26:25","modified_gmt":"2024-11-15T10:26:25","slug":"bienheureuse-soeur-maria-jesus-masia","status":"publish","type":"page","link":"https:\/\/martiresparroquiasanpiox.org\/fr\/martyres\/bienheureuse-soeur-maria-jesus-masia\/","title":{"rendered":"Bienheureuse S\u0153ur Mar\u00eda Jes\u00fas Masi\u00e1"},"content":{"rendered":"<div class=\"wp-block-image\">\n<figure class=\"aligncenter size-full\"><img loading=\"lazy\" decoding=\"async\" width=\"462\" height=\"611\" src=\"https:\/\/martiresparroquiasanpiox.org\/wp-content\/uploads\/2024\/09\/maria-teresa-y-sus-hijas-martires-beata-maria-jesus-masia.png\" alt=\"Mar&#xED;a Teresa et ses filles martyres - Bienheureuse Mar&#xED;a Jes&#xFA;s Masi&#xE1; - Paroisse Saint Pie X d'Algemes&#xED;, Valence, Espagne\" class=\"wp-image-622\" srcset=\"https:\/\/martiresparroquiasanpiox.org\/wp-content\/uploads\/2024\/09\/maria-teresa-y-sus-hijas-martires-beata-maria-jesus-masia.png 462w, https:\/\/martiresparroquiasanpiox.org\/wp-content\/uploads\/2024\/09\/maria-teresa-y-sus-hijas-martires-beata-maria-jesus-masia-227x300.png 227w\" sizes=\"auto, (max-width: 462px) 100vw, 462px\" \/><\/figure>\n<\/div>\n<div style=\"height:40px\" aria-hidden=\"true\" class=\"wp-block-spacer\"><\/div>\n\n<p>Mar\u00eda Vicenta Masi\u00e1 Ferragud est n\u00e9e le 12 janvier 1882 ; elle entra au monast\u00e8re des capucines d&rsquo;Agullent (Valence) en 1900 et pronon\u00e7a ses v\u0153ux sous le nom de s\u0153ur <strong>MAR\u00cdA JES\u00daS<\/strong>. Elle mourut martyre \u00e0 l&rsquo;\u00e2ge de 54 ans<\/p>\n\n<div style=\"height:40px\" aria-hidden=\"true\" class=\"wp-block-spacer\"><\/div>\n\n<h5 class=\"wp-block-heading has-text-align-center\">Lettres<\/h5>\n\n<div style=\"height:40px\" aria-hidden=\"true\" class=\"wp-block-spacer\"><\/div>\n<div class=\"wp-block-image\">\n<figure class=\"aligncenter size-large\"><a href=\"https:\/\/martiresparroquiasanpiox.org\/cartas\/cartas-maria-jesus-masia\/\"><img loading=\"lazy\" decoding=\"async\" width=\"1024\" height=\"576\" src=\"https:\/\/martiresparroquiasanpiox.org\/wp-content\/uploads\/2024\/09\/maria-teresa-y-sus-hijas-martires-cartas-cabecera-1024x576.png\" alt=\"Maria Teresa et ses filles martyres - Paroisse Saint Pie X d'Algemes&#xED;, Valence - en-t&#xEA;te des lettres\" class=\"wp-image-241\" srcset=\"https:\/\/martiresparroquiasanpiox.org\/wp-content\/uploads\/2024\/09\/maria-teresa-y-sus-hijas-martires-cartas-cabecera-1024x576.png 1024w, https:\/\/martiresparroquiasanpiox.org\/wp-content\/uploads\/2024\/09\/maria-teresa-y-sus-hijas-martires-cartas-cabecera-300x169.png 300w, https:\/\/martiresparroquiasanpiox.org\/wp-content\/uploads\/2024\/09\/maria-teresa-y-sus-hijas-martires-cartas-cabecera-768x432.png 768w, https:\/\/martiresparroquiasanpiox.org\/wp-content\/uploads\/2024\/09\/maria-teresa-y-sus-hijas-martires-cartas-cabecera-1536x864.png 1536w, https:\/\/martiresparroquiasanpiox.org\/wp-content\/uploads\/2024\/09\/maria-teresa-y-sus-hijas-martires-cartas-cabecera-533x300.png 533w, https:\/\/martiresparroquiasanpiox.org\/wp-content\/uploads\/2024\/09\/maria-teresa-y-sus-hijas-martires-cartas-cabecera.png 1920w\" sizes=\"auto, (max-width: 1024px) 100vw, 1024px\" \/><\/a><\/figure>\n<\/div>\n<div style=\"height:40px\" aria-hidden=\"true\" class=\"wp-block-spacer\"><\/div>\n\n<div class=\"wp-block-buttons is-content-justification-center is-layout-flex wp-container-core-buttons-is-layout-16018d1d wp-block-buttons-is-layout-flex\">\n<div class=\"wp-block-button is-style-outline is-style-outline--1\"><a class=\"wp-block-button__link has-text-align-center wp-element-button\" href=\"https:\/\/martiresparroquiasanpiox.org\/cartas\/cartas-maria-jesus-masia\/\">Lire la suite&#8230;<\/a><\/div>\n<\/div>\n\n<div style=\"height:40px\" aria-hidden=\"true\" class=\"wp-block-spacer\"><\/div>\n","protected":false},"excerpt":{"rendered":"<p>Mar\u00eda Vicenta Masi\u00e1 Ferragud est n\u00e9e le 12 janvier 1882 ; elle entra au monast\u00e8re des capucines d&rsquo;Agullent (Valence) en 1900 et pronon\u00e7a ses v\u0153ux &hellip;<\/p>\n","protected":false},"author":1,"featured_media":575,"parent":3060,"menu_order":0,"comment_status":"closed","ping_status":"closed","template":"","meta":{"footnotes":""},"class_list":["post-3155","page","type-page","status-publish","has-post-thumbnail","hentry"],"_links":{"self":[{"href":"https:\/\/martiresparroquiasanpiox.org\/fr\/wp-json\/wp\/v2\/pages\/3155","targetHints":{"allow":["GET"]}}],"collection":[{"href":"https:\/\/martiresparroquiasanpiox.org\/fr\/wp-json\/wp\/v2\/pages"}],"about":[{"href":"https:\/\/martiresparroquiasanpiox.org\/fr\/wp-json\/wp\/v2\/types\/page"}],"author":[{"embeddable":true,"href":"https:\/\/martiresparroquiasanpiox.org\/fr\/wp-json\/wp\/v2\/users\/1"}],"replies":[{"embeddable":true,"href":"https:\/\/martiresparroquiasanpiox.org\/fr\/wp-json\/wp\/v2\/comments?post=3155"}],"version-history":[{"count":1,"href":"https:\/\/martiresparroquiasanpiox.org\/fr\/wp-json\/wp\/v2\/pages\/3155\/revisions"}],"predecessor-version":[{"id":3156,"href":"https:\/\/martiresparroquiasanpiox.org\/fr\/wp-json\/wp\/v2\/pages\/3155\/revisions\/3156"}],"up":[{"embeddable":true,"href":"https:\/\/martiresparroquiasanpiox.org\/fr\/wp-json\/wp\/v2\/pages\/3060"}],"wp:featuredmedia":[{"embeddable":true,"href":"https:\/\/martiresparroquiasanpiox.org\/fr\/wp-json\/wp\/v2\/media\/575"}],"wp:attachment":[{"href":"https:\/\/martiresparroquiasanpiox.org\/fr\/wp-json\/wp\/v2\/media?parent=3155"}],"curies":[{"name":"wp","href":"https:\/\/api.w.org\/{rel}","templated":true}]}}