{"id":3157,"date":"2024-11-15T10:28:07","date_gmt":"2024-11-15T10:28:07","guid":{"rendered":"https:\/\/martiresparroquiasanpiox.org\/martyres\/bienheureuse-soeur-josefa-de-la-purificacion-masia\/"},"modified":"2024-11-15T10:28:07","modified_gmt":"2024-11-15T10:28:07","slug":"bienheureuse-soeur-josefa-de-la-purificacion-masia","status":"publish","type":"page","link":"https:\/\/martiresparroquiasanpiox.org\/fr\/martyres\/bienheureuse-soeur-josefa-de-la-purificacion-masia\/","title":{"rendered":"Bienheureuse S\u0153ur Josefa de la Purificaci\u00f3n Masi\u00e1"},"content":{"rendered":"<div class=\"wp-block-image\">\n<figure class=\"aligncenter size-full\"><img loading=\"lazy\" decoding=\"async\" width=\"483\" height=\"785\" src=\"https:\/\/martiresparroquiasanpiox.org\/wp-content\/uploads\/2024\/09\/maria-teresa-y-sus-hijas-martires-beata-josefa-purificacion-masia.png\" alt=\"Marie-Th&#xE9;r&#xE8;se et ses filles martyres - Bienheureuse Josefa de la Purificaci&#xF3;n Masi&#xE0;&#013;&#010;Paroisse Saint Pie X, Algemes&#xED;, Valence, Espagne\" class=\"wp-image-617\" srcset=\"https:\/\/martiresparroquiasanpiox.org\/wp-content\/uploads\/2024\/09\/maria-teresa-y-sus-hijas-martires-beata-josefa-purificacion-masia.png 483w, https:\/\/martiresparroquiasanpiox.org\/wp-content\/uploads\/2024\/09\/maria-teresa-y-sus-hijas-martires-beata-josefa-purificacion-masia-185x300.png 185w\" sizes=\"auto, (max-width: 483px) 100vw, 483px\" \/><\/figure>\n<\/div>\n<div style=\"height:40px\" aria-hidden=\"true\" class=\"wp-block-spacer\"><\/div>\n\n<p>Josefa Ramona Celestina est n\u00e9e le 10 juin 1887 ; \u00e0 l&rsquo;\u00e2ge de 18 ans, elle entra au couvent des Augustines d\u00e9chauss\u00e9es de Benig\u00e1nim (Valence). Elle pronon\u00e7a ses v\u0153ux sous le nom de s\u0153ur <strong>Purificaci\u00f3n<\/strong> (nous la d\u00e9signerons par la suite sous le nom de \u00ab\u00a0JOSEFA\u00a0\u00bb afin de ne pas la confondre avec sa s\u0153ur mari\u00e9e, Purificaci\u00f3n). Elle devint prieure et ma\u00eetresse des novices. Elle mourut martyre \u00e0 l&rsquo;\u00e2ge de 49 ans.<\/p>\n\n<div style=\"height:40px\" aria-hidden=\"true\" class=\"wp-block-spacer\"><\/div>\n\n<h5 class=\"wp-block-heading has-text-align-center\">Lettres<\/h5>\n\n<div style=\"height:40px\" aria-hidden=\"true\" class=\"wp-block-spacer\"><\/div>\n<div class=\"wp-block-image\">\n<figure class=\"aligncenter size-large\"><a href=\"https:\/\/martiresparroquiasanpiox.org\/cartas\/cartas-josefa-masia\/\"><img loading=\"lazy\" decoding=\"async\" width=\"1024\" height=\"576\" src=\"https:\/\/martiresparroquiasanpiox.org\/wp-content\/uploads\/2024\/09\/maria-teresa-y-sus-hijas-martires-cartas-cabecera-1024x576.png\" alt=\"Maria Teresa et ses filles martyres - Paroisse Saint Pie X d'Algemes&#xED;, Valence - en-t&#xEA;te des lettres\" class=\"wp-image-241\" srcset=\"https:\/\/martiresparroquiasanpiox.org\/wp-content\/uploads\/2024\/09\/maria-teresa-y-sus-hijas-martires-cartas-cabecera-1024x576.png 1024w, https:\/\/martiresparroquiasanpiox.org\/wp-content\/uploads\/2024\/09\/maria-teresa-y-sus-hijas-martires-cartas-cabecera-300x169.png 300w, https:\/\/martiresparroquiasanpiox.org\/wp-content\/uploads\/2024\/09\/maria-teresa-y-sus-hijas-martires-cartas-cabecera-768x432.png 768w, https:\/\/martiresparroquiasanpiox.org\/wp-content\/uploads\/2024\/09\/maria-teresa-y-sus-hijas-martires-cartas-cabecera-1536x864.png 1536w, https:\/\/martiresparroquiasanpiox.org\/wp-content\/uploads\/2024\/09\/maria-teresa-y-sus-hijas-martires-cartas-cabecera-533x300.png 533w, https:\/\/martiresparroquiasanpiox.org\/wp-content\/uploads\/2024\/09\/maria-teresa-y-sus-hijas-martires-cartas-cabecera.png 1920w\" sizes=\"auto, (max-width: 1024px) 100vw, 1024px\" \/><\/a><\/figure>\n<\/div>\n<div style=\"height:40px\" aria-hidden=\"true\" class=\"wp-block-spacer\"><\/div>\n\n<div class=\"wp-block-buttons is-content-justification-center is-layout-flex wp-container-core-buttons-is-layout-16018d1d wp-block-buttons-is-layout-flex\">\n<div class=\"wp-block-button is-style-outline is-style-outline--1\"><a class=\"wp-block-button__link has-text-align-center wp-element-button\" href=\"https:\/\/martiresparroquiasanpiox.org\/cartas\/cartas-josefa-masia\/\">Lire la suite&#8230;<\/a><\/div>\n<\/div>\n\n<div style=\"height:40px\" aria-hidden=\"true\" class=\"wp-block-spacer\"><\/div>\n","protected":false},"excerpt":{"rendered":"<p>Josefa Ramona Celestina est n\u00e9e le 10 juin 1887 ; \u00e0 l&rsquo;\u00e2ge de 18 ans, elle entra au couvent des Augustines d\u00e9chauss\u00e9es de Benig\u00e1nim (Valence). &hellip;<\/p>\n","protected":false},"author":1,"featured_media":575,"parent":3060,"menu_order":0,"comment_status":"closed","ping_status":"closed","template":"","meta":{"footnotes":""},"class_list":["post-3157","page","type-page","status-publish","has-post-thumbnail","hentry"],"_links":{"self":[{"href":"https:\/\/martiresparroquiasanpiox.org\/fr\/wp-json\/wp\/v2\/pages\/3157","targetHints":{"allow":["GET"]}}],"collection":[{"href":"https:\/\/martiresparroquiasanpiox.org\/fr\/wp-json\/wp\/v2\/pages"}],"about":[{"href":"https:\/\/martiresparroquiasanpiox.org\/fr\/wp-json\/wp\/v2\/types\/page"}],"author":[{"embeddable":true,"href":"https:\/\/martiresparroquiasanpiox.org\/fr\/wp-json\/wp\/v2\/users\/1"}],"replies":[{"embeddable":true,"href":"https:\/\/martiresparroquiasanpiox.org\/fr\/wp-json\/wp\/v2\/comments?post=3157"}],"version-history":[{"count":1,"href":"https:\/\/martiresparroquiasanpiox.org\/fr\/wp-json\/wp\/v2\/pages\/3157\/revisions"}],"predecessor-version":[{"id":3158,"href":"https:\/\/martiresparroquiasanpiox.org\/fr\/wp-json\/wp\/v2\/pages\/3157\/revisions\/3158"}],"up":[{"embeddable":true,"href":"https:\/\/martiresparroquiasanpiox.org\/fr\/wp-json\/wp\/v2\/pages\/3060"}],"wp:featuredmedia":[{"embeddable":true,"href":"https:\/\/martiresparroquiasanpiox.org\/fr\/wp-json\/wp\/v2\/media\/575"}],"wp:attachment":[{"href":"https:\/\/martiresparroquiasanpiox.org\/fr\/wp-json\/wp\/v2\/media?parent=3157"}],"curies":[{"name":"wp","href":"https:\/\/api.w.org\/{rel}","templated":true}]}}