{"id":3183,"date":"2024-11-21T09:28:41","date_gmt":"2024-11-21T09:28:41","guid":{"rendered":"https:\/\/martiresparroquiasanpiox.org\/martyres\/neuvaine-aux-bienheureuses\/"},"modified":"2024-11-21T09:28:41","modified_gmt":"2024-11-21T09:28:41","slug":"neuvaine-aux-bienheureuses","status":"publish","type":"page","link":"https:\/\/martiresparroquiasanpiox.org\/fr\/martyres\/neuvaine-aux-bienheureuses\/","title":{"rendered":"Neuvaine aux Bienheureuses"},"content":{"rendered":"\n<h5 class=\"wp-block-heading has-text-align-center\">Neuvaine \u00e0 Marie-Th\u00e9r\u00e8se et ses filles Bienheureuses martyres<\/h5>\n\n<div style=\"height:40px\" aria-hidden=\"true\" class=\"wp-block-spacer\"><\/div>\n\n<h6 class=\"wp-block-heading has-text-align-center\">PRI\u00c8RE<\/h6>\n\n<p class=\"has-text-align-center\">\u00d4 Dieu, gloire et couronne des martyrs,&#013;\nqui as donn\u00e9 \u00e0 la Bienheureuse Marie-Th\u00e9r\u00e8se Ferragud Roig&#013;\nde ressembler \u00e0 Ton Fils dans une mort comme la sienne,&#013;\napr\u00e8s avoir encourag\u00e9 ses filles&#013;\n\u00e0 \u00eatre fid\u00e8les \u00e0 leur \u00c9poux jusqu\u2019\u00e0 la fin, en \u00e9tant t\u00e9moin de leur martyre,&#013;\nnous te prions, par son intercession,&#013;\net celle de ses quatre filles religieuses martyres&#013;\n\u2013 Jos\u00e9fa, Maria Jes\u00fas, V\u00e9ronique et F\u00e9licit\u00e9 \u2013&#013;\nd\u2019accorder les gr\u00e2ces que nous te demandons.&#013;\nPar J\u00e9sus-Christ, Notre Seigneur.&#013;\nAmen.&#013;\n&#013;\nNotre P\u00e8re, Je vous salue Marie et Gloire au P\u00e8re.&#013;\nMarie, Reine des martyrs, priez pour nous.&#013;\n(avec les licences appropri\u00e9es)<\/p>\n\n<div style=\"height:40px\" aria-hidden=\"true\" class=\"wp-block-spacer\"><\/div>\n\n<h5 class=\"wp-block-heading has-text-align-center\">SUJETS POUR LA NEUVAINE<\/h5>\n\n<div style=\"height:40px\" aria-hidden=\"true\" class=\"wp-block-spacer\"><\/div>\n\n<p>1er jour : Le renoncement au monde<\/p>\n\n<p>Texte biblique : 1 Jn 2, 15-17<\/p>\n\n<p>Texte des bienheureuses, Po\u00e8me de Jos\u00e9fa Masi\u00e1 :<\/p>\n\n<blockquote class=\"wp-block-quote is-layout-flow wp-block-quote-is-layout-flow\">\n<p class=\"has-text-align-center\">\u00ab\u00a0Je renonce d\u00e8s maintenant&#013;\n\u00e0 tout plaisir vain,&#013;\nconsolations et plaisirs,&#013;\nembrassant la souffrance.\u00a0\u00bb<\/p>\n<\/blockquote>\n\n<div style=\"height:40px\" aria-hidden=\"true\" class=\"wp-block-spacer\"><\/div>\n\n<hr class=\"wp-block-separator aligncenter has-alpha-channel-opacity\" \/>\n\n<div style=\"height:60px\" aria-hidden=\"true\" class=\"wp-block-spacer\"><\/div>\n\n<p>2e jour : D\u00e9couvrir sa propre vocation<\/p>\n\n<p>Texte biblique : 1 Cor 7, 1-7<\/p>\n\n<p>Texte des bienheureuses : Extrait de l\u2019\u00e9crit de Jos\u00e9 Mar\u00eda Alonso Bonet :<\/p>\n\n<blockquote class=\"wp-block-quote is-layout-flow wp-block-quote-is-layout-flow\">\n<p>\u00ab\u00a0Dans les conversations \u00e0 la maison, je leur parlais souvent de l\u2019excellence de la vie religieuse, et je les encourageais \u00e0 accomplir, dans la mesure du possible, tous les actes de pi\u00e9t\u00e9 correspondant \u00e0 leur \u00e2ge. Il n\u2019\u00e9tait donc pas surprenant que tr\u00e8s vite la vocation religieuse s\u2019\u00e9veille dans leurs \u00e2mes.\u00a0\u00bb<\/p>\n<\/blockquote>\n\n<div style=\"height:40px\" aria-hidden=\"true\" class=\"wp-block-spacer\"><\/div>\n\n<hr class=\"wp-block-separator aligncenter has-alpha-channel-opacity\" \/>\n\n<div style=\"height:60px\" aria-hidden=\"true\" class=\"wp-block-spacer\"><\/div>\n\n<p>3e jour : La fid\u00e9lit\u00e9<\/p>\n\n<p>Texte biblique : 2 Th 2, 13-17<\/p>\n\n<p>Texte des bienheureuses (des po\u00e8mes de Jos\u00e9fa Masi\u00e1) :<\/p>\n\n<blockquote class=\"wp-block-quote is-layout-flow wp-block-quote-is-layout-flow\">\n<p class=\"has-text-align-center\">\u00ab\u00a0Car c\u2019est moi qui ai faut\u00e9,&#013;\net en cela je dis la v\u00e9rit\u00e9,&#013;\nque je ne t\u2019ai pas r\u00e9pondu&#013;\navec toute fid\u00e9lit\u00e9.\u00a0\u00bb<\/p>\n<\/blockquote>\n\n<div style=\"height:40px\" aria-hidden=\"true\" class=\"wp-block-spacer\"><\/div>\n\n<hr class=\"wp-block-separator aligncenter has-alpha-channel-opacity\" \/>\n\n<div style=\"height:60px\" aria-hidden=\"true\" class=\"wp-block-spacer\"><\/div>\n\n<p>4e jour : Renonciation \u00e0 soi-m\u00eame<\/p>\n\n<p>Texte biblique : Lc 14, 25-27<\/p>\n\n<p>Texte des bienheureuses (des po\u00e8mes de Jos\u00e9fa Masi\u00e1) :<\/p>\n\n<blockquote class=\"wp-block-quote is-layout-flow wp-block-quote-is-layout-flow\">\n<p class=\"has-text-align-center\">\u00ab\u00a0L&rsquo;amour na\u00eet dans la douleur,&#013;\nvit dans l&rsquo;humiliation,&#013;\ncro\u00eet dans l&rsquo;abandon&#013;\net r\u00e8gne dans la pers\u00e9cution.\u00a0\u00bb<\/p>\n<\/blockquote>\n\n<div style=\"height:40px\" aria-hidden=\"true\" class=\"wp-block-spacer\"><\/div>\n\n<hr class=\"wp-block-separator aligncenter has-alpha-channel-opacity\" \/>\n\n<div style=\"height:60px\" aria-hidden=\"true\" class=\"wp-block-spacer\"><\/div>\n<div class=\"wp-block-image\">\n<figure class=\"aligncenter size-large\"><img loading=\"lazy\" decoding=\"async\" width=\"768\" height=\"1024\" src=\"https:\/\/martiresparroquiasanpiox.org\/wp-content\/uploads\/2024\/10\/maria-teresa-y-sus-hijas-martires-novena-beatas-2024-768x1024.png\" alt=\"Marie-Th&#xE9;r&#xE8;se et ses filles martyres - Paroisse San Pio X d'Algemes&#xED;, Valence - neuvaine aux bienheureuses 2024\" class=\"wp-image-903\" srcset=\"https:\/\/martiresparroquiasanpiox.org\/wp-content\/uploads\/2024\/10\/maria-teresa-y-sus-hijas-martires-novena-beatas-2024-768x1024.png 768w, https:\/\/martiresparroquiasanpiox.org\/wp-content\/uploads\/2024\/10\/maria-teresa-y-sus-hijas-martires-novena-beatas-2024-225x300.png 225w, https:\/\/martiresparroquiasanpiox.org\/wp-content\/uploads\/2024\/10\/maria-teresa-y-sus-hijas-martires-novena-beatas-2024.png 960w\" sizes=\"auto, (max-width: 768px) 100vw, 768px\" \/><\/figure>\n<\/div>\n<div style=\"height:60px\" aria-hidden=\"true\" class=\"wp-block-spacer\"><\/div>\n\n<p>5e jour : La communion<\/p>\n\n<p>Texte biblique : Ph 2, 1-12<\/p>\n\n<p>Texte des bienheureuses : De fr\u00e8re Seraf\u00edn \u00e0 F\u00e9licit\u00e9, septembre 1936 ?<\/p>\n\n<blockquote class=\"wp-block-quote is-layout-flow wp-block-quote-is-layout-flow\">\n<p>\u00ab\u00a0Si quelqu&rsquo;un a l&rsquo;honneur de saint, c\u2019est pr\u00e9cis\u00e9ment celui qui s\u2019est vaincu dans tout cela et s&rsquo;est humili\u00e9, et tant que nous ne trouvons pas ce chemin, nous perdons tout. Malgr\u00e9 toutes les r\u00e9pugnances, nous devons vivre en soci\u00e9t\u00e9, en tant que personnes, si nous voulons avoir du m\u00e9rite devant Dieu. Que dirons-nous quand nous nous retrouverons face \u00e0 notre jugement dernier ? Verrons-nous alors aussi fortes les raisons que nous croyons si s\u00fbres aujourd&rsquo;hui ? Il est n\u00e9cessaire que tu te convainques que, si tu veux, la vie est plus facile, et c&rsquo;est seulement alors qu&rsquo;elle devient utile. Travaille pour souffrir pour ton prochain, qu\u2019il soit qui il soit ; si tu ne fais pas ainsi, tu perdras tout. Il est de ton devoir de ne montrer aucun m\u00e9contentement \u00e0 personne, m\u00eame \u00e0 tes ennemis. M\u00e9dite cela et travaille, sans te pr\u00e9occuper de ce que font les autres. Finalement, on ne te demandera pas des comptes sur les autres, mais sur toi, et seul celui qui souffre, gagne.\u00a0\u00bb<\/p>\n<\/blockquote>\n\n<div style=\"height:40px\" aria-hidden=\"true\" class=\"wp-block-spacer\"><\/div>\n\n<hr class=\"wp-block-separator aligncenter has-alpha-channel-opacity\" \/>\n\n<div style=\"height:60px\" aria-hidden=\"true\" class=\"wp-block-spacer\"><\/div>\n\n<p>6e jour : La correction fraternelle<\/p>\n\n<p>Texte biblique : Mt 18, 15-20<\/p>\n\n<p>Texte des bienheureuses : De Seraf\u00edn \u00e0 sa m\u00e8re, 19 septembre 1935<\/p>\n\n<blockquote class=\"wp-block-quote is-layout-flow wp-block-quote-is-layout-flow\">\n<p>\u00ab\u00a0Quand il faudra corriger quelque chose, il est n\u00e9cessaire de regarder ce que l&rsquo;on dit, et de r\u00e9p\u00e9ter plusieurs fois la m\u00eame chose est un p\u00e9ch\u00e9, car cela manque \u00e0 la charit\u00e9. Je vous dis cela parce qu&rsquo;il y a des personnes qui se plaignent de leur traitement, et naturellement, vous ne regardez pas ce que vous dites ni la mani\u00e8re. M\u00eame si nous avons raison, nous n\u2019avons pas le droit d\u2019emb\u00eater les autres avec la forme ; et il ne faut pas oublier que, comme en toutes choses, cela peut devenir une faute grave.\u00a0\u00bb<\/p>\n<\/blockquote>\n\n<div style=\"height:40px\" aria-hidden=\"true\" class=\"wp-block-spacer\"><\/div>\n\n<hr class=\"wp-block-separator aligncenter has-alpha-channel-opacity\" \/>\n\n<div style=\"height:60px\" aria-hidden=\"true\" class=\"wp-block-spacer\"><\/div>\n\n<p>7e jour : La chastet\u00e9<\/p>\n\n<p>Texte biblique : Mt 19, 1-12<\/p>\n\n<p>Texte des bienheureuses : Des po\u00e8mes de Jos\u00e9fa Masi\u00e1<\/p>\n\n<blockquote class=\"wp-block-quote is-layout-flow wp-block-quote-is-layout-flow\">\n<p class=\"has-text-align-center\">\u00ab\u00a0Je veux \u00eatre une enfant&#013;\ndans la candeur et l\u2019humilit\u00e9,&#013;\ndans l\u2019ob\u00e9issance et la puret\u00e9, et dans la sainte simplicit\u00e9.\u00a0\u00bb<\/p>\n<\/blockquote>\n\n<div style=\"height:40px\" aria-hidden=\"true\" class=\"wp-block-spacer\"><\/div>\n\n<hr class=\"wp-block-separator aligncenter has-alpha-channel-opacity\" \/>\n\n<div style=\"height:60px\" aria-hidden=\"true\" class=\"wp-block-spacer\"><\/div>\n\n<p>8e jour : Accepter de souffrir dans la chair<\/p>\n\n<p>Texte biblique : 1 Pe 4, 1-4<\/p>\n\n<p>Texte des bienheureuses : De fr\u00e8re Seraf\u00edn \u00e0 F\u00e9licit\u00e9, septembre 1936 ?<\/p>\n\n<blockquote class=\"wp-block-quote is-layout-flow wp-block-quote-is-layout-flow\">\n<p>\u00ab\u00a0Je me rends compte de la situation dans laquelle vous vivez l\u00e0, dans notre maison ; mais il ne faut pas se faire d\u2019illusions, car partout on aurait quelque chose \u00e0 souffrir. De plus, il est tr\u00e8s vrai que cela d\u00e9pend exclusivement de notre volont\u00e9 que la vie soit plus ou moins agr\u00e9able. Si seulement nous avions un peu plus de foi et prenions les choses telles qu\u2019elles sont\u2026 Nous ne pensons pas que nous avons tous notre \u00e9go\u00efsme, que nous croyons aveugl\u00e9ment que nous avons raison, que l\u2019on ne nous \u00e9coute pas comme nous le m\u00e9ritons\u2026 Nous croyons tout cela, et comme nous nous trompons !\u00a0\u00bb<\/p>\n<\/blockquote>\n\n<div style=\"height:40px\" aria-hidden=\"true\" class=\"wp-block-spacer\"><\/div>\n\n<hr class=\"wp-block-separator aligncenter has-alpha-channel-opacity\" \/>\n\n<div style=\"height:60px\" aria-hidden=\"true\" class=\"wp-block-spacer\"><\/div>\n\n<p>9e jour : Pr\u00e9paration \u00e0 la mort<\/p>\n\n<p>Texte biblique : Mc 14, 32-50<\/p>\n\n<p>Texte des bienheureuses : De Fr\u00e8re Seraf\u00edn \u00e0 sa m\u00e8re, 24 septembre 1936<\/p>\n\n<blockquote class=\"wp-block-quote is-layout-flow wp-block-quote-is-layout-flow\">\n<p>Ma ch\u00e8re m\u00e8re,&#013;\nJe suppose que vous recevrez la mienne du 21, et dans celle-ci, je vous dis comme toujours que nous devons avoir de la patience et ne cesser de demander \u00e0 Dieu la force n\u00e9cessaire. Quant \u00e0 ce que je vous ai dit dans ma lettre pr\u00e9c\u00e9dente, faites en conscience ce que vous jugerez bon, car nous ne savons pas ce qui est le mieux, et de plus, nous devons toujours \u00eatre pr\u00e9par\u00e9s \u00e0 tout, m\u00eame au plus grand mal, car notre vie est entre les mains de Dieu.&#013;\nSoyons tous constants dans notre volont\u00e9 de nous conformer \u00e0 Sa volont\u00e9 et ne cessons pas de Lui demander, afin que tout soit m\u00e9ritoire.<\/p>\n<\/blockquote>\n\n<div style=\"height:40px\" aria-hidden=\"true\" class=\"wp-block-spacer\"><\/div>\n<div class=\"wp-block-image\">\n<figure class=\"aligncenter size-large\"><img loading=\"lazy\" decoding=\"async\" width=\"473\" height=\"1024\" src=\"https:\/\/martiresparroquiasanpiox.org\/wp-content\/uploads\/2024\/10\/maria-teresa-y-sus-hijas-martires-novena-a-las-beatas-2024oct-473x1024.png\" alt=\"Marie-Th&#xE9;r&#xE8;se et ses filles martyres - Paroisse San Pio X d'Algemes&#xED;, Valence - neuvaine aux bienheureuses 2024\" class=\"wp-image-912\" srcset=\"https:\/\/martiresparroquiasanpiox.org\/wp-content\/uploads\/2024\/10\/maria-teresa-y-sus-hijas-martires-novena-a-las-beatas-2024oct-473x1024.png 473w, https:\/\/martiresparroquiasanpiox.org\/wp-content\/uploads\/2024\/10\/maria-teresa-y-sus-hijas-martires-novena-a-las-beatas-2024oct-139x300.png 139w, https:\/\/martiresparroquiasanpiox.org\/wp-content\/uploads\/2024\/10\/maria-teresa-y-sus-hijas-martires-novena-a-las-beatas-2024oct.png 499w\" sizes=\"auto, (max-width: 473px) 100vw, 473px\" \/><\/figure>\n<\/div>\n<div style=\"height:40px\" aria-hidden=\"true\" class=\"wp-block-spacer\"><\/div>\n","protected":false},"excerpt":{"rendered":"<p>Neuvaine \u00e0 Marie-Th\u00e9r\u00e8se et ses filles Bienheureuses martyres PRI\u00c8RE \u00d4 Dieu, gloire et couronne des martyrs,&#013; qui as donn\u00e9 \u00e0 la Bienheureuse Marie-Th\u00e9r\u00e8se Ferragud Roig&#013; &hellip;<\/p>\n","protected":false},"author":1,"featured_media":900,"parent":3060,"menu_order":0,"comment_status":"closed","ping_status":"closed","template":"","meta":{"footnotes":""},"class_list":["post-3183","page","type-page","status-publish","has-post-thumbnail","hentry"],"_links":{"self":[{"href":"https:\/\/martiresparroquiasanpiox.org\/fr\/wp-json\/wp\/v2\/pages\/3183","targetHints":{"allow":["GET"]}}],"collection":[{"href":"https:\/\/martiresparroquiasanpiox.org\/fr\/wp-json\/wp\/v2\/pages"}],"about":[{"href":"https:\/\/martiresparroquiasanpiox.org\/fr\/wp-json\/wp\/v2\/types\/page"}],"author":[{"embeddable":true,"href":"https:\/\/martiresparroquiasanpiox.org\/fr\/wp-json\/wp\/v2\/users\/1"}],"replies":[{"embeddable":true,"href":"https:\/\/martiresparroquiasanpiox.org\/fr\/wp-json\/wp\/v2\/comments?post=3183"}],"version-history":[{"count":1,"href":"https:\/\/martiresparroquiasanpiox.org\/fr\/wp-json\/wp\/v2\/pages\/3183\/revisions"}],"predecessor-version":[{"id":3184,"href":"https:\/\/martiresparroquiasanpiox.org\/fr\/wp-json\/wp\/v2\/pages\/3183\/revisions\/3184"}],"up":[{"embeddable":true,"href":"https:\/\/martiresparroquiasanpiox.org\/fr\/wp-json\/wp\/v2\/pages\/3060"}],"wp:featuredmedia":[{"embeddable":true,"href":"https:\/\/martiresparroquiasanpiox.org\/fr\/wp-json\/wp\/v2\/media\/900"}],"wp:attachment":[{"href":"https:\/\/martiresparroquiasanpiox.org\/fr\/wp-json\/wp\/v2\/media?parent=3183"}],"curies":[{"name":"wp","href":"https:\/\/api.w.org\/{rel}","templated":true}]}}