{"id":3191,"date":"2024-11-21T09:49:40","date_gmt":"2024-11-21T09:49:40","guid":{"rendered":"https:\/\/martiresparroquiasanpiox.org\/message-non-envoye\/"},"modified":"2024-11-21T09:52:34","modified_gmt":"2024-11-21T09:52:34","slug":"message-non-envoye","status":"publish","type":"page","link":"https:\/\/martiresparroquiasanpiox.org\/fr\/saint-pie-x-paroisse\/contact\/message-non-envoye\/","title":{"rendered":"Message non envoy\u00e9"},"content":{"rendered":"\n<h2 class=\"wp-block-heading has-text-align-center\">Une erreur inattendue s&rsquo;est produite, veuillez r\u00e9essayer.<\/h2>\n\n<div style=\"height:80px\" aria-hidden=\"true\" class=\"wp-block-spacer\"><\/div>\n\n<div class=\"wp-block-query is-layout-flow wp-block-query-is-layout-flow\"><ul class=\"wp-block-post-template is-layout-flow wp-block-post-template-is-layout-flow\"><li class=\"wp-block-post post-3189 post type-post status-publish format-standard has-post-thumbnail hentry category-actualites\">\n\n<div class=\"wp-block-columns alignwide is-layout-flex wp-container-core-columns-is-layout-9d6595d7 wp-block-columns-is-layout-flex\">\n<div class=\"wp-block-column is-layout-flow wp-block-column-is-layout-flow\" style=\"flex-basis:66.66%\"><figure class=\"wp-block-post-featured-image\"><a href=\"https:\/\/martiresparroquiasanpiox.org\/fr\/fete-du-9-octobre-2024\/\" target=\"_self\"  ><img loading=\"lazy\" decoding=\"async\" width=\"533\" height=\"300\" src=\"https:\/\/martiresparroquiasanpiox.org\/wp-content\/uploads\/2024\/10\/maria-teresa-y-sus-hijas-martires-altar-parroquia-san-pio-x-algemesi-533x300.png\" class=\"attachment-post-thumbnail size-post-thumbnail wp-post-image\" alt=\"F\u00eate du 9 octobre 2024\" style=\"object-fit:cover;\" srcset=\"https:\/\/martiresparroquiasanpiox.org\/wp-content\/uploads\/2024\/10\/maria-teresa-y-sus-hijas-martires-altar-parroquia-san-pio-x-algemesi-533x300.png 533w, https:\/\/martiresparroquiasanpiox.org\/wp-content\/uploads\/2024\/10\/maria-teresa-y-sus-hijas-martires-altar-parroquia-san-pio-x-algemesi-300x169.png 300w, https:\/\/martiresparroquiasanpiox.org\/wp-content\/uploads\/2024\/10\/maria-teresa-y-sus-hijas-martires-altar-parroquia-san-pio-x-algemesi-1024x576.png 1024w, https:\/\/martiresparroquiasanpiox.org\/wp-content\/uploads\/2024\/10\/maria-teresa-y-sus-hijas-martires-altar-parroquia-san-pio-x-algemesi-768x432.png 768w, https:\/\/martiresparroquiasanpiox.org\/wp-content\/uploads\/2024\/10\/maria-teresa-y-sus-hijas-martires-altar-parroquia-san-pio-x-algemesi-1536x864.png 1536w, https:\/\/martiresparroquiasanpiox.org\/wp-content\/uploads\/2024\/10\/maria-teresa-y-sus-hijas-martires-altar-parroquia-san-pio-x-algemesi.png 1920w\" sizes=\"auto, (max-width: 533px) 100vw, 533px\" \/><\/a><\/figure><\/div>\n\n\n\n<div class=\"wp-block-column is-layout-flow wp-block-column-is-layout-flow\" style=\"flex-basis:33.33%\"><h2 class=\"wp-block-post-title\"><a href=\"https:\/\/martiresparroquiasanpiox.org\/fr\/fete-du-9-octobre-2024\/\" target=\"_self\" >F\u00eate du 9 octobre 2024<\/a><\/h2>\n\n<div class=\"wp-block-post-excerpt\"><p class=\"wp-block-post-excerpt__excerpt\">\u00ab\u00a0ELLES ONT PR\u00c9F\u00c9R\u00c9 MOURIR PLUT\u00d4T QUE DE VIVRE COMME SI DIEU N&rsquo;EXISTAIT PAS\u00a0\u00bb Le mercredi 9 octobre prochain, nous c\u00e9l\u00e9brerons \u00e0 la paroisse de Saint &hellip; <\/p><\/div><\/div>\n<\/div>\n\n<\/li><li class=\"wp-block-post post-3187 post type-post status-publish format-standard has-post-thumbnail hentry category-actualites\">\n\n<div class=\"wp-block-columns alignwide is-layout-flex wp-container-core-columns-is-layout-9d6595d7 wp-block-columns-is-layout-flex\">\n<div class=\"wp-block-column is-layout-flow wp-block-column-is-layout-flow\" style=\"flex-basis:66.66%\"><figure class=\"wp-block-post-featured-image\"><a href=\"https:\/\/martiresparroquiasanpiox.org\/fr\/fete-des-martyrs-2024\/\" target=\"_self\"  ><img loading=\"lazy\" decoding=\"async\" width=\"531\" height=\"300\" src=\"https:\/\/martiresparroquiasanpiox.org\/wp-content\/uploads\/2024\/10\/maria-teresa-y-sus-hijas-martires-fiesta-de-las-martires-2024-celebracion-cabecera-531x300.png\" class=\"attachment-post-thumbnail size-post-thumbnail wp-post-image\" alt=\"F\u00eate des Martyrs 2024\" style=\"object-fit:cover;\" srcset=\"https:\/\/martiresparroquiasanpiox.org\/wp-content\/uploads\/2024\/10\/maria-teresa-y-sus-hijas-martires-fiesta-de-las-martires-2024-celebracion-cabecera-531x300.png 531w, https:\/\/martiresparroquiasanpiox.org\/wp-content\/uploads\/2024\/10\/maria-teresa-y-sus-hijas-martires-fiesta-de-las-martires-2024-celebracion-cabecera-300x169.png 300w, https:\/\/martiresparroquiasanpiox.org\/wp-content\/uploads\/2024\/10\/maria-teresa-y-sus-hijas-martires-fiesta-de-las-martires-2024-celebracion-cabecera-1024x578.png 1024w, https:\/\/martiresparroquiasanpiox.org\/wp-content\/uploads\/2024\/10\/maria-teresa-y-sus-hijas-martires-fiesta-de-las-martires-2024-celebracion-cabecera-768x434.png 768w, https:\/\/martiresparroquiasanpiox.org\/wp-content\/uploads\/2024\/10\/maria-teresa-y-sus-hijas-martires-fiesta-de-las-martires-2024-celebracion-cabecera-1536x867.png 1536w, https:\/\/martiresparroquiasanpiox.org\/wp-content\/uploads\/2024\/10\/maria-teresa-y-sus-hijas-martires-fiesta-de-las-martires-2024-celebracion-cabecera.png 1920w\" sizes=\"auto, (max-width: 531px) 100vw, 531px\" \/><\/a><\/figure><\/div>\n\n\n\n<div class=\"wp-block-column is-layout-flow wp-block-column-is-layout-flow\" style=\"flex-basis:33.33%\"><h2 class=\"wp-block-post-title\"><a href=\"https:\/\/martiresparroquiasanpiox.org\/fr\/fete-des-martyrs-2024\/\" target=\"_self\" >F\u00eate des Martyrs 2024<\/a><\/h2>\n\n<div class=\"wp-block-post-excerpt\"><p class=\"wp-block-post-excerpt__excerpt\">Le 9 octobre dernier, la f\u00eate des Bienheureuses Marie-Th\u00e9r\u00e8se et ses filles a \u00e9t\u00e9 c\u00e9l\u00e9br\u00e9e \u00e0 la paroisse de Saint Pie X d&rsquo;Algemes\u00ed. Les fid\u00e8les &hellip; <\/p><\/div><\/div>\n<\/div>\n\n<\/li><li class=\"wp-block-post post-3181 post type-post status-publish format-standard has-post-thumbnail hentry category-actualites\">\n\n<div class=\"wp-block-columns alignwide is-layout-flex wp-container-core-columns-is-layout-9d6595d7 wp-block-columns-is-layout-flex\">\n<div class=\"wp-block-column is-layout-flow wp-block-column-is-layout-flow\" style=\"flex-basis:66.66%\"><figure class=\"wp-block-post-featured-image\"><a href=\"https:\/\/martiresparroquiasanpiox.org\/fr\/visite-de-larcheveque-de-valence-espagne\/\" target=\"_self\"  ><img loading=\"lazy\" decoding=\"async\" width=\"533\" height=\"300\" src=\"https:\/\/martiresparroquiasanpiox.org\/wp-content\/uploads\/2024\/11\/maria-teresa-y-sus-hijas-martires-visita-arzobispo-enrique-benavent-parroquia-san-pio-x-algemesi-cabecera-533x300.png\" class=\"attachment-post-thumbnail size-post-thumbnail wp-post-image\" alt=\"Visite de l&rsquo;Archev\u00eaque de Valence (Espagne)\" style=\"object-fit:cover;\" srcset=\"https:\/\/martiresparroquiasanpiox.org\/wp-content\/uploads\/2024\/11\/maria-teresa-y-sus-hijas-martires-visita-arzobispo-enrique-benavent-parroquia-san-pio-x-algemesi-cabecera-533x300.png 533w, https:\/\/martiresparroquiasanpiox.org\/wp-content\/uploads\/2024\/11\/maria-teresa-y-sus-hijas-martires-visita-arzobispo-enrique-benavent-parroquia-san-pio-x-algemesi-cabecera-300x169.png 300w, https:\/\/martiresparroquiasanpiox.org\/wp-content\/uploads\/2024\/11\/maria-teresa-y-sus-hijas-martires-visita-arzobispo-enrique-benavent-parroquia-san-pio-x-algemesi-cabecera-1024x576.png 1024w, https:\/\/martiresparroquiasanpiox.org\/wp-content\/uploads\/2024\/11\/maria-teresa-y-sus-hijas-martires-visita-arzobispo-enrique-benavent-parroquia-san-pio-x-algemesi-cabecera-768x432.png 768w, https:\/\/martiresparroquiasanpiox.org\/wp-content\/uploads\/2024\/11\/maria-teresa-y-sus-hijas-martires-visita-arzobispo-enrique-benavent-parroquia-san-pio-x-algemesi-cabecera-1536x864.png 1536w, https:\/\/martiresparroquiasanpiox.org\/wp-content\/uploads\/2024\/11\/maria-teresa-y-sus-hijas-martires-visita-arzobispo-enrique-benavent-parroquia-san-pio-x-algemesi-cabecera.png 1920w\" sizes=\"auto, (max-width: 533px) 100vw, 533px\" \/><\/a><\/figure><\/div>\n\n\n\n<div class=\"wp-block-column is-layout-flow wp-block-column-is-layout-flow\" style=\"flex-basis:33.33%\"><h2 class=\"wp-block-post-title\"><a href=\"https:\/\/martiresparroquiasanpiox.org\/fr\/visite-de-larcheveque-de-valence-espagne\/\" target=\"_self\" >Visite de l&rsquo;Archev\u00eaque de Valence (Espagne)<\/a><\/h2>\n\n<div class=\"wp-block-post-excerpt\"><p class=\"wp-block-post-excerpt__excerpt\">Hier, le 6 octobre, la paroisse a re\u00e7u la visite de Mgr Enrique Benavent, Archev\u00eaque de Valence, qui a montr\u00e9 sa proximit\u00e9 et sa charit\u00e9 &hellip; <\/p><\/div><\/div>\n<\/div>\n\n<\/li><\/ul><\/div>\n\n<div style=\"height:40px\" aria-hidden=\"true\" class=\"wp-block-spacer\"><\/div>\n","protected":false},"excerpt":{"rendered":"<p>Une erreur inattendue s&rsquo;est produite, veuillez r\u00e9essayer.<\/p>\n","protected":false},"author":1,"featured_media":0,"parent":3195,"menu_order":0,"comment_status":"closed","ping_status":"closed","template":"","meta":{"footnotes":""},"class_list":["post-3191","page","type-page","status-publish","hentry"],"_links":{"self":[{"href":"https:\/\/martiresparroquiasanpiox.org\/fr\/wp-json\/wp\/v2\/pages\/3191","targetHints":{"allow":["GET"]}}],"collection":[{"href":"https:\/\/martiresparroquiasanpiox.org\/fr\/wp-json\/wp\/v2\/pages"}],"about":[{"href":"https:\/\/martiresparroquiasanpiox.org\/fr\/wp-json\/wp\/v2\/types\/page"}],"author":[{"embeddable":true,"href":"https:\/\/martiresparroquiasanpiox.org\/fr\/wp-json\/wp\/v2\/users\/1"}],"replies":[{"embeddable":true,"href":"https:\/\/martiresparroquiasanpiox.org\/fr\/wp-json\/wp\/v2\/comments?post=3191"}],"version-history":[{"count":1,"href":"https:\/\/martiresparroquiasanpiox.org\/fr\/wp-json\/wp\/v2\/pages\/3191\/revisions"}],"predecessor-version":[{"id":3192,"href":"https:\/\/martiresparroquiasanpiox.org\/fr\/wp-json\/wp\/v2\/pages\/3191\/revisions\/3192"}],"up":[{"embeddable":true,"href":"https:\/\/martiresparroquiasanpiox.org\/fr\/wp-json\/wp\/v2\/pages\/3195"}],"wp:attachment":[{"href":"https:\/\/martiresparroquiasanpiox.org\/fr\/wp-json\/wp\/v2\/media?parent=3191"}],"curies":[{"name":"wp","href":"https:\/\/api.w.org\/{rel}","templated":true}]}}