{"id":3195,"date":"2024-11-21T09:52:34","date_gmt":"2024-11-21T09:52:34","guid":{"rendered":"https:\/\/martiresparroquiasanpiox.org\/saint-pie-x-paroisse\/contact\/"},"modified":"2024-11-21T09:52:35","modified_gmt":"2024-11-21T09:52:35","slug":"contact","status":"publish","type":"page","link":"https:\/\/martiresparroquiasanpiox.org\/fr\/saint-pie-x-paroisse\/contact\/","title":{"rendered":"Contact"},"content":{"rendered":"\n<h5 class=\"wp-block-heading has-text-align-center\">Formulaire de contact<\/h5>\n\n<div style=\"height:40px\" aria-hidden=\"true\" class=\"wp-block-spacer\"><\/div>\n\n<div role=\"form\" lang=\"es-ES\">\r\n\t<div role=\"alert\" aria-live=\"polite\"><\/div>\r\n\t\r\n\t\t\t\t\r\n\t\t\r\n        <p>Nombre<br \/>\r\n    \t\t\r\n        <\/p>\r\n\t\t\r\n        <p>Correo electr\u00f3nico<br \/>\r\n    \t\t\t\r\n        <\/p>\r\n\r\n        <p>Tel\u00e9fono<br \/>\r\n    \t\t\r\n        <\/p>\t\t\r\n        \r\n        <p>Ciudad y Pa\u00eds<br \/>\r\n    \t\t\r\n        <\/p>\r\n\t  \t\r\n        <p>Asunto<br \/>\r\n    \t\t\r\n        <\/p>\r\n\t\t\r\n        <p>Escriba el mensaje<br \/>\r\n    \t\t<textarea id=\"message\" name=\"message\" cols=\"40\" rows=\"10\"><\/textarea>\r\n        <\/p>\r\n\r\n\t\t<p><br \/><\/p><div class=\"g-recaptcha\" data-sitekey=\"6LepulIqAAAAAFwKyH6FURS2kGAz_gRUzeQOtajm\"><\/div>\r\n\r\n\t\t<p><br \/><\/p>\r\n\t\r\n<\/div>\r\n\n<div style=\"height:40px\" aria-hidden=\"true\" class=\"wp-block-spacer\"><\/div>\n\n<h3 class=\"wp-block-heading\">Paroisse San Pio X<\/h3>\n\n<h6 class=\"wp-block-heading\">Carrer de Sant Jaume Ap\u00f2stol, 7&#013;\n46680 Algemes\u00ed, Valence (Espagne)<\/h6>\n\n<h6 class=\"wp-block-heading\">T\u00e9l\u00e9phone : +34 96 242 13 71<\/h6>\n\n<h6 class=\"wp-block-heading\">email: <a href=\"mailto:martiresparroquiasanpiox@gmail.com\">martiresparroquiasanpiox@gmail.com<\/a><\/h6>\n\n<div style=\"height:40px\" aria-hidden=\"true\" class=\"wp-block-spacer\"><\/div>\n","protected":false},"excerpt":{"rendered":"<p>Formulaire de contact Nombre Correo electr\u00f3nico Tel\u00e9fono Ciudad y Pa\u00eds Asunto Escriba el mensaje Paroisse San Pio X Carrer de Sant Jaume Ap\u00f2stol, 7&#013; 46680 &hellip;<\/p>\n","protected":false},"author":1,"featured_media":0,"parent":3097,"menu_order":0,"comment_status":"closed","ping_status":"closed","template":"","meta":{"footnotes":""},"class_list":["post-3195","page","type-page","status-publish","hentry"],"_links":{"self":[{"href":"https:\/\/martiresparroquiasanpiox.org\/fr\/wp-json\/wp\/v2\/pages\/3195","targetHints":{"allow":["GET"]}}],"collection":[{"href":"https:\/\/martiresparroquiasanpiox.org\/fr\/wp-json\/wp\/v2\/pages"}],"about":[{"href":"https:\/\/martiresparroquiasanpiox.org\/fr\/wp-json\/wp\/v2\/types\/page"}],"author":[{"embeddable":true,"href":"https:\/\/martiresparroquiasanpiox.org\/fr\/wp-json\/wp\/v2\/users\/1"}],"replies":[{"embeddable":true,"href":"https:\/\/martiresparroquiasanpiox.org\/fr\/wp-json\/wp\/v2\/comments?post=3195"}],"version-history":[{"count":1,"href":"https:\/\/martiresparroquiasanpiox.org\/fr\/wp-json\/wp\/v2\/pages\/3195\/revisions"}],"predecessor-version":[{"id":3196,"href":"https:\/\/martiresparroquiasanpiox.org\/fr\/wp-json\/wp\/v2\/pages\/3195\/revisions\/3196"}],"up":[{"embeddable":true,"href":"https:\/\/martiresparroquiasanpiox.org\/fr\/wp-json\/wp\/v2\/pages\/3097"}],"wp:attachment":[{"href":"https:\/\/martiresparroquiasanpiox.org\/fr\/wp-json\/wp\/v2\/media?parent=3195"}],"curies":[{"name":"wp","href":"https:\/\/api.w.org\/{rel}","templated":true}]}}