{"id":2857,"date":"2024-11-03T15:29:49","date_gmt":"2024-11-03T15:29:49","guid":{"rendered":"https:\/\/martiresparroquiasanpiox.org\/libri\/"},"modified":"2025-07-06T18:01:15","modified_gmt":"2025-07-06T18:01:15","slug":"libri","status":"publish","type":"page","link":"https:\/\/martiresparroquiasanpiox.org\/it\/martiri\/libri\/","title":{"rendered":"Libri"},"content":{"rendered":"\n<blockquote class=\"wp-block-quote is-layout-flow wp-block-quote-is-layout-flow\">\n<h6 class=\"wp-block-heading has-text-align-center has-headings-color has-text-color has-link-color wp-elements-89e07169f9ea66a1ed707fa74af9e15a\">\u00c8 in preparazione un fumetto di notevole qualit\u00e0. La pubblicazione sar\u00e0 annunciata.<\/h6>\n\n\n\n<div style=\"height:30px\" aria-hidden=\"true\" class=\"wp-block-spacer\"><\/div>\n\n\n\n<hr class=\"wp-block-separator aligncenter has-alpha-channel-opacity is-style-wide\" \/>\n\n\n\n<div style=\"height:10px\" aria-hidden=\"true\" class=\"wp-block-spacer\"><\/div>\n\n\n\n<h5 class=\"wp-block-heading has-text-align-center\">Nuova pubblicazione: Lettere sconosciute di una famiglia martire di Salvador David<\/h5>\n\n\n\n<div style=\"height:40px\" aria-hidden=\"true\" class=\"wp-block-spacer\"><\/div>\n\n\n<div class=\"wp-block-image\">\n<figure class=\"aligncenter size-large\"><a href=\"https:\/\/www.libreriacodice.com\/producto\/cartas-desconocidas-de-una-familia-martir\/\" target=\"_blank\" rel=\" noreferrer noopener\"><img loading=\"lazy\" decoding=\"async\" width=\"1024\" height=\"494\" src=\"https:\/\/martiresparroquiasanpiox.org\/wp-content\/uploads\/2025\/06\/maria-teresa-y-sus-hijas-martires-libro-cartas-desconocidas-de-una-familia-martir-autor-salvador-david-cabecera-1024x494.png\" alt=\"Mar&#xED;a Teresa e le sue figlie martiri - Parroquia San Pio X Algemes&#xED; Valencia Spagna - Libro Cartas desconocidas de una familia m&#xE1;rtir di Salvador David - copertina\" class=\"wp-image-3468\" srcset=\"https:\/\/martiresparroquiasanpiox.org\/wp-content\/uploads\/2025\/06\/maria-teresa-y-sus-hijas-martires-libro-cartas-desconocidas-de-una-familia-martir-autor-salvador-david-cabecera-1024x494.png 1024w, https:\/\/martiresparroquiasanpiox.org\/wp-content\/uploads\/2025\/06\/maria-teresa-y-sus-hijas-martires-libro-cartas-desconocidas-de-una-familia-martir-autor-salvador-david-cabecera-300x145.png 300w, https:\/\/martiresparroquiasanpiox.org\/wp-content\/uploads\/2025\/06\/maria-teresa-y-sus-hijas-martires-libro-cartas-desconocidas-de-una-familia-martir-autor-salvador-david-cabecera-768x371.png 768w, https:\/\/martiresparroquiasanpiox.org\/wp-content\/uploads\/2025\/06\/maria-teresa-y-sus-hijas-martires-libro-cartas-desconocidas-de-una-familia-martir-autor-salvador-david-cabecera-1536x742.png 1536w, https:\/\/martiresparroquiasanpiox.org\/wp-content\/uploads\/2025\/06\/maria-teresa-y-sus-hijas-martires-libro-cartas-desconocidas-de-una-familia-martir-autor-salvador-david-cabecera-583x281.png 583w, https:\/\/martiresparroquiasanpiox.org\/wp-content\/uploads\/2025\/06\/maria-teresa-y-sus-hijas-martires-libro-cartas-desconocidas-de-una-familia-martir-autor-salvador-david-cabecera-620x300.png 620w, https:\/\/martiresparroquiasanpiox.org\/wp-content\/uploads\/2025\/06\/maria-teresa-y-sus-hijas-martires-libro-cartas-desconocidas-de-una-familia-martir-autor-salvador-david-cabecera.png 1920w\" sizes=\"auto, (max-width: 1024px) 100vw, 1024px\" \/><\/a><\/figure>\n<\/div>\n\n\n<div style=\"height:40px\" aria-hidden=\"true\" class=\"wp-block-spacer\"><\/div>\n\n\n\n<h6 class=\"wp-block-heading has-text-align-center\"><a href=\"https:\/\/martiresparroquiasanpiox.org\/it\/presentazione-di-lettere-sconosciute-di-una-famiglia-martire\/\" data-type=\"post\" data-id=\"3491\">Presentazione<\/a><\/h6>\n\n\n\n<div style=\"height:40px\" aria-hidden=\"true\" class=\"wp-block-spacer\"><\/div>\n\n\n\n<hr class=\"wp-block-separator aligncenter has-alpha-channel-opacity is-style-wide\" \/>\n<\/blockquote>\n\n<div style=\"height:10px\" aria-hidden=\"true\" class=\"wp-block-spacer\"><\/div>\n\n<h5 class=\"wp-block-heading has-text-align-center\">Libri gratuiti in formato digitale disponibili su questo sito<\/h5>\n\n<div style=\"height:40px\" aria-hidden=\"true\" class=\"wp-block-spacer\"><\/div>\n\n<p>A don Jos\u00e9 Mar\u00eda Alonso Bonet fu affidata la parrocchia di San P\u00edo X ad Algemes\u00ed; ne fu il primo incumbent, carica che ricopr\u00ec per dieci anni, dal 1953 al 1963. I cinque martiri sono attualmente sepolti nella chiesa di questa parrocchia. Questo sacerdote ha scritto un documento, durante il periodo in cui ha esercitato il suo ministero in questa parrocchia, in cui racconta gli eventi legati a questa famiglia. Qui proponiamo le foto di questo scritto.<\/p>\n\n<div style=\"height:40px\" aria-hidden=\"true\" class=\"wp-block-spacer\"><\/div>\n<div class=\"wp-block-image\">\n<figure class=\"aligncenter size-full\"><a href=\"https:\/\/martiresparroquiasanpiox.org\/wp-content\/uploads\/2024\/09\/01-Maria-Teresa-y-sus-hijas-Martires-Algemesi-Jose-Maria-Alonso-Bonet.pdf\" target=\"_blank\" rel=\"noreferrer noopener\"><img loading=\"lazy\" decoding=\"async\" width=\"128\" height=\"128\" src=\"https:\/\/martiresparroquiasanpiox.org\/wp-content\/uploads\/2024\/09\/icopdf.png\" alt=\"Maria Teresa e le sue figlie martiri - Parrocchia San Pio X di Algemes&#xED; Valencia - Icona Adobe Reader PDF\" class=\"wp-image-687\" \/><\/a><\/figure>\n<\/div>\n<p class=\"has-text-align-center\">Dimensione del file: 78,8 MB<\/p>\n\n<div style=\"height:40px\" aria-hidden=\"true\" class=\"wp-block-spacer\"><\/div>\n\n<p>D. Ram\u00f3n Fita Revert, delegato per le cause dei santi della diocesi di Valencia, ha redatto, nel 1999, uno schizzo biografico della beata Mar\u00eda Teresa Ferragud Roig in preparazione alla sua beatificazione a Roma. Allora non fu mai stampato, Dio solo sa perch\u00e9. Egli ci offre gentilmente il testo in questa pagina <i><em>web<\/em><\/i>.<\/p>\n\n<div style=\"height:40px\" aria-hidden=\"true\" class=\"wp-block-spacer\"><\/div>\n<div class=\"wp-block-image\">\n<figure class=\"aligncenter size-full\"><a href=\"https:\/\/martiresparroquiasanpiox.org\/wp-content\/uploads\/2024\/09\/02-Ferragud-Roig-Folleto-R-Fita-traducido.pdf\" target=\"_blank\" rel=\"noreferrer noopener\"><img loading=\"lazy\" decoding=\"async\" width=\"128\" height=\"128\" src=\"https:\/\/martiresparroquiasanpiox.org\/wp-content\/uploads\/2024\/09\/icopdf.png\" alt=\"Maria Teresa e le sue figlie martiri - Parrocchia San Pio X di Algemes&#xED; Valencia - Icona Adobe Reader PDF\" class=\"wp-image-687\" \/><\/a><\/figure>\n<\/div>\n<p class=\"has-text-align-center\">Dimensione del file: 256 KB<\/p>\n\n<div style=\"height:40px\" aria-hidden=\"true\" class=\"wp-block-spacer\"><\/div>\n\n<p>Vi proponiamo anche il testo del Bollettino dell&#8217;Arcivescovado di Valencia, numero straordinario, pubblicato in occasione della Beatificazione a Roma di 232 Martiri l&#8217;11 marzo 2001.<\/p>\n\n<div style=\"height:40px\" aria-hidden=\"true\" class=\"wp-block-spacer\"><\/div>\n<div class=\"wp-block-image\">\n<figure class=\"aligncenter size-full\"><a href=\"https:\/\/martiresparroquiasanpiox.org\/wp-content\/uploads\/2024\/09\/03-Boletin-Martires-beatificados-3.pdf\" target=\"_blank\" rel=\"noreferrer noopener\"><img loading=\"lazy\" decoding=\"async\" width=\"128\" height=\"128\" src=\"https:\/\/martiresparroquiasanpiox.org\/wp-content\/uploads\/2024\/09\/icopdf.png\" alt=\"Maria Teresa e le sue figlie martiri - Parrocchia San Pio X di Algemes&#xED; Valencia - Icona Adobe Reader PDF\" class=\"wp-image-687\" \/><\/a><\/figure>\n<\/div>\n<p class=\"has-text-align-center\">Dimensione del file: 1,14 MB<\/p>\n\n<div style=\"height:40px\" aria-hidden=\"true\" class=\"wp-block-spacer\"><\/div>\n<div class=\"wp-block-image\">\n<figure class=\"aligncenter size-large\"><img loading=\"lazy\" decoding=\"async\" width=\"608\" height=\"1024\" src=\"https:\/\/martiresparroquiasanpiox.org\/wp-content\/uploads\/2024\/09\/maria-teresa-y-sus-hijas-martires-estampa-608x1024.png\" alt=\"Maria Teresa e le sue figlie martiri - Chiesa parrocchiale di San Pio X di Algemes&#xED; Valencia - Stampa\" class=\"wp-image-699\" srcset=\"https:\/\/martiresparroquiasanpiox.org\/wp-content\/uploads\/2024\/09\/maria-teresa-y-sus-hijas-martires-estampa-608x1024.png 608w, https:\/\/martiresparroquiasanpiox.org\/wp-content\/uploads\/2024\/09\/maria-teresa-y-sus-hijas-martires-estampa-178x300.png 178w, https:\/\/martiresparroquiasanpiox.org\/wp-content\/uploads\/2024\/09\/maria-teresa-y-sus-hijas-martires-estampa.png 641w\" sizes=\"auto, (max-width: 608px) 100vw, 608px\" \/><\/figure>\n<\/div>\n<div style=\"height:40px\" aria-hidden=\"true\" class=\"wp-block-spacer\"><\/div>\n\n<p>Un piccolo libro su questi martiri \u00e8 stato pubblicato dopo la loro beatificazione: <i><em>Al final triunf\u00f3 el amor.<\/em><\/i> <i><em>Familia Masi\u00e1 Ferragud<\/em><\/i>, Mudarra Blanco, C., Alicante (2002). Data la difficolt\u00e0 di reperirlo al giorno d&#8217;oggi, l&#8217;autore ci ha gentilmente chiesto di renderlo disponibile su questa pagina <i><em>web<\/em><\/i>, con accesso gratuito e scaricabile.<\/p>\n\n<div style=\"height:40px\" aria-hidden=\"true\" class=\"wp-block-spacer\"><\/div>\n<div class=\"wp-block-image\">\n<figure class=\"aligncenter size-full\"><a href=\"https:\/\/martiresparroquiasanpiox.org\/wp-content\/uploads\/2024\/09\/04-Al-final-triunfo-el-amor.pdf\" target=\"_blank\" rel=\"noreferrer noopener\"><img loading=\"lazy\" decoding=\"async\" width=\"128\" height=\"128\" src=\"https:\/\/martiresparroquiasanpiox.org\/wp-content\/uploads\/2024\/09\/icopdf.png\" alt=\"Maria Teresa e le sue figlie martiri - Parrocchia San Pio X di Algemes&#xED; Valencia - Icona Adobe Reader PDF\" class=\"wp-image-687\" \/><\/a><\/figure>\n<\/div>\n<p class=\"has-text-align-center\">Dimensione del file: 136 MB<\/p>\n\n<div style=\"height:40px\" aria-hidden=\"true\" class=\"wp-block-spacer\"><\/div>\n\n<p>Delle figlie martiri, abbiamo il libro su Josefa: <i><em>Beata Josefa de la Purificaci\u00f3n Masi\u00e1 Ferragud, Agustina descalza, m\u00e1rtir.<\/em><\/i> <i><em>Algemes\u00ed, 1887 &#8211; Creu Coberta d&#8217;Alzira, 1936<\/em><\/i>, Ferri Chulio, A., Sueca (2005). Offriamo l&#8217;accesso gratuito a questo <i><em>sito web<\/em><\/i>, grazie alla generosit\u00e0 dell&#8217;autore.<\/p>\n\n<div style=\"height:40px\" aria-hidden=\"true\" class=\"wp-block-spacer\"><\/div>\n<div class=\"wp-block-image\">\n<figure class=\"aligncenter size-full\"><a href=\"https:\/\/martiresparroquiasanpiox.org\/wp-content\/uploads\/2024\/09\/05-Josefa-Masia-libro.pdf\" target=\"_blank\" rel=\"noreferrer noopener\"><img loading=\"lazy\" decoding=\"async\" width=\"128\" height=\"128\" src=\"https:\/\/martiresparroquiasanpiox.org\/wp-content\/uploads\/2024\/09\/icopdf.png\" alt=\"Maria Teresa e le sue figlie martiri - Parrocchia San Pio X di Algemes&#xED; Valencia - Icona Adobe Reader PDF\" class=\"wp-image-687\" \/><\/a><\/figure>\n<\/div>\n<p class=\"has-text-align-center\">Dimensione del file: 69,1 MB<\/p>\n\n<div style=\"height:40px\" aria-hidden=\"true\" class=\"wp-block-spacer\"><\/div>\n\n<hr class=\"wp-block-separator aligncenter has-alpha-channel-opacity is-style-wide\" \/>\n\n<div style=\"height:40px\" aria-hidden=\"true\" class=\"wp-block-spacer\"><\/div>\n","protected":false},"excerpt":{"rendered":"<p>Libri gratuiti in formato digitale disponibili su questo sito A don Jos\u00e9 Mar\u00eda Alonso Bonet fu affidata la parrocchia di San P\u00edo X ad Algemes\u00ed; &hellip;<\/p>\n","protected":false},"author":1,"featured_media":669,"parent":2875,"menu_order":0,"comment_status":"closed","ping_status":"closed","template":"","meta":{"footnotes":""},"class_list":["post-2857","page","type-page","status-publish","has-post-thumbnail","hentry"],"_links":{"self":[{"href":"https:\/\/martiresparroquiasanpiox.org\/it\/wp-json\/wp\/v2\/pages\/2857","targetHints":{"allow":["GET"]}}],"collection":[{"href":"https:\/\/martiresparroquiasanpiox.org\/it\/wp-json\/wp\/v2\/pages"}],"about":[{"href":"https:\/\/martiresparroquiasanpiox.org\/it\/wp-json\/wp\/v2\/types\/page"}],"author":[{"embeddable":true,"href":"https:\/\/martiresparroquiasanpiox.org\/it\/wp-json\/wp\/v2\/users\/1"}],"replies":[{"embeddable":true,"href":"https:\/\/martiresparroquiasanpiox.org\/it\/wp-json\/wp\/v2\/comments?post=2857"}],"version-history":[{"count":2,"href":"https:\/\/martiresparroquiasanpiox.org\/it\/wp-json\/wp\/v2\/pages\/2857\/revisions"}],"predecessor-version":[{"id":3571,"href":"https:\/\/martiresparroquiasanpiox.org\/it\/wp-json\/wp\/v2\/pages\/2857\/revisions\/3571"}],"up":[{"embeddable":true,"href":"https:\/\/martiresparroquiasanpiox.org\/it\/wp-json\/wp\/v2\/pages\/2875"}],"wp:featuredmedia":[{"embeddable":true,"href":"https:\/\/martiresparroquiasanpiox.org\/it\/wp-json\/wp\/v2\/media\/669"}],"wp:attachment":[{"href":"https:\/\/martiresparroquiasanpiox.org\/it\/wp-json\/wp\/v2\/media?parent=2857"}],"curies":[{"name":"wp","href":"https:\/\/api.w.org\/{rel}","templated":true}]}}