{"id":2861,"date":"2024-11-03T15:55:52","date_gmt":"2024-11-03T15:55:52","guid":{"rendered":"https:\/\/martiresparroquiasanpiox.org\/novena-alle-beate\/"},"modified":"2024-11-03T18:52:49","modified_gmt":"2024-11-03T18:52:49","slug":"novena-alle-beate","status":"publish","type":"page","link":"https:\/\/martiresparroquiasanpiox.org\/it\/martiri\/novena-alle-beate\/","title":{"rendered":"Novena alle Beate"},"content":{"rendered":"\n<h5 class=\"wp-block-heading has-text-align-center\"><b><strong>Novena a Maria Teresa e alle sue figlie Beate martiri<\/strong><\/b><\/h5>\n\n<div style=\"height:40px\" aria-hidden=\"true\" class=\"wp-block-spacer\"><\/div>\n\n<h6 class=\"wp-block-heading has-text-align-center\">PREGHIERA<\/h6>\n\n<p class=\"has-text-align-center\">O Dio, gloria e corona dei martiri!&#013;\nche hai concesso alla beata Maria Teresa Ferragud Roig di essere come il tuo Figlio&#013;\ndi assomigliare al tuo Figlio in una morte come la sua,&#013;\ndopo aver incoraggiato le sue figlie&#013;\nad essere fedeli al suo Sposo fino alla fine, testimoniando il suo martirio;&#013;\nti chiediamo di ottenere per sua intercessione,&#013;\ne quella delle sue quattro figlie religiose martirizzate&#013;\n-Josefa, Maria Jesus, Veronica e Felicidad,&#013;\nle grazie che ora ti imploriamo.&#013;\nPer Ges\u00f9 Cristo nostro Signore.&#013;\nAmen&#013;\n&#013;\nPadre nostro, Ave Maria e Gloria.&#013;\nMaria, Regina dei Martiri, prega per noi.&#013;\n(con il dovuto permesso)<\/p>\n\n<div style=\"height:40px\" aria-hidden=\"true\" class=\"wp-block-spacer\"><\/div>\n\n<h5 class=\"wp-block-heading has-text-align-center\">TEMI DELLA NOVENA<\/h5>\n\n<div style=\"height:40px\" aria-hidden=\"true\" class=\"wp-block-spacer\"><\/div>\n\n<p>1\u00b0 Giorno: <b><strong>Rinuncia al mondo<\/strong><\/b><\/p>\n\n<p>Testo biblico: <b><strong>1 Gv 2, 15-17<\/strong><\/b><\/p>\n\n<p>Testo delle beate, poesia di Josefa Masi\u00e1:<\/p>\n\n<blockquote class=\"wp-block-quote is-layout-flow wp-block-quote-is-layout-flow\">\n<p class=\"has-text-align-center\">Rinuncio d&#8217;ora in poi&#013;\na tutti i piaceri vani,&#013;\nconsolazioni e piaceri,&#013;\nabbracciando il patire.<\/p>\n<\/blockquote>\n\n<div style=\"height:40px\" aria-hidden=\"true\" class=\"wp-block-spacer\"><\/div>\n\n<hr class=\"wp-block-separator aligncenter has-alpha-channel-opacity\" \/>\n\n<div style=\"height:60px\" aria-hidden=\"true\" class=\"wp-block-spacer\"><\/div>\n\n<p>2\u00b0 Giorno: <b><strong>Scoprire la propria vocazione<\/strong><\/b><\/p>\n\n<p>Testo biblico: <b><strong>1 Cor 7, 1-7<\/strong><\/b><\/p>\n\n<p>Testo delle beate: dalla scritta di Jos\u00e9 Mar\u00eda Alonso Bonet:<\/p>\n\n<blockquote class=\"wp-block-quote is-layout-flow wp-block-quote-is-layout-flow\">\n<p><i><em>Nelle conversazioni in casa, parlava spesso loro dell&#8217;eccellenza della vita religiosa e li incoraggiava a compiere, per quanto possibile, tutti gli atti di piet\u00e0 associati alla loro et\u00e0.<\/em><\/i> <i><em>Non c&#8217;\u00e8 da stupirsi, quindi, che ben presto indicasse in queste anime una vocazione religiosa.<\/em><\/i><\/p>\n<\/blockquote>\n\n<div style=\"height:40px\" aria-hidden=\"true\" class=\"wp-block-spacer\"><\/div>\n\n<hr class=\"wp-block-separator aligncenter has-alpha-channel-opacity\" \/>\n\n<div style=\"height:60px\" aria-hidden=\"true\" class=\"wp-block-spacer\"><\/div>\n\n<p>3\u00b0 Giorno: <b><strong>fedelt\u00e0<\/strong><\/b><\/p>\n\n<p>Testo biblico: <b><strong>2 Ts 2, 13-17<\/strong><\/b><\/p>\n\n<p>Testo delle beate (dalle poesie di Josefa Masi\u00e1):<\/p>\n\n<blockquote class=\"wp-block-quote is-layout-flow wp-block-quote-is-layout-flow\">\n<p class=\"has-text-align-center\">Perch\u00e9 la colpa \u00e8 mia&#013;\ne in questo dico la verit\u00e0&#013;\nche non ti ho ripagato&#013;\nin tutta la fedelt\u00e0.<\/p>\n<\/blockquote>\n\n<div style=\"height:40px\" aria-hidden=\"true\" class=\"wp-block-spacer\"><\/div>\n\n<hr class=\"wp-block-separator aligncenter has-alpha-channel-opacity\" \/>\n\n<div style=\"height:60px\" aria-hidden=\"true\" class=\"wp-block-spacer\"><\/div>\n\n<p>4\u00b0 Giorno: <b><strong>Rinuncia a se stessi<\/strong><\/b><\/p>\n\n<p>Testo biblico: <b><strong>Lc 14, 25-27<\/strong><\/b><\/p>\n\n<p>Testo delle beate (dalle poesie di Josefa Masi\u00e1):<\/p>\n\n<blockquote class=\"wp-block-quote is-layout-flow wp-block-quote-is-layout-flow\">\n<p class=\"has-text-align-center\"><i><em>L&#8217;amore nasce nel dolore,<\/em><\/i>&#013;\n&#013;\n<i><em>vive nell&#8217;umiliazione<\/em><\/i>&#013;\n&#013;\n<i><em>cresce nell&#8217;abbandono<\/em><\/i>&#013;\n&#013;\n<i><em>e regna nella persecuzione.<\/em><\/i><\/p>\n<\/blockquote>\n\n<div style=\"height:40px\" aria-hidden=\"true\" class=\"wp-block-spacer\"><\/div>\n\n<hr class=\"wp-block-separator aligncenter has-alpha-channel-opacity\" \/>\n\n<div style=\"height:60px\" aria-hidden=\"true\" class=\"wp-block-spacer\"><\/div>\n<div class=\"wp-block-image\">\n<figure class=\"aligncenter size-large\"><img loading=\"lazy\" decoding=\"async\" width=\"768\" height=\"1024\" src=\"https:\/\/martiresparroquiasanpiox.org\/wp-content\/uploads\/2024\/10\/maria-teresa-y-sus-hijas-martires-novena-beatas-2024-768x1024.png\" alt=\"Maria Teresa e le sue Figlie Martiri - Chiesa parrocchiale di San Pio X di Algemes&#xED; Valencia - novena alla Beata 2024\" class=\"wp-image-903\" srcset=\"https:\/\/martiresparroquiasanpiox.org\/wp-content\/uploads\/2024\/10\/maria-teresa-y-sus-hijas-martires-novena-beatas-2024-768x1024.png 768w, https:\/\/martiresparroquiasanpiox.org\/wp-content\/uploads\/2024\/10\/maria-teresa-y-sus-hijas-martires-novena-beatas-2024-225x300.png 225w, https:\/\/martiresparroquiasanpiox.org\/wp-content\/uploads\/2024\/10\/maria-teresa-y-sus-hijas-martires-novena-beatas-2024.png 960w\" sizes=\"auto, (max-width: 768px) 100vw, 768px\" \/><\/figure>\n<\/div>\n<div style=\"height:60px\" aria-hidden=\"true\" class=\"wp-block-spacer\"><\/div>\n\n<p>5\u00b0 giorno: <b><strong>La comunione<\/strong><\/b><\/p>\n\n<p>Testo biblico: <b><strong>Fl 2,1-12<\/strong><\/b><\/p>\n\n<p>Testo delle beate: Da Frate Serafina a Felicidad, settembre 1936<\/p>\n\n<blockquote class=\"wp-block-quote is-layout-flow wp-block-quote-is-layout-flow\">\n<p><i><em>Se c&#8217;\u00e8 qualcuno che ha l&#8217;onore di essere santo, \u00e8 proprio colui che ha vinto tutto questo e si \u00e8 umiliato, e finch\u00e9 non lo facciamo bene, perdiamo tutto.<\/em><\/i> <i><em>Nonostante tutte le ripugnanze, dobbiamo vivere in societ\u00e0, come persone, se vogliamo avere dei meriti davanti a Dio. Cosa diremo quando saremo al giudizio finale? Vedremo allora quanto sono forti le ragioni che ora riteniamo cos\u00ec sicure?<\/em><\/i> <i><em>Bisogna convincersi che la vita \u00e8 pi\u00f9 facile se la si vuole, e solo allora \u00e8 utile.<\/em><\/i> <i><em>Lavorate per far soffrire il vostro prossimo, chiunque esso sia; se non lo fate, perderete tutto.<\/em><\/i> <i><em>C&#8217;\u00e8 l&#8217;obbligo di non mostrare dispiacere a nessuno, nemmeno ai propri nemici.<\/em><\/i> <i><em>Meditate su questo e lavorate, senza preoccuparvi di come fanno gli altri.<\/em><\/i> <i><em>Alla fine non vi verr\u00e0 chiesto degli altri, ma di voi stessi, e solo chi soffre, vince<\/em><\/i>.<\/p>\n<\/blockquote>\n\n<div style=\"height:40px\" aria-hidden=\"true\" class=\"wp-block-spacer\"><\/div>\n\n<hr class=\"wp-block-separator aligncenter has-alpha-channel-opacity\" \/>\n\n<div style=\"height:60px\" aria-hidden=\"true\" class=\"wp-block-spacer\"><\/div>\n\n<p>6\u00ba Giorno: <b><strong>Correzione fraterna<\/strong><\/b><\/p>\n\n<p>Testo biblico: <b><strong>Mt 18, 15-20<\/strong><\/b><\/p>\n\n<p>Testo del Beato: Da Serafin a sua madre, 19 settembre 1935<\/p>\n\n<blockquote class=\"wp-block-quote is-layout-flow wp-block-quote-is-layout-flow\">\n<p><i><em>Quando si deve correggere qualcosa, \u00e8 necessario guardare a ci\u00f2 che si dice, e che ripetere la stessa cosa molte volte \u00e8 un peccato, perch\u00e9 \u00e8 una mancanza di carit\u00e0.<\/em><\/i> <i><em>Vi dico questo perch\u00e9 ci sono persone che si lamentano del vostro trattamento, e naturalmente voi non guardate a quello che dite e a come lo dite.<\/em><\/i> <i><em>Anche se abbiamo ragione, non abbiamo il diritto di essere infastiditi dal modo di fare; e non dobbiamo dimenticare che in questo, come in tutte le cose, pu\u00f2 portare a una grave cattiva condotta.<\/em><\/i><\/p>\n<\/blockquote>\n\n<div style=\"height:40px\" aria-hidden=\"true\" class=\"wp-block-spacer\"><\/div>\n\n<hr class=\"wp-block-separator aligncenter has-alpha-channel-opacity\" \/>\n\n<div style=\"height:60px\" aria-hidden=\"true\" class=\"wp-block-spacer\"><\/div>\n\n<p>7\u00b0 Giorno: <b><strong>La castit\u00e0<\/strong><\/b><\/p>\n\n<p>Testo biblico: <b><strong>Mt 19, 1-12<\/strong><\/b><\/p>\n\n<p>Testo delle beate: Dalle poesie di Josefa Masi\u00e1<\/p>\n\n<blockquote class=\"wp-block-quote is-layout-flow wp-block-quote-is-layout-flow\">\n<p class=\"has-text-align-center\">Voglio essere un fanciulla&#013;\nin candore e umilt\u00e0,&#013;\nnell&#8217;obbedienza, nella purezza e nella santa semplicit\u00e0.<\/p>\n<\/blockquote>\n\n<div style=\"height:40px\" aria-hidden=\"true\" class=\"wp-block-spacer\"><\/div>\n\n<hr class=\"wp-block-separator aligncenter has-alpha-channel-opacity\" \/>\n\n<div style=\"height:60px\" aria-hidden=\"true\" class=\"wp-block-spacer\"><\/div>\n\n<p>8\u00b0 Giorno: <b><strong>Accettare di soffrire nella carne<\/strong><\/b><\/p>\n\n<p>Testo biblico: <b><strong>1 Pt 4, 1-4<\/strong><\/b><\/p>\n\n<p>Testo delle beate: Da Frate Serafina a Felicidad, settembre 1936<\/p>\n\n<blockquote class=\"wp-block-quote is-layout-flow wp-block-quote-is-layout-flow\">\n<p><i><em>Mi rendo conto di come sia la situazione l\u00ec, nella nostra casa; ma non dobbiamo farci illusioni, perch\u00e9 ovunque avremmo qualcosa da soffrire.<\/em><\/i> <i><em>Inoltre, \u00e8 vero che dipende solo dalla nostra volont\u00e0 se la vita \u00e8 pi\u00f9 o meno piacevole per noi.<\/em><\/i> <i><em>Se solo avessimo un po&#8217; pi\u00f9 di fede e prendessimo le cose per come sono&#8230; Non pensiamo che tutti abbiamo il nostro egoismo, che crediamo ciecamente di essere nel giusto, di avere ragione, di non essere curati come meritiamo&#8230; Crediamo a tutto questo, e quanto ci sbagliamo!<\/em><\/i><\/p>\n<\/blockquote>\n\n<div style=\"height:40px\" aria-hidden=\"true\" class=\"wp-block-spacer\"><\/div>\n\n<hr class=\"wp-block-separator aligncenter has-alpha-channel-opacity\" \/>\n\n<div style=\"height:60px\" aria-hidden=\"true\" class=\"wp-block-spacer\"><\/div>\n\n<p>9\u00b0 Giorno: <b><strong>Preparazione alla morte<\/strong><\/b><\/p>\n\n<p>Testo biblico: <b><strong>Mc 14, 32-50<\/strong><\/b><\/p>\n\n<p>Testo delle beate: Da Frate Serafino a sua madre, 24 settembre 1936<\/p>\n\n<blockquote class=\"wp-block-quote is-layout-flow wp-block-quote-is-layout-flow\">\n<p><i><em>Mia cara madre:<\/em><\/i>&#013;\n&#013;\n<i><em>Suppongo che riceverai la mia del 21, e in questa ti dico come sempre di essere paziente e di non smettere mai di chiedere a Dio la forza necessaria.<\/em><\/i> <i><em>Da quello che ti ho detto nella mia precedente, fai bene quello che ti sembra meglio, perch\u00e9 non sappiamo cosa sia meglio, e inoltre dobbiamo sempre essere pronti a tutto, anche al male pi\u00f9 grande, perch\u00e9 la nostra vita \u00e8 nelle mani di Dio.<\/em><\/i>&#013;\n&#013;\n<i><em>Siamo tutti costanti nel conformarci alla Sua volont\u00e0 e non smettiamo di chiedere, affinch\u00e9 tutto sia meritorio.<\/em><\/i><\/p>\n<\/blockquote>\n\n<div style=\"height:40px\" aria-hidden=\"true\" class=\"wp-block-spacer\"><\/div>\n<div class=\"wp-block-image\">\n<figure class=\"aligncenter size-large\"><img loading=\"lazy\" decoding=\"async\" width=\"473\" height=\"1024\" src=\"https:\/\/martiresparroquiasanpiox.org\/wp-content\/uploads\/2024\/10\/maria-teresa-y-sus-hijas-martires-novena-a-las-beatas-2024oct-473x1024.png\" alt=\"Maria Teresa e le sue Figlie Martiri - Chiesa parrocchiale di San Pio X di Algemes&#xED; Valencia - novena alla Beata 2024\" class=\"wp-image-912\" srcset=\"https:\/\/martiresparroquiasanpiox.org\/wp-content\/uploads\/2024\/10\/maria-teresa-y-sus-hijas-martires-novena-a-las-beatas-2024oct-473x1024.png 473w, https:\/\/martiresparroquiasanpiox.org\/wp-content\/uploads\/2024\/10\/maria-teresa-y-sus-hijas-martires-novena-a-las-beatas-2024oct-139x300.png 139w, https:\/\/martiresparroquiasanpiox.org\/wp-content\/uploads\/2024\/10\/maria-teresa-y-sus-hijas-martires-novena-a-las-beatas-2024oct.png 499w\" sizes=\"auto, (max-width: 473px) 100vw, 473px\" \/><\/figure>\n<\/div>\n<div style=\"height:40px\" aria-hidden=\"true\" class=\"wp-block-spacer\"><\/div>\n","protected":false},"excerpt":{"rendered":"<p>Novena a Maria Teresa e alle sue figlie Beate martiri PREGHIERA O Dio, gloria e corona dei martiri!&#013; che hai concesso alla beata Maria Teresa &hellip;<\/p>\n","protected":false},"author":1,"featured_media":901,"parent":2875,"menu_order":0,"comment_status":"closed","ping_status":"closed","template":"","meta":{"footnotes":""},"class_list":["post-2861","page","type-page","status-publish","has-post-thumbnail","hentry"],"_links":{"self":[{"href":"https:\/\/martiresparroquiasanpiox.org\/it\/wp-json\/wp\/v2\/pages\/2861","targetHints":{"allow":["GET"]}}],"collection":[{"href":"https:\/\/martiresparroquiasanpiox.org\/it\/wp-json\/wp\/v2\/pages"}],"about":[{"href":"https:\/\/martiresparroquiasanpiox.org\/it\/wp-json\/wp\/v2\/types\/page"}],"author":[{"embeddable":true,"href":"https:\/\/martiresparroquiasanpiox.org\/it\/wp-json\/wp\/v2\/users\/1"}],"replies":[{"embeddable":true,"href":"https:\/\/martiresparroquiasanpiox.org\/it\/wp-json\/wp\/v2\/comments?post=2861"}],"version-history":[{"count":1,"href":"https:\/\/martiresparroquiasanpiox.org\/it\/wp-json\/wp\/v2\/pages\/2861\/revisions"}],"predecessor-version":[{"id":2862,"href":"https:\/\/martiresparroquiasanpiox.org\/it\/wp-json\/wp\/v2\/pages\/2861\/revisions\/2862"}],"up":[{"embeddable":true,"href":"https:\/\/martiresparroquiasanpiox.org\/it\/wp-json\/wp\/v2\/pages\/2875"}],"wp:featuredmedia":[{"embeddable":true,"href":"https:\/\/martiresparroquiasanpiox.org\/it\/wp-json\/wp\/v2\/media\/901"}],"wp:attachment":[{"href":"https:\/\/martiresparroquiasanpiox.org\/it\/wp-json\/wp\/v2\/media?parent=2861"}],"curies":[{"name":"wp","href":"https:\/\/api.w.org\/{rel}","templated":true}]}}