{"id":2863,"date":"2024-11-03T16:01:23","date_gmt":"2024-11-03T16:01:23","guid":{"rendered":"https:\/\/martiresparroquiasanpiox.org\/nota-legale\/"},"modified":"2024-11-03T19:25:38","modified_gmt":"2024-11-03T19:25:38","slug":"nota-legale","status":"publish","type":"page","link":"https:\/\/martiresparroquiasanpiox.org\/it\/san-pio-x-parrochia\/nota-legale\/","title":{"rendered":"Nota legale"},"content":{"rendered":"\n<h5 class=\"wp-block-heading\">1. IDENTIT\u00c0 DELLA PERSONA RESPONSABILE<\/h5>\n\n<p>Al fine di ottemperare alle disposizioni della Legge 34\/2002, dell&#8217;11 luglio, sui servizi della societ\u00e0 dell&#8217;informazione e del commercio elettronico, si riportano di seguito le informazioni generali di questo sito web:<\/p>\n\n<p>&#8211; Titolare: <b><strong>Chiesa parrocchiale di San Pio X<\/strong><\/b><\/p>\n\n<p>\u2013 Direcci\u00f3n: Carrer de Sant Jaume Ap\u00f2stol, 7, 46680 Algemes\u00ed, Valencia (Espa\u00f1a)<\/p>\n\n<p>&#8211; Contatto:&#013;\n&#013;\n<a href=\"mailto:martiresparroquiasanpiox@gmail.com\">martiresparroquiasanpiox@gmail.com<\/a>&#013;\n&#013;\no telefono: +34 96 242 13 71<\/p>\n\n<p>Questo sito web \u00e8 di propriet\u00e0 della Parrocchia San Pio X. Con l&#8217;obiettivo che l&#8217;utilizzo del sito web risponda a criteri di trasparenza, chiarezza e semplicit\u00e0, la Parrocchia San Pio X informa l&#8217;utente che qualsiasi suggerimento, domanda o dubbio pu\u00f2 essere contattato attraverso i dati sopra riportati o il modulo di contatto presente su questo sito web.<\/p>\n\n<h5 class=\"wp-block-heading\">2. CONDIZIONI DI UTILIZZO<\/h5>\n\n<p>L&#8217;Utente si impegna ad utilizzare le informazioni e le utilit\u00e0 offerte da questo Sito Web, in conformit\u00e0 alla Legge, e nel rispetto della morale, dei buoni costumi e dell&#8217;ordine pubblico, senza che in nessun caso l&#8217;uso impiegato sia offensivo del buon nome e dell&#8217;immagine del Titolare, degli altri utenti della pagina o di terzi.<\/p>\n\n<p>La Parrocchia San Pio X fornisce i contenuti e i servizi disponibili sul Sito Web, soggetti ai termini pubblicati e all&#8217;<i><em>Informativa sulla privacy<\/em><\/i>. Accedendo o utilizzando in qualsiasi modo questo sito web, l&#8217;utente diventa un \u201cUtente\u201d e accetta senza riserve tutti i termini pubblicati e l&#8217;<i><em>Informativa sulla privacy<\/em><\/i>, che la Parrocchia San Pio X si riserva di modificare in qualsiasi momento. Di conseguenza, \u00e8 responsabilit\u00e0 di ciascun Utente leggere attentamente i termini pubblicati e l&#8217;Informativa sulla privacy in vigore; in caso di disaccordo con uno qualsiasi dei punti qui esposti, \u00e8 necessario astenersi dall&#8217;utilizzo.<\/p>\n\n<p>La Parrocchia San Pio X \u00e8 proprietaria e\/o licenziataria dell&#8217;intero contenuto di questa pagina, comprese le immagini, i disegni grafici, i testi, i marchi, i loghi e tutti i tipi di dati, la struttura della pagina, il design e il codice sorgente, corrispondenti esclusivamente all&#8217;esercizio di tutti i diritti, compresa la riproduzione, distribuzione, modifica e comunicazione, senza che sia inteso che l&#8217;accesso al Portale conferisca alcun diritto sullo stesso, e pertanto la sua disponibilit\u00e0, l&#8217;uso, l&#8217;eventuale consultazione o il download non comportano in alcun caso il trasferimento dell&#8217;uso della propriet\u00e0 intellettuale o industriale del suddetto materiale o contenuto.<\/p>\n\n<p>L&#8217;utente si impegna a fare un uso corretto del Portale in conformit\u00e0 alla legge e alla presente nota legale, e sar\u00e0 responsabile di eventuali danni che possano causare sia al Titolare che a terzi in conseguenza della violazione di tale obbligo. Inoltre l&#8217;utente assume espressamente che sia l&#8217;accesso a questo sito web che l&#8217;uso delle informazioni in esso contenute possono essere effettuati, \u00e8 di esclusiva responsabilit\u00e0 dell&#8217;utente, non rispondendo la Parroquia San Pio X in nessun caso di eventuali danni che possono derivare dall&#8217;accesso o dall&#8217;uso di esso, n\u00e9 degli eventuali errori o danni che l&#8217;utente potrebbe subire nel proprio sistema informatico o telematico, n\u00e9 di quelli che per lo stesso o per terzi potrebbero derivare dall&#8217;uso scorretto, inappropriato o illecito delle informazioni presenti su questo sito.<\/p>\n\n<p>Allo stesso modo, l&#8217;Utente \u00e8 avvertito che, a volte, possono essere stabilite Condizioni specifiche per l&#8217;utilizzo di determinati contenuti e\/o servizi del Sito web. L&#8217;utilizzo di tali contenuti o servizi implica l&#8217;accettazione delle Condizioni Specifiche ivi specificate.<\/p>\n\n<h5 class=\"wp-block-heading\">Politica sulla privacy e cookies<\/h5>\n\n<p>In ottemperanza al Regolamento (UE) 2016\/679 del Parlamento Europeo e del Consiglio del 27 aprile 2016 relativo alla protezione delle persone fisiche con riguardo al trattamento dei dati personali (General Data Protection Regulation, GDPR), La informiamo che i dati personali, comprese le fotografie, raccolti su questo sito web potranno essere trattati dalla Parrocchia San Pio X per rispondere, elaborare e gestire correttamente le richieste, i commenti, gli incidenti o i suggerimenti inviati, nonch\u00e9 per le seguenti finalit\u00e0: informare pubblicamente su eventi e celebrazioni, rispondere alle vostre richieste di informazioni, alla registrazione richiesta nella newsletter o ad altre iscrizioni e garantire una corretta cura delle nostre comunicazioni con voi, nonch\u00e9 tenervi informati, sia con mezzi elettronici che con dispositivi mobili, in relazione alle finalit\u00e0 della Parrocchia San Pio X.<\/p>\n\n<p>I titolari dei dati forniti a questo sito web sono informati e acconsentono espressamente e inequivocabilmente che la Parrocchia San Pio X, in qualit\u00e0 di titolare del trattamento, possa elaborare, cedere e, se del caso, trasferire a livello internazionale i dati personali, comprese le fotografie dell&#8217;utente, per i propri scopi legittimi, nonch\u00e9 a persone ed enti direttamente collegati o necessari per l&#8217;adempimento degli scopi spirituali di questa Entit\u00e0. La Parrocchia San Pio X, sotto la protezione del legittimo interesse che le corrisponde, pu\u00f2 effettuare il trattamento dei dati strettamente necessario per l&#8217;amministrazione interna e l&#8217;analisi statistica delle visite a questo sito web.<\/p>\n\n<p>In linea con il nostro impegno per la privacy, la Parrocchia San Pio X osserva un&#8217;adeguata riservatezza in conformit\u00e0 alle disposizioni di legge e dispone delle risorse tecniche, organizzative e umane necessarie per garantire che solo il personale autorizzato abbia accesso ai vostri dati e, in ogni caso, nel pieno rispetto della vostra privacy.<\/p>\n\n<p>La informiamo che in qualsiasi momento potr\u00e0 esercitare i suoi diritti alla protezione dei dati personali scrivendo alla Parroquia San Pio X, Carrer de Sant Jaume Ap\u00f2stol, 7, 46680 Algemes\u00ed, Valencia (Spagna), accompagnata da una copia di un documento di identit\u00e0 ufficiale.<\/p>\n\n<h5 class=\"wp-block-heading\"><b><strong>INFORMATIVA SUI COOKIE<\/strong><\/b><\/h5>\n\n<p>Questo sito web (martiresparroquiasanpiox.org) non elabora <i><em>cookie <\/em><\/i>propri. Vengono utilizzati i <i><em>cookie di <\/em><\/i>Google Analytics.<\/p>\n\n<p><i><em>Cookie di <\/em><\/i>analisi di terze parti (Google Analytics). Permettono di analizzare l&#8217;esperienza di navigazione dell&#8217;utente e quindi di migliorare il sito web adattandolo alle esigenze di chi lo visita.<\/p>\n\n<p>ga,_gat, _gat_gtag, _gid, _dc_gtm_UA. Duraci\u00f3n:_ga: 2 a\u00f1os;_gat, _dc_gtm_UA: duraci\u00f3n de la sesi\u00f3n;_gid: 1 d\u00eda.<\/p>\n\n<p>Potete consultare l&#8217;informativa sui cookie di Google qui: <a href=\"https:\/\/policies.google.com\/privacy?hl=es\">https:\/\/policies.google.com\/privacy?hl=es<\/a><\/p>\n\n<p><i><em>Ultima modifica<\/em><\/i>: settembre 2024<\/p>\n","protected":false},"excerpt":{"rendered":"<p>1. IDENTIT\u00c0 DELLA PERSONA RESPONSABILE Al fine di ottemperare alle disposizioni della Legge 34\/2002, dell&#8217;11 luglio, sui servizi della societ\u00e0 dell&#8217;informazione e del commercio elettronico, &hellip;<\/p>\n","protected":false},"author":1,"featured_media":859,"parent":2882,"menu_order":0,"comment_status":"closed","ping_status":"closed","template":"","meta":{"footnotes":""},"class_list":["post-2863","page","type-page","status-publish","has-post-thumbnail","hentry"],"_links":{"self":[{"href":"https:\/\/martiresparroquiasanpiox.org\/it\/wp-json\/wp\/v2\/pages\/2863","targetHints":{"allow":["GET"]}}],"collection":[{"href":"https:\/\/martiresparroquiasanpiox.org\/it\/wp-json\/wp\/v2\/pages"}],"about":[{"href":"https:\/\/martiresparroquiasanpiox.org\/it\/wp-json\/wp\/v2\/types\/page"}],"author":[{"embeddable":true,"href":"https:\/\/martiresparroquiasanpiox.org\/it\/wp-json\/wp\/v2\/users\/1"}],"replies":[{"embeddable":true,"href":"https:\/\/martiresparroquiasanpiox.org\/it\/wp-json\/wp\/v2\/comments?post=2863"}],"version-history":[{"count":1,"href":"https:\/\/martiresparroquiasanpiox.org\/it\/wp-json\/wp\/v2\/pages\/2863\/revisions"}],"predecessor-version":[{"id":2864,"href":"https:\/\/martiresparroquiasanpiox.org\/it\/wp-json\/wp\/v2\/pages\/2863\/revisions\/2864"}],"up":[{"embeddable":true,"href":"https:\/\/martiresparroquiasanpiox.org\/it\/wp-json\/wp\/v2\/pages\/2882"}],"wp:featuredmedia":[{"embeddable":true,"href":"https:\/\/martiresparroquiasanpiox.org\/it\/wp-json\/wp\/v2\/media\/859"}],"wp:attachment":[{"href":"https:\/\/martiresparroquiasanpiox.org\/it\/wp-json\/wp\/v2\/media?parent=2863"}],"curies":[{"name":"wp","href":"https:\/\/api.w.org\/{rel}","templated":true}]}}