{"id":2875,"date":"2024-11-03T18:52:48","date_gmt":"2024-11-03T18:52:48","guid":{"rendered":"https:\/\/martiresparroquiasanpiox.org\/martiri\/"},"modified":"2024-11-04T15:56:39","modified_gmt":"2024-11-04T15:56:39","slug":"martiri","status":"publish","type":"page","link":"https:\/\/martiresparroquiasanpiox.org\/it\/","title":{"rendered":"Martiri"},"content":{"rendered":"\n<div style=\"height:30px\" aria-hidden=\"true\" class=\"wp-block-spacer\"><\/div>\n\n<h4 class=\"wp-block-heading has-text-align-center\">\u201cFiglie mie, non abbiate paura, questo \u00e8 un momento e il cielo \u00e8 per sempre\u201d.<\/h4>\n\n<div style=\"height:30px\" aria-hidden=\"true\" class=\"wp-block-spacer\"><\/div>\n\n<p class=\"has-normal-font-size\">Maria Teresa Ferragud Roig nacque il 14 gennaio 1853 nella citt\u00e0 di Algemes\u00ed (Valencia). Mancavano meno di due mesi al suo ventesimo compleanno quando Maria Teresa spos\u00f2 Vicente Silverio il 23 novembre 1872. Da questo matrimonio nacquero nove figli: la figlia maggiore, Maria Teresa, monaca di clausura, mor\u00ec prima della guerra; le due successive morirono da neonate; le quattro successive furono monache di clausura, tre ad Agullent (Maria Jes\u00fas, Ver\u00f3nica e Felicidad) e una a Benig\u00e1nim (Josefa); una si spos\u00f2, Purificaci\u00f3n; l&#8217;unico maschio fu un frate cappuccino, frate Serafino.<\/p>\n\n<p class=\"has-normal-font-size\">Rimase vedova nel 1916. Nel 1936, dopo essere state costrette a lasciare i loro conventi, le quattro figlie di questa famiglia trovarono rifugio nella casa materna, da dove furono imprigionate insieme alla madre, che le accompagn\u00f2 volontariamente in ogni momento fino al momento finale del martirio, incoraggiandole ed esortandole a essere fedeli al loro Sposo. Quest&#8217;ultima mor\u00ec, assistendo al martirio delle sue figlie con ammirevole fortezza.<\/p>\n\n<div style=\"height:40px\" aria-hidden=\"true\" class=\"wp-block-spacer\"><\/div>\n\n<blockquote class=\"wp-block-quote has-text-align-center is-layout-flow wp-block-quote-is-layout-flow\">\n<blockquote class=\"wp-block-quote is-layout-flow wp-block-quote-is-layout-flow\">\n<p><strong><mark class=\"has-inline-color has-accent-2-color\" style=\"background-color: rgba(0, 0, 0, 0);\">\u201cEra pi\u00f9 della madre dei Maccabei\u201d.<\/mark><\/strong><\/p>\n<\/blockquote>\n<cite><strong><em>Papa Pio XII<\/em><\/strong><\/cite><\/blockquote>\n\n<blockquote class=\"wp-block-quote is-layout-flow wp-block-quote-is-layout-flow\">\n<p><\/p>\n<\/blockquote>\n\n<div style=\"height:40px\" aria-hidden=\"true\" class=\"wp-block-spacer\"><\/div>\n<div class=\"wp-block-image\">\n<figure data-wp-context=\"{&quot;imageId&quot;:&quot;69dac58b39a27&quot;}\" data-wp-interactive=\"core\/image\" data-wp-key=\"69dac58b39a27\" class=\"aligncenter size-large is-resized wp-lightbox-container\"><img loading=\"lazy\" decoding=\"async\" width=\"734\" height=\"1024\" data-wp-class--hide=\"state.isContentHidden\" data-wp-class--show=\"state.isContentVisible\" data-wp-init=\"callbacks.setButtonStyles\" data-wp-on--click=\"actions.showLightbox\" data-wp-on--load=\"callbacks.setButtonStyles\" data-wp-on-window--resize=\"callbacks.setButtonStyles\" src=\"https:\/\/martiresparroquiasanpiox.org\/wp-content\/uploads\/2024\/10\/martires-parroquia-san-pio-x-algemesi-valencia-espana-icono-734x1024.png\" alt=\"Martires Parroquia San Pio X Algemes&#xED; Valencia Espa&#xF1;a - icona\" class=\"wp-image-918\" style=\"width:650px;height:auto\" srcset=\"https:\/\/martiresparroquiasanpiox.org\/wp-content\/uploads\/2024\/10\/martires-parroquia-san-pio-x-algemesi-valencia-espana-icono-734x1024.png 734w, https:\/\/martiresparroquiasanpiox.org\/wp-content\/uploads\/2024\/10\/martires-parroquia-san-pio-x-algemesi-valencia-espana-icono-215x300.png 215w, https:\/\/martiresparroquiasanpiox.org\/wp-content\/uploads\/2024\/10\/martires-parroquia-san-pio-x-algemesi-valencia-espana-icono-768x1071.png 768w, https:\/\/martiresparroquiasanpiox.org\/wp-content\/uploads\/2024\/10\/martires-parroquia-san-pio-x-algemesi-valencia-espana-icono-1102x1536.png 1102w, https:\/\/martiresparroquiasanpiox.org\/wp-content\/uploads\/2024\/10\/martires-parroquia-san-pio-x-algemesi-valencia-espana-icono.png 1200w\" sizes=\"auto, (max-width: 734px) 100vw, 734px\" \/><button\n\t\t\tclass=\"lightbox-trigger\"\n\t\t\ttype=\"button\"\n\t\t\taria-haspopup=\"dialog\"\n\t\t\taria-label=\"Ingrandisci\"\n\t\t\tdata-wp-init=\"callbacks.initTriggerButton\"\n\t\t\tdata-wp-on--click=\"actions.showLightbox\"\n\t\t\tdata-wp-style--right=\"state.imageButtonRight\"\n\t\t\tdata-wp-style--top=\"state.imageButtonTop\"\n\t\t>\n\t\t\t<svg xmlns=\"http:\/\/www.w3.org\/2000\/svg\" width=\"12\" height=\"12\" fill=\"none\" viewBox=\"0 0 12 12\">\n\t\t\t\t<path fill=\"#fff\" d=\"M2 0a2 2 0 0 0-2 2v2h1.5V2a.5.5 0 0 1 .5-.5h2V0H2Zm2 10.5H2a.5.5 0 0 1-.5-.5V8H0v2a2 2 0 0 0 2 2h2v-1.5ZM8 12v-1.5h2a.5.5 0 0 0 .5-.5V8H12v2a2 2 0 0 1-2 2H8Zm2-12a2 2 0 0 1 2 2v2h-1.5V2a.5.5 0 0 0-.5-.5H8V0h2Z\" \/>\n\t\t\t<\/svg>\n\t\t<\/button><\/figure>\n<\/div>\n<div style=\"height:40px\" aria-hidden=\"true\" class=\"wp-block-spacer\"><\/div>\n\n<div class=\"wp-block-buttons is-content-justification-center is-layout-flex wp-container-core-buttons-is-layout-16018d1d wp-block-buttons-is-layout-flex\">\n<div class=\"wp-block-button is-style-outline is-style-outline--1\"><a class=\"wp-block-button__link has-text-align-center wp-element-button\" href=\"https:\/\/martiresparroquiasanpiox.org\/it\/martiri\/icona-delle-martiri\/\">Icona delle martiri<\/a><\/div>\n<\/div>\n\n<div style=\"height:50px\" aria-hidden=\"true\" class=\"wp-block-spacer\"><\/div>\n\n<blockquote class=\"wp-block-quote has-text-align-center is-layout-flow wp-block-quote-is-layout-flow\">\n<blockquote class=\"wp-block-quote is-layout-flow wp-block-quote-is-layout-flow\">\n<p><em><strong><mark style=\"background-color:rgba(0, 0, 0, 0)\" class=\"has-inline-color has-accent-2-color\">\u201cCome possiamo non commuoverci profondamente quando ascoltiamo le storie del suo martirio?\u201d.<\/mark><\/strong><\/em><\/p>\n<\/blockquote>\n<cite><strong><em>S. Giovanni Paolo II<\/strong><\/em><\/strong><\/cite><\/blockquote>\n\n<div style=\"height:50px\" aria-hidden=\"true\" class=\"wp-block-spacer\"><\/div>\n\n<p class=\"has-text-align-left\"><b><strong>Nella chiesa parrocchiale di San Pio X ad Algemes\u00ed (Valencia), sono sepolte alcune beate martiri della persecuzione religiosa del 1936, una madre &#8211; Maria Teresa Ferragud Roig &#8211; e le sue quattro figlie, monache di clausura.<\/strong><\/b> <b><strong>Quando furono portate a morte, la madre chiese di essere giustiziata per ultima, in modo da poter consolare e incoraggiare le figlie fino alla fine.<\/strong><\/b><\/p>\n\n<div style=\"height:40px\" aria-hidden=\"true\" class=\"wp-block-spacer\"><\/div>\n\n<h5 class=\"wp-block-heading has-text-align-center\"><b><strong>PREGHIERA<\/strong><\/b><\/h5>\n\n<div style=\"height:40px\" aria-hidden=\"true\" class=\"wp-block-spacer\"><\/div>\n\n<p class=\"has-text-align-center\">O Dio<br\/>&#13;\ngloria e corona dei martiri,<br\/>&#13;\nche hai concesso alla beata Maria Teresa Ferragud Roig<br\/>&#13;\ndi assomigliare al tuo Figlio &#13;\nin una morte come la sua,<br\/>&#13;\ndopo aver incoraggiato le sue figlie<br\/>&#13;\nad essere fedeli al suo Sposo fino alla fine, testimoniando il suo martirio;<br\/>&#13;\nti chiediamo di ottenere per sua intercessione,<br\/>&#13;\ne quella delle sue quattro figlie religiose martirizzate<br\/>&#13;\n-Josefa, Maria Jesus, Veronica e Felicidad,<br\/>&#13;\nle grazie che ora ti imploriamo.<br\/>&#13;\n<b><i><em><strong>Per Ges\u00f9 Cristo nostro Signore.<\/strong><\/em><\/i><\/b><br\/>&#13;\n<b><i><em><strong>Amen<\/strong><\/em><\/i><\/b><br\/><br\/>&#13;\n<b><strong>Padre nostro, Ave Maria e Gloria.<\/strong><\/b><br\/>&#13;\nMaria, Regina dei Martiri, prega per noi.<br\/>&#13;\n(con il dovuto permesso)<\/p>\n\n<div style=\"height:40px\" aria-hidden=\"true\" class=\"wp-block-spacer\"><\/div>\n\n<blockquote class=\"wp-block-quote is-layout-flow wp-block-quote-is-layout-flow\">\n<blockquote class=\"wp-block-quote is-layout-flow wp-block-quote-is-layout-flow\">\n<blockquote class=\"wp-block-quote is-layout-flow wp-block-quote-is-layout-flow\">\n<h5 class=\"wp-block-heading has-text-align-center\">Venite alla fonte<\/h5>\n<\/blockquote>\n<\/blockquote>\n<\/blockquote>\n\n<div style=\"height:40px\" aria-hidden=\"true\" class=\"wp-block-spacer\"><\/div>\n\n<p>Cari fratelli, pellegrini, amici e curiosi che, attraverso questi mezzi, desiderate conoscere meglio le donne e gli eventi degni di santit\u00e0. Siete i benvenuti. Mi chiamo Oscar Benavent. Sono il parroco della parrocchia di San P\u00edo X ad Algemes\u00ed e desidero aprirvi le porte di questo luogo che vi rinfresca, incoraggia, consola e conferma nella fede.<\/p>\n\n<p>Tertulliano diceva che <i><em>il sangue dei martiri \u00e8 il seme dei cristiani<\/em><\/i> e in una chiesa parrocchiale di Algemes\u00ed, un villaggio della diocesi di Valencia, giacciono i corpi fertili di donne eroiche e piene di fede che nella debolezza umana hanno dato la vita per amore di Cristo. Un&#8217;anziana madre e le sue quattro figlie contemplative furono incoraggiate a rinunciare alla fede cattolica e, di fronte al loro pacato ma categorico rifiuto, furono fucilate perch\u00e9 <b><strong>preferirono morire piuttosto che vivere come se Dio non esistesse<\/strong><\/b>. L&#8217;amore di Dio per noi \u00e8 cos\u00ec grande che noi, cos\u00ec fragili, peccatori e tremendamente vulnerabili, siamo trasformati in testimoni ed eroi.<\/p>\n\n<p>Voglio invitarvi a venire alla fonte dove tutto questo \u00e8 accaduto. Voglio incoraggiarvi a mettervi davanti a Maria Teresa e alle sue figlie cos\u00ec come siete e come vivete la vostra fede. In questo modo, la loro santit\u00e0 risveglier\u00e0 la vostra, la loro fecondit\u00e0 risveglier\u00e0 in voi il desiderio di Dio e la contemplazione di ci\u00f2 che Cristo ha potuto fare con loro vi riempir\u00e0 di speranza, perch\u00e9 solo Lui ha il potere di fare questo con voi.<\/p>\n\n<p>Se siete stati chiamati alla vita di fede e dubitate, bevete alla stessa fonte di queste donne. Esse hanno versato il loro sangue e hanno dato la loro vita come Cristo, affinch\u00e9 sia confermato nel vostro cuore che siete amati, salvati, chiamati e inviati.<\/p>\n\n<p>E quando questo pellegrinaggio sar\u00e0 terminato, sedetevi, esaminate e pregate questo passo di San Pietro.<\/p>\n\n<p><i><em>&#8220;Perci\u00f2, fratelli, siate sempre pi\u00f9 solleciti nel confermare la vostra chiamata ed elezione.<\/em><\/i> <i><em>Se lo farete, non verrete mai meno e vi saranno spalancate le porte del regno eterno del nostro Signore e Salvatore Ges\u00f9 Cristo\u201d.<\/em><\/i> <i><em>2Pt 1,10-11.<\/em><\/i><\/p>\n\n<p>Sia la parrocchia di San P\u00edo X ad Algemes\u00ed che io stesso vi aspettiamo.<\/p>\n\n<h6 class=\"wp-block-heading has-text-align-right\"><strong>\u00d3scar Benavent Calatayud, parroco<\/strong><\/h6>\n\n<div style=\"height:50px\" aria-hidden=\"true\" class=\"wp-block-spacer\"><\/div>\n\n<blockquote class=\"wp-block-quote has-text-align-center is-layout-flow wp-block-quote-is-layout-flow\">\n<blockquote class=\"wp-block-quote is-layout-flow wp-block-quote-is-layout-flow\">\n<p><strong><mark style=\"background-color:rgba(0, 0, 0, 0)\" class=\"has-inline-color has-sitetext-color\">Papa Benedetto XVI ha proposto questa madre e le sue figlie come famiglia cristiana modello per il VI Incontro Mondiale delle Famiglie in Messico nel 2008.<\/mark><\/strong><\/p>\n<\/blockquote>\n<\/blockquote>\n\n<div style=\"height:50px\" aria-hidden=\"true\" class=\"wp-block-spacer\"><\/div>\n\n<h5 class=\"wp-block-heading has-text-align-center\"><strong>MARTIRI<\/strong><\/h5>\n\n<div style=\"height:40px\" aria-hidden=\"true\" class=\"wp-block-spacer\"><\/div>\n\n<figure class=\"wp-block-gallery has-nested-images columns-5 is-cropped wp-block-gallery-2 is-layout-flex wp-block-gallery-is-layout-flex\">\n<figure class=\"wp-block-image size-large\"><a href=\"https:\/\/martiresparroquiasanpiox.org\/it\/martiri\/beata-maria-teresa-ferragud\/\"><img loading=\"lazy\" decoding=\"async\" width=\"456\" height=\"616\" data-id=\"595\" src=\"https:\/\/martiresparroquiasanpiox.org\/wp-content\/uploads\/2024\/09\/maria-teresa-y-sus-hijas-martires-beata-teresa-ferragud.png\" alt=\"Mar&#xED;a Teresa e le sue figlie martiri - Beata Teresa Ferragud - Parroquia San Pio X Algemes&#xED; Valencia Spagna\" class=\"wp-image-595\" srcset=\"https:\/\/martiresparroquiasanpiox.org\/wp-content\/uploads\/2024\/09\/maria-teresa-y-sus-hijas-martires-beata-teresa-ferragud.png 456w, https:\/\/martiresparroquiasanpiox.org\/wp-content\/uploads\/2024\/09\/maria-teresa-y-sus-hijas-martires-beata-teresa-ferragud-222x300.png 222w\" sizes=\"auto, (max-width: 456px) 100vw, 456px\" \/><\/a><\/figure>\n\n\n\n<figure class=\"wp-block-image size-large\"><a href=\"https:\/\/martiresparroquiasanpiox.org\/it\/martiri\/beata-sor-maria-veronica-masia\/\"><img loading=\"lazy\" decoding=\"async\" width=\"450\" height=\"603\" data-id=\"610\" src=\"https:\/\/martiresparroquiasanpiox.org\/wp-content\/uploads\/2024\/09\/maria-teresa-y-sus-hijas-martires-beata-maria-veronica-masia-1.png\" alt=\"Mar&#xED;a Teresa e le sue figlie martiri - Beata Mar&#xED;a Ver&#xF3;nica Masi&#xE0; - Parrocchia San Pio X Algemes&#xED; Valencia Spagna\" class=\"wp-image-610\" srcset=\"https:\/\/martiresparroquiasanpiox.org\/wp-content\/uploads\/2024\/09\/maria-teresa-y-sus-hijas-martires-beata-maria-veronica-masia-1.png 450w, https:\/\/martiresparroquiasanpiox.org\/wp-content\/uploads\/2024\/09\/maria-teresa-y-sus-hijas-martires-beata-maria-veronica-masia-1-224x300.png 224w\" sizes=\"auto, (max-width: 450px) 100vw, 450px\" \/><\/a><\/figure>\n\n\n\n<figure class=\"wp-block-image size-large\"><a href=\"https:\/\/martiresparroquiasanpiox.org\/it\/martiri\/beata-sor-maria-jesus-masia\/\"><img loading=\"lazy\" decoding=\"async\" width=\"462\" height=\"611\" data-id=\"622\" src=\"https:\/\/martiresparroquiasanpiox.org\/wp-content\/uploads\/2024\/09\/maria-teresa-y-sus-hijas-martires-beata-maria-jesus-masia.png\" alt=\"\" class=\"wp-image-622\" srcset=\"https:\/\/martiresparroquiasanpiox.org\/wp-content\/uploads\/2024\/09\/maria-teresa-y-sus-hijas-martires-beata-maria-jesus-masia.png 462w, https:\/\/martiresparroquiasanpiox.org\/wp-content\/uploads\/2024\/09\/maria-teresa-y-sus-hijas-martires-beata-maria-jesus-masia-227x300.png 227w\" sizes=\"auto, (max-width: 462px) 100vw, 462px\" \/><\/a><\/figure>\n\n\n\n<figure class=\"wp-block-image size-large\"><a href=\"https:\/\/martiresparroquiasanpiox.org\/it\/martiri\/beata-sor-josefa-de-la-purificacion-masia\/\"><img loading=\"lazy\" decoding=\"async\" width=\"483\" height=\"785\" data-id=\"617\" src=\"https:\/\/martiresparroquiasanpiox.org\/wp-content\/uploads\/2024\/09\/maria-teresa-y-sus-hijas-martires-beata-josefa-purificacion-masia.png\" alt=\"Mar&#xED;a Teresa e le sue figlie martiri - Beata Josefa de la Purificaci&#xF3;n Masi&#xE0; - Parrocchia San Pio X Algemes&#xED; Valencia Spagna\" class=\"wp-image-617\" srcset=\"https:\/\/martiresparroquiasanpiox.org\/wp-content\/uploads\/2024\/09\/maria-teresa-y-sus-hijas-martires-beata-josefa-purificacion-masia.png 483w, https:\/\/martiresparroquiasanpiox.org\/wp-content\/uploads\/2024\/09\/maria-teresa-y-sus-hijas-martires-beata-josefa-purificacion-masia-185x300.png 185w\" sizes=\"auto, (max-width: 483px) 100vw, 483px\" \/><\/a><\/figure>\n\n\n\n<figure class=\"wp-block-image size-large\"><a href=\"https:\/\/martiresparroquiasanpiox.org\/it\/martiri\/beata-sor-felicidad-masia\/\"><img loading=\"lazy\" decoding=\"async\" width=\"526\" height=\"608\" data-id=\"580\" src=\"https:\/\/martiresparroquiasanpiox.org\/wp-content\/uploads\/2024\/09\/maria-teresa-y-sus-hijas-martires-beata-feilcidad-masia.png\" alt=\"Mar&#xED;a Teresa e le sue figlie martiri - Beata Suor Felicidad Masi&#xE0; - Parrocchia di San Pio X Algemes&#xED; Valencia Spagna\" class=\"wp-image-580\" srcset=\"https:\/\/martiresparroquiasanpiox.org\/wp-content\/uploads\/2024\/09\/maria-teresa-y-sus-hijas-martires-beata-feilcidad-masia.png 526w, https:\/\/martiresparroquiasanpiox.org\/wp-content\/uploads\/2024\/09\/maria-teresa-y-sus-hijas-martires-beata-feilcidad-masia-260x300.png 260w\" sizes=\"auto, (max-width: 526px) 100vw, 526px\" \/><\/a><\/figure>\n<\/figure>\n\n<div style=\"height:40px\" aria-hidden=\"true\" class=\"wp-block-spacer\"><\/div>\n\n<h5 class=\"wp-block-heading has-text-align-center\"><b><strong>Cantico in onore delle Beate Martiri di Algemes\u00ed<\/strong><\/b><\/h5>\n\n<div style=\"height:40px\" aria-hidden=\"true\" class=\"wp-block-spacer\"><\/div>\n\n<div class=\"wp-block-buttons is-content-justification-center is-layout-flex wp-container-core-buttons-is-layout-16018d1d wp-block-buttons-is-layout-flex\">\n<div class=\"wp-block-button is-style-outline is-style-outline--3\"><a class=\"wp-block-button__link has-text-align-center wp-element-button\" href=\"https:\/\/martiresparroquiasanpiox.org\/it\/martiri\/cantico-in-onore-delle-beate\/\">Per saperne di pi\u00f9&#8230;<\/a><\/div>\n<\/div>\n\n<div style=\"height:50px\" aria-hidden=\"true\" class=\"wp-block-spacer\"><\/div>\n\n<figure class=\"wp-block-audio\"><audio controls=\"\" src=\"https:\/\/martiresparroquiasanpiox.org\/wp-content\/uploads\/2024\/09\/Cantico-en-honor-de-las-Beatas-Martires-de-Algemesi.mp3\"><\/audio><\/figure>\n\n<div style=\"height:40px\" aria-hidden=\"true\" class=\"wp-block-spacer\"><\/div>\n\n<p><\/p>\n","protected":false},"excerpt":{"rendered":"<p>\u201cFiglie mie, non abbiate paura, questo \u00e8 un momento e il cielo \u00e8 per sempre\u201d. Maria Teresa Ferragud Roig nacque il 14 gennaio 1853 nella &hellip;<\/p>\n","protected":false},"author":1,"featured_media":0,"parent":0,"menu_order":0,"comment_status":"closed","ping_status":"closed","template":"","meta":{"footnotes":""},"class_list":["post-2875","page","type-page","status-publish","hentry"],"_links":{"self":[{"href":"https:\/\/martiresparroquiasanpiox.org\/it\/wp-json\/wp\/v2\/pages\/2875","targetHints":{"allow":["GET"]}}],"collection":[{"href":"https:\/\/martiresparroquiasanpiox.org\/it\/wp-json\/wp\/v2\/pages"}],"about":[{"href":"https:\/\/martiresparroquiasanpiox.org\/it\/wp-json\/wp\/v2\/types\/page"}],"author":[{"embeddable":true,"href":"https:\/\/martiresparroquiasanpiox.org\/it\/wp-json\/wp\/v2\/users\/1"}],"replies":[{"embeddable":true,"href":"https:\/\/martiresparroquiasanpiox.org\/it\/wp-json\/wp\/v2\/comments?post=2875"}],"version-history":[{"count":10,"href":"https:\/\/martiresparroquiasanpiox.org\/it\/wp-json\/wp\/v2\/pages\/2875\/revisions"}],"predecessor-version":[{"id":2971,"href":"https:\/\/martiresparroquiasanpiox.org\/it\/wp-json\/wp\/v2\/pages\/2875\/revisions\/2971"}],"wp:attachment":[{"href":"https:\/\/martiresparroquiasanpiox.org\/it\/wp-json\/wp\/v2\/media?parent=2875"}],"curies":[{"name":"wp","href":"https:\/\/api.w.org\/{rel}","templated":true}]}}