{"id":2937,"date":"2024-11-04T06:41:31","date_gmt":"2024-11-04T06:41:31","guid":{"rendered":"https:\/\/martiresparroquiasanpiox.org\/martiri\/beata-sor-felicidad-masia\/"},"modified":"2024-11-04T06:41:31","modified_gmt":"2024-11-04T06:41:31","slug":"beata-sor-felicidad-masia","status":"publish","type":"page","link":"https:\/\/martiresparroquiasanpiox.org\/it\/martiri\/beata-sor-felicidad-masia\/","title":{"rendered":"Beata Sor Felicidad Masi\u00e1"},"content":{"rendered":"<div class=\"wp-block-image\">\n<figure class=\"aligncenter size-full\"><img loading=\"lazy\" decoding=\"async\" width=\"526\" height=\"608\" src=\"https:\/\/martiresparroquiasanpiox.org\/wp-content\/uploads\/2024\/09\/maria-teresa-y-sus-hijas-martires-beata-feilcidad-masia.png\" alt=\"\" class=\"wp-image-580\" srcset=\"https:\/\/martiresparroquiasanpiox.org\/wp-content\/uploads\/2024\/09\/maria-teresa-y-sus-hijas-martires-beata-feilcidad-masia.png 526w, https:\/\/martiresparroquiasanpiox.org\/wp-content\/uploads\/2024\/09\/maria-teresa-y-sus-hijas-martires-beata-feilcidad-masia-260x300.png 260w\" sizes=\"auto, (max-width: 526px) 100vw, 526px\" \/><\/figure>\n<\/div>\n<div style=\"height:40px\" aria-hidden=\"true\" class=\"wp-block-spacer\"><\/div>\n\n<p>Mar\u00eda Felicidad Masi\u00e1 Ferragud nacque il 28 agosto 1890 ed entr\u00f2 nel convento cappuccino di Agullent (Valencia) nel 1909. Mantenne il suo nome e profess\u00f2 come suor FELICIDAD. Dovette lasciare temporaneamente il monastero a causa di una malattia. Mor\u00ec martire all&#8217;et\u00e0 di 46 anni.<\/p>\n\n<div style=\"height:40px\" aria-hidden=\"true\" class=\"wp-block-spacer\"><\/div>\n\n<h5 class=\"wp-block-heading has-text-align-center\">LETTERE<\/h5>\n\n<div style=\"height:40px\" aria-hidden=\"true\" class=\"wp-block-spacer\"><\/div>\n<div class=\"wp-block-image\">\n<figure class=\"aligncenter size-large\"><a href=\"https:\/\/martiresparroquiasanpiox.org\/it\/lettere\/lettere-felicidad-masia\/\"><img loading=\"lazy\" decoding=\"async\" width=\"1024\" height=\"576\" src=\"https:\/\/martiresparroquiasanpiox.org\/wp-content\/uploads\/2024\/09\/maria-teresa-y-sus-hijas-martires-cartas-cabecera-1024x576.png\" alt=\"Mar&#xED;a Teresa e le sue figlie martiri - Parroquia San Pio X de Algemes&#xED; Valencia - intestazione della lettera\" class=\"wp-image-241\" srcset=\"https:\/\/martiresparroquiasanpiox.org\/wp-content\/uploads\/2024\/09\/maria-teresa-y-sus-hijas-martires-cartas-cabecera-1024x576.png 1024w, https:\/\/martiresparroquiasanpiox.org\/wp-content\/uploads\/2024\/09\/maria-teresa-y-sus-hijas-martires-cartas-cabecera-300x169.png 300w, https:\/\/martiresparroquiasanpiox.org\/wp-content\/uploads\/2024\/09\/maria-teresa-y-sus-hijas-martires-cartas-cabecera-768x432.png 768w, https:\/\/martiresparroquiasanpiox.org\/wp-content\/uploads\/2024\/09\/maria-teresa-y-sus-hijas-martires-cartas-cabecera-1536x864.png 1536w, https:\/\/martiresparroquiasanpiox.org\/wp-content\/uploads\/2024\/09\/maria-teresa-y-sus-hijas-martires-cartas-cabecera-533x300.png 533w, https:\/\/martiresparroquiasanpiox.org\/wp-content\/uploads\/2024\/09\/maria-teresa-y-sus-hijas-martires-cartas-cabecera.png 1920w\" sizes=\"auto, (max-width: 1024px) 100vw, 1024px\" \/><\/a><\/figure>\n<\/div>\n<div style=\"height:40px\" aria-hidden=\"true\" class=\"wp-block-spacer\"><\/div>\n\n<div class=\"wp-block-buttons is-content-justification-center is-layout-flex wp-container-core-buttons-is-layout-16018d1d wp-block-buttons-is-layout-flex\">\n<div class=\"wp-block-button is-style-outline is-style-outline--1\"><a class=\"wp-block-button__link has-text-align-center wp-element-button\" href=\"https:\/\/martiresparroquiasanpiox.org\/it\/lettere\/lettere-felicidad-masia\/\">Per saperne di pi\u00f9&#8230;<\/a><\/div>\n<\/div>\n\n<div style=\"height:40px\" aria-hidden=\"true\" class=\"wp-block-spacer\"><\/div>\n\n<h6 class=\"wp-block-heading has-text-align-center\">Segreteria della Camera e del Governo dell&#8217;Arcivescovado di Valencia<\/h6>\n\n<div style=\"height:40px\" aria-hidden=\"true\" class=\"wp-block-spacer\"><\/div>\n<div class=\"wp-block-image\">\n<figure class=\"aligncenter size-large\"><img loading=\"lazy\" decoding=\"async\" width=\"791\" height=\"1024\" src=\"https:\/\/martiresparroquiasanpiox.org\/wp-content\/uploads\/2024\/09\/maria-teresa-y-sus-hijas-martires-sor-felicidad-masia-ferregud-martir-documento-secretaria-camara-gobierno-arzobispado-valencia-791x1024.png\" alt=\"\" class=\"wp-image-202\" srcset=\"https:\/\/martiresparroquiasanpiox.org\/wp-content\/uploads\/2024\/09\/maria-teresa-y-sus-hijas-martires-sor-felicidad-masia-ferregud-martir-documento-secretaria-camara-gobierno-arzobispado-valencia-791x1024.png 791w, https:\/\/martiresparroquiasanpiox.org\/wp-content\/uploads\/2024\/09\/maria-teresa-y-sus-hijas-martires-sor-felicidad-masia-ferregud-martir-documento-secretaria-camara-gobierno-arzobispado-valencia-232x300.png 232w, https:\/\/martiresparroquiasanpiox.org\/wp-content\/uploads\/2024\/09\/maria-teresa-y-sus-hijas-martires-sor-felicidad-masia-ferregud-martir-documento-secretaria-camara-gobierno-arzobispado-valencia-768x995.png 768w, https:\/\/martiresparroquiasanpiox.org\/wp-content\/uploads\/2024\/09\/maria-teresa-y-sus-hijas-martires-sor-felicidad-masia-ferregud-martir-documento-secretaria-camara-gobierno-arzobispado-valencia.png 834w\" sizes=\"auto, (max-width: 791px) 100vw, 791px\" \/><\/figure>\n<\/div>\n<div style=\"height:50px\" aria-hidden=\"true\" class=\"wp-block-spacer\"><\/div>\n\n<p>Al fine di proseguire la trattazione di una pratica presso questa Curia relativa alla licenza di rientro nel Convento delle Cappuccine di Agullent di Suor Felicidad Masi\u00e1 Ferragud, monaca professa solenne del suddetto Convento, che si \u00e8 allontanata temporaneamente a causa di una malattia e che si trova in quella citt\u00e0, \u00e8 necessario che l&#8217;interessata fornisca alla suddetta pratica una certificazione, se giurabile, del medico sotto la cui assistenza e cura si trova da quando ha lasciato il monastero.<\/p>\n\n<p>Si prega pertanto di informare l&#8217;interessato e di ricevere il giuramento del medico, se colui che ha assistito la suddetta suora durante la sua malattia vive in quella citt\u00e0, e la certificazione dovrebbe iniziare con le parole: \u201cAttesto e giuro ecc.\u201d.<\/p>\n\n<p>Dio vi protegga per molti anni a venire.<\/p>\n\n<p>Valencia 4 giugno 1925.<\/p>\n","protected":false},"excerpt":{"rendered":"<p>Mar\u00eda Felicidad Masi\u00e1 Ferragud nacque il 28 agosto 1890 ed entr\u00f2 nel convento cappuccino di Agullent (Valencia) nel 1909. Mantenne il suo nome e profess\u00f2 &hellip;<\/p>\n","protected":false},"author":1,"featured_media":576,"parent":2875,"menu_order":0,"comment_status":"closed","ping_status":"closed","template":"","meta":{"footnotes":""},"class_list":["post-2937","page","type-page","status-publish","has-post-thumbnail","hentry"],"_links":{"self":[{"href":"https:\/\/martiresparroquiasanpiox.org\/it\/wp-json\/wp\/v2\/pages\/2937","targetHints":{"allow":["GET"]}}],"collection":[{"href":"https:\/\/martiresparroquiasanpiox.org\/it\/wp-json\/wp\/v2\/pages"}],"about":[{"href":"https:\/\/martiresparroquiasanpiox.org\/it\/wp-json\/wp\/v2\/types\/page"}],"author":[{"embeddable":true,"href":"https:\/\/martiresparroquiasanpiox.org\/it\/wp-json\/wp\/v2\/users\/1"}],"replies":[{"embeddable":true,"href":"https:\/\/martiresparroquiasanpiox.org\/it\/wp-json\/wp\/v2\/comments?post=2937"}],"version-history":[{"count":1,"href":"https:\/\/martiresparroquiasanpiox.org\/it\/wp-json\/wp\/v2\/pages\/2937\/revisions"}],"predecessor-version":[{"id":2938,"href":"https:\/\/martiresparroquiasanpiox.org\/it\/wp-json\/wp\/v2\/pages\/2937\/revisions\/2938"}],"up":[{"embeddable":true,"href":"https:\/\/martiresparroquiasanpiox.org\/it\/wp-json\/wp\/v2\/pages\/2875"}],"wp:featuredmedia":[{"embeddable":true,"href":"https:\/\/martiresparroquiasanpiox.org\/it\/wp-json\/wp\/v2\/media\/576"}],"wp:attachment":[{"href":"https:\/\/martiresparroquiasanpiox.org\/it\/wp-json\/wp\/v2\/media?parent=2937"}],"curies":[{"name":"wp","href":"https:\/\/api.w.org\/{rel}","templated":true}]}}