{"id":2939,"date":"2024-11-04T06:42:24","date_gmt":"2024-11-04T06:42:24","guid":{"rendered":"https:\/\/martiresparroquiasanpiox.org\/martiri\/beata-sor-josefa-de-la-purificacion-masia\/"},"modified":"2024-11-04T06:42:25","modified_gmt":"2024-11-04T06:42:25","slug":"beata-sor-josefa-de-la-purificacion-masia","status":"publish","type":"page","link":"https:\/\/martiresparroquiasanpiox.org\/it\/martiri\/beata-sor-josefa-de-la-purificacion-masia\/","title":{"rendered":"Beata Sor Josefa de la Purificaci\u00f3n Masi\u00e1"},"content":{"rendered":"<div class=\"wp-block-image\">\n<figure class=\"aligncenter size-full\"><img loading=\"lazy\" decoding=\"async\" width=\"483\" height=\"785\" src=\"https:\/\/martiresparroquiasanpiox.org\/wp-content\/uploads\/2024\/09\/maria-teresa-y-sus-hijas-martires-beata-josefa-purificacion-masia.png\" alt=\"Mar&#xED;a Teresa e le sue figlie martiri - Beata Josefa de la Purificaci&#xF3;n Masi&#xE0; - Parrocchia San Pio X Algemes&#xED; Valencia Spagna\" class=\"wp-image-617\" srcset=\"https:\/\/martiresparroquiasanpiox.org\/wp-content\/uploads\/2024\/09\/maria-teresa-y-sus-hijas-martires-beata-josefa-purificacion-masia.png 483w, https:\/\/martiresparroquiasanpiox.org\/wp-content\/uploads\/2024\/09\/maria-teresa-y-sus-hijas-martires-beata-josefa-purificacion-masia-185x300.png 185w\" sizes=\"auto, (max-width: 483px) 100vw, 483px\" \/><\/figure>\n<\/div>\n<div style=\"height:40px\" aria-hidden=\"true\" class=\"wp-block-spacer\"><\/div>\n\n<p>Josefa Ramona Celestina nacque il 10 giugno 1887; all&#8217;et\u00e0 di 18 anni entr\u00f2 nel convento delle Monache Agostiniane Scalze di Benig\u00e1nim (Valencia). Professa con il nome di Suor Purificaci\u00f3n (d&#8217;ora in poi ci riferiremo a lei come \u201cJOSEFA\u201d, per non confonderla con la sorella sposata Purificaci\u00f3n). Divenne priora e maestra delle novizie. Mor\u00ec martire all&#8217;et\u00e0 di 49 anni.<\/p>\n\n<div style=\"height:40px\" aria-hidden=\"true\" class=\"wp-block-spacer\"><\/div>\n\n<h5 class=\"wp-block-heading has-text-align-center\">LETTERE<\/h5>\n\n<div style=\"height:40px\" aria-hidden=\"true\" class=\"wp-block-spacer\"><\/div>\n<div class=\"wp-block-image\">\n<figure class=\"aligncenter size-large\"><a href=\"https:\/\/martiresparroquiasanpiox.org\/cartas\/cartas-josefa-masia\/\"><img loading=\"lazy\" decoding=\"async\" width=\"1024\" height=\"576\" src=\"https:\/\/martiresparroquiasanpiox.org\/wp-content\/uploads\/2024\/09\/maria-teresa-y-sus-hijas-martires-cartas-cabecera-1024x576.png\" alt=\"Mar&#xED;a Teresa e le sue figlie martiri - Parroquia San Pio X de Algemes&#xED; Valencia - intestazione della lettera\" class=\"wp-image-241\" srcset=\"https:\/\/martiresparroquiasanpiox.org\/wp-content\/uploads\/2024\/09\/maria-teresa-y-sus-hijas-martires-cartas-cabecera-1024x576.png 1024w, https:\/\/martiresparroquiasanpiox.org\/wp-content\/uploads\/2024\/09\/maria-teresa-y-sus-hijas-martires-cartas-cabecera-300x169.png 300w, https:\/\/martiresparroquiasanpiox.org\/wp-content\/uploads\/2024\/09\/maria-teresa-y-sus-hijas-martires-cartas-cabecera-768x432.png 768w, https:\/\/martiresparroquiasanpiox.org\/wp-content\/uploads\/2024\/09\/maria-teresa-y-sus-hijas-martires-cartas-cabecera-1536x864.png 1536w, https:\/\/martiresparroquiasanpiox.org\/wp-content\/uploads\/2024\/09\/maria-teresa-y-sus-hijas-martires-cartas-cabecera-533x300.png 533w, https:\/\/martiresparroquiasanpiox.org\/wp-content\/uploads\/2024\/09\/maria-teresa-y-sus-hijas-martires-cartas-cabecera.png 1920w\" sizes=\"auto, (max-width: 1024px) 100vw, 1024px\" \/><\/a><\/figure>\n<\/div>\n<div style=\"height:40px\" aria-hidden=\"true\" class=\"wp-block-spacer\"><\/div>\n\n<div class=\"wp-block-buttons is-content-justification-center is-layout-flex wp-container-core-buttons-is-layout-16018d1d wp-block-buttons-is-layout-flex\">\n<div class=\"wp-block-button is-style-outline is-style-outline--1\"><a class=\"wp-block-button__link has-text-align-center wp-element-button\" href=\"https:\/\/martiresparroquiasanpiox.org\/cartas\/cartas-josefa-masia\/\">Per saperne di pi\u00f9&#8230;<\/a><\/div>\n<\/div>\n\n<div style=\"height:40px\" aria-hidden=\"true\" class=\"wp-block-spacer\"><\/div>\n","protected":false},"excerpt":{"rendered":"<p>Josefa Ramona Celestina nacque il 10 giugno 1887; all&#8217;et\u00e0 di 18 anni entr\u00f2 nel convento delle Monache Agostiniane Scalze di Benig\u00e1nim (Valencia). Professa con il &hellip;<\/p>\n","protected":false},"author":1,"featured_media":576,"parent":2875,"menu_order":0,"comment_status":"closed","ping_status":"closed","template":"","meta":{"footnotes":""},"class_list":["post-2939","page","type-page","status-publish","has-post-thumbnail","hentry"],"_links":{"self":[{"href":"https:\/\/martiresparroquiasanpiox.org\/it\/wp-json\/wp\/v2\/pages\/2939","targetHints":{"allow":["GET"]}}],"collection":[{"href":"https:\/\/martiresparroquiasanpiox.org\/it\/wp-json\/wp\/v2\/pages"}],"about":[{"href":"https:\/\/martiresparroquiasanpiox.org\/it\/wp-json\/wp\/v2\/types\/page"}],"author":[{"embeddable":true,"href":"https:\/\/martiresparroquiasanpiox.org\/it\/wp-json\/wp\/v2\/users\/1"}],"replies":[{"embeddable":true,"href":"https:\/\/martiresparroquiasanpiox.org\/it\/wp-json\/wp\/v2\/comments?post=2939"}],"version-history":[{"count":1,"href":"https:\/\/martiresparroquiasanpiox.org\/it\/wp-json\/wp\/v2\/pages\/2939\/revisions"}],"predecessor-version":[{"id":2940,"href":"https:\/\/martiresparroquiasanpiox.org\/it\/wp-json\/wp\/v2\/pages\/2939\/revisions\/2940"}],"up":[{"embeddable":true,"href":"https:\/\/martiresparroquiasanpiox.org\/it\/wp-json\/wp\/v2\/pages\/2875"}],"wp:featuredmedia":[{"embeddable":true,"href":"https:\/\/martiresparroquiasanpiox.org\/it\/wp-json\/wp\/v2\/media\/576"}],"wp:attachment":[{"href":"https:\/\/martiresparroquiasanpiox.org\/it\/wp-json\/wp\/v2\/media?parent=2939"}],"curies":[{"name":"wp","href":"https:\/\/api.w.org\/{rel}","templated":true}]}}