{"id":2977,"date":"2024-11-05T06:26:19","date_gmt":"2024-11-05T06:26:19","guid":{"rendered":"https:\/\/martiresparroquiasanpiox.org\/lettere\/dalla-prigione\/"},"modified":"2024-11-05T06:26:20","modified_gmt":"2024-11-05T06:26:20","slug":"dalla-prigione","status":"publish","type":"page","link":"https:\/\/martiresparroquiasanpiox.org\/it\/lettere\/dalla-prigione\/","title":{"rendered":"Dalla prigione"},"content":{"rendered":"\n<blockquote class=\"wp-block-quote is-layout-flow wp-block-quote-is-layout-flow\">\n<p>Dei giorni della prigione, abbiamo alcuni appunti scritti dalle figlie religiose. I primi, scritti a matita, appartengono probabilmente a Josefa.<\/p>\n<\/blockquote>\n<div class=\"wp-block-image\">\n<figure data-wp-context=\"{&quot;imageId&quot;:&quot;69ea043a520f5&quot;}\" data-wp-interactive=\"core\/image\" data-wp-key=\"69ea043a520f5\" class=\"aligncenter size-large wp-lightbox-container\"><img loading=\"lazy\" decoding=\"async\" width=\"1024\" height=\"768\" data-wp-class--hide=\"state.isContentHidden\" data-wp-class--show=\"state.isContentVisible\" data-wp-init=\"callbacks.setButtonStyles\" data-wp-on--click=\"actions.showLightbox\" data-wp-on--load=\"callbacks.setButtonStyles\" data-wp-on-window--resize=\"callbacks.setButtonStyles\" src=\"https:\/\/martiresparroquiasanpiox.org\/wp-content\/uploads\/2024\/10\/maria-teresa-y-sus-hijas-martires-cartas-desde-la-prision-1-1024x768.png\" alt=\"Mar&#xED;a Teresa e le sue figlie martiri - Parroquia San Pio X de Algemes&#xED; Valencia - Lettere dal carcere\" class=\"wp-image-2372\" srcset=\"https:\/\/martiresparroquiasanpiox.org\/wp-content\/uploads\/2024\/10\/maria-teresa-y-sus-hijas-martires-cartas-desde-la-prision-1-1024x768.png 1024w, https:\/\/martiresparroquiasanpiox.org\/wp-content\/uploads\/2024\/10\/maria-teresa-y-sus-hijas-martires-cartas-desde-la-prision-1-300x225.png 300w, https:\/\/martiresparroquiasanpiox.org\/wp-content\/uploads\/2024\/10\/maria-teresa-y-sus-hijas-martires-cartas-desde-la-prision-1-768x576.png 768w, https:\/\/martiresparroquiasanpiox.org\/wp-content\/uploads\/2024\/10\/maria-teresa-y-sus-hijas-martires-cartas-desde-la-prision-1-400x300.png 400w, https:\/\/martiresparroquiasanpiox.org\/wp-content\/uploads\/2024\/10\/maria-teresa-y-sus-hijas-martires-cartas-desde-la-prision-1.png 1440w\" sizes=\"auto, (max-width: 1024px) 100vw, 1024px\" \/><button\n\t\t\tclass=\"lightbox-trigger\"\n\t\t\ttype=\"button\"\n\t\t\taria-haspopup=\"dialog\"\n\t\t\taria-label=\"Ingrandisci\"\n\t\t\tdata-wp-init=\"callbacks.initTriggerButton\"\n\t\t\tdata-wp-on--click=\"actions.showLightbox\"\n\t\t\tdata-wp-style--right=\"state.imageButtonRight\"\n\t\t\tdata-wp-style--top=\"state.imageButtonTop\"\n\t\t>\n\t\t\t<svg xmlns=\"http:\/\/www.w3.org\/2000\/svg\" width=\"12\" height=\"12\" fill=\"none\" viewBox=\"0 0 12 12\">\n\t\t\t\t<path fill=\"#fff\" d=\"M2 0a2 2 0 0 0-2 2v2h1.5V2a.5.5 0 0 1 .5-.5h2V0H2Zm2 10.5H2a.5.5 0 0 1-.5-.5V8H0v2a2 2 0 0 0 2 2h2v-1.5ZM8 12v-1.5h2a.5.5 0 0 0 .5-.5V8H12v2a2 2 0 0 1-2 2H8Zm2-12a2 2 0 0 1 2 2v2h-1.5V2a.5.5 0 0 0-.5-.5H8V0h2Z\" \/>\n\t\t\t<\/svg>\n\t\t<\/button><\/figure>\n<\/div>\n<p>Ieri, venerd\u00ec, abbiamo fatto la prima dichiarazione e ci hanno chiesto solo dei Conventi, del periodo in cui siamo entrati, dello stile di vita e simili, ma dovete tornare, vedremo, non ditelo.<\/p>\n<div class=\"wp-block-image\">\n<figure data-wp-context=\"{&quot;imageId&quot;:&quot;69ea043a52982&quot;}\" data-wp-interactive=\"core\/image\" data-wp-key=\"69ea043a52982\" class=\"aligncenter size-large wp-lightbox-container\"><img loading=\"lazy\" decoding=\"async\" width=\"1024\" height=\"768\" data-wp-class--hide=\"state.isContentHidden\" data-wp-class--show=\"state.isContentVisible\" data-wp-init=\"callbacks.setButtonStyles\" data-wp-on--click=\"actions.showLightbox\" data-wp-on--load=\"callbacks.setButtonStyles\" data-wp-on-window--resize=\"callbacks.setButtonStyles\" src=\"https:\/\/martiresparroquiasanpiox.org\/wp-content\/uploads\/2024\/10\/maria-teresa-y-sus-hijas-martires-cartas-desde-la-prision-2-1024x768.png\" alt=\"Mar&#xED;a Teresa e le sue figlie martiri - Parroquia San Pio X de Algemes&#xED; Valencia - Lettere dal carcere\" class=\"wp-image-2382\" srcset=\"https:\/\/martiresparroquiasanpiox.org\/wp-content\/uploads\/2024\/10\/maria-teresa-y-sus-hijas-martires-cartas-desde-la-prision-2-1024x768.png 1024w, https:\/\/martiresparroquiasanpiox.org\/wp-content\/uploads\/2024\/10\/maria-teresa-y-sus-hijas-martires-cartas-desde-la-prision-2-300x225.png 300w, https:\/\/martiresparroquiasanpiox.org\/wp-content\/uploads\/2024\/10\/maria-teresa-y-sus-hijas-martires-cartas-desde-la-prision-2-768x576.png 768w, https:\/\/martiresparroquiasanpiox.org\/wp-content\/uploads\/2024\/10\/maria-teresa-y-sus-hijas-martires-cartas-desde-la-prision-2-400x300.png 400w, https:\/\/martiresparroquiasanpiox.org\/wp-content\/uploads\/2024\/10\/maria-teresa-y-sus-hijas-martires-cartas-desde-la-prision-2.png 1440w\" sizes=\"auto, (max-width: 1024px) 100vw, 1024px\" \/><button\n\t\t\tclass=\"lightbox-trigger\"\n\t\t\ttype=\"button\"\n\t\t\taria-haspopup=\"dialog\"\n\t\t\taria-label=\"Ingrandisci\"\n\t\t\tdata-wp-init=\"callbacks.initTriggerButton\"\n\t\t\tdata-wp-on--click=\"actions.showLightbox\"\n\t\t\tdata-wp-style--right=\"state.imageButtonRight\"\n\t\t\tdata-wp-style--top=\"state.imageButtonTop\"\n\t\t>\n\t\t\t<svg xmlns=\"http:\/\/www.w3.org\/2000\/svg\" width=\"12\" height=\"12\" fill=\"none\" viewBox=\"0 0 12 12\">\n\t\t\t\t<path fill=\"#fff\" d=\"M2 0a2 2 0 0 0-2 2v2h1.5V2a.5.5 0 0 1 .5-.5h2V0H2Zm2 10.5H2a.5.5 0 0 1-.5-.5V8H0v2a2 2 0 0 0 2 2h2v-1.5ZM8 12v-1.5h2a.5.5 0 0 0 .5-.5V8H12v2a2 2 0 0 1-2 2H8Zm2-12a2 2 0 0 1 2 2v2h-1.5V2a.5.5 0 0 0-.5-.5H8V0h2Z\" \/>\n\t\t\t<\/svg>\n\t\t<\/button><\/figure>\n<\/div>\n<p>Abbiamo anche chiesto alle guardie di far uscire Felicidad e la madre in giardino, per prendere un po&#8217; d&#8217;aria fresca. Sono uscite con la guardia e sono state insieme per un po&#8217;. La guardia \u00e8 gentile e mi sono divertita, e la madre \u00e8 pi\u00f9 allegra.<\/p>\n<div class=\"wp-block-image\">\n<figure data-wp-context=\"{&quot;imageId&quot;:&quot;69ea043a53147&quot;}\" data-wp-interactive=\"core\/image\" data-wp-key=\"69ea043a53147\" class=\"aligncenter size-large wp-lightbox-container\"><img loading=\"lazy\" decoding=\"async\" width=\"1024\" height=\"768\" data-wp-class--hide=\"state.isContentHidden\" data-wp-class--show=\"state.isContentVisible\" data-wp-init=\"callbacks.setButtonStyles\" data-wp-on--click=\"actions.showLightbox\" data-wp-on--load=\"callbacks.setButtonStyles\" data-wp-on-window--resize=\"callbacks.setButtonStyles\" src=\"https:\/\/martiresparroquiasanpiox.org\/wp-content\/uploads\/2024\/10\/maria-teresa-y-sus-hijas-martires-cartas-desde-la-prision-3-1024x768.png\" alt=\"Mar&#xED;a Teresa e le sue figlie martiri - Parroquia San Pio X de Algemes&#xED; Valencia - Lettere dal carcere\" class=\"wp-image-2387\" srcset=\"https:\/\/martiresparroquiasanpiox.org\/wp-content\/uploads\/2024\/10\/maria-teresa-y-sus-hijas-martires-cartas-desde-la-prision-3-1024x768.png 1024w, https:\/\/martiresparroquiasanpiox.org\/wp-content\/uploads\/2024\/10\/maria-teresa-y-sus-hijas-martires-cartas-desde-la-prision-3-300x225.png 300w, https:\/\/martiresparroquiasanpiox.org\/wp-content\/uploads\/2024\/10\/maria-teresa-y-sus-hijas-martires-cartas-desde-la-prision-3-768x576.png 768w, https:\/\/martiresparroquiasanpiox.org\/wp-content\/uploads\/2024\/10\/maria-teresa-y-sus-hijas-martires-cartas-desde-la-prision-3-400x300.png 400w, https:\/\/martiresparroquiasanpiox.org\/wp-content\/uploads\/2024\/10\/maria-teresa-y-sus-hijas-martires-cartas-desde-la-prision-3.png 1440w\" sizes=\"auto, (max-width: 1024px) 100vw, 1024px\" \/><button\n\t\t\tclass=\"lightbox-trigger\"\n\t\t\ttype=\"button\"\n\t\t\taria-haspopup=\"dialog\"\n\t\t\taria-label=\"Ingrandisci\"\n\t\t\tdata-wp-init=\"callbacks.initTriggerButton\"\n\t\t\tdata-wp-on--click=\"actions.showLightbox\"\n\t\t\tdata-wp-style--right=\"state.imageButtonRight\"\n\t\t\tdata-wp-style--top=\"state.imageButtonTop\"\n\t\t>\n\t\t\t<svg xmlns=\"http:\/\/www.w3.org\/2000\/svg\" width=\"12\" height=\"12\" fill=\"none\" viewBox=\"0 0 12 12\">\n\t\t\t\t<path fill=\"#fff\" d=\"M2 0a2 2 0 0 0-2 2v2h1.5V2a.5.5 0 0 1 .5-.5h2V0H2Zm2 10.5H2a.5.5 0 0 1-.5-.5V8H0v2a2 2 0 0 0 2 2h2v-1.5ZM8 12v-1.5h2a.5.5 0 0 0 .5-.5V8H12v2a2 2 0 0 1-2 2H8Zm2-12a2 2 0 0 1 2 2v2h-1.5V2a.5.5 0 0 0-.5-.5H8V0h2Z\" \/>\n\t\t\t<\/svg>\n\t\t<\/button><\/figure>\n<\/div>\n<p>Ieri sera, mentre stavamo cenando, sono arrivati tre giovani, uno dei quali figlio del popolo, che hanno affrontato la madre e le hanno chiesto se fosse lei il presidente della Conferenza e se fosse venuta a spiegargli tutto. La madre gli ha detto quello che sapeva, ma non era soddisfatta, e ha detto<\/p>\n<div class=\"wp-block-image\">\n<figure data-wp-context=\"{&quot;imageId&quot;:&quot;69ea043a53917&quot;}\" data-wp-interactive=\"core\/image\" data-wp-key=\"69ea043a53917\" class=\"aligncenter size-large wp-lightbox-container\"><img loading=\"lazy\" decoding=\"async\" width=\"1024\" height=\"768\" data-wp-class--hide=\"state.isContentHidden\" data-wp-class--show=\"state.isContentVisible\" data-wp-init=\"callbacks.setButtonStyles\" data-wp-on--click=\"actions.showLightbox\" data-wp-on--load=\"callbacks.setButtonStyles\" data-wp-on-window--resize=\"callbacks.setButtonStyles\" src=\"https:\/\/martiresparroquiasanpiox.org\/wp-content\/uploads\/2024\/10\/maria-teresa-y-sus-hijas-martires-cartas-desde-la-prision-4-1024x768.png\" alt=\"Mar&#xED;a Teresa e le sue figlie martiri - Parroquia San Pio X de Algemes&#xED; Valencia - Lettere dal carcere\" class=\"wp-image-2392\" srcset=\"https:\/\/martiresparroquiasanpiox.org\/wp-content\/uploads\/2024\/10\/maria-teresa-y-sus-hijas-martires-cartas-desde-la-prision-4-1024x768.png 1024w, https:\/\/martiresparroquiasanpiox.org\/wp-content\/uploads\/2024\/10\/maria-teresa-y-sus-hijas-martires-cartas-desde-la-prision-4-300x225.png 300w, https:\/\/martiresparroquiasanpiox.org\/wp-content\/uploads\/2024\/10\/maria-teresa-y-sus-hijas-martires-cartas-desde-la-prision-4-768x576.png 768w, https:\/\/martiresparroquiasanpiox.org\/wp-content\/uploads\/2024\/10\/maria-teresa-y-sus-hijas-martires-cartas-desde-la-prision-4-400x300.png 400w, https:\/\/martiresparroquiasanpiox.org\/wp-content\/uploads\/2024\/10\/maria-teresa-y-sus-hijas-martires-cartas-desde-la-prision-4.png 1440w\" sizes=\"auto, (max-width: 1024px) 100vw, 1024px\" \/><button\n\t\t\tclass=\"lightbox-trigger\"\n\t\t\ttype=\"button\"\n\t\t\taria-haspopup=\"dialog\"\n\t\t\taria-label=\"Ingrandisci\"\n\t\t\tdata-wp-init=\"callbacks.initTriggerButton\"\n\t\t\tdata-wp-on--click=\"actions.showLightbox\"\n\t\t\tdata-wp-style--right=\"state.imageButtonRight\"\n\t\t\tdata-wp-style--top=\"state.imageButtonTop\"\n\t\t>\n\t\t\t<svg xmlns=\"http:\/\/www.w3.org\/2000\/svg\" width=\"12\" height=\"12\" fill=\"none\" viewBox=\"0 0 12 12\">\n\t\t\t\t<path fill=\"#fff\" d=\"M2 0a2 2 0 0 0-2 2v2h1.5V2a.5.5 0 0 1 .5-.5h2V0H2Zm2 10.5H2a.5.5 0 0 1-.5-.5V8H0v2a2 2 0 0 0 2 2h2v-1.5ZM8 12v-1.5h2a.5.5 0 0 0 .5-.5V8H12v2a2 2 0 0 1-2 2H8Zm2-12a2 2 0 0 1 2 2v2h-1.5V2a.5.5 0 0 0-.5-.5H8V0h2Z\" \/>\n\t\t\t<\/svg>\n\t\t<\/button><\/figure>\n<\/div>\n<div style=\"height:30px\" aria-hidden=\"true\" class=\"wp-block-spacer\"><\/div>\n\n<p>delle parole che hanno molto dispiaciuto alla madre, e anche a noi, e siamo rimasti senza cibo, e lei dice che torner\u00e0 per saperne di pi\u00f9. Lo dico perch\u00e9 possiate vedere se potete evitare che la disturbino di nuovo, perch\u00e9 la madre non \u00e8 dell&#8217;umore giusto per essere turbata. Chiederemo anche al signor Cabo qui presente, per vedere se pu\u00f2 impedirlo.<\/p>\n\n<div style=\"height:40px\" aria-hidden=\"true\" class=\"wp-block-spacer\"><\/div>\n<div class=\"wp-block-image\">\n<figure class=\"aligncenter size-large\"><img loading=\"lazy\" decoding=\"async\" width=\"768\" height=\"1024\" src=\"https:\/\/martiresparroquiasanpiox.org\/wp-content\/uploads\/2024\/10\/maria-teresa-y-sus-hijas-martires-cartas-desde-la-prision-5-768x1024.png\" alt=\"Mar&#xED;a Teresa e le sue figlie martiri - Parroquia San Pio X de Algemes&#xED; Valencia - Lettere dal carcere\" class=\"wp-image-2397\" srcset=\"https:\/\/martiresparroquiasanpiox.org\/wp-content\/uploads\/2024\/10\/maria-teresa-y-sus-hijas-martires-cartas-desde-la-prision-5-768x1024.png 768w, https:\/\/martiresparroquiasanpiox.org\/wp-content\/uploads\/2024\/10\/maria-teresa-y-sus-hijas-martires-cartas-desde-la-prision-5-225x300.png 225w, https:\/\/martiresparroquiasanpiox.org\/wp-content\/uploads\/2024\/10\/maria-teresa-y-sus-hijas-martires-cartas-desde-la-prision-5.png 810w\" sizes=\"auto, (max-width: 768px) 100vw, 768px\" \/><\/figure>\n<\/div>\n<p><b><strong>Probabilmente scritto da Mar\u00eda Jes\u00fas<\/strong><\/b><\/p>\n\n<p>Giorno 23 Venerd\u00ec ottobre 1936.<\/p>\n\n<p>Abbiamo fatto la prima dichiarazione e ci hanno chiesto solo dei conventi, del tempo in cui siamo entrate e del modo di servire, e cose simili. ma devono tornare, vedremo, non diteglielo.<\/p>\n\n<p>All&#8217;uscita abbiamo anche chiesto di far uscire mia madre e Felicidad dalla stanza, in modo che potessero prendere un po&#8217; d&#8217;aria e di sole, e loro sono uscite con la guardia. Hanno trascorso un po&#8217; di tempo con la guardia, che \u00e8 gentile, e mi sono divertita molto, e la madre \u00e8 molto allegra.<\/p>\n\n<div style=\"height:40px\" aria-hidden=\"true\" class=\"wp-block-spacer\"><\/div>\n","protected":false},"excerpt":{"rendered":"<p>Dei giorni della prigione, abbiamo alcuni appunti scritti dalle figlie religiose. I primi, scritti a matita, appartengono probabilmente a Josefa. Ieri, venerd\u00ec, abbiamo fatto la &hellip;<\/p>\n","protected":false},"author":1,"featured_media":244,"parent":2845,"menu_order":0,"comment_status":"closed","ping_status":"closed","template":"","meta":{"footnotes":""},"class_list":["post-2977","page","type-page","status-publish","has-post-thumbnail","hentry"],"_links":{"self":[{"href":"https:\/\/martiresparroquiasanpiox.org\/it\/wp-json\/wp\/v2\/pages\/2977","targetHints":{"allow":["GET"]}}],"collection":[{"href":"https:\/\/martiresparroquiasanpiox.org\/it\/wp-json\/wp\/v2\/pages"}],"about":[{"href":"https:\/\/martiresparroquiasanpiox.org\/it\/wp-json\/wp\/v2\/types\/page"}],"author":[{"embeddable":true,"href":"https:\/\/martiresparroquiasanpiox.org\/it\/wp-json\/wp\/v2\/users\/1"}],"replies":[{"embeddable":true,"href":"https:\/\/martiresparroquiasanpiox.org\/it\/wp-json\/wp\/v2\/comments?post=2977"}],"version-history":[{"count":1,"href":"https:\/\/martiresparroquiasanpiox.org\/it\/wp-json\/wp\/v2\/pages\/2977\/revisions"}],"predecessor-version":[{"id":2978,"href":"https:\/\/martiresparroquiasanpiox.org\/it\/wp-json\/wp\/v2\/pages\/2977\/revisions\/2978"}],"up":[{"embeddable":true,"href":"https:\/\/martiresparroquiasanpiox.org\/it\/wp-json\/wp\/v2\/pages\/2845"}],"wp:featuredmedia":[{"embeddable":true,"href":"https:\/\/martiresparroquiasanpiox.org\/it\/wp-json\/wp\/v2\/media\/244"}],"wp:attachment":[{"href":"https:\/\/martiresparroquiasanpiox.org\/it\/wp-json\/wp\/v2\/media?parent=2977"}],"curies":[{"name":"wp","href":"https:\/\/api.w.org\/{rel}","templated":true}]}}