{"id":2981,"date":"2024-11-05T07:06:59","date_gmt":"2024-11-05T07:06:59","guid":{"rendered":"https:\/\/martiresparroquiasanpiox.org\/lettere\/lettere-maria-teresa-ferragud\/"},"modified":"2025-01-05T19:27:58","modified_gmt":"2025-01-05T19:27:58","slug":"lettere-maria-teresa-ferragud","status":"publish","type":"page","link":"https:\/\/martiresparroquiasanpiox.org\/it\/lettere\/lettere-maria-teresa-ferragud\/","title":{"rendered":"Lettere- Mar\u00eda Teresa Ferragud"},"content":{"rendered":"\n<div style=\"height:30px\" aria-hidden=\"true\" class=\"wp-block-spacer\"><\/div>\n<div class=\"wp-block-image\">\n<figure class=\"aligncenter size-full\"><img loading=\"lazy\" decoding=\"async\" width=\"456\" height=\"616\" src=\"https:\/\/martiresparroquiasanpiox.org\/wp-content\/uploads\/2024\/09\/maria-teresa-y-sus-hijas-martires-beata-teresa-ferragud.png\" alt=\"Mar&#xED;a Teresa e le sue figlie martiri - Beata Teresa Ferragud - Parroquia San Pio X Algemes&#xED; Valencia Spagna\" class=\"wp-image-595\" srcset=\"https:\/\/martiresparroquiasanpiox.org\/wp-content\/uploads\/2024\/09\/maria-teresa-y-sus-hijas-martires-beata-teresa-ferragud.png 456w, https:\/\/martiresparroquiasanpiox.org\/wp-content\/uploads\/2024\/09\/maria-teresa-y-sus-hijas-martires-beata-teresa-ferragud-222x300.png 222w\" sizes=\"auto, (max-width: 456px) 100vw, 456px\" \/><\/figure>\n<\/div>\n<div style=\"height:40px\" aria-hidden=\"true\" class=\"wp-block-spacer\"><\/div>\n\n<h3 class=\"wp-block-heading has-text-align-center\"><strong>Lettere di Mar\u00eda Teresa Ferragud<\/strong><\/h3>\n\n<div style=\"height:40px\" aria-hidden=\"true\" class=\"wp-block-spacer\"><\/div>\n\n<h4 class=\"wp-block-heading has-text-align-center\">4 giugno 1936, dalla madre, non autografata<\/h4>\n\n<div style=\"height:40px\" aria-hidden=\"true\" class=\"wp-block-spacer\"><\/div>\n\n<figure class=\"wp-block-gallery aligncenter has-nested-images columns-default is-cropped wp-block-gallery-1 is-layout-flex wp-block-gallery-is-layout-flex\">\n<figure data-wp-context=\"{&quot;imageId&quot;:&quot;69daadfaa0681&quot;}\" data-wp-interactive=\"core\/image\" data-wp-key=\"69daadfaa0681\" class=\"wp-block-image size-large wp-lightbox-container\"><img loading=\"lazy\" decoding=\"async\" width=\"696\" height=\"1024\" data-wp-class--hide=\"state.isContentHidden\" data-wp-class--show=\"state.isContentVisible\" data-wp-init=\"callbacks.setButtonStyles\" data-wp-on--click=\"actions.showLightbox\" data-wp-on--load=\"callbacks.setButtonStyles\" data-wp-on-window--resize=\"callbacks.setButtonStyles\" data-id=\"2336\" src=\"https:\/\/martiresparroquiasanpiox.org\/wp-content\/uploads\/2024\/10\/maria-teresa-y-sus-hijas-martires-cartas-varias-1936-4-junio-de-la-madre-no-autografa-1-696x1024.png\" alt=\"Mar&#xED;a Teresa y sus Hijas M&#xE1;rtires - Parroquia San Pio X de Algemes&#xED; Valencia - Varie lettere 1936 4 giugno della madre, non autografe.\" class=\"wp-image-2336\" srcset=\"https:\/\/martiresparroquiasanpiox.org\/wp-content\/uploads\/2024\/10\/maria-teresa-y-sus-hijas-martires-cartas-varias-1936-4-junio-de-la-madre-no-autografa-1-696x1024.png 696w, https:\/\/martiresparroquiasanpiox.org\/wp-content\/uploads\/2024\/10\/maria-teresa-y-sus-hijas-martires-cartas-varias-1936-4-junio-de-la-madre-no-autografa-1-204x300.png 204w, https:\/\/martiresparroquiasanpiox.org\/wp-content\/uploads\/2024\/10\/maria-teresa-y-sus-hijas-martires-cartas-varias-1936-4-junio-de-la-madre-no-autografa-1.png 734w\" sizes=\"auto, (max-width: 696px) 100vw, 696px\" \/><button\n\t\t\tclass=\"lightbox-trigger\"\n\t\t\ttype=\"button\"\n\t\t\taria-haspopup=\"dialog\"\n\t\t\taria-label=\"Ingrandisci\"\n\t\t\tdata-wp-init=\"callbacks.initTriggerButton\"\n\t\t\tdata-wp-on--click=\"actions.showLightbox\"\n\t\t\tdata-wp-style--right=\"state.imageButtonRight\"\n\t\t\tdata-wp-style--top=\"state.imageButtonTop\"\n\t\t>\n\t\t\t<svg xmlns=\"http:\/\/www.w3.org\/2000\/svg\" width=\"12\" height=\"12\" fill=\"none\" viewBox=\"0 0 12 12\">\n\t\t\t\t<path fill=\"#fff\" d=\"M2 0a2 2 0 0 0-2 2v2h1.5V2a.5.5 0 0 1 .5-.5h2V0H2Zm2 10.5H2a.5.5 0 0 1-.5-.5V8H0v2a2 2 0 0 0 2 2h2v-1.5ZM8 12v-1.5h2a.5.5 0 0 0 .5-.5V8H12v2a2 2 0 0 1-2 2H8Zm2-12a2 2 0 0 1 2 2v2h-1.5V2a.5.5 0 0 0-.5-.5H8V0h2Z\" \/>\n\t\t\t<\/svg>\n\t\t<\/button><\/figure>\n\n\n\n<figure data-wp-context=\"{&quot;imageId&quot;:&quot;69daadfaa10a1&quot;}\" data-wp-interactive=\"core\/image\" data-wp-key=\"69daadfaa10a1\" class=\"wp-block-image size-large wp-lightbox-container\"><img loading=\"lazy\" decoding=\"async\" width=\"691\" height=\"1024\" data-wp-class--hide=\"state.isContentHidden\" data-wp-class--show=\"state.isContentVisible\" data-wp-init=\"callbacks.setButtonStyles\" data-wp-on--click=\"actions.showLightbox\" data-wp-on--load=\"callbacks.setButtonStyles\" data-wp-on-window--resize=\"callbacks.setButtonStyles\" data-id=\"2341\" src=\"https:\/\/martiresparroquiasanpiox.org\/wp-content\/uploads\/2024\/10\/maria-teresa-y-sus-hijas-martires-cartas-varias-1936-4-junio-de-la-madre-no-autografa-2-691x1024.png\" alt=\"Mar&#xED;a Teresa y sus Hijas M&#xE1;rtires - Parroquia San Pio X de Algemes&#xED; Valencia - Varie lettere 1936 4 giugno della madre, non autografe.\" class=\"wp-image-2341\" srcset=\"https:\/\/martiresparroquiasanpiox.org\/wp-content\/uploads\/2024\/10\/maria-teresa-y-sus-hijas-martires-cartas-varias-1936-4-junio-de-la-madre-no-autografa-2-691x1024.png 691w, https:\/\/martiresparroquiasanpiox.org\/wp-content\/uploads\/2024\/10\/maria-teresa-y-sus-hijas-martires-cartas-varias-1936-4-junio-de-la-madre-no-autografa-2-203x300.png 203w, https:\/\/martiresparroquiasanpiox.org\/wp-content\/uploads\/2024\/10\/maria-teresa-y-sus-hijas-martires-cartas-varias-1936-4-junio-de-la-madre-no-autografa-2.png 729w\" sizes=\"auto, (max-width: 691px) 100vw, 691px\" \/><button\n\t\t\tclass=\"lightbox-trigger\"\n\t\t\ttype=\"button\"\n\t\t\taria-haspopup=\"dialog\"\n\t\t\taria-label=\"Ingrandisci\"\n\t\t\tdata-wp-init=\"callbacks.initTriggerButton\"\n\t\t\tdata-wp-on--click=\"actions.showLightbox\"\n\t\t\tdata-wp-style--right=\"state.imageButtonRight\"\n\t\t\tdata-wp-style--top=\"state.imageButtonTop\"\n\t\t>\n\t\t\t<svg xmlns=\"http:\/\/www.w3.org\/2000\/svg\" width=\"12\" height=\"12\" fill=\"none\" viewBox=\"0 0 12 12\">\n\t\t\t\t<path fill=\"#fff\" d=\"M2 0a2 2 0 0 0-2 2v2h1.5V2a.5.5 0 0 1 .5-.5h2V0H2Zm2 10.5H2a.5.5 0 0 1-.5-.5V8H0v2a2 2 0 0 0 2 2h2v-1.5ZM8 12v-1.5h2a.5.5 0 0 0 .5-.5V8H12v2a2 2 0 0 1-2 2H8Zm2-12a2 2 0 0 1 2 2v2h-1.5V2a.5.5 0 0 0-.5-.5H8V0h2Z\" \/>\n\t\t\t<\/svg>\n\t\t<\/button><\/figure>\n<\/figure>\n\n<div style=\"height:40px\" aria-hidden=\"true\" class=\"wp-block-spacer\"><\/div>\n\n<p>Lode al Santissimo Sacramento<\/p>\n\n<p>Algemes\u00ed, 4 giugno 1936<\/p>\n\n<p>Mie care figlie:<\/p>\n\n<p>Spero che siate in buona salute. Noi stiamo bene, grazie a Dio.<\/p>\n\n<p>Questo per dirvi che ad Algemes\u00ed tutto \u00e8 tranquillo, grazie al Signore, e siccome ad Alzira e in altre citt\u00e0 limitrofe hanno bruciato tutte le chiese, devono venire qui per ricevere i santi sacramenti, ed \u00e8 molto triste vedere la povera gente che viene ogni giorno per ascoltare la messa e per ricevere la prima comunione dei bambini, e anche per sposarsi, e molti sacerdoti vengono a celebrare.<\/p>\n\n<p>Insomma, siamo tra i migliori di tutti i villaggi di questa zona, ma dovete sapere che c&#8217;\u00e8 molto lavoro e molta vigilanza per mantenere l&#8217;ordine e tutti quelli che sono a destra sono molto uniti per difendere, e con la grazia di Dio e la protezione della Madonna della Salute, speriamo che non succeda nulla.<\/p>\n\n<p>Vi mando 50 chili di capocollo e con Mar\u00eda, il fratello di Concepcioneta, vi mandiamo 10 chili di farina. Dicono che arriveranno luned\u00ec e che li avrete marted\u00ec. Non preoccupatevi di nulla, risolveremo tutto.<\/p>\n\n<p>Serafino ci ha scritto, dice che sta bene e che non \u00e8 successo nulla l\u00ec, vedremo se verr\u00e0.<\/p>\n\n<p>I migliori auguri di Suor Felicidad e di Suor Purificacion<\/p>\n\n<div style=\"height:40px\" aria-hidden=\"true\" class=\"wp-block-spacer\"><\/div>\n<div class=\"wp-block-image\">\n<figure class=\"aligncenter size-large\"><img loading=\"lazy\" decoding=\"async\" width=\"1024\" height=\"30\" src=\"https:\/\/martiresparroquiasanpiox.org\/wp-content\/uploads\/2024\/09\/maria-teresa-y-sus-hijas-martires-cartas-separador-1024x30.png\" alt=\"Mar&#xED;a Teresa e le sue figlie martiri - Parroquia San Pio X de Algemes&#xED; Valencia - schede di separazione\" class=\"wp-image-297\" srcset=\"https:\/\/martiresparroquiasanpiox.org\/wp-content\/uploads\/2024\/09\/maria-teresa-y-sus-hijas-martires-cartas-separador-1024x30.png 1024w, https:\/\/martiresparroquiasanpiox.org\/wp-content\/uploads\/2024\/09\/maria-teresa-y-sus-hijas-martires-cartas-separador-300x9.png 300w, https:\/\/martiresparroquiasanpiox.org\/wp-content\/uploads\/2024\/09\/maria-teresa-y-sus-hijas-martires-cartas-separador-768x23.png 768w, https:\/\/martiresparroquiasanpiox.org\/wp-content\/uploads\/2024\/09\/maria-teresa-y-sus-hijas-martires-cartas-separador-1536x46.png 1536w, https:\/\/martiresparroquiasanpiox.org\/wp-content\/uploads\/2024\/09\/maria-teresa-y-sus-hijas-martires-cartas-separador-583x17.png 583w, https:\/\/martiresparroquiasanpiox.org\/wp-content\/uploads\/2024\/09\/maria-teresa-y-sus-hijas-martires-cartas-separador.png 1920w\" sizes=\"auto, (max-width: 1024px) 100vw, 1024px\" \/><\/figure>\n<\/div>\n<div style=\"height:40px\" aria-hidden=\"true\" class=\"wp-block-spacer\"><\/div>\n\n<h4 class=\"wp-block-heading has-text-align-center\">Note alle figlie, senza data<\/h4>\n\n<div style=\"height:40px\" aria-hidden=\"true\" class=\"wp-block-spacer\"><\/div>\n<div class=\"wp-block-image\">\n<figure data-wp-context=\"{&quot;imageId&quot;:&quot;69daadfaa1f67&quot;}\" data-wp-interactive=\"core\/image\" data-wp-key=\"69daadfaa1f67\" class=\"aligncenter size-full wp-lightbox-container\"><img loading=\"lazy\" decoding=\"async\" width=\"714\" height=\"621\" data-wp-class--hide=\"state.isContentHidden\" data-wp-class--show=\"state.isContentVisible\" data-wp-init=\"callbacks.setButtonStyles\" data-wp-on--click=\"actions.showLightbox\" data-wp-on--load=\"callbacks.setButtonStyles\" data-wp-on-window--resize=\"callbacks.setButtonStyles\" src=\"https:\/\/martiresparroquiasanpiox.org\/wp-content\/uploads\/2024\/12\/maria-teresa-y-sus-hijas-martires-nota-maria-teresa-ferragud-a-sus-hijas-sin-fecha-1.png\" alt=\"Mar&#xED;a Teresa y sus Hijas M&#xE1;rtires - Parroquia San Pio X de Algemes&#xED; Valencia - Lettere di Mar&#xED;a Teresa Ferragud alle figlie - nota 1 non datata\" class=\"wp-image-3314\" srcset=\"https:\/\/martiresparroquiasanpiox.org\/wp-content\/uploads\/2024\/12\/maria-teresa-y-sus-hijas-martires-nota-maria-teresa-ferragud-a-sus-hijas-sin-fecha-1.png 714w, https:\/\/martiresparroquiasanpiox.org\/wp-content\/uploads\/2024\/12\/maria-teresa-y-sus-hijas-martires-nota-maria-teresa-ferragud-a-sus-hijas-sin-fecha-1-300x261.png 300w, https:\/\/martiresparroquiasanpiox.org\/wp-content\/uploads\/2024\/12\/maria-teresa-y-sus-hijas-martires-nota-maria-teresa-ferragud-a-sus-hijas-sin-fecha-1-345x300.png 345w\" sizes=\"auto, (max-width: 714px) 100vw, 714px\" \/><button\n\t\t\tclass=\"lightbox-trigger\"\n\t\t\ttype=\"button\"\n\t\t\taria-haspopup=\"dialog\"\n\t\t\taria-label=\"Ingrandisci\"\n\t\t\tdata-wp-init=\"callbacks.initTriggerButton\"\n\t\t\tdata-wp-on--click=\"actions.showLightbox\"\n\t\t\tdata-wp-style--right=\"state.imageButtonRight\"\n\t\t\tdata-wp-style--top=\"state.imageButtonTop\"\n\t\t>\n\t\t\t<svg xmlns=\"http:\/\/www.w3.org\/2000\/svg\" width=\"12\" height=\"12\" fill=\"none\" viewBox=\"0 0 12 12\">\n\t\t\t\t<path fill=\"#fff\" d=\"M2 0a2 2 0 0 0-2 2v2h1.5V2a.5.5 0 0 1 .5-.5h2V0H2Zm2 10.5H2a.5.5 0 0 1-.5-.5V8H0v2a2 2 0 0 0 2 2h2v-1.5ZM8 12v-1.5h2a.5.5 0 0 0 .5-.5V8H12v2a2 2 0 0 1-2 2H8Zm2-12a2 2 0 0 1 2 2v2h-1.5V2a.5.5 0 0 0-.5-.5H8V0h2Z\" \/>\n\t\t\t<\/svg>\n\t\t<\/button><\/figure>\n<\/div>\n<div style=\"height:40px\" aria-hidden=\"true\" class=\"wp-block-spacer\"><\/div>\n\n<p>Mie care figlie: vi scrivo queste lettere per raccontarvi quello che \u00e8 successo, perch\u00e9 Bautista \u00e8 a casa, quello che vedete \u00e8 venuto e luned\u00ec \u00e8 andato a Valencia per farsi vedere dal medico [non si capiscono queste parole, n\u00e9 la sintassi della frase] per abituarsi, perch\u00e9 il bambino \u00e8 grasso, fa freddo. Qualsiasi cosa vi serva, basta che lo diciate.<\/p>\n\n<p>Anche qui abbiamo fatto esercitazioni questa settimana e domenica sono terminate.<\/p>\n\n<p>Teresa Ferragud<\/p>\n\n<div style=\"height:40px\" aria-hidden=\"true\" class=\"wp-block-spacer\"><\/div>\n<div class=\"wp-block-image\">\n<figure data-wp-context=\"{&quot;imageId&quot;:&quot;69daadfaa284f&quot;}\" data-wp-interactive=\"core\/image\" data-wp-key=\"69daadfaa284f\" class=\"aligncenter size-large wp-lightbox-container\"><img loading=\"lazy\" decoding=\"async\" width=\"1024\" height=\"832\" data-wp-class--hide=\"state.isContentHidden\" data-wp-class--show=\"state.isContentVisible\" data-wp-init=\"callbacks.setButtonStyles\" data-wp-on--click=\"actions.showLightbox\" data-wp-on--load=\"callbacks.setButtonStyles\" data-wp-on-window--resize=\"callbacks.setButtonStyles\" src=\"https:\/\/martiresparroquiasanpiox.org\/wp-content\/uploads\/2024\/12\/maria-teresa-y-sus-hijas-martires-nota-maria-teresa-ferragud-a-sus-hijas-sin-fecha-2-1024x832.png\" alt=\"Mar&#xED;a Teresa y sus Hijas M&#xE1;rtires - Parroquia San Pio X de Algemes&#xED; Valencia - lettere di Mar&#xED;a Teresa Ferragud alle figlie - nota 2 non datata\" class=\"wp-image-3319\" srcset=\"https:\/\/martiresparroquiasanpiox.org\/wp-content\/uploads\/2024\/12\/maria-teresa-y-sus-hijas-martires-nota-maria-teresa-ferragud-a-sus-hijas-sin-fecha-2-1024x832.png 1024w, https:\/\/martiresparroquiasanpiox.org\/wp-content\/uploads\/2024\/12\/maria-teresa-y-sus-hijas-martires-nota-maria-teresa-ferragud-a-sus-hijas-sin-fecha-2-300x244.png 300w, https:\/\/martiresparroquiasanpiox.org\/wp-content\/uploads\/2024\/12\/maria-teresa-y-sus-hijas-martires-nota-maria-teresa-ferragud-a-sus-hijas-sin-fecha-2-768x624.png 768w, https:\/\/martiresparroquiasanpiox.org\/wp-content\/uploads\/2024\/12\/maria-teresa-y-sus-hijas-martires-nota-maria-teresa-ferragud-a-sus-hijas-sin-fecha-2-369x300.png 369w, https:\/\/martiresparroquiasanpiox.org\/wp-content\/uploads\/2024\/12\/maria-teresa-y-sus-hijas-martires-nota-maria-teresa-ferragud-a-sus-hijas-sin-fecha-2.png 1329w\" sizes=\"auto, (max-width: 1024px) 100vw, 1024px\" \/><button\n\t\t\tclass=\"lightbox-trigger\"\n\t\t\ttype=\"button\"\n\t\t\taria-haspopup=\"dialog\"\n\t\t\taria-label=\"Ingrandisci\"\n\t\t\tdata-wp-init=\"callbacks.initTriggerButton\"\n\t\t\tdata-wp-on--click=\"actions.showLightbox\"\n\t\t\tdata-wp-style--right=\"state.imageButtonRight\"\n\t\t\tdata-wp-style--top=\"state.imageButtonTop\"\n\t\t>\n\t\t\t<svg xmlns=\"http:\/\/www.w3.org\/2000\/svg\" width=\"12\" height=\"12\" fill=\"none\" viewBox=\"0 0 12 12\">\n\t\t\t\t<path fill=\"#fff\" d=\"M2 0a2 2 0 0 0-2 2v2h1.5V2a.5.5 0 0 1 .5-.5h2V0H2Zm2 10.5H2a.5.5 0 0 1-.5-.5V8H0v2a2 2 0 0 0 2 2h2v-1.5ZM8 12v-1.5h2a.5.5 0 0 0 .5-.5V8H12v2a2 2 0 0 1-2 2H8Zm2-12a2 2 0 0 1 2 2v2h-1.5V2a.5.5 0 0 0-.5-.5H8V0h2Z\" \/>\n\t\t\t<\/svg>\n\t\t<\/button><\/figure>\n<\/div>\n<div style=\"height:40px\" aria-hidden=\"true\" class=\"wp-block-spacer\"><\/div>\n<div class=\"wp-block-image\">\n<figure data-wp-context=\"{&quot;imageId&quot;:&quot;69daadfaa3004&quot;}\" data-wp-interactive=\"core\/image\" data-wp-key=\"69daadfaa3004\" class=\"aligncenter size-large wp-lightbox-container\"><img loading=\"lazy\" decoding=\"async\" width=\"679\" height=\"1024\" data-wp-class--hide=\"state.isContentHidden\" data-wp-class--show=\"state.isContentVisible\" data-wp-init=\"callbacks.setButtonStyles\" data-wp-on--click=\"actions.showLightbox\" data-wp-on--load=\"callbacks.setButtonStyles\" data-wp-on-window--resize=\"callbacks.setButtonStyles\" src=\"https:\/\/martiresparroquiasanpiox.org\/wp-content\/uploads\/2024\/12\/maria-teresa-y-sus-hijas-martires-nota-maria-teresa-ferragud-a-sus-hijas-sin-fecha-3-679x1024.png\" alt=\"Mar&#xED;a Teresa y sus Hijas M&#xE1;rtires - Parroquia San Pio X de Algemes&#xED; Valencia - Lettere di Mar&#xED;a Teresa Ferragud alle figlie - nota 3 non datata\" class=\"wp-image-3324\" srcset=\"https:\/\/martiresparroquiasanpiox.org\/wp-content\/uploads\/2024\/12\/maria-teresa-y-sus-hijas-martires-nota-maria-teresa-ferragud-a-sus-hijas-sin-fecha-3-679x1024.png 679w, https:\/\/martiresparroquiasanpiox.org\/wp-content\/uploads\/2024\/12\/maria-teresa-y-sus-hijas-martires-nota-maria-teresa-ferragud-a-sus-hijas-sin-fecha-3-199x300.png 199w, https:\/\/martiresparroquiasanpiox.org\/wp-content\/uploads\/2024\/12\/maria-teresa-y-sus-hijas-martires-nota-maria-teresa-ferragud-a-sus-hijas-sin-fecha-3.png 716w\" sizes=\"auto, (max-width: 679px) 100vw, 679px\" \/><button\n\t\t\tclass=\"lightbox-trigger\"\n\t\t\ttype=\"button\"\n\t\t\taria-haspopup=\"dialog\"\n\t\t\taria-label=\"Ingrandisci\"\n\t\t\tdata-wp-init=\"callbacks.initTriggerButton\"\n\t\t\tdata-wp-on--click=\"actions.showLightbox\"\n\t\t\tdata-wp-style--right=\"state.imageButtonRight\"\n\t\t\tdata-wp-style--top=\"state.imageButtonTop\"\n\t\t>\n\t\t\t<svg xmlns=\"http:\/\/www.w3.org\/2000\/svg\" width=\"12\" height=\"12\" fill=\"none\" viewBox=\"0 0 12 12\">\n\t\t\t\t<path fill=\"#fff\" d=\"M2 0a2 2 0 0 0-2 2v2h1.5V2a.5.5 0 0 1 .5-.5h2V0H2Zm2 10.5H2a.5.5 0 0 1-.5-.5V8H0v2a2 2 0 0 0 2 2h2v-1.5ZM8 12v-1.5h2a.5.5 0 0 0 .5-.5V8H12v2a2 2 0 0 1-2 2H8Zm2-12a2 2 0 0 1 2 2v2h-1.5V2a.5.5 0 0 0-.5-.5H8V0h2Z\" \/>\n\t\t\t<\/svg>\n\t\t<\/button><\/figure>\n<\/div>\n<div style=\"height:40px\" aria-hidden=\"true\" class=\"wp-block-spacer\"><\/div>\n\n<p>Per quale scopo l&#8217;uomo \u00e8 stato creato. La vita naturale \u00e8 quella degli appetiti; la vita soprannaturale: mortificare i sensi, e nel mortificarli esce la vita dello Spirito Santo, che \u00e8 sempre amorevole, lo Spirito Santo chiama sempre. I sensi, quelli che non operano alla grazia, anche se vanno in cielo, l\u00ec avranno una tristezza per le grazie sprecate. La vita cristiana \u00e8 mortificazione, morire, risorgere alla vita della grazia. [&#8230;]<\/p>\n\n<p>Ci sono anime che se non hanno qualche tribolazione, qualche sofferenza ogni giorno, sono scontente, perch\u00e9 non possono offrire a Dio. Dove ci sono attaccamenti, amor proprio e altre piccole cose, lo Spirito Santo non pu\u00f2 entrare. Egli chiama tutti, se sono fedeli, alla grazia. Si sente nel cuore. Anche se si \u00e8 pungolati, invece di dire una parola perplessa, preghiera e penitenza sempre insieme.<\/p>\n\n<div style=\"height:40px\" aria-hidden=\"true\" class=\"wp-block-spacer\"><\/div>\n","protected":false},"excerpt":{"rendered":"<p>Lettere di Mar\u00eda Teresa Ferragud 4 giugno 1936, dalla madre, non autografata Lode al Santissimo Sacramento Algemes\u00ed, 4 giugno 1936 Mie care figlie: Spero che &hellip;<\/p>\n","protected":false},"author":1,"featured_media":244,"parent":2845,"menu_order":0,"comment_status":"closed","ping_status":"closed","template":"","meta":{"footnotes":""},"class_list":["post-2981","page","type-page","status-publish","has-post-thumbnail","hentry"],"_links":{"self":[{"href":"https:\/\/martiresparroquiasanpiox.org\/it\/wp-json\/wp\/v2\/pages\/2981","targetHints":{"allow":["GET"]}}],"collection":[{"href":"https:\/\/martiresparroquiasanpiox.org\/it\/wp-json\/wp\/v2\/pages"}],"about":[{"href":"https:\/\/martiresparroquiasanpiox.org\/it\/wp-json\/wp\/v2\/types\/page"}],"author":[{"embeddable":true,"href":"https:\/\/martiresparroquiasanpiox.org\/it\/wp-json\/wp\/v2\/users\/1"}],"replies":[{"embeddable":true,"href":"https:\/\/martiresparroquiasanpiox.org\/it\/wp-json\/wp\/v2\/comments?post=2981"}],"version-history":[{"count":8,"href":"https:\/\/martiresparroquiasanpiox.org\/it\/wp-json\/wp\/v2\/pages\/2981\/revisions"}],"predecessor-version":[{"id":3357,"href":"https:\/\/martiresparroquiasanpiox.org\/it\/wp-json\/wp\/v2\/pages\/2981\/revisions\/3357"}],"up":[{"embeddable":true,"href":"https:\/\/martiresparroquiasanpiox.org\/it\/wp-json\/wp\/v2\/pages\/2845"}],"wp:featuredmedia":[{"embeddable":true,"href":"https:\/\/martiresparroquiasanpiox.org\/it\/wp-json\/wp\/v2\/media\/244"}],"wp:attachment":[{"href":"https:\/\/martiresparroquiasanpiox.org\/it\/wp-json\/wp\/v2\/media?parent=2981"}],"curies":[{"name":"wp","href":"https:\/\/api.w.org\/{rel}","templated":true}]}}