{"id":3007,"date":"2024-11-05T13:20:46","date_gmt":"2024-11-05T13:20:46","guid":{"rendered":"https:\/\/martiresparroquiasanpiox.org\/lettere\/lettere-felicidad-masia\/da-felicidad-a-su-madre\/"},"modified":"2024-11-05T13:20:46","modified_gmt":"2024-11-05T13:20:46","slug":"da-felicidad-a-su-madre","status":"publish","type":"page","link":"https:\/\/martiresparroquiasanpiox.org\/it\/lettere\/lettere-felicidad-masia\/da-felicidad-a-su-madre\/","title":{"rendered":"Da Felicidad a su madre"},"content":{"rendered":"\n<h4 class=\"wp-block-heading has-text-align-center\">Suor Felicidad Masi\u00e1 alla madre, 10 ottobre 1920<\/h4>\n\n<div style=\"height:40px\" aria-hidden=\"true\" class=\"wp-block-spacer\"><\/div>\n\n<figure class=\"wp-block-gallery aligncenter has-nested-images columns-default is-cropped wp-block-gallery-1 is-layout-flex wp-block-gallery-is-layout-flex\">\n<figure data-wp-context=\"{&quot;imageId&quot;:&quot;69e553c557840&quot;}\" data-wp-interactive=\"core\/image\" data-wp-key=\"69e553c557840\" class=\"wp-block-image size-large wp-lightbox-container\"><img loading=\"lazy\" decoding=\"async\" width=\"687\" height=\"1024\" data-wp-class--hide=\"state.isContentHidden\" data-wp-class--show=\"state.isContentVisible\" data-wp-init=\"callbacks.setButtonStyles\" data-wp-on--click=\"actions.showLightbox\" data-wp-on--load=\"callbacks.setButtonStyles\" data-wp-on-window--resize=\"callbacks.setButtonStyles\" data-id=\"953\" src=\"https:\/\/martiresparroquiasanpiox.org\/wp-content\/uploads\/2024\/10\/maria-teresa-y-sus-hijas-martires-cartas-de-felicidad-a-su-madre-1-687x1024.png\" alt=\"Mar&#xED;a Teresa e le sue figlie martiri - Parrocchia San Pio X di Algemes&#xED; Valencia - da Suor Felicidad Masi&#xE1; a sua madre\" class=\"wp-image-953\" srcset=\"https:\/\/martiresparroquiasanpiox.org\/wp-content\/uploads\/2024\/10\/maria-teresa-y-sus-hijas-martires-cartas-de-felicidad-a-su-madre-1-687x1024.png 687w, https:\/\/martiresparroquiasanpiox.org\/wp-content\/uploads\/2024\/10\/maria-teresa-y-sus-hijas-martires-cartas-de-felicidad-a-su-madre-1-201x300.png 201w, https:\/\/martiresparroquiasanpiox.org\/wp-content\/uploads\/2024\/10\/maria-teresa-y-sus-hijas-martires-cartas-de-felicidad-a-su-madre-1.png 725w\" sizes=\"auto, (max-width: 687px) 100vw, 687px\" \/><button\n\t\t\tclass=\"lightbox-trigger\"\n\t\t\ttype=\"button\"\n\t\t\taria-haspopup=\"dialog\"\n\t\t\taria-label=\"Ingrandisci\"\n\t\t\tdata-wp-init=\"callbacks.initTriggerButton\"\n\t\t\tdata-wp-on--click=\"actions.showLightbox\"\n\t\t\tdata-wp-style--right=\"state.imageButtonRight\"\n\t\t\tdata-wp-style--top=\"state.imageButtonTop\"\n\t\t>\n\t\t\t<svg xmlns=\"http:\/\/www.w3.org\/2000\/svg\" width=\"12\" height=\"12\" fill=\"none\" viewBox=\"0 0 12 12\">\n\t\t\t\t<path fill=\"#fff\" d=\"M2 0a2 2 0 0 0-2 2v2h1.5V2a.5.5 0 0 1 .5-.5h2V0H2Zm2 10.5H2a.5.5 0 0 1-.5-.5V8H0v2a2 2 0 0 0 2 2h2v-1.5ZM8 12v-1.5h2a.5.5 0 0 0 .5-.5V8H12v2a2 2 0 0 1-2 2H8Zm2-12a2 2 0 0 1 2 2v2h-1.5V2a.5.5 0 0 0-.5-.5H8V0h2Z\" \/>\n\t\t\t<\/svg>\n\t\t<\/button><\/figure>\n\n\n\n<figure data-wp-context=\"{&quot;imageId&quot;:&quot;69e553c557e81&quot;}\" data-wp-interactive=\"core\/image\" data-wp-key=\"69e553c557e81\" class=\"wp-block-image size-large wp-lightbox-container\"><img loading=\"lazy\" decoding=\"async\" width=\"690\" height=\"1024\" data-wp-class--hide=\"state.isContentHidden\" data-wp-class--show=\"state.isContentVisible\" data-wp-init=\"callbacks.setButtonStyles\" data-wp-on--click=\"actions.showLightbox\" data-wp-on--load=\"callbacks.setButtonStyles\" data-wp-on-window--resize=\"callbacks.setButtonStyles\" data-id=\"989\" src=\"https:\/\/martiresparroquiasanpiox.org\/wp-content\/uploads\/2024\/10\/maria-teresa-y-sus-hijas-martires-cartas-de-felicidad-a-su-madre-2-690x1024.png\" alt=\"Mar&#xED;a Teresa e le sue figlie martiri - Parrocchia San Pio X di Algemes&#xED; Valencia - da Suor Felicidad Masi&#xE1; a sua madre\" class=\"wp-image-989\" srcset=\"https:\/\/martiresparroquiasanpiox.org\/wp-content\/uploads\/2024\/10\/maria-teresa-y-sus-hijas-martires-cartas-de-felicidad-a-su-madre-2-690x1024.png 690w, https:\/\/martiresparroquiasanpiox.org\/wp-content\/uploads\/2024\/10\/maria-teresa-y-sus-hijas-martires-cartas-de-felicidad-a-su-madre-2-202x300.png 202w, https:\/\/martiresparroquiasanpiox.org\/wp-content\/uploads\/2024\/10\/maria-teresa-y-sus-hijas-martires-cartas-de-felicidad-a-su-madre-2.png 728w\" sizes=\"auto, (max-width: 690px) 100vw, 690px\" \/><button\n\t\t\tclass=\"lightbox-trigger\"\n\t\t\ttype=\"button\"\n\t\t\taria-haspopup=\"dialog\"\n\t\t\taria-label=\"Ingrandisci\"\n\t\t\tdata-wp-init=\"callbacks.initTriggerButton\"\n\t\t\tdata-wp-on--click=\"actions.showLightbox\"\n\t\t\tdata-wp-style--right=\"state.imageButtonRight\"\n\t\t\tdata-wp-style--top=\"state.imageButtonTop\"\n\t\t>\n\t\t\t<svg xmlns=\"http:\/\/www.w3.org\/2000\/svg\" width=\"12\" height=\"12\" fill=\"none\" viewBox=\"0 0 12 12\">\n\t\t\t\t<path fill=\"#fff\" d=\"M2 0a2 2 0 0 0-2 2v2h1.5V2a.5.5 0 0 1 .5-.5h2V0H2Zm2 10.5H2a.5.5 0 0 1-.5-.5V8H0v2a2 2 0 0 0 2 2h2v-1.5ZM8 12v-1.5h2a.5.5 0 0 0 .5-.5V8H12v2a2 2 0 0 1-2 2H8Zm2-12a2 2 0 0 1 2 2v2h-1.5V2a.5.5 0 0 0-.5-.5H8V0h2Z\" \/>\n\t\t\t<\/svg>\n\t\t<\/button><\/figure>\n<\/figure>\n\n<div style=\"height:40px\" aria-hidden=\"true\" class=\"wp-block-spacer\"><\/div>\n\n<p>+<\/p>\n\n<p>Viva Ges\u00f9!<\/p>\n\n<p>Cappuccine Agullent<\/p>\n\n<p>10 ottobre 1920<\/p>\n\n<p>Mia carissima madre nel Signore:<\/p>\n\n<p>Queste piccole lettere servono per congratularmi con voi per la vostra festa dei santi. Il Signore la benedica e le conceda molte grazie e i doni e i frutti dello Spirito Santo per conoscere la volont\u00e0 di Dio e compierla; la terr\u00f2 molto presente davanti al Signore soprattutto in quel giorno e spero che anche lei lo faccia per me.<\/p>\n\n<p>Vi mandiamo due gelsomini e la passiflora; dei gelsomini, scegliete quello che volete, e l&#8217;altro per la zia Concepci\u00f3n: non toccateli da quelli capienti, cos\u00ec come sono, fate una buca e copriteli di terra; vediamo se cos\u00ec cresceranno meglio.<\/p>\n\n<p>Vi saluto. Che il Signore vi ricompensi in questa e nell&#8217;altra vita per tutte le opere di carit\u00e0 che fate per noi.<\/p>\n\n<p>I miei saluti a Purificacion e alle zie, e ricevi le congratulazioni della Madre Badessa, della Vicaria, di Manuela, di Cara, di Suor Asuncion e, solo per citarne alcune, di tutta la comunit\u00e0. Vostra figlia, che in Ges\u00f9 vi abbraccia.<\/p>\n\n<p>Suor Felicidad&#013;\nCappuccina<\/p>\n\n<div style=\"height:40px\" aria-hidden=\"true\" class=\"wp-block-spacer\"><\/div>\n<div class=\"wp-block-image\">\n<figure class=\"aligncenter size-large is-resized\"><img loading=\"lazy\" decoding=\"async\" width=\"1024\" height=\"30\" src=\"https:\/\/martiresparroquiasanpiox.org\/wp-content\/uploads\/2024\/09\/maria-teresa-y-sus-hijas-martires-cartas-separador-1024x30.png\" alt=\"Mar&#xED;a Teresa e le sue figlie martiri - Parroquia San Pio X de Algemes&#xED; Valencia - schede di separazione\" class=\"wp-image-297\" style=\"width:1024px;height:auto\" srcset=\"https:\/\/martiresparroquiasanpiox.org\/wp-content\/uploads\/2024\/09\/maria-teresa-y-sus-hijas-martires-cartas-separador-1024x30.png 1024w, https:\/\/martiresparroquiasanpiox.org\/wp-content\/uploads\/2024\/09\/maria-teresa-y-sus-hijas-martires-cartas-separador-300x9.png 300w, https:\/\/martiresparroquiasanpiox.org\/wp-content\/uploads\/2024\/09\/maria-teresa-y-sus-hijas-martires-cartas-separador-768x23.png 768w, https:\/\/martiresparroquiasanpiox.org\/wp-content\/uploads\/2024\/09\/maria-teresa-y-sus-hijas-martires-cartas-separador-1536x46.png 1536w, https:\/\/martiresparroquiasanpiox.org\/wp-content\/uploads\/2024\/09\/maria-teresa-y-sus-hijas-martires-cartas-separador-583x17.png 583w, https:\/\/martiresparroquiasanpiox.org\/wp-content\/uploads\/2024\/09\/maria-teresa-y-sus-hijas-martires-cartas-separador.png 1920w\" sizes=\"auto, (max-width: 1024px) 100vw, 1024px\" \/><\/figure>\n<\/div>\n<div style=\"height:40px\" aria-hidden=\"true\" class=\"wp-block-spacer\"><\/div>\n\n<h4 class=\"wp-block-heading has-text-align-center\"><b><strong>23 febbraio 1934<\/strong><\/b><\/h4>\n\n<div style=\"height:40px\" aria-hidden=\"true\" class=\"wp-block-spacer\"><\/div>\n\n<figure class=\"wp-block-gallery aligncenter has-nested-images columns-default is-cropped wp-block-gallery-2 is-layout-flex wp-block-gallery-is-layout-flex\">\n<figure data-wp-context=\"{&quot;imageId&quot;:&quot;69e553c558dd6&quot;}\" data-wp-interactive=\"core\/image\" data-wp-key=\"69e553c558dd6\" class=\"wp-block-image size-large wp-lightbox-container\"><img loading=\"lazy\" decoding=\"async\" width=\"723\" height=\"1024\" data-wp-class--hide=\"state.isContentHidden\" data-wp-class--show=\"state.isContentVisible\" data-wp-init=\"callbacks.setButtonStyles\" data-wp-on--click=\"actions.showLightbox\" data-wp-on--load=\"callbacks.setButtonStyles\" data-wp-on-window--resize=\"callbacks.setButtonStyles\" data-id=\"1076\" src=\"https:\/\/martiresparroquiasanpiox.org\/wp-content\/uploads\/2024\/10\/maria-teresa-y-sus-hijas-martires-cartas-de-felicidad-a-su-madre-1934-23-febrero-1-723x1024.png\" alt=\"Maria Teresa e le sue figlie martiri - Chiesa parrocchiale di San Pio X di Algemes&#xED; Valencia - da Suor Felicidad Masi&#xE1; a sua madre 1934 23 febbraio\" class=\"wp-image-1076\" srcset=\"https:\/\/martiresparroquiasanpiox.org\/wp-content\/uploads\/2024\/10\/maria-teresa-y-sus-hijas-martires-cartas-de-felicidad-a-su-madre-1934-23-febrero-1-723x1024.png 723w, https:\/\/martiresparroquiasanpiox.org\/wp-content\/uploads\/2024\/10\/maria-teresa-y-sus-hijas-martires-cartas-de-felicidad-a-su-madre-1934-23-febrero-1-212x300.png 212w, https:\/\/martiresparroquiasanpiox.org\/wp-content\/uploads\/2024\/10\/maria-teresa-y-sus-hijas-martires-cartas-de-felicidad-a-su-madre-1934-23-febrero-1.png 763w\" sizes=\"auto, (max-width: 723px) 100vw, 723px\" \/><button\n\t\t\tclass=\"lightbox-trigger\"\n\t\t\ttype=\"button\"\n\t\t\taria-haspopup=\"dialog\"\n\t\t\taria-label=\"Ingrandisci\"\n\t\t\tdata-wp-init=\"callbacks.initTriggerButton\"\n\t\t\tdata-wp-on--click=\"actions.showLightbox\"\n\t\t\tdata-wp-style--right=\"state.imageButtonRight\"\n\t\t\tdata-wp-style--top=\"state.imageButtonTop\"\n\t\t>\n\t\t\t<svg xmlns=\"http:\/\/www.w3.org\/2000\/svg\" width=\"12\" height=\"12\" fill=\"none\" viewBox=\"0 0 12 12\">\n\t\t\t\t<path fill=\"#fff\" d=\"M2 0a2 2 0 0 0-2 2v2h1.5V2a.5.5 0 0 1 .5-.5h2V0H2Zm2 10.5H2a.5.5 0 0 1-.5-.5V8H0v2a2 2 0 0 0 2 2h2v-1.5ZM8 12v-1.5h2a.5.5 0 0 0 .5-.5V8H12v2a2 2 0 0 1-2 2H8Zm2-12a2 2 0 0 1 2 2v2h-1.5V2a.5.5 0 0 0-.5-.5H8V0h2Z\" \/>\n\t\t\t<\/svg>\n\t\t<\/button><\/figure>\n\n\n\n<figure data-wp-context=\"{&quot;imageId&quot;:&quot;69e553c5593c0&quot;}\" data-wp-interactive=\"core\/image\" data-wp-key=\"69e553c5593c0\" class=\"wp-block-image size-large wp-lightbox-container\"><img loading=\"lazy\" decoding=\"async\" width=\"707\" height=\"1024\" data-wp-class--hide=\"state.isContentHidden\" data-wp-class--show=\"state.isContentVisible\" data-wp-init=\"callbacks.setButtonStyles\" data-wp-on--click=\"actions.showLightbox\" data-wp-on--load=\"callbacks.setButtonStyles\" data-wp-on-window--resize=\"callbacks.setButtonStyles\" data-id=\"1081\" src=\"https:\/\/martiresparroquiasanpiox.org\/wp-content\/uploads\/2024\/10\/maria-teresa-y-sus-hijas-martires-cartas-de-felicidad-a-su-madre-1934-23-febrero-2-707x1024.png\" alt=\"Maria Teresa e le sue figlie martiri - Chiesa parrocchiale di San Pio X di Algemes&#xED; Valencia - da Suor Felicidad Masi&#xE1; a sua madre 1934 23 febbraio\" class=\"wp-image-1081\" srcset=\"https:\/\/martiresparroquiasanpiox.org\/wp-content\/uploads\/2024\/10\/maria-teresa-y-sus-hijas-martires-cartas-de-felicidad-a-su-madre-1934-23-febrero-2-707x1024.png 707w, https:\/\/martiresparroquiasanpiox.org\/wp-content\/uploads\/2024\/10\/maria-teresa-y-sus-hijas-martires-cartas-de-felicidad-a-su-madre-1934-23-febrero-2-207x300.png 207w, https:\/\/martiresparroquiasanpiox.org\/wp-content\/uploads\/2024\/10\/maria-teresa-y-sus-hijas-martires-cartas-de-felicidad-a-su-madre-1934-23-febrero-2.png 746w\" sizes=\"auto, (max-width: 707px) 100vw, 707px\" \/><button\n\t\t\tclass=\"lightbox-trigger\"\n\t\t\ttype=\"button\"\n\t\t\taria-haspopup=\"dialog\"\n\t\t\taria-label=\"Ingrandisci\"\n\t\t\tdata-wp-init=\"callbacks.initTriggerButton\"\n\t\t\tdata-wp-on--click=\"actions.showLightbox\"\n\t\t\tdata-wp-style--right=\"state.imageButtonRight\"\n\t\t\tdata-wp-style--top=\"state.imageButtonTop\"\n\t\t>\n\t\t\t<svg xmlns=\"http:\/\/www.w3.org\/2000\/svg\" width=\"12\" height=\"12\" fill=\"none\" viewBox=\"0 0 12 12\">\n\t\t\t\t<path fill=\"#fff\" d=\"M2 0a2 2 0 0 0-2 2v2h1.5V2a.5.5 0 0 1 .5-.5h2V0H2Zm2 10.5H2a.5.5 0 0 1-.5-.5V8H0v2a2 2 0 0 0 2 2h2v-1.5ZM8 12v-1.5h2a.5.5 0 0 0 .5-.5V8H12v2a2 2 0 0 1-2 2H8Zm2-12a2 2 0 0 1 2 2v2h-1.5V2a.5.5 0 0 0-.5-.5H8V0h2Z\" \/>\n\t\t\t<\/svg>\n\t\t<\/button><\/figure>\n<\/figure>\n\n<div style=\"height:40px\" aria-hidden=\"true\" class=\"wp-block-spacer\"><\/div>\n\n<p>+<\/p>\n\n<p>J.M.J.<\/p>\n\n<p>Cappuccine Agullent<\/p>\n\n<p>23 febbraio 1931<\/p>\n\n<p>Carissima madre:<\/p>\n\n<p>Vi auguro buona salute mentre ricevete queste lettere. Stiamo tuttora bene.<\/p>\n\n<p>Suor Mar\u00eda Mi\u00f1ana \u00e8 molto malata, il resto della comunit\u00e0 sta abbastanza bene.<\/p>\n\n<p>L&#8217;obiettivo \u00e8 quello di dirvi che ci rimarr\u00e0 del riso per circa tre settimane. Quando vi va bene, mandateci quello che volete e Dio vi pagher\u00e0 per questo. La avvertiamo anche di non farci torte, se Pedro se ne va, che se ne vada.<\/p>\n\n<p>Abbiamo ricevuto gli spazzolini da denti, ma abbiamo dimenticato di dirvelo. Quando avrete l&#8217;occasione comprate uno stuzzicadenti come quello che mi avete mandato per Suor Veronica; Suor M\u00aa Jes\u00fas ne ha gi\u00e0 uno.<\/p>\n\n<p>Senza ulteriori indugi, i ricordi della madre badessa e della comunit\u00e0, che condivider\u00e0 con Bautista e Purificaci\u00f3n e con gli altri familiari; le sue tre figlie, che la amano molto e non la dimenticano mai (la pi\u00f9 giovane).<\/p>\n\n<p>Suor Felicidad Masi\u00e1<\/p>\n\n<p>(Post scriptum)<\/p>\n\n<p>Condividete la condizione di Suor Maria con Vicenteta e anche con Consuelo, la \u201ccastagna\u201d.<\/p>\n\n<div style=\"height:40px\" aria-hidden=\"true\" class=\"wp-block-spacer\"><\/div>\n","protected":false},"excerpt":{"rendered":"<p>Suor Felicidad Masi\u00e1 alla madre, 10 ottobre 1920 + Viva Ges\u00f9! Cappuccine Agullent 10 ottobre 1920 Mia carissima madre nel Signore: Queste piccole lettere servono &hellip;<\/p>\n","protected":false},"author":1,"featured_media":244,"parent":2975,"menu_order":0,"comment_status":"closed","ping_status":"closed","template":"","meta":{"footnotes":""},"class_list":["post-3007","page","type-page","status-publish","has-post-thumbnail","hentry"],"_links":{"self":[{"href":"https:\/\/martiresparroquiasanpiox.org\/it\/wp-json\/wp\/v2\/pages\/3007","targetHints":{"allow":["GET"]}}],"collection":[{"href":"https:\/\/martiresparroquiasanpiox.org\/it\/wp-json\/wp\/v2\/pages"}],"about":[{"href":"https:\/\/martiresparroquiasanpiox.org\/it\/wp-json\/wp\/v2\/types\/page"}],"author":[{"embeddable":true,"href":"https:\/\/martiresparroquiasanpiox.org\/it\/wp-json\/wp\/v2\/users\/1"}],"replies":[{"embeddable":true,"href":"https:\/\/martiresparroquiasanpiox.org\/it\/wp-json\/wp\/v2\/comments?post=3007"}],"version-history":[{"count":1,"href":"https:\/\/martiresparroquiasanpiox.org\/it\/wp-json\/wp\/v2\/pages\/3007\/revisions"}],"predecessor-version":[{"id":3008,"href":"https:\/\/martiresparroquiasanpiox.org\/it\/wp-json\/wp\/v2\/pages\/3007\/revisions\/3008"}],"up":[{"embeddable":true,"href":"https:\/\/martiresparroquiasanpiox.org\/it\/wp-json\/wp\/v2\/pages\/2975"}],"wp:featuredmedia":[{"embeddable":true,"href":"https:\/\/martiresparroquiasanpiox.org\/it\/wp-json\/wp\/v2\/media\/244"}],"wp:attachment":[{"href":"https:\/\/martiresparroquiasanpiox.org\/it\/wp-json\/wp\/v2\/media?parent=3007"}],"curies":[{"name":"wp","href":"https:\/\/api.w.org\/{rel}","templated":true}]}}