{"id":3031,"date":"2024-11-05T20:24:36","date_gmt":"2024-11-05T20:24:36","guid":{"rendered":"https:\/\/martiresparroquiasanpiox.org\/lettere\/lettere-felicidad-masia\/da-felicidad-a-sua-madre-e-ai-suoi-fratelli\/"},"modified":"2024-11-05T20:24:37","modified_gmt":"2024-11-05T20:24:37","slug":"da-felicidad-a-sua-madre-e-ai-suoi-fratelli","status":"publish","type":"page","link":"https:\/\/martiresparroquiasanpiox.org\/it\/lettere\/lettere-felicidad-masia\/da-felicidad-a-sua-madre-e-ai-suoi-fratelli\/","title":{"rendered":"Da Felicidad a sua madre e ai suoi fratelli"},"content":{"rendered":"\n<h4 class=\"wp-block-heading has-text-align-center\"><b><strong>Suor Felicidad Masi\u00e1 alla madre e ai fratelli, 19 giugno 1927<\/strong><\/b><\/h4>\n\n<div style=\"height:40px\" aria-hidden=\"true\" class=\"wp-block-spacer\"><\/div>\n\n<figure class=\"wp-block-gallery aligncenter has-nested-images columns-default is-cropped wp-block-gallery-1 is-layout-flex wp-block-gallery-is-layout-flex\">\n<figure data-wp-context=\"{&quot;imageId&quot;:&quot;69d5dadca7776&quot;}\" data-wp-interactive=\"core\/image\" data-wp-key=\"69d5dadca7776\" class=\"wp-block-image size-large wp-lightbox-container\"><img loading=\"lazy\" decoding=\"async\" width=\"687\" height=\"1024\" data-wp-class--hide=\"state.isContentHidden\" data-wp-class--show=\"state.isContentVisible\" data-wp-init=\"callbacks.setButtonStyles\" data-wp-on--click=\"actions.showLightbox\" data-wp-on--load=\"callbacks.setButtonStyles\" data-wp-on-window--resize=\"callbacks.setButtonStyles\" data-id=\"958\" src=\"https:\/\/martiresparroquiasanpiox.org\/wp-content\/uploads\/2024\/10\/maria-teresa-y-sus-hijas-martires-cartas-de-felicidad-a-su-madre-y-hermanos-1-687x1024.png\" alt=\"Mar&#xED;a Teresa e le sue figlie martiri - Parrocchia San Pio X di Algemes&#xED; Valencia - da Suor Felicidad Masi&#xE1; a sua madre e ai suoi fratelli\" class=\"wp-image-958\" srcset=\"https:\/\/martiresparroquiasanpiox.org\/wp-content\/uploads\/2024\/10\/maria-teresa-y-sus-hijas-martires-cartas-de-felicidad-a-su-madre-y-hermanos-1-687x1024.png 687w, https:\/\/martiresparroquiasanpiox.org\/wp-content\/uploads\/2024\/10\/maria-teresa-y-sus-hijas-martires-cartas-de-felicidad-a-su-madre-y-hermanos-1-201x300.png 201w, https:\/\/martiresparroquiasanpiox.org\/wp-content\/uploads\/2024\/10\/maria-teresa-y-sus-hijas-martires-cartas-de-felicidad-a-su-madre-y-hermanos-1.png 725w\" sizes=\"auto, (max-width: 687px) 100vw, 687px\" \/><button\n\t\t\tclass=\"lightbox-trigger\"\n\t\t\ttype=\"button\"\n\t\t\taria-haspopup=\"dialog\"\n\t\t\taria-label=\"Ingrandisci\"\n\t\t\tdata-wp-init=\"callbacks.initTriggerButton\"\n\t\t\tdata-wp-on--click=\"actions.showLightbox\"\n\t\t\tdata-wp-style--right=\"state.imageButtonRight\"\n\t\t\tdata-wp-style--top=\"state.imageButtonTop\"\n\t\t>\n\t\t\t<svg xmlns=\"http:\/\/www.w3.org\/2000\/svg\" width=\"12\" height=\"12\" fill=\"none\" viewBox=\"0 0 12 12\">\n\t\t\t\t<path fill=\"#fff\" d=\"M2 0a2 2 0 0 0-2 2v2h1.5V2a.5.5 0 0 1 .5-.5h2V0H2Zm2 10.5H2a.5.5 0 0 1-.5-.5V8H0v2a2 2 0 0 0 2 2h2v-1.5ZM8 12v-1.5h2a.5.5 0 0 0 .5-.5V8H12v2a2 2 0 0 1-2 2H8Zm2-12a2 2 0 0 1 2 2v2h-1.5V2a.5.5 0 0 0-.5-.5H8V0h2Z\" \/>\n\t\t\t<\/svg>\n\t\t<\/button><\/figure>\n\n\n\n<figure data-wp-context=\"{&quot;imageId&quot;:&quot;69d5dadca7f96&quot;}\" data-wp-interactive=\"core\/image\" data-wp-key=\"69d5dadca7f96\" class=\"wp-block-image size-large wp-lightbox-container\"><img loading=\"lazy\" decoding=\"async\" width=\"707\" height=\"1024\" data-wp-class--hide=\"state.isContentHidden\" data-wp-class--show=\"state.isContentVisible\" data-wp-init=\"callbacks.setButtonStyles\" data-wp-on--click=\"actions.showLightbox\" data-wp-on--load=\"callbacks.setButtonStyles\" data-wp-on-window--resize=\"callbacks.setButtonStyles\" data-id=\"1000\" src=\"https:\/\/martiresparroquiasanpiox.org\/wp-content\/uploads\/2024\/10\/maria-teresa-y-sus-hijas-martires-cartas-de-felicidad-a-su-madre-y-hermanos-2-707x1024.png\" alt=\"Mar&#xED;a Teresa e le sue figlie martiri - Parrocchia San Pio X di Algemes&#xED; Valencia - da Suor Felicidad Masi&#xE1; a sua madre e ai suoi fratelli\" class=\"wp-image-1000\" srcset=\"https:\/\/martiresparroquiasanpiox.org\/wp-content\/uploads\/2024\/10\/maria-teresa-y-sus-hijas-martires-cartas-de-felicidad-a-su-madre-y-hermanos-2-707x1024.png 707w, https:\/\/martiresparroquiasanpiox.org\/wp-content\/uploads\/2024\/10\/maria-teresa-y-sus-hijas-martires-cartas-de-felicidad-a-su-madre-y-hermanos-2-207x300.png 207w, https:\/\/martiresparroquiasanpiox.org\/wp-content\/uploads\/2024\/10\/maria-teresa-y-sus-hijas-martires-cartas-de-felicidad-a-su-madre-y-hermanos-2.png 746w\" sizes=\"auto, (max-width: 707px) 100vw, 707px\" \/><button\n\t\t\tclass=\"lightbox-trigger\"\n\t\t\ttype=\"button\"\n\t\t\taria-haspopup=\"dialog\"\n\t\t\taria-label=\"Ingrandisci\"\n\t\t\tdata-wp-init=\"callbacks.initTriggerButton\"\n\t\t\tdata-wp-on--click=\"actions.showLightbox\"\n\t\t\tdata-wp-style--right=\"state.imageButtonRight\"\n\t\t\tdata-wp-style--top=\"state.imageButtonTop\"\n\t\t>\n\t\t\t<svg xmlns=\"http:\/\/www.w3.org\/2000\/svg\" width=\"12\" height=\"12\" fill=\"none\" viewBox=\"0 0 12 12\">\n\t\t\t\t<path fill=\"#fff\" d=\"M2 0a2 2 0 0 0-2 2v2h1.5V2a.5.5 0 0 1 .5-.5h2V0H2Zm2 10.5H2a.5.5 0 0 1-.5-.5V8H0v2a2 2 0 0 0 2 2h2v-1.5ZM8 12v-1.5h2a.5.5 0 0 0 .5-.5V8H12v2a2 2 0 0 1-2 2H8Zm2-12a2 2 0 0 1 2 2v2h-1.5V2a.5.5 0 0 0-.5-.5H8V0h2Z\" \/>\n\t\t\t<\/svg>\n\t\t<\/button><\/figure>\n<\/figure>\n\n<div style=\"height:40px\" aria-hidden=\"true\" class=\"wp-block-spacer\"><\/div>\n\n<p>Viva Ges\u00f9!<\/p>\n\n<p>Cappuccine Agullent<\/p>\n\n<p>19 giugno 1927<\/p>\n\n<p>Carissima madre e fratelli, Battista e Purificazione, in Ges\u00f9, Maria e Giuseppe:<\/p>\n\n<p>In occasione della visita di Fratel Pedro, vi inviamo questo regalo di festa che la Madre Badessa ci ha fatto preparare con quello che abbiamo in giardino.<\/p>\n\n<p>A lei sono stati applicati anche i suffragi che applichiamo alla nostra sorella Teresita &#8211; che riposi in pace &#8211; alle religiose di questa comunit\u00e0, e le sono stati celebrati in questo mese un anniversario e tre intenzioni, e cinque giorni tutti gli atti comunitari, e anche il gioved\u00ec le sono stati applicati.<\/p>\n\n<p>Con l&#8217;avvicinarsi della festa di San Giovanni, ricordiamo di raccomandarlo al Signore.<\/p>\n\n<p>Quando scrivete, indirizzate la lettera a noi, anche se scrivete alla madre badessa, perch\u00e9 \u00e8 cos\u00ec che apre le lettere, altrimenti le apre la segretaria.<\/p>\n\n<p>Prendetevi cura di voi stessi; in particolare, prendetevi cura delle vostre madri.<\/p>\n\n<p>Ricordi della Madre Badessa e della comunit\u00e0, in particolare di Suor Mar\u00eda Jes\u00fas, Suor Ver\u00f3nica e Suor Felicidad.<\/p>\n\n<div style=\"height:40px\" aria-hidden=\"true\" class=\"wp-block-spacer\"><\/div>\n<div class=\"wp-block-image\">\n<figure class=\"aligncenter size-large\"><img loading=\"lazy\" decoding=\"async\" width=\"1024\" height=\"30\" src=\"https:\/\/martiresparroquiasanpiox.org\/wp-content\/uploads\/2024\/09\/maria-teresa-y-sus-hijas-martires-cartas-separador-1024x30.png\" alt=\"Mar&#xED;a Teresa e le sue figlie martiri - Parroquia San Pio X de Algemes&#xED; Valencia - schede di separazione\" class=\"wp-image-297\" srcset=\"https:\/\/martiresparroquiasanpiox.org\/wp-content\/uploads\/2024\/09\/maria-teresa-y-sus-hijas-martires-cartas-separador-1024x30.png 1024w, https:\/\/martiresparroquiasanpiox.org\/wp-content\/uploads\/2024\/09\/maria-teresa-y-sus-hijas-martires-cartas-separador-300x9.png 300w, https:\/\/martiresparroquiasanpiox.org\/wp-content\/uploads\/2024\/09\/maria-teresa-y-sus-hijas-martires-cartas-separador-768x23.png 768w, https:\/\/martiresparroquiasanpiox.org\/wp-content\/uploads\/2024\/09\/maria-teresa-y-sus-hijas-martires-cartas-separador-1536x46.png 1536w, https:\/\/martiresparroquiasanpiox.org\/wp-content\/uploads\/2024\/09\/maria-teresa-y-sus-hijas-martires-cartas-separador-583x17.png 583w, https:\/\/martiresparroquiasanpiox.org\/wp-content\/uploads\/2024\/09\/maria-teresa-y-sus-hijas-martires-cartas-separador.png 1920w\" sizes=\"auto, (max-width: 1024px) 100vw, 1024px\" \/><\/figure>\n<\/div>\n<div style=\"height:40px\" aria-hidden=\"true\" class=\"wp-block-spacer\"><\/div>\n\n<h4 class=\"wp-block-heading has-text-align-center\"><b><strong>31 luglio 1927<\/strong><\/b><\/h4>\n\n<div style=\"height:40px\" aria-hidden=\"true\" class=\"wp-block-spacer\"><\/div>\n\n<figure class=\"wp-block-gallery aligncenter has-nested-images columns-default is-cropped wp-block-gallery-2 is-layout-flex wp-block-gallery-is-layout-flex\">\n<figure data-wp-context=\"{&quot;imageId&quot;:&quot;69d5dadca9105&quot;}\" data-wp-interactive=\"core\/image\" data-wp-key=\"69d5dadca9105\" class=\"wp-block-image size-large wp-lightbox-container\"><img loading=\"lazy\" decoding=\"async\" width=\"684\" height=\"1024\" data-wp-class--hide=\"state.isContentHidden\" data-wp-class--show=\"state.isContentVisible\" data-wp-init=\"callbacks.setButtonStyles\" data-wp-on--click=\"actions.showLightbox\" data-wp-on--load=\"callbacks.setButtonStyles\" data-wp-on-window--resize=\"callbacks.setButtonStyles\" data-id=\"1046\" src=\"https:\/\/martiresparroquiasanpiox.org\/wp-content\/uploads\/2024\/10\/maria-teresa-y-sus-hijas-martires-cartas-de-felicidad-a-su-madre-y-hermanos-1927-31-julio-1-1-684x1024.png\" alt=\"Mar&#xED;a Teresa e le sue figlie martiri - Parrocchia San Pio X di Algemes&#xED; Valencia - da Suor Felicidad Masi&#xE1; a sua madre e ai suoi fratelli luglio 1927\" class=\"wp-image-1046\" srcset=\"https:\/\/martiresparroquiasanpiox.org\/wp-content\/uploads\/2024\/10\/maria-teresa-y-sus-hijas-martires-cartas-de-felicidad-a-su-madre-y-hermanos-1927-31-julio-1-1-684x1024.png 684w, https:\/\/martiresparroquiasanpiox.org\/wp-content\/uploads\/2024\/10\/maria-teresa-y-sus-hijas-martires-cartas-de-felicidad-a-su-madre-y-hermanos-1927-31-julio-1-1-200x300.png 200w, https:\/\/martiresparroquiasanpiox.org\/wp-content\/uploads\/2024\/10\/maria-teresa-y-sus-hijas-martires-cartas-de-felicidad-a-su-madre-y-hermanos-1927-31-julio-1-1.png 721w\" sizes=\"auto, (max-width: 684px) 100vw, 684px\" \/><button\n\t\t\tclass=\"lightbox-trigger\"\n\t\t\ttype=\"button\"\n\t\t\taria-haspopup=\"dialog\"\n\t\t\taria-label=\"Ingrandisci\"\n\t\t\tdata-wp-init=\"callbacks.initTriggerButton\"\n\t\t\tdata-wp-on--click=\"actions.showLightbox\"\n\t\t\tdata-wp-style--right=\"state.imageButtonRight\"\n\t\t\tdata-wp-style--top=\"state.imageButtonTop\"\n\t\t>\n\t\t\t<svg xmlns=\"http:\/\/www.w3.org\/2000\/svg\" width=\"12\" height=\"12\" fill=\"none\" viewBox=\"0 0 12 12\">\n\t\t\t\t<path fill=\"#fff\" d=\"M2 0a2 2 0 0 0-2 2v2h1.5V2a.5.5 0 0 1 .5-.5h2V0H2Zm2 10.5H2a.5.5 0 0 1-.5-.5V8H0v2a2 2 0 0 0 2 2h2v-1.5ZM8 12v-1.5h2a.5.5 0 0 0 .5-.5V8H12v2a2 2 0 0 1-2 2H8Zm2-12a2 2 0 0 1 2 2v2h-1.5V2a.5.5 0 0 0-.5-.5H8V0h2Z\" \/>\n\t\t\t<\/svg>\n\t\t<\/button><\/figure>\n\n\n\n<figure data-wp-context=\"{&quot;imageId&quot;:&quot;69d5dadca9807&quot;}\" data-wp-interactive=\"core\/image\" data-wp-key=\"69d5dadca9807\" class=\"wp-block-image size-large wp-lightbox-container\"><img loading=\"lazy\" decoding=\"async\" width=\"688\" height=\"1024\" data-wp-class--hide=\"state.isContentHidden\" data-wp-class--show=\"state.isContentVisible\" data-wp-init=\"callbacks.setButtonStyles\" data-wp-on--click=\"actions.showLightbox\" data-wp-on--load=\"callbacks.setButtonStyles\" data-wp-on-window--resize=\"callbacks.setButtonStyles\" data-id=\"1051\" src=\"https:\/\/martiresparroquiasanpiox.org\/wp-content\/uploads\/2024\/10\/maria-teresa-y-sus-hijas-martires-cartas-de-felicidad-a-su-madre-y-hermanos-1927-31-julio-2-1-688x1024.png\" alt=\"Mar&#xED;a Teresa e le sue figlie martiri - Parrocchia San Pio X di Algemes&#xED; Valencia - da Suor Felicidad Masi&#xE1; a sua madre e ai suoi fratelli luglio 1927\" class=\"wp-image-1051\" srcset=\"https:\/\/martiresparroquiasanpiox.org\/wp-content\/uploads\/2024\/10\/maria-teresa-y-sus-hijas-martires-cartas-de-felicidad-a-su-madre-y-hermanos-1927-31-julio-2-1-688x1024.png 688w, https:\/\/martiresparroquiasanpiox.org\/wp-content\/uploads\/2024\/10\/maria-teresa-y-sus-hijas-martires-cartas-de-felicidad-a-su-madre-y-hermanos-1927-31-julio-2-1-202x300.png 202w, https:\/\/martiresparroquiasanpiox.org\/wp-content\/uploads\/2024\/10\/maria-teresa-y-sus-hijas-martires-cartas-de-felicidad-a-su-madre-y-hermanos-1927-31-julio-2-1.png 726w\" sizes=\"auto, (max-width: 688px) 100vw, 688px\" \/><button\n\t\t\tclass=\"lightbox-trigger\"\n\t\t\ttype=\"button\"\n\t\t\taria-haspopup=\"dialog\"\n\t\t\taria-label=\"Ingrandisci\"\n\t\t\tdata-wp-init=\"callbacks.initTriggerButton\"\n\t\t\tdata-wp-on--click=\"actions.showLightbox\"\n\t\t\tdata-wp-style--right=\"state.imageButtonRight\"\n\t\t\tdata-wp-style--top=\"state.imageButtonTop\"\n\t\t>\n\t\t\t<svg xmlns=\"http:\/\/www.w3.org\/2000\/svg\" width=\"12\" height=\"12\" fill=\"none\" viewBox=\"0 0 12 12\">\n\t\t\t\t<path fill=\"#fff\" d=\"M2 0a2 2 0 0 0-2 2v2h1.5V2a.5.5 0 0 1 .5-.5h2V0H2Zm2 10.5H2a.5.5 0 0 1-.5-.5V8H0v2a2 2 0 0 0 2 2h2v-1.5ZM8 12v-1.5h2a.5.5 0 0 0 .5-.5V8H12v2a2 2 0 0 1-2 2H8Zm2-12a2 2 0 0 1 2 2v2h-1.5V2a.5.5 0 0 0-.5-.5H8V0h2Z\" \/>\n\t\t\t<\/svg>\n\t\t<\/button><\/figure>\n<\/figure>\n\n<div style=\"height:40px\" aria-hidden=\"true\" class=\"wp-block-spacer\"><\/div>\n\n<p>Viva Ges\u00f9!<\/p>\n\n<p>Cappuccine Agullent<\/p>\n\n<p>31 luglio 1927<\/p>\n\n<p>Carissima madre e fratelli, Battista e Purificazione, in Ges\u00f9, Maria e Giuseppe:<\/p>\n\n<p>Vi auguro buona salute mentre ricevete queste lettere. Noi stiamo ancora bene, grazie a Dio.<\/p>\n\n<p>La Madre Badessa dice che con Fratel Pedro pu\u00f2 inviarci 100 chili di riso, che saranno sufficienti fino al raccolto, e Dio la ripagher\u00e0.<\/p>\n\n<p>Serafino ci ha scritto qualche giorno fa e dice che presto andr\u00e0 da quella per venire con voi qui, che desideriamo vedere presto.<\/p>\n\n<p>La Madre Badessa vi manda un piccolo cesto di quello che abbiamo nell&#8217;orto. I miei saluti dalla Madre Badessa e dalla comunit\u00e0, in particolare da Suor Mar\u00eda Jes\u00fas e Suor Mar\u00eda Ver\u00f3nica, che estenderete alla madre e ai fratelli di Bautista, e che vi mantengano in salute e fino a quando avremo il piacere di vedervi qui.<\/p>\n\n<p>Tua figlia, che ti ama molto in Ges\u00f9 e Maria<\/p>\n\n<p>Suor Felicidad Masi\u00e1<\/p>\n\n<div style=\"height:40px\" aria-hidden=\"true\" class=\"wp-block-spacer\"><\/div>\n<div class=\"wp-block-image\">\n<figure class=\"aligncenter size-large is-resized\"><img loading=\"lazy\" decoding=\"async\" width=\"1024\" height=\"30\" src=\"https:\/\/martiresparroquiasanpiox.org\/wp-content\/uploads\/2024\/09\/maria-teresa-y-sus-hijas-martires-cartas-separador-1024x30.png\" alt=\"Mar&#xED;a Teresa e le sue figlie martiri - Parroquia San Pio X de Algemes&#xED; Valencia - schede di separazione\" class=\"wp-image-297\" style=\"width:1024px;height:auto\" srcset=\"https:\/\/martiresparroquiasanpiox.org\/wp-content\/uploads\/2024\/09\/maria-teresa-y-sus-hijas-martires-cartas-separador-1024x30.png 1024w, https:\/\/martiresparroquiasanpiox.org\/wp-content\/uploads\/2024\/09\/maria-teresa-y-sus-hijas-martires-cartas-separador-300x9.png 300w, https:\/\/martiresparroquiasanpiox.org\/wp-content\/uploads\/2024\/09\/maria-teresa-y-sus-hijas-martires-cartas-separador-768x23.png 768w, https:\/\/martiresparroquiasanpiox.org\/wp-content\/uploads\/2024\/09\/maria-teresa-y-sus-hijas-martires-cartas-separador-1536x46.png 1536w, https:\/\/martiresparroquiasanpiox.org\/wp-content\/uploads\/2024\/09\/maria-teresa-y-sus-hijas-martires-cartas-separador-583x17.png 583w, https:\/\/martiresparroquiasanpiox.org\/wp-content\/uploads\/2024\/09\/maria-teresa-y-sus-hijas-martires-cartas-separador.png 1920w\" sizes=\"auto, (max-width: 1024px) 100vw, 1024px\" \/><\/figure>\n<\/div>\n<div style=\"height:40px\" aria-hidden=\"true\" class=\"wp-block-spacer\"><\/div>\n\n<h4 class=\"wp-block-heading has-text-align-center\"><strong>5 agosto 1927<\/strong><\/h4>\n\n<div style=\"height:40px\" aria-hidden=\"true\" class=\"wp-block-spacer\"><\/div>\n<div class=\"wp-block-image\">\n<figure data-wp-context=\"{&quot;imageId&quot;:&quot;69d5dadcaa407&quot;}\" data-wp-interactive=\"core\/image\" data-wp-key=\"69d5dadcaa407\" class=\"aligncenter size-large wp-lightbox-container\"><img loading=\"lazy\" decoding=\"async\" width=\"703\" height=\"1024\" data-wp-class--hide=\"state.isContentHidden\" data-wp-class--show=\"state.isContentVisible\" data-wp-init=\"callbacks.setButtonStyles\" data-wp-on--click=\"actions.showLightbox\" data-wp-on--load=\"callbacks.setButtonStyles\" data-wp-on-window--resize=\"callbacks.setButtonStyles\" src=\"https:\/\/martiresparroquiasanpiox.org\/wp-content\/uploads\/2024\/10\/maria-teresa-y-sus-hijas-martires-cartas-de-felicidad-a-su-madre-y-hermanos-1927-5-agosto-703x1024.png\" alt=\"\" class=\"wp-image-1058\" srcset=\"https:\/\/martiresparroquiasanpiox.org\/wp-content\/uploads\/2024\/10\/maria-teresa-y-sus-hijas-martires-cartas-de-felicidad-a-su-madre-y-hermanos-1927-5-agosto-703x1024.png 703w, https:\/\/martiresparroquiasanpiox.org\/wp-content\/uploads\/2024\/10\/maria-teresa-y-sus-hijas-martires-cartas-de-felicidad-a-su-madre-y-hermanos-1927-5-agosto-206x300.png 206w, https:\/\/martiresparroquiasanpiox.org\/wp-content\/uploads\/2024\/10\/maria-teresa-y-sus-hijas-martires-cartas-de-felicidad-a-su-madre-y-hermanos-1927-5-agosto.png 741w\" sizes=\"auto, (max-width: 703px) 100vw, 703px\" \/><button\n\t\t\tclass=\"lightbox-trigger\"\n\t\t\ttype=\"button\"\n\t\t\taria-haspopup=\"dialog\"\n\t\t\taria-label=\"Ingrandisci\"\n\t\t\tdata-wp-init=\"callbacks.initTriggerButton\"\n\t\t\tdata-wp-on--click=\"actions.showLightbox\"\n\t\t\tdata-wp-style--right=\"state.imageButtonRight\"\n\t\t\tdata-wp-style--top=\"state.imageButtonTop\"\n\t\t>\n\t\t\t<svg xmlns=\"http:\/\/www.w3.org\/2000\/svg\" width=\"12\" height=\"12\" fill=\"none\" viewBox=\"0 0 12 12\">\n\t\t\t\t<path fill=\"#fff\" d=\"M2 0a2 2 0 0 0-2 2v2h1.5V2a.5.5 0 0 1 .5-.5h2V0H2Zm2 10.5H2a.5.5 0 0 1-.5-.5V8H0v2a2 2 0 0 0 2 2h2v-1.5ZM8 12v-1.5h2a.5.5 0 0 0 .5-.5V8H12v2a2 2 0 0 1-2 2H8Zm2-12a2 2 0 0 1 2 2v2h-1.5V2a.5.5 0 0 0-.5-.5H8V0h2Z\" \/>\n\t\t\t<\/svg>\n\t\t<\/button><\/figure>\n<\/div>\n<div style=\"height:40px\" aria-hidden=\"true\" class=\"wp-block-spacer\"><\/div>\n\n<p>+<\/p>\n\n<p>Viva Ges\u00f9!<\/p>\n\n<p>Cappuccine Agullent<\/p>\n\n<p>5 agosto 1927<\/p>\n\n<p>Carissima madre e fratelli nei cuori di Ges\u00f9 e Maria:<\/p>\n\n<p>Siamo stati molto felici di sapere che sono in buona salute. Noi stiamo ancora bene, grazie a Dio.<\/p>\n\n<p>La Madre Badessa ringrazia per il riso e siamo tutti molto felici e grati. Dice anche che potete venire per la festa di Madre Santa Chiara, che \u00e8 il prossimo venerd\u00ec, e sentirete cantare una nuova messa, che abbiamo cantato solo una volta in passato.<\/p>\n\n<p>Immaginiamo che Serafin sar\u00e0 gi\u00e0 l\u00ec. Vi porgiamo i nostri migliori saluti e finch\u00e9 non avremo il piacere di vederlo, lo stesso vale per voi.<\/p>\n\n<p>Ricordi della madre badessa, della comunit\u00e0, in particolare delle tre figlie<\/p>\n\n<div style=\"height:40px\" aria-hidden=\"true\" class=\"wp-block-spacer\"><\/div>\n","protected":false},"excerpt":{"rendered":"<p>Suor Felicidad Masi\u00e1 alla madre e ai fratelli, 19 giugno 1927 Viva Ges\u00f9! Cappuccine Agullent 19 giugno 1927 Carissima madre e fratelli, Battista e Purificazione, &hellip;<\/p>\n","protected":false},"author":1,"featured_media":244,"parent":2975,"menu_order":0,"comment_status":"closed","ping_status":"closed","template":"","meta":{"footnotes":""},"class_list":["post-3031","page","type-page","status-publish","has-post-thumbnail","hentry"],"_links":{"self":[{"href":"https:\/\/martiresparroquiasanpiox.org\/it\/wp-json\/wp\/v2\/pages\/3031","targetHints":{"allow":["GET"]}}],"collection":[{"href":"https:\/\/martiresparroquiasanpiox.org\/it\/wp-json\/wp\/v2\/pages"}],"about":[{"href":"https:\/\/martiresparroquiasanpiox.org\/it\/wp-json\/wp\/v2\/types\/page"}],"author":[{"embeddable":true,"href":"https:\/\/martiresparroquiasanpiox.org\/it\/wp-json\/wp\/v2\/users\/1"}],"replies":[{"embeddable":true,"href":"https:\/\/martiresparroquiasanpiox.org\/it\/wp-json\/wp\/v2\/comments?post=3031"}],"version-history":[{"count":1,"href":"https:\/\/martiresparroquiasanpiox.org\/it\/wp-json\/wp\/v2\/pages\/3031\/revisions"}],"predecessor-version":[{"id":3032,"href":"https:\/\/martiresparroquiasanpiox.org\/it\/wp-json\/wp\/v2\/pages\/3031\/revisions\/3032"}],"up":[{"embeddable":true,"href":"https:\/\/martiresparroquiasanpiox.org\/it\/wp-json\/wp\/v2\/pages\/2975"}],"wp:featuredmedia":[{"embeddable":true,"href":"https:\/\/martiresparroquiasanpiox.org\/it\/wp-json\/wp\/v2\/media\/244"}],"wp:attachment":[{"href":"https:\/\/martiresparroquiasanpiox.org\/it\/wp-json\/wp\/v2\/media?parent=3031"}],"curies":[{"name":"wp","href":"https:\/\/api.w.org\/{rel}","templated":true}]}}