{"id":3046,"date":"2024-11-06T20:14:10","date_gmt":"2024-11-06T20:14:10","guid":{"rendered":"https:\/\/martiresparroquiasanpiox.org\/da-frate-serafino-alle-sue-sorelle\/"},"modified":"2024-11-06T20:19:50","modified_gmt":"2024-11-06T20:19:50","slug":"da-frate-serafino-alle-sue-sorelle","status":"publish","type":"page","link":"https:\/\/martiresparroquiasanpiox.org\/it\/lettere\/lettere-frate-serafino\/da-frate-serafino-alle-sue-sorelle\/","title":{"rendered":"Da Frate Serafino alle sue sorelle"},"content":{"rendered":"\n<h4 class=\"wp-block-heading has-text-align-center\">4 settembre 1935, alla sorella<\/h4>\n\n<div style=\"height:40px\" aria-hidden=\"true\" class=\"wp-block-spacer\"><\/div>\n<div class=\"wp-block-image\">\n<figure data-wp-context=\"{&quot;imageId&quot;:&quot;69e9cbcc80230&quot;}\" data-wp-interactive=\"core\/image\" data-wp-key=\"69e9cbcc80230\" class=\"aligncenter size-large wp-lightbox-container\"><img loading=\"lazy\" decoding=\"async\" width=\"702\" height=\"1024\" data-wp-class--hide=\"state.isContentHidden\" data-wp-class--show=\"state.isContentVisible\" data-wp-init=\"callbacks.setButtonStyles\" data-wp-on--click=\"actions.showLightbox\" data-wp-on--load=\"callbacks.setButtonStyles\" data-wp-on-window--resize=\"callbacks.setButtonStyles\" src=\"https:\/\/martiresparroquiasanpiox.org\/wp-content\/uploads\/2024\/10\/maria-teresa-y-sus-hijas-martires-cartas-fray-serafin-a-sus-hermanas-1935-4-septiembre-1-702x1024.png\" alt=\"Mar&#xED;a Teresa e le sue figlie martiri - Parrocchia San Pio X di Algemes&#xED; Valencia - Lettera di Fra Seraf&#xED;n alle sue sorelle 1936 4 settembre\" class=\"wp-image-2262\" srcset=\"https:\/\/martiresparroquiasanpiox.org\/wp-content\/uploads\/2024\/10\/maria-teresa-y-sus-hijas-martires-cartas-fray-serafin-a-sus-hermanas-1935-4-septiembre-1-702x1024.png 702w, https:\/\/martiresparroquiasanpiox.org\/wp-content\/uploads\/2024\/10\/maria-teresa-y-sus-hijas-martires-cartas-fray-serafin-a-sus-hermanas-1935-4-septiembre-1-206x300.png 206w, https:\/\/martiresparroquiasanpiox.org\/wp-content\/uploads\/2024\/10\/maria-teresa-y-sus-hijas-martires-cartas-fray-serafin-a-sus-hermanas-1935-4-septiembre-1.png 740w\" sizes=\"auto, (max-width: 702px) 100vw, 702px\" \/><button\n\t\t\tclass=\"lightbox-trigger\"\n\t\t\ttype=\"button\"\n\t\t\taria-haspopup=\"dialog\"\n\t\t\taria-label=\"Ingrandisci\"\n\t\t\tdata-wp-init=\"callbacks.initTriggerButton\"\n\t\t\tdata-wp-on--click=\"actions.showLightbox\"\n\t\t\tdata-wp-style--right=\"state.imageButtonRight\"\n\t\t\tdata-wp-style--top=\"state.imageButtonTop\"\n\t\t>\n\t\t\t<svg xmlns=\"http:\/\/www.w3.org\/2000\/svg\" width=\"12\" height=\"12\" fill=\"none\" viewBox=\"0 0 12 12\">\n\t\t\t\t<path fill=\"#fff\" d=\"M2 0a2 2 0 0 0-2 2v2h1.5V2a.5.5 0 0 1 .5-.5h2V0H2Zm2 10.5H2a.5.5 0 0 1-.5-.5V8H0v2a2 2 0 0 0 2 2h2v-1.5ZM8 12v-1.5h2a.5.5 0 0 0 .5-.5V8H12v2a2 2 0 0 1-2 2H8Zm2-12a2 2 0 0 1 2 2v2h-1.5V2a.5.5 0 0 0-.5-.5H8V0h2Z\" \/>\n\t\t\t<\/svg>\n\t\t<\/button><\/figure>\n<\/div>\n<div style=\"height:30px\" aria-hidden=\"true\" class=\"wp-block-spacer\"><\/div>\n<div class=\"wp-block-image\">\n<figure data-wp-context=\"{&quot;imageId&quot;:&quot;69e9cbcc807cc&quot;}\" data-wp-interactive=\"core\/image\" data-wp-key=\"69e9cbcc807cc\" class=\"aligncenter size-large wp-lightbox-container\"><img loading=\"lazy\" decoding=\"async\" width=\"1024\" height=\"827\" data-wp-class--hide=\"state.isContentHidden\" data-wp-class--show=\"state.isContentVisible\" data-wp-init=\"callbacks.setButtonStyles\" data-wp-on--click=\"actions.showLightbox\" data-wp-on--load=\"callbacks.setButtonStyles\" data-wp-on-window--resize=\"callbacks.setButtonStyles\" src=\"https:\/\/martiresparroquiasanpiox.org\/wp-content\/uploads\/2024\/10\/maria-teresa-y-sus-hijas-martires-cartas-fray-serafin-a-sus-hermanas-1935-4-septiembre-2-1024x827.png\" alt=\"Mar&#xED;a Teresa e le sue figlie martiri - Parrocchia San Pio X di Algemes&#xED; Valencia - Lettera di Fra Seraf&#xED;n alle sue sorelle 1936 4 settembre\" class=\"wp-image-2267\" srcset=\"https:\/\/martiresparroquiasanpiox.org\/wp-content\/uploads\/2024\/10\/maria-teresa-y-sus-hijas-martires-cartas-fray-serafin-a-sus-hermanas-1935-4-septiembre-2-1024x827.png 1024w, https:\/\/martiresparroquiasanpiox.org\/wp-content\/uploads\/2024\/10\/maria-teresa-y-sus-hijas-martires-cartas-fray-serafin-a-sus-hermanas-1935-4-septiembre-2-300x242.png 300w, https:\/\/martiresparroquiasanpiox.org\/wp-content\/uploads\/2024\/10\/maria-teresa-y-sus-hijas-martires-cartas-fray-serafin-a-sus-hermanas-1935-4-septiembre-2-768x620.png 768w, https:\/\/martiresparroquiasanpiox.org\/wp-content\/uploads\/2024\/10\/maria-teresa-y-sus-hijas-martires-cartas-fray-serafin-a-sus-hermanas-1935-4-septiembre-2-371x300.png 371w, https:\/\/martiresparroquiasanpiox.org\/wp-content\/uploads\/2024\/10\/maria-teresa-y-sus-hijas-martires-cartas-fray-serafin-a-sus-hermanas-1935-4-septiembre-2.png 1337w\" sizes=\"auto, (max-width: 1024px) 100vw, 1024px\" \/><button\n\t\t\tclass=\"lightbox-trigger\"\n\t\t\ttype=\"button\"\n\t\t\taria-haspopup=\"dialog\"\n\t\t\taria-label=\"Ingrandisci\"\n\t\t\tdata-wp-init=\"callbacks.initTriggerButton\"\n\t\t\tdata-wp-on--click=\"actions.showLightbox\"\n\t\t\tdata-wp-style--right=\"state.imageButtonRight\"\n\t\t\tdata-wp-style--top=\"state.imageButtonTop\"\n\t\t>\n\t\t\t<svg xmlns=\"http:\/\/www.w3.org\/2000\/svg\" width=\"12\" height=\"12\" fill=\"none\" viewBox=\"0 0 12 12\">\n\t\t\t\t<path fill=\"#fff\" d=\"M2 0a2 2 0 0 0-2 2v2h1.5V2a.5.5 0 0 1 .5-.5h2V0H2Zm2 10.5H2a.5.5 0 0 1-.5-.5V8H0v2a2 2 0 0 0 2 2h2v-1.5ZM8 12v-1.5h2a.5.5 0 0 0 .5-.5V8H12v2a2 2 0 0 1-2 2H8Zm2-12a2 2 0 0 1 2 2v2h-1.5V2a.5.5 0 0 0-.5-.5H8V0h2Z\" \/>\n\t\t\t<\/svg>\n\t\t<\/button><\/figure>\n<\/div>\n<div style=\"height:40px\" aria-hidden=\"true\" class=\"wp-block-spacer\"><\/div>\n\n<p>Reverenda Madre Abbadessa delle suore Cappuccine<\/p>\n\n<p>Agullent<\/p>\n\n<p>Ho ricevuto una risposta dai miei superiori e riteniamo che sia meglio che, prima di tutto, spieghiate al Visitatore l&#8217;attuale stato di salute di mia sorella in modo dettagliato, indicando l&#8217;impossibilit\u00e0 di vivere una normale vita comunitaria, nonch\u00e9 il fatto che sarebbe molto facile per mia sorella perdere la ragione se dovesse continuare cos\u00ec.<\/p>\n\n<p>Potete indicare che vi sembra che con una partenza temporanea dell&#8217;interessata si eviterebbero le difficolt\u00e0 della Comunit\u00e0, sapendo, naturalmente, che la famiglia \u00e8 pronta ad accoglierla. Che, nonostante la sua malattia, la suora ha una vocazione e che \u00e8 solo una straordinaria debolezza mentale che l&#8217;ha portata a questi estremi.<\/p>\n\n<p>In breve, fate ci\u00f2 che ritenete sia meglio per il caso, e ci\u00f2 che ritenete possa determinare al meglio la decisione del Visitatore di concedere l&#8217;autorizzazione.<\/p>\n\n<p>Dalla risposta che riceverete dal Visitatore, mi invierete una lettera a Totana con una relazione che, a seconda di ci\u00f2 che direte, faremo in seguito.<\/p>\n\n<p>La lettera che ho spedito da l\u00ec \u00e8 arrivata, quindi mettete in chiaro l&#8217;indirizzo e, se possibile, fate in modo che la persona vada direttamente a depositarla nella cassetta della posta, perch\u00e9 penso che quello che \u00e8 successo in passato debba essere una disattenzione. Ma se pensate che sia meglio inviarlo attraverso un altro canale migliore, fatelo. In ogni caso, se non rispondo subito, significa che non ho ricevuto nulla.<\/p>\n\n<p>Le chiedo anche di dirmi di sfuggita cosa nota di anomalo in mia sorella,<\/p>\n\n<p>in modo che io possa cercare di rendergli la vita pi\u00f9 facile con le mie lettere.<\/p>\n\n<p>Torno a Totana perch\u00e9 me lo dicono i Superiori, che ora sono molto esigenti. Cercher\u00f2 di non abbandonare la questione finch\u00e9 non sar\u00e0 conveniente.<\/p>\n\n<p>Perdonate questo inconveniente, resto affettuosamente in Ges\u00f9 e Maria.<\/p>\n\n<p>P. Serafino di Algemes\u00ed<\/p>\n\n<p>Algemes\u00ed, 4 settembre 1935<\/p>\n\n<div style=\"height:40px\" aria-hidden=\"true\" class=\"wp-block-spacer\"><\/div>\n<div class=\"wp-block-image\">\n<figure class=\"aligncenter size-large\"><img loading=\"lazy\" decoding=\"async\" width=\"1024\" height=\"30\" src=\"https:\/\/martiresparroquiasanpiox.org\/wp-content\/uploads\/2024\/09\/maria-teresa-y-sus-hijas-martires-cartas-separador-1024x30.png\" alt=\"Mar&#xED;a Teresa e le sue figlie martiri - Parroquia San Pio X de Algemes&#xED; Valencia - schede di separazione\" class=\"wp-image-297\" srcset=\"https:\/\/martiresparroquiasanpiox.org\/wp-content\/uploads\/2024\/09\/maria-teresa-y-sus-hijas-martires-cartas-separador-1024x30.png 1024w, https:\/\/martiresparroquiasanpiox.org\/wp-content\/uploads\/2024\/09\/maria-teresa-y-sus-hijas-martires-cartas-separador-300x9.png 300w, https:\/\/martiresparroquiasanpiox.org\/wp-content\/uploads\/2024\/09\/maria-teresa-y-sus-hijas-martires-cartas-separador-768x23.png 768w, https:\/\/martiresparroquiasanpiox.org\/wp-content\/uploads\/2024\/09\/maria-teresa-y-sus-hijas-martires-cartas-separador-1536x46.png 1536w, https:\/\/martiresparroquiasanpiox.org\/wp-content\/uploads\/2024\/09\/maria-teresa-y-sus-hijas-martires-cartas-separador-583x17.png 583w, https:\/\/martiresparroquiasanpiox.org\/wp-content\/uploads\/2024\/09\/maria-teresa-y-sus-hijas-martires-cartas-separador.png 1920w\" sizes=\"auto, (max-width: 1024px) 100vw, 1024px\" \/><\/figure>\n<\/div>\n<div style=\"height:40px\" aria-hidden=\"true\" class=\"wp-block-spacer\"><\/div>\n\n<h4 class=\"wp-block-heading has-text-align-center\">28 aprile 1936, alle sorelle<\/h4>\n\n<div style=\"height:40px\" aria-hidden=\"true\" class=\"wp-block-spacer\"><\/div>\n\n<figure class=\"wp-block-gallery aligncenter has-nested-images columns-default is-cropped wp-block-gallery-1 is-layout-flex wp-block-gallery-is-layout-flex\">\n<figure data-wp-context=\"{&quot;imageId&quot;:&quot;69e9cbcc8141c&quot;}\" data-wp-interactive=\"core\/image\" data-wp-key=\"69e9cbcc8141c\" class=\"wp-block-image size-large wp-lightbox-container\"><img loading=\"lazy\" decoding=\"async\" width=\"1024\" height=\"812\" data-wp-class--hide=\"state.isContentHidden\" data-wp-class--show=\"state.isContentVisible\" data-wp-init=\"callbacks.setButtonStyles\" data-wp-on--click=\"actions.showLightbox\" data-wp-on--load=\"callbacks.setButtonStyles\" data-wp-on-window--resize=\"callbacks.setButtonStyles\" data-id=\"2272\" src=\"https:\/\/martiresparroquiasanpiox.org\/wp-content\/uploads\/2024\/10\/maria-teresa-y-sus-hijas-martires-cartas-fray-serafin-a-sus-hermanas-1936-28-abril-1-1024x812.png\" alt=\"Mar&#xED;a Teresa e le sue figlie martiri - Parrocchia San Pio X di Algemes&#xED; Valencia - Lettera di Fra Seraf&#xED;n alle sue sorelle 1936 4 settembre\" class=\"wp-image-2272\" srcset=\"https:\/\/martiresparroquiasanpiox.org\/wp-content\/uploads\/2024\/10\/maria-teresa-y-sus-hijas-martires-cartas-fray-serafin-a-sus-hermanas-1936-28-abril-1-1024x812.png 1024w, https:\/\/martiresparroquiasanpiox.org\/wp-content\/uploads\/2024\/10\/maria-teresa-y-sus-hijas-martires-cartas-fray-serafin-a-sus-hermanas-1936-28-abril-1-300x238.png 300w, https:\/\/martiresparroquiasanpiox.org\/wp-content\/uploads\/2024\/10\/maria-teresa-y-sus-hijas-martires-cartas-fray-serafin-a-sus-hermanas-1936-28-abril-1-768x609.png 768w, https:\/\/martiresparroquiasanpiox.org\/wp-content\/uploads\/2024\/10\/maria-teresa-y-sus-hijas-martires-cartas-fray-serafin-a-sus-hermanas-1936-28-abril-1-378x300.png 378w, https:\/\/martiresparroquiasanpiox.org\/wp-content\/uploads\/2024\/10\/maria-teresa-y-sus-hijas-martires-cartas-fray-serafin-a-sus-hermanas-1936-28-abril-1.png 1362w\" sizes=\"auto, (max-width: 1024px) 100vw, 1024px\" \/><button\n\t\t\tclass=\"lightbox-trigger\"\n\t\t\ttype=\"button\"\n\t\t\taria-haspopup=\"dialog\"\n\t\t\taria-label=\"Ingrandisci\"\n\t\t\tdata-wp-init=\"callbacks.initTriggerButton\"\n\t\t\tdata-wp-on--click=\"actions.showLightbox\"\n\t\t\tdata-wp-style--right=\"state.imageButtonRight\"\n\t\t\tdata-wp-style--top=\"state.imageButtonTop\"\n\t\t>\n\t\t\t<svg xmlns=\"http:\/\/www.w3.org\/2000\/svg\" width=\"12\" height=\"12\" fill=\"none\" viewBox=\"0 0 12 12\">\n\t\t\t\t<path fill=\"#fff\" d=\"M2 0a2 2 0 0 0-2 2v2h1.5V2a.5.5 0 0 1 .5-.5h2V0H2Zm2 10.5H2a.5.5 0 0 1-.5-.5V8H0v2a2 2 0 0 0 2 2h2v-1.5ZM8 12v-1.5h2a.5.5 0 0 0 .5-.5V8H12v2a2 2 0 0 1-2 2H8Zm2-12a2 2 0 0 1 2 2v2h-1.5V2a.5.5 0 0 0-.5-.5H8V0h2Z\" \/>\n\t\t\t<\/svg>\n\t\t<\/button><\/figure>\n\n\n\n<figure data-wp-context=\"{&quot;imageId&quot;:&quot;69e9cbcc81988&quot;}\" data-wp-interactive=\"core\/image\" data-wp-key=\"69e9cbcc81988\" class=\"wp-block-image size-large wp-lightbox-container\"><img loading=\"lazy\" decoding=\"async\" width=\"1024\" height=\"825\" data-wp-class--hide=\"state.isContentHidden\" data-wp-class--show=\"state.isContentVisible\" data-wp-init=\"callbacks.setButtonStyles\" data-wp-on--click=\"actions.showLightbox\" data-wp-on--load=\"callbacks.setButtonStyles\" data-wp-on-window--resize=\"callbacks.setButtonStyles\" data-id=\"2277\" src=\"https:\/\/martiresparroquiasanpiox.org\/wp-content\/uploads\/2024\/10\/maria-teresa-y-sus-hijas-martires-cartas-fray-serafin-a-sus-hermanas-1936-28-abril-2-1024x825.png\" alt=\"Mar&#xED;a Teresa e le sue figlie martiri - Parrocchia San Pio X di Algemes&#xED; Valencia - Lettera di Fra Seraf&#xED;n alle sue sorelle 1936 4 settembre\" class=\"wp-image-2277\" srcset=\"https:\/\/martiresparroquiasanpiox.org\/wp-content\/uploads\/2024\/10\/maria-teresa-y-sus-hijas-martires-cartas-fray-serafin-a-sus-hermanas-1936-28-abril-2-1024x825.png 1024w, https:\/\/martiresparroquiasanpiox.org\/wp-content\/uploads\/2024\/10\/maria-teresa-y-sus-hijas-martires-cartas-fray-serafin-a-sus-hermanas-1936-28-abril-2-300x242.png 300w, https:\/\/martiresparroquiasanpiox.org\/wp-content\/uploads\/2024\/10\/maria-teresa-y-sus-hijas-martires-cartas-fray-serafin-a-sus-hermanas-1936-28-abril-2-768x619.png 768w, https:\/\/martiresparroquiasanpiox.org\/wp-content\/uploads\/2024\/10\/maria-teresa-y-sus-hijas-martires-cartas-fray-serafin-a-sus-hermanas-1936-28-abril-2-372x300.png 372w, https:\/\/martiresparroquiasanpiox.org\/wp-content\/uploads\/2024\/10\/maria-teresa-y-sus-hijas-martires-cartas-fray-serafin-a-sus-hermanas-1936-28-abril-2.png 1340w\" sizes=\"auto, (max-width: 1024px) 100vw, 1024px\" \/><button\n\t\t\tclass=\"lightbox-trigger\"\n\t\t\ttype=\"button\"\n\t\t\taria-haspopup=\"dialog\"\n\t\t\taria-label=\"Ingrandisci\"\n\t\t\tdata-wp-init=\"callbacks.initTriggerButton\"\n\t\t\tdata-wp-on--click=\"actions.showLightbox\"\n\t\t\tdata-wp-style--right=\"state.imageButtonRight\"\n\t\t\tdata-wp-style--top=\"state.imageButtonTop\"\n\t\t>\n\t\t\t<svg xmlns=\"http:\/\/www.w3.org\/2000\/svg\" width=\"12\" height=\"12\" fill=\"none\" viewBox=\"0 0 12 12\">\n\t\t\t\t<path fill=\"#fff\" d=\"M2 0a2 2 0 0 0-2 2v2h1.5V2a.5.5 0 0 1 .5-.5h2V0H2Zm2 10.5H2a.5.5 0 0 1-.5-.5V8H0v2a2 2 0 0 0 2 2h2v-1.5ZM8 12v-1.5h2a.5.5 0 0 0 .5-.5V8H12v2a2 2 0 0 1-2 2H8Zm2-12a2 2 0 0 1 2 2v2h-1.5V2a.5.5 0 0 0-.5-.5H8V0h2Z\" \/>\n\t\t\t<\/svg>\n\t\t<\/button><\/figure>\n<\/figure>\n\n<div style=\"height:40px\" aria-hidden=\"true\" class=\"wp-block-spacer\"><\/div>\n\n<p>Mie care sorelle:<\/p>\n\n<p>Ho ricevuto la vostra il 19 aprile. Sto ancora bene qui e la popolazione rimane abbastanza tranquilla. Non credo che questo governo sotto cui ci troviamo non porter\u00e0 a nulla di buono, e tutti ci aspettiamo qualcosa di molto grave. Anche se i giornali non ne parlano, ogni giorno i disastri si ripetono nelle diverse capitali. Ora, con l&#8217;elezione del nuovo presidente, sar\u00e0 chiaro quale decisione prenderanno nei nostri confronti, e che si stanno trattenendo per non far arrabbiare ulteriormente l&#8217;opinione pubblica.<\/p>\n\n<p>Da casa ho saputo che stanno ancora bene, per quanto ci si possa aspettare, perch\u00e9 \u00e8 sciocco supporre che ci possa essere un benessere totale ovunque. Penso che mettendo l&#8217;indirizzo dell&#8217;ultima lettera che mi hai mandato, arriveranno tutte, e far\u00f2 in modo che vengano messe nella cassetta delle lettere.<\/p>\n\n<p>Mi sembra che dobbiamo prepararci a grandi cose, che certamente non saranno piacevoli, e non facciamoci illusioni, perch\u00e9 sarebbe troppo sciocco, quindi lasciamo che sia ci\u00f2 che Dio vuole, o meglio, ci\u00f2 che Dio permette, perch\u00e9 certamente non vorr\u00e0 nulla di tutto ci\u00f2 che potrebbe capitarci. Cerchiamo di trarre dai momenti presenti tutto ci\u00f2 che possono dare all&#8217;anima, e questa sar\u00e0 l&#8217;unica cosa che rimarr\u00e0 invulnerabile in ogni occasione.<\/p>\n\n<p>Vi auguro ogni bene e prego che Dio ci dia il coraggio e la conoscenza di cui abbiamo bisogno in ogni caso.<\/p>\n\n<p>Cordiali saluti e auguri.<\/p>\n\n<p>Serafino<\/p>\n\n<p>Totana, 28 aprile 1936<\/p>\n\n<div style=\"height:40px\" aria-hidden=\"true\" class=\"wp-block-spacer\"><\/div>\n<div class=\"wp-block-image\">\n<figure class=\"aligncenter size-large is-resized\"><img loading=\"lazy\" decoding=\"async\" width=\"1024\" height=\"30\" src=\"https:\/\/martiresparroquiasanpiox.org\/wp-content\/uploads\/2024\/09\/maria-teresa-y-sus-hijas-martires-cartas-separador-1024x30.png\" alt=\"Mar&#xED;a Teresa e le sue figlie martiri - Parroquia San Pio X de Algemes&#xED; Valencia - schede di separazione\" class=\"wp-image-297\" style=\"width:1024px;height:auto\" srcset=\"https:\/\/martiresparroquiasanpiox.org\/wp-content\/uploads\/2024\/09\/maria-teresa-y-sus-hijas-martires-cartas-separador-1024x30.png 1024w, https:\/\/martiresparroquiasanpiox.org\/wp-content\/uploads\/2024\/09\/maria-teresa-y-sus-hijas-martires-cartas-separador-300x9.png 300w, https:\/\/martiresparroquiasanpiox.org\/wp-content\/uploads\/2024\/09\/maria-teresa-y-sus-hijas-martires-cartas-separador-768x23.png 768w, https:\/\/martiresparroquiasanpiox.org\/wp-content\/uploads\/2024\/09\/maria-teresa-y-sus-hijas-martires-cartas-separador-1536x46.png 1536w, https:\/\/martiresparroquiasanpiox.org\/wp-content\/uploads\/2024\/09\/maria-teresa-y-sus-hijas-martires-cartas-separador-583x17.png 583w, https:\/\/martiresparroquiasanpiox.org\/wp-content\/uploads\/2024\/09\/maria-teresa-y-sus-hijas-martires-cartas-separador.png 1920w\" sizes=\"auto, (max-width: 1024px) 100vw, 1024px\" \/><\/figure>\n<\/div>\n<div style=\"height:40px\" aria-hidden=\"true\" class=\"wp-block-spacer\"><\/div>\n\n<h4 class=\"wp-block-heading has-text-align-center\">30 agosto 1937, alla sorella<\/h4>\n\n<div style=\"height:40px\" aria-hidden=\"true\" class=\"wp-block-spacer\"><\/div>\n\n<figure class=\"wp-block-gallery aligncenter has-nested-images columns-default is-cropped wp-block-gallery-2 is-layout-flex wp-block-gallery-is-layout-flex\">\n<figure data-wp-context=\"{&quot;imageId&quot;:&quot;69e9cbcc821b7&quot;}\" data-wp-interactive=\"core\/image\" data-wp-key=\"69e9cbcc821b7\" class=\"wp-block-image size-large wp-lightbox-container\"><img loading=\"lazy\" decoding=\"async\" width=\"1024\" height=\"768\" data-wp-class--hide=\"state.isContentHidden\" data-wp-class--show=\"state.isContentVisible\" data-wp-init=\"callbacks.setButtonStyles\" data-wp-on--click=\"actions.showLightbox\" data-wp-on--load=\"callbacks.setButtonStyles\" data-wp-on-window--resize=\"callbacks.setButtonStyles\" data-id=\"2282\" src=\"https:\/\/martiresparroquiasanpiox.org\/wp-content\/uploads\/2024\/10\/maria-teresa-y-sus-hijas-martires-cartas-fray-serafin-a-sus-hermanas-1937-30-agosto-1-1024x768.png\" alt=\"Mar&#xED;a Teresa e le sue figlie martiri - Parrocchia San Pio X di Algemes&#xED; Valencia - Lettera di fra Seraf&#xED;n alle sue sorelle 1937 30 agosto\" class=\"wp-image-2282\" srcset=\"https:\/\/martiresparroquiasanpiox.org\/wp-content\/uploads\/2024\/10\/maria-teresa-y-sus-hijas-martires-cartas-fray-serafin-a-sus-hermanas-1937-30-agosto-1-1024x768.png 1024w, https:\/\/martiresparroquiasanpiox.org\/wp-content\/uploads\/2024\/10\/maria-teresa-y-sus-hijas-martires-cartas-fray-serafin-a-sus-hermanas-1937-30-agosto-1-300x225.png 300w, https:\/\/martiresparroquiasanpiox.org\/wp-content\/uploads\/2024\/10\/maria-teresa-y-sus-hijas-martires-cartas-fray-serafin-a-sus-hermanas-1937-30-agosto-1-768x576.png 768w, https:\/\/martiresparroquiasanpiox.org\/wp-content\/uploads\/2024\/10\/maria-teresa-y-sus-hijas-martires-cartas-fray-serafin-a-sus-hermanas-1937-30-agosto-1-400x300.png 400w, https:\/\/martiresparroquiasanpiox.org\/wp-content\/uploads\/2024\/10\/maria-teresa-y-sus-hijas-martires-cartas-fray-serafin-a-sus-hermanas-1937-30-agosto-1.png 1440w\" sizes=\"auto, (max-width: 1024px) 100vw, 1024px\" \/><button\n\t\t\tclass=\"lightbox-trigger\"\n\t\t\ttype=\"button\"\n\t\t\taria-haspopup=\"dialog\"\n\t\t\taria-label=\"Ingrandisci\"\n\t\t\tdata-wp-init=\"callbacks.initTriggerButton\"\n\t\t\tdata-wp-on--click=\"actions.showLightbox\"\n\t\t\tdata-wp-style--right=\"state.imageButtonRight\"\n\t\t\tdata-wp-style--top=\"state.imageButtonTop\"\n\t\t>\n\t\t\t<svg xmlns=\"http:\/\/www.w3.org\/2000\/svg\" width=\"12\" height=\"12\" fill=\"none\" viewBox=\"0 0 12 12\">\n\t\t\t\t<path fill=\"#fff\" d=\"M2 0a2 2 0 0 0-2 2v2h1.5V2a.5.5 0 0 1 .5-.5h2V0H2Zm2 10.5H2a.5.5 0 0 1-.5-.5V8H0v2a2 2 0 0 0 2 2h2v-1.5ZM8 12v-1.5h2a.5.5 0 0 0 .5-.5V8H12v2a2 2 0 0 1-2 2H8Zm2-12a2 2 0 0 1 2 2v2h-1.5V2a.5.5 0 0 0-.5-.5H8V0h2Z\" \/>\n\t\t\t<\/svg>\n\t\t<\/button><\/figure>\n\n\n\n<figure data-wp-context=\"{&quot;imageId&quot;:&quot;69e9cbcc826b7&quot;}\" data-wp-interactive=\"core\/image\" data-wp-key=\"69e9cbcc826b7\" class=\"wp-block-image size-large wp-lightbox-container\"><img loading=\"lazy\" decoding=\"async\" width=\"1024\" height=\"768\" data-wp-class--hide=\"state.isContentHidden\" data-wp-class--show=\"state.isContentVisible\" data-wp-init=\"callbacks.setButtonStyles\" data-wp-on--click=\"actions.showLightbox\" data-wp-on--load=\"callbacks.setButtonStyles\" data-wp-on-window--resize=\"callbacks.setButtonStyles\" data-id=\"2287\" src=\"https:\/\/martiresparroquiasanpiox.org\/wp-content\/uploads\/2024\/10\/maria-teresa-y-sus-hijas-martires-cartas-fray-serafin-a-sus-hermanas-1937-30-agosto-2-1024x768.png\" alt=\"Mar&#xED;a Teresa e le sue figlie martiri - Parrocchia San Pio X di Algemes&#xED; Valencia - Lettera di fra Seraf&#xED;n alle sue sorelle 1937 30 agosto\" class=\"wp-image-2287\" srcset=\"https:\/\/martiresparroquiasanpiox.org\/wp-content\/uploads\/2024\/10\/maria-teresa-y-sus-hijas-martires-cartas-fray-serafin-a-sus-hermanas-1937-30-agosto-2-1024x768.png 1024w, https:\/\/martiresparroquiasanpiox.org\/wp-content\/uploads\/2024\/10\/maria-teresa-y-sus-hijas-martires-cartas-fray-serafin-a-sus-hermanas-1937-30-agosto-2-300x225.png 300w, https:\/\/martiresparroquiasanpiox.org\/wp-content\/uploads\/2024\/10\/maria-teresa-y-sus-hijas-martires-cartas-fray-serafin-a-sus-hermanas-1937-30-agosto-2-768x576.png 768w, https:\/\/martiresparroquiasanpiox.org\/wp-content\/uploads\/2024\/10\/maria-teresa-y-sus-hijas-martires-cartas-fray-serafin-a-sus-hermanas-1937-30-agosto-2-400x300.png 400w, https:\/\/martiresparroquiasanpiox.org\/wp-content\/uploads\/2024\/10\/maria-teresa-y-sus-hijas-martires-cartas-fray-serafin-a-sus-hermanas-1937-30-agosto-2.png 1440w\" sizes=\"auto, (max-width: 1024px) 100vw, 1024px\" \/><button\n\t\t\tclass=\"lightbox-trigger\"\n\t\t\ttype=\"button\"\n\t\t\taria-haspopup=\"dialog\"\n\t\t\taria-label=\"Ingrandisci\"\n\t\t\tdata-wp-init=\"callbacks.initTriggerButton\"\n\t\t\tdata-wp-on--click=\"actions.showLightbox\"\n\t\t\tdata-wp-style--right=\"state.imageButtonRight\"\n\t\t\tdata-wp-style--top=\"state.imageButtonTop\"\n\t\t>\n\t\t\t<svg xmlns=\"http:\/\/www.w3.org\/2000\/svg\" width=\"12\" height=\"12\" fill=\"none\" viewBox=\"0 0 12 12\">\n\t\t\t\t<path fill=\"#fff\" d=\"M2 0a2 2 0 0 0-2 2v2h1.5V2a.5.5 0 0 1 .5-.5h2V0H2Zm2 10.5H2a.5.5 0 0 1-.5-.5V8H0v2a2 2 0 0 0 2 2h2v-1.5ZM8 12v-1.5h2a.5.5 0 0 0 .5-.5V8H12v2a2 2 0 0 1-2 2H8Zm2-12a2 2 0 0 1 2 2v2h-1.5V2a.5.5 0 0 0-.5-.5H8V0h2Z\" \/>\n\t\t\t<\/svg>\n\t\t<\/button><\/figure>\n<\/figure>\n\n<div style=\"height:40px\" aria-hidden=\"true\" class=\"wp-block-spacer\"><\/div>\n\n<p>Sra. Purificaci\u00f3n Masi\u00e1<\/p>\n\n<p>Mia cara sorella:<\/p>\n\n<p>Ieri, 29, ho ricevuto la sua lettera del 24 e suppongo che le comunicazioni continueranno. Vedo che tu e la tua famiglia state ancora bene. Anche io sono in buona salute per il momento.<\/p>\n\n<p>Spero che, nel rispondermi, possiate scrivermi una lettera e allegare un paio di buste &#8211; la carta ce l&#8217;ho &#8211; anche se piegate, con qualche francobollo, perch\u00e9 \u00e8 molto difficile procurarsi delle cartoline. Non posso ancora anticipare nulla sui miei affari, sono cose che richiedono molto tempo, e mi accorgo di avere pazienza per tutto ci\u00f2 che \u00e8 necessario.<\/p>\n\n<p>So che siamo soli; ma il coraggio non mi manca e spero che da l\u00ec i cinque che sono partiti non ci lascino nell&#8217;oblio.<\/p>\n\n<p>Ho chiesto se c&#8217;erano ragazzi del villaggio, perch\u00e9 ho pensato che se fossero stati dei villaggi vicini, avrebbe potuto esserci anche qualcuno di l\u00ec.<\/p>\n\n<p>Vi auguro ogni bene, cos\u00ec come a Bautista, a Mar\u00eda Vicenta e al bambino, e sappiate che non siete dimenticati da vostro fratello.<\/p>\n\n<p>Vicente<\/p>\n\n<p>30- agosto 37<\/p>\n\n<div style=\"height:40px\" aria-hidden=\"true\" class=\"wp-block-spacer\"><\/div>\n","protected":false},"excerpt":{"rendered":"<p>4 settembre 1935, alla sorella Reverenda Madre Abbadessa delle suore Cappuccine Agullent Ho ricevuto una risposta dai miei superiori e riteniamo che sia meglio che, &hellip;<\/p>\n","protected":false},"author":1,"featured_media":244,"parent":3048,"menu_order":0,"comment_status":"closed","ping_status":"closed","template":"","meta":{"footnotes":""},"class_list":["post-3046","page","type-page","status-publish","has-post-thumbnail","hentry"],"_links":{"self":[{"href":"https:\/\/martiresparroquiasanpiox.org\/it\/wp-json\/wp\/v2\/pages\/3046","targetHints":{"allow":["GET"]}}],"collection":[{"href":"https:\/\/martiresparroquiasanpiox.org\/it\/wp-json\/wp\/v2\/pages"}],"about":[{"href":"https:\/\/martiresparroquiasanpiox.org\/it\/wp-json\/wp\/v2\/types\/page"}],"author":[{"embeddable":true,"href":"https:\/\/martiresparroquiasanpiox.org\/it\/wp-json\/wp\/v2\/users\/1"}],"replies":[{"embeddable":true,"href":"https:\/\/martiresparroquiasanpiox.org\/it\/wp-json\/wp\/v2\/comments?post=3046"}],"version-history":[{"count":1,"href":"https:\/\/martiresparroquiasanpiox.org\/it\/wp-json\/wp\/v2\/pages\/3046\/revisions"}],"predecessor-version":[{"id":3047,"href":"https:\/\/martiresparroquiasanpiox.org\/it\/wp-json\/wp\/v2\/pages\/3046\/revisions\/3047"}],"up":[{"embeddable":true,"href":"https:\/\/martiresparroquiasanpiox.org\/it\/wp-json\/wp\/v2\/pages\/3048"}],"wp:featuredmedia":[{"embeddable":true,"href":"https:\/\/martiresparroquiasanpiox.org\/it\/wp-json\/wp\/v2\/media\/244"}],"wp:attachment":[{"href":"https:\/\/martiresparroquiasanpiox.org\/it\/wp-json\/wp\/v2\/media?parent=3046"}],"curies":[{"name":"wp","href":"https:\/\/api.w.org\/{rel}","templated":true}]}}