{"id":3125,"date":"2024-11-11T14:42:43","date_gmt":"2024-11-11T14:42:43","guid":{"rendered":"https:\/\/martiresparroquiasanpiox.org\/lettere\/lettere-frate-serafino\/da-frate-serafino-anno-1931\/"},"modified":"2024-11-11T14:42:43","modified_gmt":"2024-11-11T14:42:43","slug":"da-frate-serafino-anno-1931","status":"publish","type":"page","link":"https:\/\/martiresparroquiasanpiox.org\/it\/lettere\/lettere-frate-serafino\/da-frate-serafino-anno-1931\/","title":{"rendered":"Da Frate Serafino, anno 1931"},"content":{"rendered":"\n<h4 class=\"wp-block-heading has-text-align-center\">Ottobre 1931, alla madre<\/h4>\n\n<div style=\"height:40px\" aria-hidden=\"true\" class=\"wp-block-spacer\"><\/div>\n<div class=\"wp-block-image\">\n<figure data-wp-context=\"{&quot;imageId&quot;:&quot;69e09d3688cb9&quot;}\" data-wp-interactive=\"core\/image\" data-wp-key=\"69e09d3688cb9\" class=\"aligncenter size-large wp-lightbox-container\"><img loading=\"lazy\" decoding=\"async\" width=\"697\" height=\"1024\" data-wp-class--hide=\"state.isContentHidden\" data-wp-class--show=\"state.isContentVisible\" data-wp-init=\"callbacks.setButtonStyles\" data-wp-on--click=\"actions.showLightbox\" data-wp-on--load=\"callbacks.setButtonStyles\" data-wp-on-window--resize=\"callbacks.setButtonStyles\" src=\"https:\/\/martiresparroquiasanpiox.org\/wp-content\/uploads\/2024\/10\/maria-teresa-y-sus-hijas-martires-cartas-fray-serafin-a-su-madre-1931-octubre-1-697x1024.png\" alt=\"Mar&#xED;a Teresa e le sue figlie martiri - Parrocchia San Pio X di Algemes&#xED; Valencia - Lettera di Fra Serafin a sua madre 1931\" class=\"wp-image-1878\" srcset=\"https:\/\/martiresparroquiasanpiox.org\/wp-content\/uploads\/2024\/10\/maria-teresa-y-sus-hijas-martires-cartas-fray-serafin-a-su-madre-1931-octubre-1-697x1024.png 697w, https:\/\/martiresparroquiasanpiox.org\/wp-content\/uploads\/2024\/10\/maria-teresa-y-sus-hijas-martires-cartas-fray-serafin-a-su-madre-1931-octubre-1-204x300.png 204w, https:\/\/martiresparroquiasanpiox.org\/wp-content\/uploads\/2024\/10\/maria-teresa-y-sus-hijas-martires-cartas-fray-serafin-a-su-madre-1931-octubre-1.png 735w\" sizes=\"auto, (max-width: 697px) 100vw, 697px\" \/><button\n\t\t\tclass=\"lightbox-trigger\"\n\t\t\ttype=\"button\"\n\t\t\taria-haspopup=\"dialog\"\n\t\t\taria-label=\"Ingrandisci\"\n\t\t\tdata-wp-init=\"callbacks.initTriggerButton\"\n\t\t\tdata-wp-on--click=\"actions.showLightbox\"\n\t\t\tdata-wp-style--right=\"state.imageButtonRight\"\n\t\t\tdata-wp-style--top=\"state.imageButtonTop\"\n\t\t>\n\t\t\t<svg xmlns=\"http:\/\/www.w3.org\/2000\/svg\" width=\"12\" height=\"12\" fill=\"none\" viewBox=\"0 0 12 12\">\n\t\t\t\t<path fill=\"#fff\" d=\"M2 0a2 2 0 0 0-2 2v2h1.5V2a.5.5 0 0 1 .5-.5h2V0H2Zm2 10.5H2a.5.5 0 0 1-.5-.5V8H0v2a2 2 0 0 0 2 2h2v-1.5ZM8 12v-1.5h2a.5.5 0 0 0 .5-.5V8H12v2a2 2 0 0 1-2 2H8Zm2-12a2 2 0 0 1 2 2v2h-1.5V2a.5.5 0 0 0-.5-.5H8V0h2Z\" \/>\n\t\t\t<\/svg>\n\t\t<\/button><\/figure>\n<\/div>\n<div style=\"height:30px\" aria-hidden=\"true\" class=\"wp-block-spacer\"><\/div>\n<div class=\"wp-block-image\">\n<figure data-wp-context=\"{&quot;imageId&quot;:&quot;69e09d3689513&quot;}\" data-wp-interactive=\"core\/image\" data-wp-key=\"69e09d3689513\" class=\"aligncenter size-large is-resized wp-lightbox-container\"><img loading=\"lazy\" decoding=\"async\" width=\"1024\" height=\"837\" data-wp-class--hide=\"state.isContentHidden\" data-wp-class--show=\"state.isContentVisible\" data-wp-init=\"callbacks.setButtonStyles\" data-wp-on--click=\"actions.showLightbox\" data-wp-on--load=\"callbacks.setButtonStyles\" data-wp-on-window--resize=\"callbacks.setButtonStyles\" src=\"https:\/\/martiresparroquiasanpiox.org\/wp-content\/uploads\/2024\/10\/maria-teresa-y-sus-hijas-martires-cartas-fray-serafin-a-su-madre-1931-octubre-2-1024x837.png\" alt=\"Mar&#xED;a Teresa e le sue figlie martiri - Parrocchia San Pio X di Algemes&#xED; Valencia - Lettera di Fra Serafin a sua madre 1931\" class=\"wp-image-1883\" style=\"width:1024px;height:auto\" srcset=\"https:\/\/martiresparroquiasanpiox.org\/wp-content\/uploads\/2024\/10\/maria-teresa-y-sus-hijas-martires-cartas-fray-serafin-a-su-madre-1931-octubre-2-1024x837.png 1024w, https:\/\/martiresparroquiasanpiox.org\/wp-content\/uploads\/2024\/10\/maria-teresa-y-sus-hijas-martires-cartas-fray-serafin-a-su-madre-1931-octubre-2-300x245.png 300w, https:\/\/martiresparroquiasanpiox.org\/wp-content\/uploads\/2024\/10\/maria-teresa-y-sus-hijas-martires-cartas-fray-serafin-a-su-madre-1931-octubre-2-768x627.png 768w, https:\/\/martiresparroquiasanpiox.org\/wp-content\/uploads\/2024\/10\/maria-teresa-y-sus-hijas-martires-cartas-fray-serafin-a-su-madre-1931-octubre-2-367x300.png 367w, https:\/\/martiresparroquiasanpiox.org\/wp-content\/uploads\/2024\/10\/maria-teresa-y-sus-hijas-martires-cartas-fray-serafin-a-su-madre-1931-octubre-2.png 1322w\" sizes=\"auto, (max-width: 1024px) 100vw, 1024px\" \/><button\n\t\t\tclass=\"lightbox-trigger\"\n\t\t\ttype=\"button\"\n\t\t\taria-haspopup=\"dialog\"\n\t\t\taria-label=\"Ingrandisci\"\n\t\t\tdata-wp-init=\"callbacks.initTriggerButton\"\n\t\t\tdata-wp-on--click=\"actions.showLightbox\"\n\t\t\tdata-wp-style--right=\"state.imageButtonRight\"\n\t\t\tdata-wp-style--top=\"state.imageButtonTop\"\n\t\t>\n\t\t\t<svg xmlns=\"http:\/\/www.w3.org\/2000\/svg\" width=\"12\" height=\"12\" fill=\"none\" viewBox=\"0 0 12 12\">\n\t\t\t\t<path fill=\"#fff\" d=\"M2 0a2 2 0 0 0-2 2v2h1.5V2a.5.5 0 0 1 .5-.5h2V0H2Zm2 10.5H2a.5.5 0 0 1-.5-.5V8H0v2a2 2 0 0 0 2 2h2v-1.5ZM8 12v-1.5h2a.5.5 0 0 0 .5-.5V8H12v2a2 2 0 0 1-2 2H8Zm2-12a2 2 0 0 1 2 2v2h-1.5V2a.5.5 0 0 0-.5-.5H8V0h2Z\" \/>\n\t\t\t<\/svg>\n\t\t<\/button><\/figure>\n<\/div>\n<div style=\"height:40px\" aria-hidden=\"true\" class=\"wp-block-spacer\"><\/div>\n\n<p>Mia cara madre:<\/p>\n\n<p>Come vi ho detto, sono arrivato sabato alle undici e mezza, il viaggio \u00e8 andato bene, per quanto possa andare bene. Anche i dolci sono arrivati bene, e sono piaciuti molto, soprattutto la tortada, che era molto gustosa; ditelo a Mar\u00eda Vicenta e Angelina, e ringraziatele.<\/p>\n\n<p>Questa lettera, come vede, la mando in via di Valencia, perch\u00e9 non conosco il numero dell&#8217;altra casa, dato che mi sono dimenticato di cercarlo quando sono arrivato qui.<\/p>\n\n<p>Vi auguro, come sempre, una buona festa del santo, e in quel giorno applicher\u00f2 la Messa a voi perch\u00e9 Dio vi conceda molte grazie.<\/p>\n\n<p>Con l&#8217;abbondanza di cibo che avevo l\u00ec, ora il cibo che ricevo qui \u00e8 troppo poco, e questo \u00e8 il danno di soffocare troppo.<\/p>\n\n<p>P. Daniel lo saluta e lo ringrazia molto per i sigari che gli ho dato. Spero che la sua zoppia guarisca presto e che non vada a saltellare per strada, perch\u00e9 \u00e8 molto brutto.<\/p>\n\n<p>Qui ha piovuto molto, cosa molto rara, e sono molto contenti perch\u00e9 potranno piantare. I bambini che abbiamo qui sono stati sorpresi dall&#8217;acqua durante la passeggiata e molti di loro sono venuti qui come una zuppa, ma finch\u00e9 non hanno dovuto studiare, sono stati molto felici.<\/p>\n\n<p>Spero che mi scriverai al ritorno di Bautista e Purificaci\u00f3n e mi farai sapere se la zia \u00e8 soddisfatta; voglio anche conoscere il suo stato di salute.<\/p>\n\n<p>I miei saluti a Mar\u00eda Vicenta, Angelina e alla madre, e sappiate che non siete dimenticati da vostro figlio.<\/p>\n\n<p>Serafino<\/p>\n\n<div style=\"height:40px\" aria-hidden=\"true\" class=\"wp-block-spacer\"><\/div>\n<div class=\"wp-block-image\">\n<figure class=\"aligncenter size-large is-resized\"><img loading=\"lazy\" decoding=\"async\" width=\"1024\" height=\"30\" src=\"https:\/\/martiresparroquiasanpiox.org\/wp-content\/uploads\/2024\/09\/maria-teresa-y-sus-hijas-martires-cartas-separador-1024x30.png\" alt=\"Mar&#xED;a Teresa e le sue figlie martiri - Parroquia San Pio X de Algemes&#xED; Valencia - schede di separazione\" class=\"wp-image-297\" style=\"width:1024px;height:auto\" srcset=\"https:\/\/martiresparroquiasanpiox.org\/wp-content\/uploads\/2024\/09\/maria-teresa-y-sus-hijas-martires-cartas-separador-1024x30.png 1024w, https:\/\/martiresparroquiasanpiox.org\/wp-content\/uploads\/2024\/09\/maria-teresa-y-sus-hijas-martires-cartas-separador-300x9.png 300w, https:\/\/martiresparroquiasanpiox.org\/wp-content\/uploads\/2024\/09\/maria-teresa-y-sus-hijas-martires-cartas-separador-768x23.png 768w, https:\/\/martiresparroquiasanpiox.org\/wp-content\/uploads\/2024\/09\/maria-teresa-y-sus-hijas-martires-cartas-separador-1536x46.png 1536w, https:\/\/martiresparroquiasanpiox.org\/wp-content\/uploads\/2024\/09\/maria-teresa-y-sus-hijas-martires-cartas-separador-583x17.png 583w, https:\/\/martiresparroquiasanpiox.org\/wp-content\/uploads\/2024\/09\/maria-teresa-y-sus-hijas-martires-cartas-separador.png 1920w\" sizes=\"auto, (max-width: 1024px) 100vw, 1024px\" \/><\/figure>\n<\/div>\n<div style=\"height:40px\" aria-hidden=\"true\" class=\"wp-block-spacer\"><\/div>\n\n<h4 class=\"wp-block-heading has-text-align-center\">22 ottobre 1931, a sua madre<\/h4>\n\n<div style=\"height:40px\" aria-hidden=\"true\" class=\"wp-block-spacer\"><\/div>\n\n<figure class=\"wp-block-gallery aligncenter has-nested-images columns-default is-cropped wp-block-gallery-1 is-layout-flex wp-block-gallery-is-layout-flex\">\n<figure data-wp-context=\"{&quot;imageId&quot;:&quot;69e09d368a6f1&quot;}\" data-wp-interactive=\"core\/image\" data-wp-key=\"69e09d368a6f1\" class=\"wp-block-image size-large wp-lightbox-container\"><img loading=\"lazy\" decoding=\"async\" width=\"1024\" height=\"753\" data-wp-class--hide=\"state.isContentHidden\" data-wp-class--show=\"state.isContentVisible\" data-wp-init=\"callbacks.setButtonStyles\" data-wp-on--click=\"actions.showLightbox\" data-wp-on--load=\"callbacks.setButtonStyles\" data-wp-on-window--resize=\"callbacks.setButtonStyles\" data-id=\"1891\" src=\"https:\/\/martiresparroquiasanpiox.org\/wp-content\/uploads\/2024\/10\/maria-teresa-y-sus-hijas-martires-cartas-fray-serafin-a-su-madre-1931-22-octubre-1-1024x753.png\" alt=\"Mar&#xED;a Teresa e le sue figlie martiri - Parrocchia San Pio X di Algemes&#xED; Valencia - Lettera di Fra Seraf&#xED;n a sua madre 1931 22 ottobre\" class=\"wp-image-1891\" srcset=\"https:\/\/martiresparroquiasanpiox.org\/wp-content\/uploads\/2024\/10\/maria-teresa-y-sus-hijas-martires-cartas-fray-serafin-a-su-madre-1931-22-octubre-1-1024x753.png 1024w, https:\/\/martiresparroquiasanpiox.org\/wp-content\/uploads\/2024\/10\/maria-teresa-y-sus-hijas-martires-cartas-fray-serafin-a-su-madre-1931-22-octubre-1-300x221.png 300w, https:\/\/martiresparroquiasanpiox.org\/wp-content\/uploads\/2024\/10\/maria-teresa-y-sus-hijas-martires-cartas-fray-serafin-a-su-madre-1931-22-octubre-1-768x565.png 768w, https:\/\/martiresparroquiasanpiox.org\/wp-content\/uploads\/2024\/10\/maria-teresa-y-sus-hijas-martires-cartas-fray-serafin-a-su-madre-1931-22-octubre-1-408x300.png 408w, https:\/\/martiresparroquiasanpiox.org\/wp-content\/uploads\/2024\/10\/maria-teresa-y-sus-hijas-martires-cartas-fray-serafin-a-su-madre-1931-22-octubre-1.png 1468w\" sizes=\"auto, (max-width: 1024px) 100vw, 1024px\" \/><button\n\t\t\tclass=\"lightbox-trigger\"\n\t\t\ttype=\"button\"\n\t\t\taria-haspopup=\"dialog\"\n\t\t\taria-label=\"Ingrandisci\"\n\t\t\tdata-wp-init=\"callbacks.initTriggerButton\"\n\t\t\tdata-wp-on--click=\"actions.showLightbox\"\n\t\t\tdata-wp-style--right=\"state.imageButtonRight\"\n\t\t\tdata-wp-style--top=\"state.imageButtonTop\"\n\t\t>\n\t\t\t<svg xmlns=\"http:\/\/www.w3.org\/2000\/svg\" width=\"12\" height=\"12\" fill=\"none\" viewBox=\"0 0 12 12\">\n\t\t\t\t<path fill=\"#fff\" d=\"M2 0a2 2 0 0 0-2 2v2h1.5V2a.5.5 0 0 1 .5-.5h2V0H2Zm2 10.5H2a.5.5 0 0 1-.5-.5V8H0v2a2 2 0 0 0 2 2h2v-1.5ZM8 12v-1.5h2a.5.5 0 0 0 .5-.5V8H12v2a2 2 0 0 1-2 2H8Zm2-12a2 2 0 0 1 2 2v2h-1.5V2a.5.5 0 0 0-.5-.5H8V0h2Z\" \/>\n\t\t\t<\/svg>\n\t\t<\/button><\/figure>\n\n\n\n<figure data-wp-context=\"{&quot;imageId&quot;:&quot;69e09d368aeae&quot;}\" data-wp-interactive=\"core\/image\" data-wp-key=\"69e09d368aeae\" class=\"wp-block-image size-large wp-lightbox-container\"><img loading=\"lazy\" decoding=\"async\" width=\"1024\" height=\"760\" data-wp-class--hide=\"state.isContentHidden\" data-wp-class--show=\"state.isContentVisible\" data-wp-init=\"callbacks.setButtonStyles\" data-wp-on--click=\"actions.showLightbox\" data-wp-on--load=\"callbacks.setButtonStyles\" data-wp-on-window--resize=\"callbacks.setButtonStyles\" data-id=\"1896\" src=\"https:\/\/martiresparroquiasanpiox.org\/wp-content\/uploads\/2024\/10\/maria-teresa-y-sus-hijas-martires-cartas-fray-serafin-a-su-madre-1931-22-octubre-2-1024x760.png\" alt=\"Mar&#xED;a Teresa e le sue figlie martiri - Parrocchia San Pio X di Algemes&#xED; Valencia - Lettera di Fra Seraf&#xED;n a sua madre 1931 22 ottobre\" class=\"wp-image-1896\" srcset=\"https:\/\/martiresparroquiasanpiox.org\/wp-content\/uploads\/2024\/10\/maria-teresa-y-sus-hijas-martires-cartas-fray-serafin-a-su-madre-1931-22-octubre-2-1024x760.png 1024w, https:\/\/martiresparroquiasanpiox.org\/wp-content\/uploads\/2024\/10\/maria-teresa-y-sus-hijas-martires-cartas-fray-serafin-a-su-madre-1931-22-octubre-2-300x223.png 300w, https:\/\/martiresparroquiasanpiox.org\/wp-content\/uploads\/2024\/10\/maria-teresa-y-sus-hijas-martires-cartas-fray-serafin-a-su-madre-1931-22-octubre-2-768x570.png 768w, https:\/\/martiresparroquiasanpiox.org\/wp-content\/uploads\/2024\/10\/maria-teresa-y-sus-hijas-martires-cartas-fray-serafin-a-su-madre-1931-22-octubre-2-404x300.png 404w, https:\/\/martiresparroquiasanpiox.org\/wp-content\/uploads\/2024\/10\/maria-teresa-y-sus-hijas-martires-cartas-fray-serafin-a-su-madre-1931-22-octubre-2.png 1456w\" sizes=\"auto, (max-width: 1024px) 100vw, 1024px\" \/><button\n\t\t\tclass=\"lightbox-trigger\"\n\t\t\ttype=\"button\"\n\t\t\taria-haspopup=\"dialog\"\n\t\t\taria-label=\"Ingrandisci\"\n\t\t\tdata-wp-init=\"callbacks.initTriggerButton\"\n\t\t\tdata-wp-on--click=\"actions.showLightbox\"\n\t\t\tdata-wp-style--right=\"state.imageButtonRight\"\n\t\t\tdata-wp-style--top=\"state.imageButtonTop\"\n\t\t>\n\t\t\t<svg xmlns=\"http:\/\/www.w3.org\/2000\/svg\" width=\"12\" height=\"12\" fill=\"none\" viewBox=\"0 0 12 12\">\n\t\t\t\t<path fill=\"#fff\" d=\"M2 0a2 2 0 0 0-2 2v2h1.5V2a.5.5 0 0 1 .5-.5h2V0H2Zm2 10.5H2a.5.5 0 0 1-.5-.5V8H0v2a2 2 0 0 0 2 2h2v-1.5ZM8 12v-1.5h2a.5.5 0 0 0 .5-.5V8H12v2a2 2 0 0 1-2 2H8Zm2-12a2 2 0 0 1 2 2v2h-1.5V2a.5.5 0 0 0-.5-.5H8V0h2Z\" \/>\n\t\t\t<\/svg>\n\t\t<\/button><\/figure>\n<\/figure>\n\n<div style=\"height:40px\" aria-hidden=\"true\" class=\"wp-block-spacer\"><\/div>\n\n<p>Mia cara madre: <\/p>\n\n<p>Gli mando i vestiti e spero che la prossima settimana mi mandi l&#8217;altro. Da Bautista ho una o due camicie nella cassettiera. Deve anche mettermi un colletto nero, perch\u00e9 ho dimenticato di portarne uno. La cravatta che gli mando viene lavata con l&#8217;acquaragia, in modo che i tondi dipinti sopra vengano via.<\/p>\n\n<p>Dentro i miei vestiti hanno messo un libro che ho a casa di Bautista, all&#8217;ingresso della stanza, sul cassettone, si chiama \u201cCurs and Mathematics\u201d, rilegato in nero, il secondo volume.<\/p>\n\n<p>Se fate modificare una camicia, assicuratevi che il colletto sia al centro, perch\u00e9 a me capitano colletti molto storti.<\/p>\n\n<p>Suppongo che avrei ricevuto la lettera il giorno del suo onomastico e la ricevuta per le targhe.<\/p>\n\n<p>Che siano ben conservati e che sappiate che vostro figlio non vi dimenticher\u00e0:<\/p>\n\n<p>Serafino<\/p>\n\n<div style=\"height:40px\" aria-hidden=\"true\" class=\"wp-block-spacer\"><\/div>\n<div class=\"wp-block-image\">\n<figure class=\"aligncenter size-large is-resized\"><img loading=\"lazy\" decoding=\"async\" width=\"1024\" height=\"30\" src=\"https:\/\/martiresparroquiasanpiox.org\/wp-content\/uploads\/2024\/09\/maria-teresa-y-sus-hijas-martires-cartas-separador-1024x30.png\" alt=\"Mar&#xED;a Teresa e le sue figlie martiri - Parroquia San Pio X de Algemes&#xED; Valencia - schede di separazione\" class=\"wp-image-297\" style=\"width:1024px;height:auto\" srcset=\"https:\/\/martiresparroquiasanpiox.org\/wp-content\/uploads\/2024\/09\/maria-teresa-y-sus-hijas-martires-cartas-separador-1024x30.png 1024w, https:\/\/martiresparroquiasanpiox.org\/wp-content\/uploads\/2024\/09\/maria-teresa-y-sus-hijas-martires-cartas-separador-300x9.png 300w, https:\/\/martiresparroquiasanpiox.org\/wp-content\/uploads\/2024\/09\/maria-teresa-y-sus-hijas-martires-cartas-separador-768x23.png 768w, https:\/\/martiresparroquiasanpiox.org\/wp-content\/uploads\/2024\/09\/maria-teresa-y-sus-hijas-martires-cartas-separador-1536x46.png 1536w, https:\/\/martiresparroquiasanpiox.org\/wp-content\/uploads\/2024\/09\/maria-teresa-y-sus-hijas-martires-cartas-separador-583x17.png 583w, https:\/\/martiresparroquiasanpiox.org\/wp-content\/uploads\/2024\/09\/maria-teresa-y-sus-hijas-martires-cartas-separador.png 1920w\" sizes=\"auto, (max-width: 1024px) 100vw, 1024px\" \/><\/figure>\n<\/div>\n<div style=\"height:40px\" aria-hidden=\"true\" class=\"wp-block-spacer\"><\/div>\n\n<h4 class=\"wp-block-heading has-text-align-center\">1931, a sua madre<\/h4>\n\n<div style=\"height:40px\" aria-hidden=\"true\" class=\"wp-block-spacer\"><\/div>\n<div class=\"wp-block-image\">\n<figure data-wp-context=\"{&quot;imageId&quot;:&quot;69e09d368b8cb&quot;}\" data-wp-interactive=\"core\/image\" data-wp-key=\"69e09d368b8cb\" class=\"aligncenter size-large wp-lightbox-container\"><img loading=\"lazy\" decoding=\"async\" width=\"1024\" height=\"761\" data-wp-class--hide=\"state.isContentHidden\" data-wp-class--show=\"state.isContentVisible\" data-wp-init=\"callbacks.setButtonStyles\" data-wp-on--click=\"actions.showLightbox\" data-wp-on--load=\"callbacks.setButtonStyles\" data-wp-on-window--resize=\"callbacks.setButtonStyles\" src=\"https:\/\/martiresparroquiasanpiox.org\/wp-content\/uploads\/2024\/10\/maria-teresa-y-sus-hijas-martires-cartas-fray-serafin-a-su-madre-1931-1024x761.png\" alt=\"Mar&#xED;a Teresa e le sue figlie martiri - Parrocchia San Pio X di Algemes&#xED; Valencia - Lettera di Fra Serafin a sua madre 1931\" class=\"wp-image-1903\" srcset=\"https:\/\/martiresparroquiasanpiox.org\/wp-content\/uploads\/2024\/10\/maria-teresa-y-sus-hijas-martires-cartas-fray-serafin-a-su-madre-1931-1024x761.png 1024w, https:\/\/martiresparroquiasanpiox.org\/wp-content\/uploads\/2024\/10\/maria-teresa-y-sus-hijas-martires-cartas-fray-serafin-a-su-madre-1931-300x223.png 300w, https:\/\/martiresparroquiasanpiox.org\/wp-content\/uploads\/2024\/10\/maria-teresa-y-sus-hijas-martires-cartas-fray-serafin-a-su-madre-1931-768x571.png 768w, https:\/\/martiresparroquiasanpiox.org\/wp-content\/uploads\/2024\/10\/maria-teresa-y-sus-hijas-martires-cartas-fray-serafin-a-su-madre-1931-404x300.png 404w, https:\/\/martiresparroquiasanpiox.org\/wp-content\/uploads\/2024\/10\/maria-teresa-y-sus-hijas-martires-cartas-fray-serafin-a-su-madre-1931.png 1453w\" sizes=\"auto, (max-width: 1024px) 100vw, 1024px\" \/><button\n\t\t\tclass=\"lightbox-trigger\"\n\t\t\ttype=\"button\"\n\t\t\taria-haspopup=\"dialog\"\n\t\t\taria-label=\"Ingrandisci\"\n\t\t\tdata-wp-init=\"callbacks.initTriggerButton\"\n\t\t\tdata-wp-on--click=\"actions.showLightbox\"\n\t\t\tdata-wp-style--right=\"state.imageButtonRight\"\n\t\t\tdata-wp-style--top=\"state.imageButtonTop\"\n\t\t>\n\t\t\t<svg xmlns=\"http:\/\/www.w3.org\/2000\/svg\" width=\"12\" height=\"12\" fill=\"none\" viewBox=\"0 0 12 12\">\n\t\t\t\t<path fill=\"#fff\" d=\"M2 0a2 2 0 0 0-2 2v2h1.5V2a.5.5 0 0 1 .5-.5h2V0H2Zm2 10.5H2a.5.5 0 0 1-.5-.5V8H0v2a2 2 0 0 0 2 2h2v-1.5ZM8 12v-1.5h2a.5.5 0 0 0 .5-.5V8H12v2a2 2 0 0 1-2 2H8Zm2-12a2 2 0 0 1 2 2v2h-1.5V2a.5.5 0 0 0-.5-.5H8V0h2Z\" \/>\n\t\t\t<\/svg>\n\t\t<\/button><\/figure>\n<\/div>\n<div style=\"height:40px\" aria-hidden=\"true\" class=\"wp-block-spacer\"><\/div>\n\n<p>Mia cara madre: <\/p>\n\n<p>Quando mi manda i vestiti, mi mette tutti i colletti bianchi che ha l\u00ec da Agullent, e la camicia bianca e una colorata che ho nel cassetto dell&#8217;altra casa. E non dimenticare il colletto nero.  <\/p>\n\n<p>Qui le cose vanno abbastanza bene, anche se non come laggi\u00f9.<\/p>\n\n<p>Inoltre, non dimenticate il libro di cui vi ho parlato. Beh, tienilo bene. Le camicie che ho fatto riparare hanno tutte bisogno di essere ritoccate.<\/p>\n\n<p>Niente di pi\u00f9.<\/p>\n\n<p>Serafino<\/p>\n\n<div style=\"height:40px\" aria-hidden=\"true\" class=\"wp-block-spacer\"><\/div>\n","protected":false},"excerpt":{"rendered":"<p>Ottobre 1931, alla madre Mia cara madre: Come vi ho detto, sono arrivato sabato alle undici e mezza, il viaggio \u00e8 andato bene, per quanto &hellip;<\/p>\n","protected":false},"author":1,"featured_media":244,"parent":3048,"menu_order":0,"comment_status":"closed","ping_status":"closed","template":"","meta":{"footnotes":""},"class_list":["post-3125","page","type-page","status-publish","has-post-thumbnail","hentry"],"_links":{"self":[{"href":"https:\/\/martiresparroquiasanpiox.org\/it\/wp-json\/wp\/v2\/pages\/3125","targetHints":{"allow":["GET"]}}],"collection":[{"href":"https:\/\/martiresparroquiasanpiox.org\/it\/wp-json\/wp\/v2\/pages"}],"about":[{"href":"https:\/\/martiresparroquiasanpiox.org\/it\/wp-json\/wp\/v2\/types\/page"}],"author":[{"embeddable":true,"href":"https:\/\/martiresparroquiasanpiox.org\/it\/wp-json\/wp\/v2\/users\/1"}],"replies":[{"embeddable":true,"href":"https:\/\/martiresparroquiasanpiox.org\/it\/wp-json\/wp\/v2\/comments?post=3125"}],"version-history":[{"count":1,"href":"https:\/\/martiresparroquiasanpiox.org\/it\/wp-json\/wp\/v2\/pages\/3125\/revisions"}],"predecessor-version":[{"id":3126,"href":"https:\/\/martiresparroquiasanpiox.org\/it\/wp-json\/wp\/v2\/pages\/3125\/revisions\/3126"}],"up":[{"embeddable":true,"href":"https:\/\/martiresparroquiasanpiox.org\/it\/wp-json\/wp\/v2\/pages\/3048"}],"wp:featuredmedia":[{"embeddable":true,"href":"https:\/\/martiresparroquiasanpiox.org\/it\/wp-json\/wp\/v2\/media\/244"}],"wp:attachment":[{"href":"https:\/\/martiresparroquiasanpiox.org\/it\/wp-json\/wp\/v2\/media?parent=3125"}],"curies":[{"name":"wp","href":"https:\/\/api.w.org\/{rel}","templated":true}]}}